{"id":3350,"date":"2025-05-08T17:01:12","date_gmt":"2025-05-08T09:01:12","guid":{"rendered":"https:\/\/www.ruiqigo.com\/?post_type=product&#038;p=3350"},"modified":"2025-05-08T17:01:13","modified_gmt":"2025-05-08T09:01:13","slug":"portable-oral-irrigator","status":"publish","type":"product","link":"https:\/\/www.ruiqigo.com\/es\/product\/portable-oral-irrigator","title":{"rendered":"Irrigador bucal port\u00e1til"},"content":{"rendered":"<h2 class=\"wp-block-heading\">Caracter\u00edsticas del irrigador bucal port\u00e1til<\/h2>\n\n\n\n<p>El irrigador bucal port\u00e1til utiliza tecnolog\u00eda de flujo de agua pulsado de alta frecuencia, combinada con un dise\u00f1o ergon\u00f3mico y boquillas multifuncionales, para crear una herramienta de cuidado bucal personal que integra enjuague y limpieza eficientes con una experiencia c\u00f3moda.<\/p>\n\n\n\n<p>1. <strong>Tecnolog\u00eda de flujo de agua por pulsos de alta frecuencia: <\/strong>El irrigador bucal port\u00e1til utiliza columnas de agua pulsada a alta presi\u00f3n para limpiar profundamente los espacios entre los dientes y los surcos gingivales, eliminando los residuos de comida y la placa dental que quedan en ellos.<\/p>\n\n\n\n<p>2. <strong>Modo de limpieza de varias velocidades:<\/strong> El irrigador bucal port\u00e1til ofrece modos de limpieza y enjuague de varias velocidades, desde est\u00e1ndar y suave hasta pulso para satisfacer las diferentes necesidades de limpieza de los usuarios.<\/p>\n\n\n\n<p>3. <strong>Compacto y port\u00e1til: <\/strong>Nuestro irrigador bucal port\u00e1til es compacto y liviano, y se puede plegar o separar del tanque de agua, lo que lo hace muy port\u00e1til y se puede guardar f\u00e1cilmente en un bolsillo o mochila para viajar.<\/p>\n\n\n\n<p>4. <strong>Dise\u00f1o de tanque de agua de gran capacidad: <\/strong>Aunque es muy port\u00e1til, la capacidad del tanque de agua no es peque\u00f1a, alrededor de 120 ml - 200 ml, lo que puede satisfacer una limpieza bucal completa.<\/p>\n\n\n\n<p>5. <strong>Boquilla reemplazable: <\/strong>El irrigador bucal port\u00e1til viene con m\u00faltiples boquillas, como boquillas de ortodoncia, boquillas para el cuidado de las enc\u00edas, etc., para garantizar que sea adecuado para las diversas necesidades de cuidado de diferentes usuarios.<\/p>\n\n\n\n<h2 class=\"wp-block-heading\">Ventajas del irrigador bucal port\u00e1til<\/h2>\n\n\n\n<p>En comparaci\u00f3n con el hilo dental tradicional, el irrigador bucal port\u00e1til ofrece una limpieza m\u00e1s profunda y suave, especialmente indicado para personas con espacios interdentales grandes y que usan ortodoncia. Reduce significativamente el sangrado de enc\u00edas y la acumulaci\u00f3n de placa, y previene la enfermedad periodontal.<\/p>\n\n\n\n<p>1. <strong>Reducir los puntos ciegos de la limpieza bucal: <\/strong>El uso de un irrigador bucal port\u00e1til puede penetrar en \u00e1reas dif\u00edciles de limpiar, como espacios entre los dientes y surcos gingivales, reducir los puntos ciegos de limpieza y garantizar la higiene bucal.<\/p>\n\n\n\n<p>2. <strong>Proteja la salud de las enc\u00edas: <\/strong>El flujo de agua de un irrigador bucal port\u00e1til puede masajear las enc\u00edas, promover la circulaci\u00f3n sangu\u00ednea, reducir el sangrado de las enc\u00edas y proteger la salud de las enc\u00edas.<\/p>\n\n\n\n<p>3. <strong>Operaci\u00f3n sencilla y limpieza eficiente: <\/strong>El irrigador bucal port\u00e1til es muy f\u00e1cil de usar y se activa y opera f\u00e1cilmente con un solo bot\u00f3n. Adem\u00e1s, permite una limpieza bucal completa en poco tiempo.<\/p>\n\n\n\n<p>4. <strong>Ahorro de energ\u00eda y protecci\u00f3n del medio ambiente: <\/strong>Es recargable y la vida \u00fatil de la bater\u00eda es prolongada despu\u00e9s de una carga, y puede reducir la contaminaci\u00f3n de la bater\u00eda y seguir el concepto de protecci\u00f3n del medio ambiente.<\/p>\n\n\n\n<p>5. <strong>F\u00e1cil de transportar: <\/strong>El irrigador bucal port\u00e1til es de tama\u00f1o peque\u00f1o y liviano, lo que lo convierte en un buen compa\u00f1ero para viajes de negocios y viajes.<\/p>\n\n\n\n<h2 class=\"wp-block-heading\">Grupo objetivo del irrigador bucal port\u00e1til<\/h2>\n\n\n\n<p>Un irrigador bucal port\u00e1til es adecuado para todo tipo de personas que se preocupan por la salud bucal, especialmente aquellas que tienen necesidades espec\u00edficas de cuidado bucal, como usuarios de ortodoncia, personas con enc\u00edas sensibles y ancianos.&nbsp;<\/p>\n\n\n\n<p>Los ni\u00f1os tambi\u00e9n pueden usarlo bajo la supervisi\u00f3n de sus padres para desarrollar buenos h\u00e1bitos de higiene bucal desde peque\u00f1os. Seg\u00fan sus necesidades de limpieza, los usuarios pueden elegir diferentes modos para lograr el mejor efecto.<\/p>\n\n\n\n<h2 class=\"wp-block-heading\">Proceso de producci\u00f3n de irrigadores bucales port\u00e1tiles<\/h2>\n\n\n\n<p>El irrigador bucal port\u00e1til est\u00e1 fabricado con pl\u00e1stico ABS de grado alimenticio y silicona impermeable, procesado mediante moldeo por inyecci\u00f3n y otros procesos, con una estructura compacta y gran durabilidad. Cumple con las normas internacionales CE, RoHS y otras normas para garantizar la seguridad, la calidad y la estabilidad del producto.&nbsp;<\/p>\n\n\n\n<p>Antes de salir de f\u00e1brica, se somete a m\u00faltiples inspecciones, incluida la vida \u00fatil de la bater\u00eda, pruebas de presi\u00f3n, sellado del tanque de agua y un control de calidad integral para garantizar la calidad del producto.<\/p>\n\n\n\n<h2 class=\"wp-block-heading\">Aplicaciones del irrigador bucal port\u00e1til<\/h2>\n\n\n\n<p>El dise\u00f1o port\u00e1til y la bater\u00eda de larga duraci\u00f3n del irrigador bucal port\u00e1til lo hacen no solo adecuado para el uso diario en casa para limpiar los residuos dentales, sino que tambi\u00e9n se usa ampliamente en diversos escenarios, como viajes de negocios, pausas para el almuerzo en la oficina, etc. Su cuerpo peque\u00f1o y exquisito se puede guardar f\u00e1cilmente en una bolsa de art\u00edculos de tocador y puede usarlo para garantizar la higiene y la salud bucal cuando est\u00e1 fuera de casa y reducir la aparici\u00f3n de problemas bucales.<\/p>\n\n\n\n<h2 class=\"wp-block-heading\">C\u00f3mo utilizar el irrigador bucal port\u00e1til<\/h2>\n\n\n\n<p>El irrigador bucal port\u00e1til es f\u00e1cil de usar y se puede usar r\u00e1pidamente incluso por primera vez. El producto cuenta con funciones como apagado inteligente y memoria, que mejoran enormemente la comodidad y la experiencia del usuario.<\/p>\n\n\n\n<p>1. <strong>Instalar la boquilla: <\/strong>Inserte la boquilla adecuada en la boquilla del irrigador bucal port\u00e1til y f\u00edjela firmemente.<\/p>\n\n\n\n<p>2. <strong>A\u00f1ade agua al tanque de agua: <\/strong>Abra la entrada de agua del tanque de agua y vierta una cantidad adecuada de agua limpia o enjuague bucal en el tanque de agua.<\/p>\n\n\n\n<p>3. <strong>Seleccione el modo:<\/strong> Encienda el dispositivo y seleccione la marcha adecuada seg\u00fan sus necesidades personales.<\/p>\n\n\n\n<p>4. <strong>Comience a enjuagar: <\/strong>Apunte la boquilla hacia el espacio entre los dientes y mu\u00e9vala suavemente entre las enc\u00edas y los dientes para asegurar que la limpieza y el enjuague se realicen correctamente.<\/p>\n\n\n\n<p>5. <strong>Limpiar despu\u00e9s del enjuague: <\/strong>Despu\u00e9s de enjuagarse la boca, vac\u00ede el tanque de agua, limpie la unidad principal y col\u00f3quela en un lugar ventilado y seco.<\/p>\n\n\n\n<p>Se recomienda seleccionar el modo \u201csuave\u201d al usarlo por primera vez para evitar sensaciones inc\u00f3modas.<\/p>","protected":false},"excerpt":{"rendered":"Portable oral irrigator features The portable oral irrigator uses high-frequency pulse water flow technology, combined with ergonomic design and multi-functional nozzles, to create a personal oral care tool that integrates efficient rinsing and cleaning with a comfortable experience. 1. High-frequency pulse water flow technology: The portable oral irrigator uses pulsed high-pressure water columns to deeply [&hellip;]","protected":false},"featured_media":3351,"menu_order":0,"template":"","meta":[],"product-tag":[],"products":[168],"class_list":["post-3350","product","type-product","status-publish","has-post-thumbnail","hentry","products-oral-irrigator"],"acf":[],"_links":{"self":[{"href":"https:\/\/www.ruiqigo.com\/es\/wp-json\/wp\/v2\/product\/3350","targetHints":{"allow":["GET"]}}],"collection":[{"href":"https:\/\/www.ruiqigo.com\/es\/wp-json\/wp\/v2\/product"}],"about":[{"href":"https:\/\/www.ruiqigo.com\/es\/wp-json\/wp\/v2\/types\/product"}],"version-history":[{"count":0,"href":"https:\/\/www.ruiqigo.com\/es\/wp-json\/wp\/v2\/product\/3350\/revisions"}],"wp:featuredmedia":[{"embeddable":true,"href":"https:\/\/www.ruiqigo.com\/es\/wp-json\/wp\/v2\/media\/3351"}],"wp:attachment":[{"href":"https:\/\/www.ruiqigo.com\/es\/wp-json\/wp\/v2\/media?parent=3350"}],"wp:term":[{"taxonomy":"product-tag","embeddable":true,"href":"https:\/\/www.ruiqigo.com\/es\/wp-json\/wp\/v2\/product-tag?post=3350"},{"taxonomy":"products","embeddable":true,"href":"https:\/\/www.ruiqigo.com\/es\/wp-json\/wp\/v2\/products?post=3350"}],"curies":[{"name":"wp","href":"https:\/\/api.w.org\/{rel}","templated":true}]}}