{"id":3359,"date":"2025-05-15T14:12:54","date_gmt":"2025-05-15T06:12:54","guid":{"rendered":"https:\/\/www.ruiqigo.com\/?post_type=product&#038;p=3359"},"modified":"2025-05-15T14:12:54","modified_gmt":"2025-05-15T06:12:54","slug":"moisturizing-face-cream","status":"publish","type":"product","link":"https:\/\/www.ruiqigo.com\/es\/product\/moisturizing-face-cream","title":{"rendered":"Crema hidratante facial"},"content":{"rendered":"<h2 class=\"wp-block-heading\">F\u00f3rmulas comunes de fabricaci\u00f3n de cremas faciales hidratantes<\/h2>\n\n\n\n<p>Como fabricante profesional de cremas faciales humectantes, seleccionamos una variedad de ingredientes humectantes y reparadores altamente efectivos y suaves, como ceramida y \u00e1cido hialur\u00f3nico, para ayudar a la piel a hidratarse profundamente, reparar la barrera y mejorar la calidad general de la piel.<\/p>\n\n\n\n<p>1. <strong>Ceramida:<\/strong> La ceramida puede ayudar a reducir la p\u00e9rdida de agua, reparar eficazmente la barrera cut\u00e1nea y mejorar la capacidad de la piel para resistir los est\u00edmulos externos. Es adecuada para pieles secas o sensibles.<\/p>\n\n\n\n<p>2. <strong>\u00c1cido hialur\u00f3nico: <\/strong>El \u00e1cido hialur\u00f3nico es un factor humectante natural que puede absorber miles de veces su peso en agua, retener profundamente la humedad y formar una pel\u00edcula humectante en la superficie de la piel, de modo que la piel permanece hidratada y tersa durante todo el d\u00eda.<\/p>\n\n\n\n<p>3. <strong>Escualano:<\/strong> El escualano tambi\u00e9n es un factor hidratante natural con buena tolerancia cut\u00e1nea. Se absorbe r\u00e1pidamente, proporcionando una hidrataci\u00f3n duradera a la piel, mejorando su suavidad y evitando la sensaci\u00f3n grasa y el acn\u00e9.<\/p>\n\n\n\n<p>4. <strong>Glicerina:<\/strong> La glicerina es un humectante hidr\u00f3filo natural que puede absorber la humedad del aire y conducirla a las capas profundas de la piel para mantener la humedad y la elasticidad de la piel.<\/p>\n\n\n\n<p>5. <strong>Extracto de centella asi\u00e1tica: <\/strong>Tiene buenos efectos calmantes y reparadores, puede aliviar las molestias de la piel, promover la producci\u00f3n de col\u00e1geno y mejorar la capacidad de autocuraci\u00f3n de la piel.<\/p>\n\n\n\n<h2 class=\"wp-block-heading\">Las funciones de la crema facial hidratante<\/h2>\n\n\n\n<p>La crema facial hidratante 3TOP no solo contiene ingredientes suaves y naturales, sino que tambi\u00e9n ofrece m\u00faltiples funciones y una excelente adaptabilidad. Se adapta a diferentes edades, tipos de piel y situaciones de uso. Es un producto para el cuidado de la piel seguro y pr\u00e1ctico.<\/p>\n\n\n\n<p>1. <strong>Hidrataci\u00f3n duradera: <\/strong>Como crema facial hidratante, la crema facial hidratante adopta m\u00faltiples mecanismos de bloqueo de agua para mantener la hidrataci\u00f3n de la piel durante m\u00e1s de 12 horas, solucionando el problema de la piel seca y descamada, especialmente adecuada para per\u00edodos sensibles de piel fr\u00eda, seca o estacional.<\/p>\n\n\n\n<p>2. <strong>Reparar la barrera cut\u00e1nea: <\/strong>La crema facial humectante es rica en ingredientes reparadores como ceramida y Centella asi\u00e1tica, que pueden ayudar a la piel da\u00f1ada a recuperarse, estabilizar la barrera cut\u00e1nea y mejorar la tolerancia general de la piel y la capacidad antiirritaci\u00f3n.<\/p>\n\n\n\n<p>3. <strong>R\u00e1pida absorci\u00f3n y no grasa: <\/strong>La crema facial hidratante tiene una textura ligera y no pegajosa que evita la obstrucci\u00f3n de los poros. Es ideal para la hidrataci\u00f3n diaria y tiene un buen efecto en pieles mixtas.<\/p>\n\n\n\n<p>4.<strong> Adecuado para pieles sensibles: <\/strong>Nuestra crema facial hidratante contiene ingredientes suaves y no contiene alcohol, pigmentos ni irritantes. Presenta un bajo riesgo de alergias y enrojecimiento. Se puede usar de forma segura en pieles sensibles para proteger su salud.<\/p>\n\n\n\n<h2 class=\"wp-block-heading\">C\u00f3mo usar una crema facial hidratante<\/h2>\n\n\n\n<p>Se recomienda el uso de una crema facial hidratante como \u00faltimo paso de la rutina diaria de cuidado de la piel para fijar los nutrientes de los productos de cuidado de la piel utilizados en los pasos anteriores y proporcionar una hidrataci\u00f3n duradera a la piel.<\/p>\n\n\n\n<p>1. <strong>Limpiar la cara: <\/strong>Utilice productos de limpieza para eliminar completamente la suciedad, la grasa y el maquillaje del rostro.<\/p>\n\n\n\n<p>2. <strong>Use loci\u00f3n\/t\u00f3nico: <\/strong>Acondiciona el estrato c\u00f3rneo y ayuda a que los productos de cuidado de la piel posteriores se absorban.<\/p>\n\n\n\n<p>3. <strong>Saque una cantidad adecuada de crema y apl\u00edquela en el rostro: <\/strong>Utilice el dedo anular o las yemas de los dedos para sacar una cantidad de crema del tama\u00f1o de una semilla de soja.<\/p>\n\n\n\n<p>4. <strong>Aplicar uniformemente y dar golpecitos suaves para absorber:<\/strong> Aplicar en la frente, las mejillas, la nariz y el ment\u00f3n, masajeando suavemente con movimientos circulares y uniformemente. Masajear o dar suaves toques para facilitar su absorci\u00f3n.<\/p>\n\n\n\n<h2 class=\"wp-block-heading\"><strong>Precauci\u00f3n<\/strong><\/h2>\n\n\n\n<p>1. <strong>Por favor, haga una prueba cut\u00e1nea la primera vez:<\/strong> Realice una peque\u00f1a prueba detr\u00e1s de la oreja o dentro de la mu\u00f1eca y \u00faselo formalmente despu\u00e9s de 24 horas sin anomal\u00edas para evitar alergias.<\/p>\n\n\n\n<p>2. <strong>Evite usar con productos altamente irritantes: <\/strong>Evite utilizar productos con alta concentraci\u00f3n de \u00e1cido o retinol para evitar molestias en la piel.<\/p>\n\n\n\n<p>3. <strong>Utilizar lo antes posible despu\u00e9s de abrir: <\/strong>Se recomienda utilizar la crema facial hidratante dentro de los 6 a 12 meses posteriores a su apertura para evitar la oxidaci\u00f3n y la ineficacia de los ingredientes activos.<\/p>\n\n\n\n<p>4. <strong>Conservar en un lugar fresco y seco: <\/strong>El entorno de almacenamiento debe evitar la luz solar directa o altas temperaturas y humedad para mantener la actividad y estabilidad del producto.<\/p>\n\n\n\n<p>5. <strong>Deje de usarlo inmediatamente si siente molestias: <\/strong>Si experimenta hormigueo, enrojecimiento u otra molestia durante el uso, deje de usarlo inmediatamente y consulte a un m\u00e9dico a tiempo.<\/p>\n\n\n\n<h2 class=\"wp-block-heading\">Conclusi\u00f3n<\/h2>\n\n\n\n<p>La crema facial hidratante combina hidrataci\u00f3n de alta eficacia y una suave reparaci\u00f3n. Es ideal para diversas situaciones, como el cuidado diario personal y el uso en instituciones profesionales. 3TOP selecciona ingredientes naturales y seguros para brindar a los usuarios una experiencia de hidrataci\u00f3n y nutrici\u00f3n duraderas. Nuestra crema facial hidratante es adecuada para una amplia gama de personas y satisface las necesidades de cuidado de la piel con m\u00faltiples efectos.<\/p>","protected":false},"excerpt":{"rendered":"Moisturizing Face Cream Manufacturing Common Formulas As a professional moisturizing face cream manufacturer, we select a variety of highly effective and gentle moisturizing and repairing ingredients, such as ceramide and hyaluronic acid, to help the skin deeply hydrate, repair the barrier, and improve the overall skin quality. 1. Ceramide: Ceramide can help reduce water loss, [&hellip;]","protected":false},"featured_media":3360,"menu_order":0,"template":"","meta":[],"product-tag":[],"products":[161],"class_list":["post-3359","product","type-product","status-publish","has-post-thumbnail","hentry","products-face-cream"],"acf":[],"_links":{"self":[{"href":"https:\/\/www.ruiqigo.com\/es\/wp-json\/wp\/v2\/product\/3359","targetHints":{"allow":["GET"]}}],"collection":[{"href":"https:\/\/www.ruiqigo.com\/es\/wp-json\/wp\/v2\/product"}],"about":[{"href":"https:\/\/www.ruiqigo.com\/es\/wp-json\/wp\/v2\/types\/product"}],"version-history":[{"count":0,"href":"https:\/\/www.ruiqigo.com\/es\/wp-json\/wp\/v2\/product\/3359\/revisions"}],"wp:featuredmedia":[{"embeddable":true,"href":"https:\/\/www.ruiqigo.com\/es\/wp-json\/wp\/v2\/media\/3360"}],"wp:attachment":[{"href":"https:\/\/www.ruiqigo.com\/es\/wp-json\/wp\/v2\/media?parent=3359"}],"wp:term":[{"taxonomy":"product-tag","embeddable":true,"href":"https:\/\/www.ruiqigo.com\/es\/wp-json\/wp\/v2\/product-tag?post=3359"},{"taxonomy":"products","embeddable":true,"href":"https:\/\/www.ruiqigo.com\/es\/wp-json\/wp\/v2\/products?post=3359"}],"curies":[{"name":"wp","href":"https:\/\/api.w.org\/{rel}","templated":true}]}}