{"id":336,"date":"2024-07-05T20:30:17","date_gmt":"2024-07-05T12:30:17","guid":{"rendered":"https:\/\/ruiqigo.com\/?post_type=product&#038;p=336"},"modified":"2024-09-26T17:43:34","modified_gmt":"2024-09-26T09:43:34","slug":"body-lotion-with-spf","status":"publish","type":"product","link":"https:\/\/www.ruiqigo.com\/es\/product\/body-lotion-with-spf","title":{"rendered":"Loci\u00f3n corporal con FPS"},"content":{"rendered":"<h3 class=\"wp-block-heading\">Loci\u00f3n corporal con FPS Fabricaci\u00f3n F\u00f3rmulas comunes<\/h3>\n\n\n\n<p>Los principales ingredientes de protecci\u00f3n solar de esta loci\u00f3n corporal con FPS son el \u00f3xido de zinc y el di\u00f3xido de titanio, que son reconocidos como protectores solares f\u00edsicos de gran eficacia que proporcionan una protecci\u00f3n de amplio espectro contra los rayos UVA\/UVB, creando una barrera fiable para la piel. Adem\u00e1s, el producto contiene vitamina E, un potente antioxidante que neutraliza los radicales libres y protege la piel de los da\u00f1os causados por la luz. Al mismo tiempo, la f\u00f3rmula tambi\u00e9n contiene glicerina, aceites vegetales y otros ingredientes nutritivos que nutren profundamente la piel, mejoran la sequedad y mantienen la piel hidratada y suave.<\/p>\n\n\n\n<h3 class=\"wp-block-heading\">Loci\u00f3n corporal con FPS Escenarios aplicables<\/h3>\n\n\n\n<p>Esta loci\u00f3n corporal con FPS es un producto para el cuidado de todo tipo de climas, pero es m\u00e1s adecuada para usar durante los meses calurosos y soleados de verano, ya que brinda a su piel una protecci\u00f3n eficaz contra el sol, bloqueando los rayos UVA\/UVB y previniendo las quemaduras solares y la hiperpigmentaci\u00f3n. O tenemos m\u00e1s <a href=\"https:\/\/www.ruiqigo.com\/es\/products\/body-lotion\/\">loci\u00f3n corporal<\/a> Opciones para que usted elija.<\/p>\n\n\n\n<h3 class=\"wp-block-heading\">\u00bfPara qui\u00e9n est\u00e1 indicada la loci\u00f3n corporal con FPS?<\/h3>\n\n\n\n<p>Apta para todos, esta loci\u00f3n corporal con FPS proporciona una protecci\u00f3n eficaz para la piel propensa al bronceado y previene la hiperpigmentaci\u00f3n. Sus ingredientes ricos y nutritivos mejoran la sequedad que viene con la edad. Ideal para quienes disfrutan de las actividades al aire libre, esta crema hidratante corporal proporciona un cuidado completo para la piel despu\u00e9s de tomar el sol en todo momento. Si tienes otras necesidades, no dudes en obtener m\u00e1s informaci\u00f3n sobre 3TOP <a href=\"https:\/\/www.ruiqigo.com\/es\/products\/body-care\/\">cuidado del cuerpo <\/a>productos.<\/p>\n\n\n\n<h3 class=\"wp-block-heading\">Proceso de producci\u00f3n de loci\u00f3n corporal con FPS<\/h3>\n\n\n\n<p>La loci\u00f3n corporal con FPS se fabrica con un enfoque especial en la combinaci\u00f3n de agentes protectores solares altamente efectivos con ingredientes humectantes. La tecnolog\u00eda de protecci\u00f3n solar de amplio espectro garantiza una protecci\u00f3n total contra los rayos UVA y UVB, mientras que se agregan ingredientes antioxidantes e hidratantes como la vitamina E y los aceites vegetales naturales para fortalecer la barrera de la piel. La estabilidad y la dispersi\u00f3n de los protectores solares se controlan estrictamente durante el proceso de producci\u00f3n, y se pasan pruebas de compatibilidad con la piel para garantizar que el producto sea seguro y no irritante. Adem\u00e1s, la textura liviana est\u00e1 dise\u00f1ada para brindar una absorci\u00f3n r\u00e1pida y una humectaci\u00f3n duradera para satisfacer las necesidades duales de protecci\u00f3n solar diaria y cuidado de la piel. Si desea obtener m\u00e1s informaci\u00f3n, consulte los art\u00edculos relacionados. <a href=\"https:\/\/www.ruiqigo.com\/es\/body-lotion-manufacturer-elevating-skincare-standards.html\/\">loci\u00f3n corporal<\/a> Informaci\u00f3n de fabricaci\u00f3n.<\/p>","protected":false},"excerpt":{"rendered":"Body lotion with spf manufacturing Common Formulas The core sunscreen ingredients in this spf body lotion are Zinc Oxide and Titanium Dioxide, which are recognized as highly effective physical sunscreens that provide broad-spectrum protection against UVA\/UVB rays, creating a reliable barrier for your skin. In addition, the product contains Vitamin E, a powerful antioxidant that [&hellip;]","protected":false},"featured_media":337,"menu_order":0,"template":"","meta":[],"product-tag":[],"products":[56],"class_list":["post-336","product","type-product","status-publish","has-post-thumbnail","hentry","products-body-lotion"],"acf":[],"_links":{"self":[{"href":"https:\/\/www.ruiqigo.com\/es\/wp-json\/wp\/v2\/product\/336","targetHints":{"allow":["GET"]}}],"collection":[{"href":"https:\/\/www.ruiqigo.com\/es\/wp-json\/wp\/v2\/product"}],"about":[{"href":"https:\/\/www.ruiqigo.com\/es\/wp-json\/wp\/v2\/types\/product"}],"version-history":[{"count":0,"href":"https:\/\/www.ruiqigo.com\/es\/wp-json\/wp\/v2\/product\/336\/revisions"}],"wp:featuredmedia":[{"embeddable":true,"href":"https:\/\/www.ruiqigo.com\/es\/wp-json\/wp\/v2\/media\/337"}],"wp:attachment":[{"href":"https:\/\/www.ruiqigo.com\/es\/wp-json\/wp\/v2\/media?parent=336"}],"wp:term":[{"taxonomy":"product-tag","embeddable":true,"href":"https:\/\/www.ruiqigo.com\/es\/wp-json\/wp\/v2\/product-tag?post=336"},{"taxonomy":"products","embeddable":true,"href":"https:\/\/www.ruiqigo.com\/es\/wp-json\/wp\/v2\/products?post=336"}],"curies":[{"name":"wp","href":"https:\/\/api.w.org\/{rel}","templated":true}]}}