{"id":3386,"date":"2025-05-15T14:17:15","date_gmt":"2025-05-15T06:17:15","guid":{"rendered":"https:\/\/www.ruiqigo.com\/?post_type=product&#038;p=3386"},"modified":"2025-05-15T14:17:15","modified_gmt":"2025-05-15T06:17:15","slug":"dark-circle-eye-cream","status":"publish","type":"product","link":"https:\/\/www.ruiqigo.com\/es\/product\/dark-circle-eye-cream","title":{"rendered":"Crema para ojeras"},"content":{"rendered":"<h2 class=\"wp-block-heading\">F\u00f3rmulas comunes de fabricaci\u00f3n de cremas para ojeras<\/h2>\n\n\n\n<p>3TOP es un fabricante profesional de cremas para el contorno de ojos antiojeras. Nos esforzamos por utilizar ingredientes seguros, suaves y altamente activos, especialmente dise\u00f1ados para reducir las ojeras, iluminar el tono de la piel y mejorar las bolsas debajo de los ojos. Repara la piel del contorno de ojos para problemas oculares como la pigmentaci\u00f3n y la mala circulaci\u00f3n, y mejora la luminosidad y la firmeza.<\/p>\n\n\n\n<p>1. <strong>Niacinamida: <\/strong>Como forma activa de la vitamina B3, la niacinamida puede inhibir el transporte de melanina, aclarar las ojeras y fortalecer la barrera cut\u00e1nea. Su uso prolongado puede iluminar la piel del contorno de ojos y mejorar la textura general de la piel.<\/p>\n\n\n\n<p>2. <strong>Cafe\u00edna:<\/strong> La cafe\u00edna puede promover la circulaci\u00f3n sangu\u00ednea alrededor de los ojos y reducir el edema, lo que puede mejorar eficazmente las ojeras vasculares. Tambi\u00e9n puede mejorar el metabolismo celular, ayudar a aclarar la piel opaca y hacer que la mirada se vea m\u00e1s en\u00e9rgica.<\/p>\n\n\n\n<p>3. <strong>Derivados de la vitamina C: <\/strong>Los derivados de la vitamina C pueden iluminar suavemente la piel alrededor de los ojos, promover la s\u00edntesis de col\u00e1geno al tiempo que resisten la oxidaci\u00f3n, mejorar la opacidad y la fatiga y mejorar el brillo de la piel.<\/p>\n\n\n\n<p>4. <strong>Tetrap\u00e9ptidos:<\/strong> Los tetrap\u00e9ptidos pueden estimular la s\u00edntesis de col\u00e1geno, mejorar la elasticidad de la piel del contorno de ojos y reducir las arrugas y la flacidez ocular causadas por el envejecimiento. Tambi\u00e9n pueden ayudar a disminuir la inflamaci\u00f3n de la piel, dejando la piel del contorno de ojos m\u00e1s firme y joven.<\/p>\n\n\n\n<h2 class=\"wp-block-heading\">Las funciones de la crema para ojeras<\/h2>\n\n\n\n<p>1. <strong>Hidrataci\u00f3n duradera y retenci\u00f3n de agua: <\/strong>La crema para ojos Dark Circle contiene \u00e1cido hialur\u00f3nico y m\u00faltiples ingredientes humectantes, que pueden hidratar la piel alrededor de los ojos durante mucho tiempo, prevenir la formaci\u00f3n de l\u00edneas secas y mantener los ojos hidratados y tersos.<\/p>\n\n\n\n<p>2. <strong>R\u00e1pida absorci\u00f3n:<\/strong> La Crema para Ojeras tiene una textura ligera y cremosa, se absorbe f\u00e1cilmente y penetra r\u00e1pidamente en la piel del contorno de ojos. No es grasosa y es apta para usar durante el d\u00eda o antes del maquillaje, sin afectarlo.<\/p>\n\n\n\n<p>3. <strong>Suave y no irritante: <\/strong>Nuestra f\u00f3rmula para contorno de ojos no contiene fragancia ni alcohol, y sus ingredientes son suaves, por lo que puede ser utilizada por personas con piel sensible y mujeres embarazadas. El producto ha sido probado para garantizar su seguridad en la piel de los ojos y evitar irritaciones o molestias durante el uso diario.<\/p>\n\n\n\n<p>4. <strong>Funciones m\u00faltiples: <\/strong>Adem\u00e1s de sus m\u00faltiples funciones, como reafirmante, calmante y antioxidante, la crema para ojeras tambi\u00e9n puede solucionar muchos problemas oculares, como atenuar las ojeras y retrasar la aparici\u00f3n de l\u00edneas de expresi\u00f3n. Un producto con m\u00faltiples funciones mejora la eficacia general del cuidado de la piel.<\/p>\n\n\n\n<h2 class=\"wp-block-heading\">C\u00f3mo usar la crema para ojeras<\/h2>\n\n\n\n<p>El uso correcto de la crema para ojeras puede mejorar significativamente su eficacia de absorci\u00f3n y reducir el efecto de las ojeras.<\/p>\n\n\n\n<p>1. Despu\u00e9s de la limpieza, use un t\u00f3nico para acondicionar la piel y mantenerla hidratada.<\/p>\n\n\n\n<p>2. Saque una cantidad adecuada de crema para ojos y apl\u00edquela debajo de los ojos, en la punta de los ojos y en el hueso de la ceja.<\/p>\n\n\n\n<p>3. Use el dedo anular para dar suaves toques hasta que se absorba, evitando tirar de la piel, ya que esto la relajar\u00e1. Si se usa con un masajeador de ojos, el efecto ser\u00e1 mayor.<\/p>\n\n\n\n<p><strong>Recomendaci\u00f3n:<\/strong> \u00daselo una vez por la ma\u00f1ana y por la noche todos los d\u00edas, con suaves t\u00e9cnicas de masaje, para que los ingredientes puedan penetrar mejor en la capa inferior de la piel y activar la microcirculaci\u00f3n de los ojos.<\/p>\n\n\n\n<h2 class=\"wp-block-heading\">Precauci\u00f3n<\/h2>\n\n\n\n<p>1. <strong>El masaje ocular debe ser moderado: <\/strong>El masaje debe ser suave, evitando tirones fuertes, para no irritar la fr\u00e1gil zona de los ojos y provocar efectos adversos.<\/p>\n\n\n\n<p>2. <strong>Evite el contacto directo con el globo ocular: <\/strong>Al usar la crema para ojos, evite el \u00e1rea del globo ocular y la ra\u00edz de las pesta\u00f1as. Si entra en contacto con los ojos accidentalmente, enjuague con agua limpia inmediatamente.<\/p>\n\n\n\n<p>3. <strong>Realice una prueba de sensibilidad para el primer uso: <\/strong>Se recomienda probarlo detr\u00e1s de las orejas o alrededor de los ojos durante 24 horas y luego usarlo normalmente despu\u00e9s de confirmar que no haya irritaci\u00f3n.<\/p>\n\n\n\n<p>4. <strong>Usar con protector solar: <\/strong>Despu\u00e9s de usar este producto, se recomienda utilizar productos de protecci\u00f3n solar para evitar que los rayos ultravioleta agraven la deposici\u00f3n de pigmento y mejoren el efecto de atenuaci\u00f3n de las ojeras.<\/p>\n\n\n\n<h2 class=\"wp-block-heading\">Conclusi\u00f3n<\/h2>\n\n\n\n<p>La Crema para Ojeras es un producto altamente efectivo para el cuidado de la piel, especialmente desarrollado para problemas oculares. Combina m\u00faltiples ingredientes activos para enfocarse en reducir las ojeras, reafirmar la piel del contorno de ojos y mejorar la hinchaz\u00f3n. Tiene una textura suave y se absorbe r\u00e1pidamente, es apta para personas con todo tipo de piel y logra un buen equilibrio entre eficacia y sensaci\u00f3n en la piel. 3TOP promueve la personalizaci\u00f3n de productos para ayudar a los clientes a generar competitividad diferenciada y satisfacer las necesidades espec\u00edficas de los diferentes mercados.<\/p>","protected":false},"excerpt":{"rendered":"Dark Circle Eye Cream Manufacturing Common Formulas 3TOP is a professional dark circle eye cream manufacturer. We insist on using safe and mild, highly active ingredients, which are specially designed to reduce dark circles, brighten skin tone, and improve eye bags. It repairs the skin around the eyes for eye problems such as pigmentation and [&hellip;]","protected":false},"featured_media":3387,"menu_order":0,"template":"","meta":[],"product-tag":[],"products":[162],"class_list":["post-3386","product","type-product","status-publish","has-post-thumbnail","hentry","products-eye-cream"],"acf":[],"_links":{"self":[{"href":"https:\/\/www.ruiqigo.com\/es\/wp-json\/wp\/v2\/product\/3386","targetHints":{"allow":["GET"]}}],"collection":[{"href":"https:\/\/www.ruiqigo.com\/es\/wp-json\/wp\/v2\/product"}],"about":[{"href":"https:\/\/www.ruiqigo.com\/es\/wp-json\/wp\/v2\/types\/product"}],"version-history":[{"count":0,"href":"https:\/\/www.ruiqigo.com\/es\/wp-json\/wp\/v2\/product\/3386\/revisions"}],"wp:featuredmedia":[{"embeddable":true,"href":"https:\/\/www.ruiqigo.com\/es\/wp-json\/wp\/v2\/media\/3387"}],"wp:attachment":[{"href":"https:\/\/www.ruiqigo.com\/es\/wp-json\/wp\/v2\/media?parent=3386"}],"wp:term":[{"taxonomy":"product-tag","embeddable":true,"href":"https:\/\/www.ruiqigo.com\/es\/wp-json\/wp\/v2\/product-tag?post=3386"},{"taxonomy":"products","embeddable":true,"href":"https:\/\/www.ruiqigo.com\/es\/wp-json\/wp\/v2\/products?post=3386"}],"curies":[{"name":"wp","href":"https:\/\/api.w.org\/{rel}","templated":true}]}}