{"id":3400,"date":"2025-05-15T14:19:58","date_gmt":"2025-05-15T06:19:58","guid":{"rendered":"https:\/\/www.ruiqigo.com\/?post_type=product&#038;p=3400"},"modified":"2025-05-15T14:19:58","modified_gmt":"2025-05-15T06:19:58","slug":"brightening-ampoule","status":"publish","type":"product","link":"https:\/\/www.ruiqigo.com\/es\/product\/brightening-ampoule","title":{"rendered":"Ampolla iluminadora"},"content":{"rendered":"<h2 class=\"wp-block-heading\">F\u00f3rmulas comunes para la fabricaci\u00f3n de ampollas abrillantadoras<\/h2>\n\n\n\n<p>La f\u00f3rmula de la ampolla iluminadora utiliza m\u00faltiples factores aclaradores, como niacinamida de alta pureza, \u00e1cido tranex\u00e1mico, arbutina e hialuronato de sodio. Gracias a una tecnolog\u00eda estable y procesos maduros, ayuda a aclarar la opacidad, iluminar el tono de la piel y aportarle una sensaci\u00f3n de luminosidad y transparencia.<\/p>\n\n\n\n<p>1. <strong>Niacinamida:<\/strong> La niacinamida es un ingrediente blanqueador de amplio espectro que tiene excelentes funciones inhibiendo el transporte de melanina y tambi\u00e9n puede fortalecer la barrera cut\u00e1nea. Es suave y no irritante, y es un ingrediente eficaz para mejorar diversos problemas de opacidad de la piel.<\/p>\n\n\n\n<p>2. <strong>\u00c1cido tranex\u00e1mico:<\/strong> El \u00e1cido tranex\u00e1mico puede inhibir la pigmentaci\u00f3n causada por los rayos ultravioleta, aclarar las manchas y las marcas del acn\u00e9, y tiene efectos antiinflamatorios. Es muy adecuado para pieles sensibles. Repara la piel, ilumina el tono y previene la pigmentaci\u00f3n.<\/p>\n\n\n\n<p>3. <strong>Arbutina: <\/strong>La arbutina es un ingrediente blanqueador seguro y suave que puede reducir eficazmente la producci\u00f3n de melanina y prevenir la opacidad de la piel al inhibir la actividad de la tirosinasa. Es muy estable y apto para uso prolongado. Puede ayudar a unificar el tono de la piel y realzar su luminosidad.<\/p>\n\n\n\n<p>4. <strong>Hialuronato de sodio: <\/strong>Como ingrediente humectante cl\u00e1sico, el hialuronato de sodio puede retener la humedad de manera efectiva, aumentar el contenido de humedad de la piel, mejorar la eficiencia de penetraci\u00f3n de los ingredientes blanqueadores y la comodidad de la piel, y mantener la piel hidratada mientras se ilumina.<\/p>\n\n\n\n<p>5. <strong>Glutati\u00f3n: <\/strong>El glutati\u00f3n es un potente antioxidante que se utiliza a menudo en tratamientos blanqueadores para reducir la formaci\u00f3n de melanina. Puede neutralizar los radicales libres, promover el metabolismo celular, ayudar a la piel a irradiar luz desde el interior y retrasar el envejecimiento cut\u00e1neo.<\/p>\n\n\n\n<h2 class=\"wp-block-heading\">Las funciones de la ampolla iluminadora<\/h2>\n\n\n\n<p>1. <strong>Esencia de alta concentraci\u00f3n: <\/strong>La ampolla iluminadora utiliza una textura de esencia activa de alta concentraci\u00f3n, de fuerte penetraci\u00f3n y r\u00e1pida penetraci\u00f3n en la piel. Mejora r\u00e1pidamente el tono de la piel apagada y cansada, y es ideal para revitalizar la piel o para un cuidado reparador.<\/p>\n\n\n\n<p>2. <strong>Adecuado para una variedad de tipos de piel:<\/strong> La ampolla iluminadora no contiene ingredientes irritantes ni alcohol, tiene una textura refrescante y no pegajosa, un alto poder hidratante y es apta para pieles secas, grasas y sensibles. Se puede usar en cualquier \u00e9poca del a\u00f1o.<\/p>\n\n\n\n<p>3. <strong>Textura pura y ligera: <\/strong>La ampolla iluminadora tiene una textura transparente y pura. No se vuelve blanca ni espesa tras su uso, y no es f\u00e1cil que se desprenda la suciedad al aplicar el maquillaje, lo que no afecta al cuidado posterior de la piel ni al maquillaje.<\/p>\n\n\n\n<p>4. <strong>Adecuado para usar con una variedad de productos para el cuidado de la piel: <\/strong>La ampolla iluminadora puede usarse sola o con equipos de belleza, como instrumentos de belleza y pulverizadores fr\u00edos, para mejorar la absorci\u00f3n. Es adecuada no solo para el cuidado en casa, sino tambi\u00e9n para salones de belleza.<\/p>\n\n\n\n<h2 class=\"wp-block-heading\">C\u00f3mo usar la ampolla iluminadora<\/h2>\n\n\n\n<p>La ampolla iluminadora es f\u00e1cil de usar y se recomienda utilizarla despu\u00e9s del t\u00f3nico y antes de la crema.<\/p>\n\n\n\n<p>1. Despu\u00e9s de la limpieza, usa un t\u00f3nico para acondicionar tu piel.<\/p>\n\n\n\n<p>2. Abra la ampolla iluminadora y coloque la esencia en la palma de la mano o apl\u00edquela directamente en el rostro.<\/p>\n\n\n\n<p>3. Frote y d\u00e9 golpecitos suaves con las yemas de los dedos para ayudar a que su piel absorba la esencia.<\/p>\n\n\n\n<p>4. Despu\u00e9s de la absorci\u00f3n, use loci\u00f3n o crema para hidratar y retener la humedad.<\/p>\n\n\n\n<p><strong>Recomendaci\u00f3n: <\/strong>\u00daselo una vez por la ma\u00f1ana y otra por la noche.<\/p>\n\n\n\n<h2 class=\"wp-block-heading\">Precauci\u00f3n<\/h2>\n\n\n\n<p>1. <strong>Realice una prueba cut\u00e1nea antes del primer uso:<\/strong> Como los ingredientes de la esencia concentrada son altamente activos, se recomienda que quienes la utilicen por primera vez realicen una prueba en la piel detr\u00e1s de las orejas o a lo largo de la l\u00ednea de la mand\u00edbula para confirmar que no haya molestias antes de usarlo en todo el rostro.<\/p>\n\n\n\n<p>2. <strong>Evite usar con productos \u00e1cidos fuertes: <\/strong>La ampolla iluminadora contiene ingredientes blanqueadores activos. Evite usarla con productos con \u00e1cidos de frutas o \u00e1cidos A para no da\u00f1ar la barrera cut\u00e1nea.<\/p>\n\n\n\n<p>3. <strong>Preste atenci\u00f3n a la protecci\u00f3n solar despu\u00e9s de su uso: <\/strong>Los productos aclaradores pueden ayudar a mejorar la transparencia de la piel, pero tambi\u00e9n son m\u00e1s sensibles a los rayos ultravioleta. Use protector solar de alto factor despu\u00e9s de usar este producto para evitar el oscurecimiento.<\/p>\n\n\n\n<p>4. <strong>No utilizar sobre zonas da\u00f1adas o inflamadas:<\/strong> Si hay heridas evidentes o inflamaci\u00f3n en la cara, evite usar este producto para evitar molestias o afectar la recuperaci\u00f3n.<\/p>\n\n\n\n<p>5. <strong>Conservar en un lugar oscuro: <\/strong>Para mantener el mejor efecto de reparaci\u00f3n, guarde este producto en un lugar fresco y seco, alejado de la luz.<\/p>\n\n\n\n<h2 class=\"wp-block-heading\">Conclusi\u00f3n<\/h2>\n\n\n\n<p>La ampolla iluminadora destaca entre muchos productos para el cuidado de la piel gracias a su f\u00f3rmula altamente activa y su alta eficacia. Combina ingredientes cient\u00edficos y suaves para garantizar un uso seguro y una eficacia estable, a la vez que mejora la sensaci\u00f3n de la piel. Es una excelente opci\u00f3n, ya sea para el cuidado diario o en un sal\u00f3n de belleza.<\/p>","protected":false},"excerpt":{"rendered":"Brightening Ampoule Manufacturing Common Formulas The brightening ampoule formula uses multiple skin-lightening factors such as high-purity niacinamide, tranexamic acid, arbutin and sodium hyaluronate. Through stable technology and mature processes, it helps to lighten dullness, brighten skin tone, and bring a bright and transparent feeling to the skin. 1. Niacinamide: Niacinamide is a broad-spectrum whitening ingredient [&hellip;]","protected":false},"featured_media":3401,"menu_order":0,"template":"","meta":[],"product-tag":[],"products":[171],"class_list":["post-3400","product","type-product","status-publish","has-post-thumbnail","hentry","products-ampoule"],"acf":[],"_links":{"self":[{"href":"https:\/\/www.ruiqigo.com\/es\/wp-json\/wp\/v2\/product\/3400","targetHints":{"allow":["GET"]}}],"collection":[{"href":"https:\/\/www.ruiqigo.com\/es\/wp-json\/wp\/v2\/product"}],"about":[{"href":"https:\/\/www.ruiqigo.com\/es\/wp-json\/wp\/v2\/types\/product"}],"version-history":[{"count":0,"href":"https:\/\/www.ruiqigo.com\/es\/wp-json\/wp\/v2\/product\/3400\/revisions"}],"wp:featuredmedia":[{"embeddable":true,"href":"https:\/\/www.ruiqigo.com\/es\/wp-json\/wp\/v2\/media\/3401"}],"wp:attachment":[{"href":"https:\/\/www.ruiqigo.com\/es\/wp-json\/wp\/v2\/media?parent=3400"}],"wp:term":[{"taxonomy":"product-tag","embeddable":true,"href":"https:\/\/www.ruiqigo.com\/es\/wp-json\/wp\/v2\/product-tag?post=3400"},{"taxonomy":"products","embeddable":true,"href":"https:\/\/www.ruiqigo.com\/es\/wp-json\/wp\/v2\/products?post=3400"}],"curies":[{"name":"wp","href":"https:\/\/api.w.org\/{rel}","templated":true}]}}