{"id":341,"date":"2024-07-05T21:27:41","date_gmt":"2024-07-05T13:27:41","guid":{"rendered":"https:\/\/ruiqigo.com\/?post_type=product&#038;p=341"},"modified":"2024-09-26T17:43:03","modified_gmt":"2024-09-26T09:43:03","slug":"vitamin-c-body-lotion","status":"publish","type":"product","link":"https:\/\/www.ruiqigo.com\/es\/product\/vitamin-c-body-lotion","title":{"rendered":"Loci\u00f3n corporal con vitamina C"},"content":{"rendered":"<h2 class=\"wp-block-heading\">F\u00f3rmulas comunes para la fabricaci\u00f3n de lociones corporales con vitamina C<\/h2>\n\n\n\n<p>El ingrediente principal de esta loci\u00f3n corporal con vitamina C es el \u00e1cido asc\u00f3rbico (vitamina C), un poderoso antioxidante que neutraliza los radicales libres, mejora la opacidad y la pigmentaci\u00f3n y restaura la luminosidad de la piel. Adem\u00e1s, la f\u00f3rmula tambi\u00e9n contiene aceite de semilla de jojoba y tocoferoles y otros ingredientes nutritivos, que pueden hidratar y nutrir profundamente la piel, mejorar la sequedad y la aspereza del problema, para que la piel quede suave e hidratada.<\/p>\n\n\n\n<h2 class=\"wp-block-heading\">Loci\u00f3n corporal con vitamina C Escenarios aplicables<\/h2>\n\n\n\n<p>Las lociones corporales con vitamina C son un tratamiento blanqueador que dura todo el d\u00eda y es perfecto para quienes desean blanquear su piel y aumentar su luminosidad a trav\u00e9s del cuidado de la piel. En los meses calurosos y secos del verano, proporciona una hidrataci\u00f3n profunda a la piel y mejora el brillo, la opacidad, la sequedad y la aspereza. En los meses fr\u00edos y h\u00famedos del invierno, sus ricos ingredientes nutritivos nutren la piel y alivian las molestias cut\u00e1neas provocadas por el fr\u00edo. O tenemos m\u00e1s <a href=\"https:\/\/www.ruiqigo.com\/es\/products\/body-lotion\/\">loci\u00f3n corporal<\/a> Opciones para que usted elija.<\/p>\n\n\n\n<h2 class=\"wp-block-heading\">\u00bfPara qui\u00e9n es adecuada la loci\u00f3n corporal con vitamina C?<\/h2>\n\n\n\n<p>Las lociones corporales con vitamina C son adecuadas para usuarios de todas las edades. Para los adolescentes, puede mejorar eficazmente la opacidad, la aspereza y otros problemas de la piel, de modo que la piel recupere su brillo; para los grupos de mediana edad y mayores, es rica en ingredientes nutritivos para mejorar la sequedad causada por el envejecimiento, de modo que la piel est\u00e9 suave e hidratada; al mismo tiempo, tambi\u00e9n es adecuada para quienes les gusta realizar actividades al aire libre, de modo que la piel siempre disfrute de una gama completa de cuidados. Si tiene alguna otra necesidad, no dude en obtener m\u00e1s informaci\u00f3n sobre 3TOP <a href=\"https:\/\/www.ruiqigo.com\/es\/products\/body-care\/\">cuidado del cuerpo<\/a> productos.<\/p>\n\n\n\n<h2 class=\"wp-block-heading\">Proceso de producci\u00f3n de loci\u00f3n corporal con vitamina C<\/h2>\n\n\n\n<p>Lo que hace que las lociones corporales con vitamina C sean especiales es su f\u00f3rmula antioxidante \u00fanica y su tecnolog\u00eda de producci\u00f3n avanzada. La selecci\u00f3n de derivados de vitamina C altamente estables neutraliza eficazmente los radicales libres y promueve la luminosidad y la reparaci\u00f3n de la piel. La extracci\u00f3n en fr\u00edo a baja temperatura y la tecnolog\u00eda de barrera de ox\u00edgeno se utilizan en el proceso de producci\u00f3n para garantizar que los ingredientes activos de la vitamina C no se destruyan, al tiempo que se integran ingredientes humectantes como el \u00e1cido hialur\u00f3nico para lograr una nutrici\u00f3n profunda. El estricto control de calidad y la formulaci\u00f3n sin aditivos garantizan la seguridad y la eficacia del producto, que es adecuado para todo tipo de piel. Si desea obtener m\u00e1s informaci\u00f3n, consulte los art\u00edculos relacionados. <a href=\"https:\/\/www.ruiqigo.com\/es\/body-lotion-manufacturer-elevating-skincare-standards.html\/\">loci\u00f3n corporal <\/a>Informaci\u00f3n de fabricaci\u00f3n.<\/p>","protected":false},"excerpt":{"rendered":"Vitamin C body lotion manufacturing Common Formulas The core ingredient of this Vitamin C Body Lotion is Ascorbic Acid (Vitamin C), a powerful antioxidant that neutralizes free radicals, improves dullness and pigmentation, and restores skin&#8217;s radiance. In addition, the formula also contains jojoba seed oil and tocopherols and other nourishing ingredients, can deeply hydrate and [&hellip;]","protected":false},"featured_media":342,"menu_order":0,"template":"","meta":[],"product-tag":[],"products":[56],"class_list":["post-341","product","type-product","status-publish","has-post-thumbnail","hentry","products-body-lotion"],"acf":[],"_links":{"self":[{"href":"https:\/\/www.ruiqigo.com\/es\/wp-json\/wp\/v2\/product\/341","targetHints":{"allow":["GET"]}}],"collection":[{"href":"https:\/\/www.ruiqigo.com\/es\/wp-json\/wp\/v2\/product"}],"about":[{"href":"https:\/\/www.ruiqigo.com\/es\/wp-json\/wp\/v2\/types\/product"}],"version-history":[{"count":0,"href":"https:\/\/www.ruiqigo.com\/es\/wp-json\/wp\/v2\/product\/341\/revisions"}],"wp:featuredmedia":[{"embeddable":true,"href":"https:\/\/www.ruiqigo.com\/es\/wp-json\/wp\/v2\/media\/342"}],"wp:attachment":[{"href":"https:\/\/www.ruiqigo.com\/es\/wp-json\/wp\/v2\/media?parent=341"}],"wp:term":[{"taxonomy":"product-tag","embeddable":true,"href":"https:\/\/www.ruiqigo.com\/es\/wp-json\/wp\/v2\/product-tag?post=341"},{"taxonomy":"products","embeddable":true,"href":"https:\/\/www.ruiqigo.com\/es\/wp-json\/wp\/v2\/products?post=341"}],"curies":[{"name":"wp","href":"https:\/\/api.w.org\/{rel}","templated":true}]}}