{"id":3453,"date":"2025-05-21T10:12:35","date_gmt":"2025-05-21T02:12:35","guid":{"rendered":"https:\/\/www.ruiqigo.com\/?post_type=product&#038;p=3453"},"modified":"2025-05-21T10:12:35","modified_gmt":"2025-05-21T02:12:35","slug":"oral-care-kit","status":"publish","type":"product","link":"https:\/\/www.ruiqigo.com\/es\/product\/oral-care-kit","title":{"rendered":"Kit de cuidado bucal"},"content":{"rendered":"<h2 class=\"wp-block-heading\">Caracter\u00edsticas del kit de cuidado bucal<\/h2>\n\n\n\n<p>El kit de cuidado bucal incluye diversos utensilios b\u00e1sicos de higiene bucal, como cepillos de dientes, pasta dental, hilo dental, etc. Esta pr\u00e1ctica combinaci\u00f3n satisface las necesidades diarias de cuidado bucal. Todos los componentes est\u00e1n fabricados con materiales de grado alimenticio o m\u00e9dico, higi\u00e9nicos y saludables, aptos para un uso prolongado. El empaque es independiente y f\u00e1cil de guardar.<\/p>\n\n\n\n<p><strong>1. Una combinaci\u00f3n de varias herramientas de cuidado bucal: <\/strong>Las configuraciones comunes incluyen cepillos de dientes, pasta de dientes, hilo dental, enjuague bucal, raspadores de lengua, etc. Algunos juegos tambi\u00e9n se pueden personalizar para agregar accesorios como pegatinas para dientes y gel limpiador de dientes.<\/p>\n\n\n\n<p><strong>2. Embalaje port\u00e1til: <\/strong>Los kits de cuidado bucal generalmente utilizan bolsas port\u00e1tiles, bolsas selladas o empaques independientes, lo que resulta conveniente para viajes, viajes de negocios u hospitalizaci\u00f3n.<\/p>\n\n\n\n<p><strong>3. Adaptarse a las diversas necesidades de cuidado bucal: <\/strong>Hay muchas herramientas disponibles. Ya sea para un cuidado bucal sencillo o una limpieza bucal profunda, los kits de cuidado bucal pueden brindarte una buena experiencia.<\/p>\n\n\n\n<p><strong>4. Seguridad e higiene:<\/strong> Todos los accesorios de cuidado son materiales desechables o reutilizables pero f\u00e1ciles de limpiar, seguros e higi\u00e9nicos, y cumplen con los est\u00e1ndares y requisitos del cuidado m\u00e9dico o personal.<\/p>\n\n\n\n<h2 class=\"wp-block-heading\">Ventajas del kit de cuidado bucal<\/h2>\n\n\n\n<p>El kit de cuidado bucal permite una limpieza meticulosa gracias a su ajuste profesional, cubriendo los dientes, los espacios interdentales, el saburra y los puntos ciegos. Es muy port\u00e1til, pr\u00e1ctico e higi\u00e9nico, ideal para uso diario y para llevar. Su dise\u00f1o general prioriza tanto la funcionalidad como la experiencia, permitiendo a los usuarios lograr un cuidado bucal de alta calidad con un uso sencillo.<\/p>\n\n\n\n<p><strong>1. Un juego para el cuidado bucal: <\/strong>El kit de cuidado bucal proporciona accesorios b\u00e1sicos y completos para el cuidado bucal, lo que ahorra tiempo en la compra y es muy eficiente.<\/p>\n\n\n\n<p><strong>2. F\u00e1cil de transportar:<\/strong> Se puede transportar f\u00e1cilmente en viajes de negocios, viajes, hospitalizaci\u00f3n, actividades al aire libre, etc., para mantener su higiene bucal en todo momento y brindarle una soluci\u00f3n completa para el cuidado bucal.<\/p>\n\n\n\n<p><strong>3. Ahorro de costes: <\/strong>En comparaci\u00f3n con la compra tradicional de m\u00faltiples herramientas de cuidado individualmente, el precio del conjunto completo ser\u00e1 m\u00e1s rentable, el costo ser\u00e1 menor y ser\u00e1 m\u00e1s rentable.<\/p>\n\n\n\n<p><strong>4. Ayuda a desarrollar buenos h\u00e1bitos bucales:<\/strong> A trav\u00e9s de la combinaci\u00f3n integrada de herramientas de cuidado bucal, es \u00fatil inspirar a los usuarios a establecer h\u00e1bitos diarios de cuidado bucal y promover la higiene y la salud bucal.<\/p>\n\n\n\n<h2 class=\"wp-block-heading\">Kit de cuidado bucal Grupo objetivo<\/h2>\n\n\n\n<p>El kit de cuidado bucal se configura de forma diferente seg\u00fan la edad y las necesidades de cuidado. La versi\u00f3n infantil prioriza la seguridad y la suavidad, mientras que la versi\u00f3n para adultos se centra en la potencia de limpieza y el control de la respiraci\u00f3n. Adem\u00e1s, este producto tambi\u00e9n se adapta a usuarios de ortodoncia, cuidadores postoperatorios, etc., lo que lo convierte en una opci\u00f3n ideal para todo tipo de usuarios.<\/p>\n\n\n\n<p><strong>1. Personas que necesitan cuidado bucal diario:<\/strong> Personas de cualquier edad que necesitan cuidado bucal diario y persiguen la salud bucal.<\/p>\n\n\n\n<p><strong>2. Ni\u00f1os y adolescentes: <\/strong>Modelos dise\u00f1ados espec\u00edficamente para las enc\u00edas sensibles de ni\u00f1os y adolescentes para garantizar la salud bucal.<\/p>\n\n\n\n<p><strong>3. Ortodoncistas: <\/strong>Equipado con cepillos interdentales y palitos de hilo dental, adecuado para personas que se someten a correcci\u00f3n bucal y usan aparatos ortop\u00e9dicos.<\/p>\n\n\n\n<p><strong>4. Personas que viajan por negocios: <\/strong>Puedes llevar un kit de cuidado bucal port\u00e1til cuando viajas por negocios.<\/p>\n\n\n\n<h2 class=\"wp-block-heading\">Aplicaciones del kit de cuidado bucal<\/h2>\n\n\n\n<p>El kit de cuidado bucal es adecuado para m\u00faltiples escenarios de vida y trabajo, como el uso diario en el hogar, viajes de negocios, kits de atenci\u00f3n m\u00e9dica, etc.<\/p>\n\n\n\n<p><strong>1. Cuidado bucal en casa: <\/strong>\u00daselo todas las ma\u00f1anas y noches para desarrollar buenos h\u00e1bitos bucales.<\/p>\n\n\n\n<p><strong>2. Imprescindibles para viajes de negocios y de negocios: <\/strong>F\u00e1cil de transportar, imprescindible para viajar.<\/p>\n\n\n\n<p><strong>3. Botiqu\u00edn de atenci\u00f3n m\u00e9dica: <\/strong>Puede ayudar a limpiar la cavidad bucal durante el cuidado posoperatorio o la hospitalizaci\u00f3n para prevenir infecciones bacterianas.<\/p>\n\n\n\n<p><strong>4. Regalos de empresa:<\/strong> Se utiliza a menudo en actividades corporativas en las industrias m\u00e9dicas y de salud.<\/p>\n\n\n\n<p><strong>5. Configuraci\u00f3n del kit de emergencia: <\/strong>Aseg\u00farese de mantener una higiene bucal b\u00e1sica durante rescates en caso de desastre o aventuras al aire libre.<\/p>\n\n\n\n<h2 class=\"wp-block-heading\">C\u00f3mo utilizar el kit de cuidado bucal<\/h2>\n\n\n\n<p>El kit de cuidado bucal es muy f\u00e1cil e intuitivo de usar. Los usuarios pueden limpiar el interior de la boca en secuencia, seg\u00fan su rutina diaria de cuidado bucal, para completar el proceso completo.<\/p>\n\n\n\n<p><strong>1. Cep\u00edllese los dientes una vez por la ma\u00f1ana y otra por la noche: <\/strong>Saque el cepillo de dientes y la pasta de dientes, exprima una cantidad de pasta de dientes del tama\u00f1o de un guisante, cep\u00edllese los dientes en diferentes \u00e1reas durante 2 o 3 minutos y enju\u00e1guese la boca despu\u00e9s del cepillado.<\/p>\n\n\n\n<p><strong>2. Utilice hilo dental o un palillo de hilo dental: <\/strong>Introd\u00fazcalo con cuidado en los espacios entre los dientes y tire lentamente hacia atr\u00e1s y hacia adelante para eliminar la placa dental.<\/p>\n\n\n\n<p><strong>3. Utilice cepillos interdentales (si es necesario): <\/strong>Introd\u00fazcalo en los espacios entre los dientes para limpiar los residuos en espacios m\u00e1s grandes, lo cual es adecuado para personas con tratamiento de ortodoncia o aquellas con espacios m\u00e1s amplios entre los dientes.<\/p>\n\n\n\n<p><strong>4. Utilice un raspador de lengua para limpiar la capa lingual (si es necesario): <\/strong>Raspe suavemente la suciedad de la superficie de la lengua desde adentro hacia afuera para refrescar el aliento.<\/p>\n\n\n\n<p><strong>5. Use enjuague bucal: <\/strong>Vierta una cantidad adecuada de enjuague bucal, haga g\u00e1rgaras durante 30 segundos y esc\u00fapalo, no es necesario enjuagar con agua.<\/p>\n\n\n\n<p><strong>Recomendaci\u00f3n: <\/strong>Reemplace peri\u00f3dicamente los accesorios desechables o de f\u00e1cil consumo, como cepillos de dientes e hilo dental, en el kit de cuidado bucal.<\/p>\n\n\n\n<h2 class=\"wp-block-heading\">Conclusi\u00f3n<\/h2>\n\n\n\n<p>Con el ritmo de vida acelerado y la mayor concienciaci\u00f3n sobre la salud, el cuidado bucal ya no se limita al ba\u00f1o, sino que se ha convertido en una parte importante de la vida diaria. La versatilidad del kit de cuidado bucal no solo aumenta la frecuencia de uso de los productos, sino que tambi\u00e9n ofrece a los usuarios protecci\u00f3n para la higiene bucal en diferentes situaciones. Es una opci\u00f3n ideal que prioriza la practicidad y la est\u00e9tica.<\/p>","protected":false},"excerpt":{"rendered":"Oral Care Kit Features The oral care kit integrates a variety of basic oral cleaning tools, including toothbrushes, toothpaste, dental floss, etc. The combination is practical and can meet the daily comprehensive oral care needs. All components are supported by food-grade or medical safety materials, which are hygienic and healthy and suitable for long-term use. [&hellip;]","protected":false},"featured_media":3454,"menu_order":0,"template":"","meta":[],"product-tag":[],"products":[160],"class_list":["post-3453","product","type-product","status-publish","has-post-thumbnail","hentry","products-oral-care-kit"],"acf":[],"_links":{"self":[{"href":"https:\/\/www.ruiqigo.com\/es\/wp-json\/wp\/v2\/product\/3453","targetHints":{"allow":["GET"]}}],"collection":[{"href":"https:\/\/www.ruiqigo.com\/es\/wp-json\/wp\/v2\/product"}],"about":[{"href":"https:\/\/www.ruiqigo.com\/es\/wp-json\/wp\/v2\/types\/product"}],"version-history":[{"count":0,"href":"https:\/\/www.ruiqigo.com\/es\/wp-json\/wp\/v2\/product\/3453\/revisions"}],"wp:featuredmedia":[{"embeddable":true,"href":"https:\/\/www.ruiqigo.com\/es\/wp-json\/wp\/v2\/media\/3454"}],"wp:attachment":[{"href":"https:\/\/www.ruiqigo.com\/es\/wp-json\/wp\/v2\/media?parent=3453"}],"wp:term":[{"taxonomy":"product-tag","embeddable":true,"href":"https:\/\/www.ruiqigo.com\/es\/wp-json\/wp\/v2\/product-tag?post=3453"},{"taxonomy":"products","embeddable":true,"href":"https:\/\/www.ruiqigo.com\/es\/wp-json\/wp\/v2\/products?post=3453"}],"curies":[{"name":"wp","href":"https:\/\/api.w.org\/{rel}","templated":true}]}}