{"id":346,"date":"2024-07-08T10:40:04","date_gmt":"2024-07-08T02:40:04","guid":{"rendered":"https:\/\/ruiqigo.com\/?post_type=product&#038;p=346"},"modified":"2024-09-26T17:42:19","modified_gmt":"2024-09-26T09:42:19","slug":"hyaluronic-acid-body-lotion","status":"publish","type":"product","link":"https:\/\/www.ruiqigo.com\/es\/product\/hyaluronic-acid-body-lotion","title":{"rendered":"Loci\u00f3n corporal con \u00e1cido hialur\u00f3nico"},"content":{"rendered":"<h3 class=\"wp-block-heading\">F\u00f3rmulas habituales para la fabricaci\u00f3n de lociones corporales con \u00e1cido hialur\u00f3nico<\/h3>\n\n\n\n<p>El ingrediente principal de esta loci\u00f3n corporal con \u00e1cido hialur\u00f3nico es el hialuronato de sodio, un polisac\u00e1rido polim\u00e9rico natural con excelentes propiedades hidratantes. Puede penetrar r\u00e1pidamente en la piel, formando una pel\u00edcula protectora en la capa interna de la piel, reteniendo la humedad de forma duradera, de modo que la piel est\u00e9 siempre llena de elasticidad e hidrataci\u00f3n. Al mismo tiempo, la f\u00f3rmula tambi\u00e9n contiene glicerina y otros ingredientes nutritivos, que pueden hidratar y nutrir profundamente la piel, mejorando la sequedad y la aspereza del problema.<\/p>\n\n\n\n<h3 class=\"wp-block-heading\">Loci\u00f3n corporal con \u00e1cido hialur\u00f3nico Escenarios aplicables<\/h3>\n\n\n\n<p>Esta loci\u00f3n corporal con \u00e1cido hialur\u00f3nico es un tratamiento para todo el d\u00eda que hidrata profundamente y mantiene la piel hidratada y tersa durante todo el d\u00eda. En los meses calurosos y secos del verano, repone r\u00e1pidamente la humedad para mantener la piel hidratada y tersa, mientras que en los meses fr\u00edos y h\u00famedos del invierno, sus ricos ingredientes nutritivos nutren la piel y alivian las molestias de la sequedad inducida por el fr\u00edo. No importa en qu\u00e9 clima te encuentres, esta loci\u00f3n te brindar\u00e1 un cuidado total de la piel. O tenemos m\u00e1s <a href=\"https:\/\/www.ruiqigo.com\/es\/products\/body-lotion\/\">loci\u00f3n corporal<\/a> Opciones para que usted elija.<\/p>\n\n\n\n<h3 class=\"wp-block-heading\">\u00bfPara qui\u00e9n son adecuadas las lociones corporales con \u00e1cido hialur\u00f3nico?<\/h3>\n\n\n\n<p>Las lociones corporales con \u00e1cido hialur\u00f3nico est\u00e1n dise\u00f1adas para quienes buscan una hidrataci\u00f3n profunda y duradera. Son especialmente adecuadas para pieles secas o maduras, ya que el \u00e1cido hialur\u00f3nico atrae y retiene grandes cantidades de humedad, lo que reduce la sequedad y la tirantez. Esta loci\u00f3n tambi\u00e9n es una opci\u00f3n ideal para personas que necesitan mejorar la elasticidad y flexibilidad de su piel. Si tiene otras necesidades, no dude en obtener m\u00e1s informaci\u00f3n sobre 3TOP <a href=\"https:\/\/www.ruiqigo.com\/es\/products\/body-care\/\">cuidado del cuerpo<\/a> productos.<\/p>\n\n\n\n<h3 class=\"wp-block-heading\">Proceso de producci\u00f3n de loci\u00f3n corporal con \u00e1cido hialur\u00f3nico<\/h3>\n\n\n\n<p>Las especialidades de producci\u00f3n de las lociones corporales de \u00e1cido hialur\u00f3nico son su f\u00f3rmula \u00fanica y su excelente proceso de fabricaci\u00f3n. Se utiliza \u00e1cido hialur\u00f3nico de alta pureza para garantizar su r\u00e1pida penetraci\u00f3n y su efecto hidratante profundo en la piel mediante una tecnolog\u00eda avanzada de corte molecular. El pH y la temperatura se controlan estrictamente durante el proceso de producci\u00f3n para mantener la estabilidad y la actividad del \u00e1cido hialur\u00f3nico. Adem\u00e1s, no se a\u00f1aden fragancias ni alcohol para reducir el riesgo de molestias que pueden causar las pieles sensibles. Si desea saber m\u00e1s, consulte los art\u00edculos relacionados. <a href=\"https:\/\/www.ruiqigo.com\/es\/body-lotion-manufacturer-elevating-skincare-standards.html\/\">loci\u00f3n corporal<\/a> Informaci\u00f3n de fabricaci\u00f3n.<\/p>","protected":false},"excerpt":{"rendered":"Hyaluronic acid body lotion manufacturing Common Formulas The core ingredient of this hyaluronic acid body lotion is sodium hyaluronate, a natural polymer polysaccharide with excellent moisturizing properties. It can quickly penetrate the skin, forming a protective film in the inner layer of the skin, long-lasting lock moisture, so that the skin is always full of [&hellip;]","protected":false},"featured_media":440,"menu_order":0,"template":"","meta":[],"product-tag":[],"products":[56],"class_list":["post-346","product","type-product","status-publish","has-post-thumbnail","hentry","products-body-lotion"],"acf":[],"_links":{"self":[{"href":"https:\/\/www.ruiqigo.com\/es\/wp-json\/wp\/v2\/product\/346","targetHints":{"allow":["GET"]}}],"collection":[{"href":"https:\/\/www.ruiqigo.com\/es\/wp-json\/wp\/v2\/product"}],"about":[{"href":"https:\/\/www.ruiqigo.com\/es\/wp-json\/wp\/v2\/types\/product"}],"version-history":[{"count":0,"href":"https:\/\/www.ruiqigo.com\/es\/wp-json\/wp\/v2\/product\/346\/revisions"}],"wp:featuredmedia":[{"embeddable":true,"href":"https:\/\/www.ruiqigo.com\/es\/wp-json\/wp\/v2\/media\/440"}],"wp:attachment":[{"href":"https:\/\/www.ruiqigo.com\/es\/wp-json\/wp\/v2\/media?parent=346"}],"wp:term":[{"taxonomy":"product-tag","embeddable":true,"href":"https:\/\/www.ruiqigo.com\/es\/wp-json\/wp\/v2\/product-tag?post=346"},{"taxonomy":"products","embeddable":true,"href":"https:\/\/www.ruiqigo.com\/es\/wp-json\/wp\/v2\/products?post=346"}],"curies":[{"name":"wp","href":"https:\/\/api.w.org\/{rel}","templated":true}]}}