{"id":3463,"date":"2025-05-21T15:46:41","date_gmt":"2025-05-21T07:46:41","guid":{"rendered":"https:\/\/www.ruiqigo.com\/?post_type=product&#038;p=3463"},"modified":"2025-05-21T15:46:41","modified_gmt":"2025-05-21T07:46:41","slug":"natural-hair-mousse","status":"publish","type":"product","link":"https:\/\/www.ruiqigo.com\/es\/product\/natural-hair-mousse","title":{"rendered":"Mousse para cabello natural"},"content":{"rendered":"<h2 class=\"wp-block-heading\">F\u00f3rmulas comunes para la fabricaci\u00f3n de mousses naturales para el cabello<\/h2>\n\n\n\n<p>3TOP&#039;s natural se compromete a seleccionar ingredientes vegetales seguros, suaves y eficaces que no contienen aceite de silicona, fragancias sint\u00e9ticas, etc., para proteger la salud del cabello y el cuero cabelludo durante el peinado. La f\u00f3rmula com\u00fan de la espuma capilar natural incorpora diversos ingredientes activos vegetales con propiedades reparadoras, nutritivas y antioxidantes, lo que ayuda a los usuarios a crear un look refrescante y natural, adem\u00e1s de fortalecer el cabello.<\/p>\n\n\n\n<p><strong>1. Goma xantana: <\/strong>La goma xantana se extrae de la fermentaci\u00f3n vegetal y puede proporcionar un poder de peinado de ligero a moderado, aumentar la elasticidad y la esponjosidad del cabello.<\/p>\n\n\n\n<p><strong>2. Aceite de coco: <\/strong>El aceite de coco es rico en \u00e1cidos grasos de cadena media, como el \u00e1cido l\u00e1urico, que puede penetrar profundamente en el tallo del cabello, reparar las escamas del cabello da\u00f1adas, prevenir la p\u00e9rdida de prote\u00ednas y hacer que el cabello sea suave y fuerte.<\/p>\n\n\n\n<p><strong>3. Glicerina: <\/strong>La glicerina es un humectante natural que puede absorber la humedad del aire y retener la humedad en el cabello, lo que ayuda a evitar que el cabello se seque y a mantener la textura suave de la espuma y la elasticidad del cabello.<\/p>\n\n\n\n<p><strong>4. Jugo de aloe vera: <\/strong>El jugo de aloe vera tambi\u00e9n es un hidratante natural que calma el cuero cabelludo, reduce el enrojecimiento y la picaz\u00f3n, y repara el cabello da\u00f1ado. Adem\u00e1s, ayuda a retener la humedad y a mantener el cabello suave durante el peinado.<\/p>\n\n\n\n<p><strong>5. Manteca de karit\u00e9: <\/strong>La manteca de karit\u00e9 es rica en \u00e1cidos grasos y vitamina E, y posee potentes propiedades hidratantes y antioxidantes. Forma una barrera natural en la superficie del cabello, lo protege del da\u00f1o causado por las herramientas calientes y controla eficazmente el frizz y la electricidad est\u00e1tica.<\/p>\n\n\n\n<h2 class=\"wp-block-heading\">Las funciones de la espuma capilar natural<\/h2>\n\n\n\n<p>La espuma capilar natural se basa en el principio de ligereza y multiefectos y est\u00e1 dise\u00f1ada para un peinado y cuidado capilar natural. Ya sea cabello liso, rizado, corto o largo, puedes crear el peinado ideal mientras cuidas la salud general de tu cabello.<\/p>\n\n\n\n<p><strong>1. Fuerte poder de fijaci\u00f3n: <\/strong>Bas\u00e1ndose en la actividad de las plantas y pol\u00edmeros suaves para lograr una configuraci\u00f3n flexible, el peinado es m\u00e1s natural, no r\u00edgido ni abultado, adecuado para el peinado diario y la modificaci\u00f3n de rizos naturales.<\/p>\n\n\n\n<p><strong>2. Textura ligera:<\/strong> La espuma para el cabello natural tiene una espuma fina y uniforme, ligera en la mano, puede penetrar r\u00e1pidamente la fibra capilar, no obstruye los poros, no deja grumos y es adecuada para usar durante todo el d\u00eda.<\/p>\n\n\n\n<p><strong>3. Bloquea la humedad e hidrata, anti-frizz:<\/strong> La espuma para el cabello natural agrega m\u00faltiples ingredientes humectantes naturales para formar una pel\u00edcula de agua invisible fuera del cabello, combatiendo eficazmente la electricidad est\u00e1tica, la sequedad y el frizz, dejando el cabello suave, brillante y liso.<\/p>\n\n\n\n<p><strong>4. Agradable para la piel y no irritante:<\/strong> No contiene alcohol, fragancias artificiales, conservantes alerg\u00e9nicos comunes, etc. Ayuda a evitar el enrojecimiento y la descamaci\u00f3n del cuero cabelludo y puede ser utilizado con confianza por personas sensibles.<\/p>\n\n\n\n<p><strong>5. Sin residuos, f\u00e1cil de enjuagar: <\/strong>La espuma para el cabello natural no se adhiere f\u00e1cilmente al cuero cabelludo ni a las escamas del cabello, y se puede quitar f\u00e1cilmente despu\u00e9s del champ\u00fa, por lo que puede mantener su cabello fresco y sin cargas sin usar productos de limpieza fuertes.<\/p>\n\n\n\n<h2 class=\"wp-block-heading\">C\u00f3mo usar espuma natural para el cabello<\/h2>\n\n\n\n<p>Usar espuma capilar natural es muy f\u00e1cil. Solo sigue los pasos a continuaci\u00f3n despu\u00e9s del champ\u00fa.<\/p>\n\n\n\n<p><strong>1. Limpia tu cabello: <\/strong>Utilice un champ\u00fa suave y no irritante para limpiar su cabello y asegurarse de que est\u00e9 limpio y sin grasa.<\/p>\n\n\n\n<p><strong>2. Seca tu cabello: <\/strong>Utilice una toalla seca para secar suavemente su cabello, dej\u00e1ndolo ligeramente h\u00famedo.<\/p>\n\n\n\n<p><strong>3. Utilice el producto: <\/strong>Agite bien el frasco de mousse y roc\u00ede una cantidad adecuada de espuma (aproximadamente del tama\u00f1o de un huevo) en sus manos.<\/p>\n\n\n\n<p><strong>4. Aplicar uniformemente:<\/strong> Aplica la espuma uniformemente sobre tu cabello, desde la ra\u00edz hasta las puntas, asegur\u00e1ndote de cubrir cada parte.<\/p>\n\n\n\n<p><strong>5. Estilo: <\/strong>Utilice un secador de pelo o s\u00e9quelo al aire para completar el peinado seg\u00fan sea necesario.<\/p>\n\n\n\n<h2 class=\"wp-block-heading\">Precauci\u00f3n<\/h2>\n\n\n\n<p><strong>1. Prueba de alergia:<\/strong> Antes del primer uso, pruebe en una peque\u00f1a zona detr\u00e1s de la oreja o dentro de la mu\u00f1eca para asegurarse de que no haya ninguna reacci\u00f3n al\u00e9rgica.<\/p>\n\n\n\n<p><strong>2. Evite el uso excesivo: <\/strong>El uso excesivo de espuma natural para el cabello puede hacer que \u00e9ste se vuelva pesado y afectar su sensaci\u00f3n natural y esponjosa.<\/p>\n\n\n\n<p><strong>3. Evitar el contacto con los ojos:<\/strong> Evite el contacto con los ojos durante su uso. Si entra en contacto con ellos accidentalmente, enju\u00e1guelos inmediatamente con agua limpia.<\/p>\n\n\n\n<p><strong>4. Mantener fuera del alcance de los ni\u00f1os: <\/strong>Mantenga el producto fuera del alcance de los ni\u00f1os para evitar su mal uso.<\/p>\n\n\n\n<p><strong>5. Conservar en un lugar fresco:<\/strong> Guarde este producto en un entorno alejado de la luz solar directa y de altas temperaturas para evitar riesgos de seguridad.<\/p>\n\n\n\n<h2 class=\"wp-block-heading\">Conclusi\u00f3n<\/h2>\n\n\n\n<p>La espuma capilar natural se ha convertido en un producto ideal para peinar el cabello gracias a sus ingredientes naturales, su excelente efecto de peinado y sus m\u00faltiples beneficios para el cuidado. Ya sea para uso diario o para peinados profesionales, ofrece una experiencia de peinado saludable, natural y duradera.<\/p>","protected":false},"excerpt":{"rendered":"Natural Hair Mousse Manufacturing Common Formulas 3TOP&#8217;s natural is committed to selecting safe, gentle, and effective plant-derived ingredients that do not contain silicone oil, synthetic fragrances, etc., to protect the health of hair and scalp while styling. The common formula of natural hair mousse incorporates a variety of plant active ingredients with repairing, nourishing, and [&hellip;]","protected":false},"featured_media":3464,"menu_order":0,"template":"","meta":[],"product-tag":[],"products":[165],"class_list":["post-3463","product","type-product","status-publish","has-post-thumbnail","hentry","products-hair-mousse"],"acf":[],"_links":{"self":[{"href":"https:\/\/www.ruiqigo.com\/es\/wp-json\/wp\/v2\/product\/3463","targetHints":{"allow":["GET"]}}],"collection":[{"href":"https:\/\/www.ruiqigo.com\/es\/wp-json\/wp\/v2\/product"}],"about":[{"href":"https:\/\/www.ruiqigo.com\/es\/wp-json\/wp\/v2\/types\/product"}],"version-history":[{"count":0,"href":"https:\/\/www.ruiqigo.com\/es\/wp-json\/wp\/v2\/product\/3463\/revisions"}],"wp:featuredmedia":[{"embeddable":true,"href":"https:\/\/www.ruiqigo.com\/es\/wp-json\/wp\/v2\/media\/3464"}],"wp:attachment":[{"href":"https:\/\/www.ruiqigo.com\/es\/wp-json\/wp\/v2\/media?parent=3463"}],"wp:term":[{"taxonomy":"product-tag","embeddable":true,"href":"https:\/\/www.ruiqigo.com\/es\/wp-json\/wp\/v2\/product-tag?post=3463"},{"taxonomy":"products","embeddable":true,"href":"https:\/\/www.ruiqigo.com\/es\/wp-json\/wp\/v2\/products?post=3463"}],"curies":[{"name":"wp","href":"https:\/\/api.w.org\/{rel}","templated":true}]}}