{"id":3468,"date":"2025-05-22T11:45:22","date_gmt":"2025-05-22T03:45:22","guid":{"rendered":"https:\/\/www.ruiqigo.com\/?post_type=product&#038;p=3468"},"modified":"2025-05-22T17:49:34","modified_gmt":"2025-05-22T09:49:34","slug":"lavender-laundry-detergent","status":"publish","type":"product","link":"https:\/\/www.ruiqigo.com\/es\/product\/lavender-laundry-detergent","title":{"rendered":"Detergente para ropa de lavanda"},"content":{"rendered":"<h2 class=\"wp-block-heading\">F\u00f3rmulas comunes para la fabricaci\u00f3n de detergente para ropa de lavanda<\/h2>\n\n\n\n<p>Como proveedor profesional de detergentes para ropa, seleccionamos surfactantes suaves y no irritantes, aceites esenciales de plantas naturales y aditivos multifuncionales para lograr los tres efectos principales de limpieza potente, protecci\u00f3n y suavizado del color y fragancia duradera, satisfaciendo las necesidades duales de los usuarios de poder de lavado y protecci\u00f3n de la ropa.<\/p>\n\n\n\n<p><strong>1. Aceite esencial de lavanda: <\/strong>El aceite esencial de lavanda extra\u00eddo naturalmente posee propiedades arom\u00e1ticas que calman el cuerpo y la mente. Al adherirse a las fibras de la ropa, proporciona una fragancia natural duradera, posee cierto efecto antibacteriano y mejora la limpieza y la comodidad de la ropa.<\/p>\n\n\n\n<p><strong>2. Complejo enzim\u00e1tico natural:<\/strong> Descompone las manchas de prote\u00ednas, almid\u00f3n y grasa mediante enzimas biol\u00f3gicas. Es especialmente adecuado para tratar la suciedad cotidiana, como manchas de sudor y de comida, y para reducir la fricci\u00f3n repetida en las telas.<\/p>\n\n\n\n<p><strong>3. Cocamidopropil beta\u00edna:<\/strong> Derivado del aceite de coco natural, es un tensioactivo no i\u00f3nico suave que emulsiona eficazmente las manchas de aceite y mejora su poder de limpieza. Adem\u00e1s, es muy suave con la piel y las telas, y no da\u00f1a la ropa.<\/p>\n\n\n\n<p><strong>4. Policarboxilato de sodio: <\/strong>Este ingrediente puede ablandar el agua y evitar la deposici\u00f3n de iones de calcio y magnesio, evitar que la ropa se endurezca, eliminar los residuos de lavado y ayudar a prolongar la vida \u00fatil de la ropa.<\/p>\n\n\n\n<h2 class=\"wp-block-heading\">Las funciones del detergente para ropa de lavanda<\/h2>\n\n\n\n<p>El detergente para ropa con lavanda se ha convertido en la opci\u00f3n preferida de clientes en diversas industrias gracias a su excelente capacidad de limpieza, su suave cuidado de la ropa y su fragancia natural. Ya sea para el lavado y cuidado diario del hogar o para la limpieza de ropa de hotel, este producto satisface diversas necesidades de lavado de alta calidad gracias a sus ventajas como baja formaci\u00f3n de espuma, f\u00e1cil enjuague, seguridad y protecci\u00f3n del medio ambiente, y ofrece un efecto triple: limpieza, cuidado de la ropa y fragancia.<\/p>\n\n\n\n<p><strong>1. Eliminaci\u00f3n eficaz de manchas: <\/strong>El detergente para ropa de lavanda utiliza poderosos factores activos de eliminaci\u00f3n de manchas, que pueden penetrar profundamente en la fibra para eliminar las manchas dif\u00edciles, incluidas las manchas de sudor, manchas de aceite, etc. Tiene un excelente rendimiento de limpieza y puede mejorar en gran medida la eficiencia del lavado.<\/p>\n\n\n\n<p><strong>2. Poca espuma y f\u00e1cil enjuague:<\/strong> La f\u00f3rmula de baja espuma del detergente para ropa de lavanda es apta para todo tipo de lavadoras. Produce una espuma moderada durante el lavado, no deja residuos y facilita el enjuague, lo que ahorra agua y electricidad y mejora la eficiencia general de uso.<\/p>\n\n\n\n<p><strong>3. Fragancia natural:<\/strong> La fragancia natural de lavanda es fresca y relajante, sin ser \u00e1spera, y la ropa conserva una fragancia duradera despu\u00e9s del lavado. Es ideal para el cuidado maternoinfantil, el lavado de ropa y otros usos.<\/p>\n\n\n\n<p><strong>4. Respetuoso con el medio ambiente y no irritante:<\/strong> El detergente para ropa de lavanda no contiene ingredientes nocivos como f\u00f3sforo ni abrillantadores fluorescentes, y cumple con los est\u00e1ndares de lavado y cuidado ecol\u00f3gicos. Este producto ha sido probado para evitar la irritaci\u00f3n cut\u00e1nea, es hipoalerg\u00e9nico y suave, y es apto para personas con piel sensible.<\/p>\n\n\n\n<p><strong>5. Cuidado delicado de la ropa:<\/strong> Se agregan ingredientes suavizantes de telas a la f\u00f3rmula, que pueden proteger las fibras de la ropa mientras limpian las manchas, extienden la vida \u00fatil de la ropa y evitan la decoloraci\u00f3n, la deformaci\u00f3n y el encogimiento.<\/p>\n\n\n\n<h2 class=\"wp-block-heading\">C\u00f3mo usar detergente para ropa de lavanda<\/h2>\n\n\n\n<p><strong>1. Lavado a m\u00e1quina: <\/strong>Agregue una cantidad adecuada de detergente para ropa seg\u00fan la capacidad de la lavadora y el grado de suciedad de la ropa, generalmente 30-50 ml\/vez, que se puede verter directamente en el recipiente del detergente para ropa o mezclar con agua antes de usar.<\/p>\n\n\n\n<p><strong>2. Lavado de manos: <\/strong>A\u00f1ade 5-10 ml de detergente para ropa a 1 L de agua y diluye y revuelve uniformemente, remoja la ropa durante 5 minutos, luego frota suavemente y enjuaga bien con agua limpia.<\/p>\n\n\n\n<p><strong>Recomendaci\u00f3n: <\/strong>Se puede utilizar con suavizante para mejorar la suavidad del tejido y la persistencia de la fragancia.<\/p>\n\n\n\n<h2 class=\"wp-block-heading\">Precauci\u00f3n<\/h2>\n\n\n\n<p><strong>1. Evite mezclar con otros detergentes: <\/strong>Mezclarlo con otros productos de limpieza con alto contenido alcalino o clorado puede afectar el efecto del lavado o causar reacciones qu\u00edmicas innecesarias. Se recomienda usar este producto solo.<\/p>\n\n\n\n<p><strong>2. No verter directamente sobre la ropa: <\/strong>Para evitar que el detergente concentrado para ropa deje marcas en la superficie de la ropa, aseg\u00farese de diluirlo antes de usarlo o distribuirlo uniformemente en agua antes de agregarlo a la ropa.<\/p>\n\n\n\n<p><strong>3. Evite la luz solar directa: <\/strong>Selle el producto y gu\u00e1rdelo en un lugar fresco y seco para evitar que los ingredientes se deterioren o que la fragancia se volatilice.<\/p>\n\n\n\n<p><strong>4. Mantener fuera del alcance de los ni\u00f1os:<\/strong> Para evitar que los ni\u00f1os lo ingieran accidentalmente o entren en contacto con los ojos, col\u00f3quelo fuera del alcance de los ni\u00f1os y cierre la tapa de la botella a tiempo despu\u00e9s de usarlo.<\/p>\n\n\n\n<h2 class=\"wp-block-heading\">Conclusi\u00f3n<\/h2>\n\n\n\n<p>El detergente para ropa de lavanda es un detergente eficaz con un poder de limpieza profundo y fragancia natural, ampliamente utilizado en ropa de diario, ropa de cama de hotel y otros usos. Gracias a sus m\u00faltiples ventajas, como la protecci\u00f3n suave de la ropa y una limpieza eficiente, satisface las necesidades de los usuarios de un lavado eficiente y seguro, y es la opci\u00f3n ideal para quienes buscan una limpieza profunda y de calidad.<\/p>","protected":false},"excerpt":{"rendered":"Lavender Laundry Detergent Manufacturing Common Formulas As a professional laundry detergent supplier, we select mild and non-irritating surfactants, natural plant essential oils and multifunctional additives to achieve the three major effects of powerful cleaning, color protection and softening, and long-lasting fragrance, meeting users&#8217; dual needs for washing power and clothing protection. 1. Lavender essential oil: [&hellip;]","protected":false},"featured_media":3469,"menu_order":0,"template":"","meta":[],"product-tag":[],"products":[180],"class_list":["post-3468","product","type-product","status-publish","has-post-thumbnail","hentry","products-laundry-detergent"],"acf":[],"_links":{"self":[{"href":"https:\/\/www.ruiqigo.com\/es\/wp-json\/wp\/v2\/product\/3468","targetHints":{"allow":["GET"]}}],"collection":[{"href":"https:\/\/www.ruiqigo.com\/es\/wp-json\/wp\/v2\/product"}],"about":[{"href":"https:\/\/www.ruiqigo.com\/es\/wp-json\/wp\/v2\/types\/product"}],"version-history":[{"count":0,"href":"https:\/\/www.ruiqigo.com\/es\/wp-json\/wp\/v2\/product\/3468\/revisions"}],"wp:featuredmedia":[{"embeddable":true,"href":"https:\/\/www.ruiqigo.com\/es\/wp-json\/wp\/v2\/media\/3469"}],"wp:attachment":[{"href":"https:\/\/www.ruiqigo.com\/es\/wp-json\/wp\/v2\/media?parent=3468"}],"wp:term":[{"taxonomy":"product-tag","embeddable":true,"href":"https:\/\/www.ruiqigo.com\/es\/wp-json\/wp\/v2\/product-tag?post=3468"},{"taxonomy":"products","embeddable":true,"href":"https:\/\/www.ruiqigo.com\/es\/wp-json\/wp\/v2\/products?post=3468"}],"curies":[{"name":"wp","href":"https:\/\/api.w.org\/{rel}","templated":true}]}}