{"id":3474,"date":"2025-05-22T16:50:37","date_gmt":"2025-05-22T08:50:37","guid":{"rendered":"https:\/\/www.ruiqigo.com\/?post_type=product&#038;p=3474"},"modified":"2025-05-22T16:50:38","modified_gmt":"2025-05-22T08:50:38","slug":"foam-hand-soap","status":"publish","type":"product","link":"https:\/\/www.ruiqigo.com\/es\/product\/foam-hand-soap","title":{"rendered":"Jab\u00f3n de manos en espuma"},"content":{"rendered":"<h2 class=\"wp-block-heading\">F\u00f3rmulas comunes para la fabricaci\u00f3n de jab\u00f3n de manos en espuma<\/h2>\n\n\n\n<p>Nuestro jab\u00f3n de manos en espuma selecciona una variedad de ingredientes naturales y amigables con la piel, como cocamidopropil beta\u00edna, extractos de plantas naturales, glicerina, etc. Estos ingredientes pueden hidratar eficazmente, suavizar las cut\u00edculas y evitar que las manos se sequen mientras limpian las bacterias y la grasa en la superficie de la piel.<\/p>\n\n\n\n<p><strong>1. Cocamidopropil beta\u00edna: <\/strong>Este limpiador suave derivado del coco produce una espuma abundante, un potente poder de limpieza y baja irritaci\u00f3n. Elimina eficazmente las bacterias de las manos sin da\u00f1ar la pel\u00edcula protectora natural de la piel. Es apto para ni\u00f1os y personas sensibles.<\/p>\n\n\n\n<p><strong>2. Extracto de aloe vera:<\/strong> Es un ingrediente natural calmante y reparador que ayuda a calmar la irritaci\u00f3n leve causada por el lavado de manos y es amigable para los usuarios que se lavan las manos con frecuencia.<\/p>\n\n\n\n<p><strong>3. Glicerina:<\/strong> Como ingrediente hidratante cl\u00e1sico, la glicerina absorbe la humedad del aire y forma una pel\u00edcula protectora que previene la p\u00e9rdida de hidrataci\u00f3n de la piel. Por lo tanto, hidrata la piel mientras limpia las manos, manteni\u00e9ndola suave y sin tirantez.<\/p>\n\n\n\n<p><strong>4. \u00c1cido c\u00edtrico: <\/strong>Puede ajustar el valor de pH del jab\u00f3n de manos en espuma para acercarlo al equilibrio \u00e1cido-base de la piel, ayudar a mantener la barrera cut\u00e1nea y reducir las alergias o los problemas de piel seca.<\/p>\n\n\n\n<h2 class=\"wp-block-heading\">Las funciones del jab\u00f3n de manos en espuma<\/h2>\n\n\n\n<p><strong>1. Fuerte poder de limpieza pero baja irritaci\u00f3n: <\/strong>La f\u00f3rmula del jab\u00f3n de manos en espuma combina surfactantes de origen vegetal y un sistema de regulaci\u00f3n de \u00e1cido d\u00e9bil, teniendo en cuenta una fuerte descontaminaci\u00f3n y un cuidado suave de la piel, y el uso frecuente no da\u00f1ar\u00e1 la barrera cut\u00e1nea.<\/p>\n\n\n\n<p><strong>2. F\u00e1cil de enjuagar, sin residuos: <\/strong>La f\u00f3rmula es ligera y no grasosa, y se puede lavar con agua sin dejar residuos grasos, lo que proporciona una buena experiencia de usuario.<\/p>\n\n\n\n<p><strong>3. Espuma fina y rica: <\/strong>El jab\u00f3n de manos en espuma adopta una f\u00f3rmula espumosa eficiente y un dise\u00f1o preciso de bomba. Produce una espuma densa con solo presionarla ligeramente, envolviendo r\u00e1pidamente la suciedad y limpiando en profundidad, mejorando la experiencia del usuario y la eficiencia de la limpieza.<\/p>\n\n\n\n<p><strong>4. Elimina eficazmente las bacterias comunes: <\/strong>El jab\u00f3n de manos en espuma agrega una variedad de ingredientes antibacterianos seguros, que pueden reducir el riesgo de adhesi\u00f3n de bacterias y eliminar bacterias comunes mientras limpian las manchas de las manos.<\/p>\n\n\n\n<p><strong>5. Olor fresco y natural: <\/strong>Se utilizan aceites esenciales naturales seleccionados, como c\u00edtricos y lavanda, para la fragancia, brindando una experiencia c\u00f3moda y agradable para la piel, adecuada para usuarios sensibles al olfato.<\/p>\n\n\n\n<h2 class=\"wp-block-heading\">C\u00f3mo usar jab\u00f3n de manos en espuma<\/h2>\n\n\n\n<p>Usar jab\u00f3n de manos en espuma es muy sencillo y eficiente. Solo hay que presionar para crear burbujas y completar f\u00e1cilmente el proceso de limpieza. Es ideal para limpiezas r\u00e1pidas.<\/p>\n\n\n\n<p><strong>1. Moja tus manos: <\/strong>Utilice agua limpia para mojar r\u00e1pidamente las palmas.<\/p>\n\n\n\n<p><strong>2. Presione el cabezal de la bomba: <\/strong>Presione el jab\u00f3n de manos en espuma 1 o 2 veces para producir abundante espuma en la palma de su mano.<\/p>\n\n\n\n<p><strong>3. Frote bien: <\/strong>Fr\u00f3tese las manos durante m\u00e1s de 20 segundos para limpiar la palma, el dorso de la mano y entre los dedos.<\/p>\n\n\n\n<p><strong>4. Enjuague con agua: <\/strong>Enjuague bien la espuma con agua limpia y r\u00e1pidamente.<\/p>\n\n\n\n<p><strong>5. S\u00e9cate las manos: <\/strong>Utilice una toalla limpia o una toalla de papel para secarse las manos.<\/p>\n\n\n\n<h2 class=\"wp-block-heading\">Precauci\u00f3n<\/h2>\n\n\n\n<p><strong>1. Adecuado para cabezal de bomba de espuma: <\/strong>Este producto es un desinfectante de manos en espuma. Se recomienda usar un dosificador especial para espuma para evitar afectar la experiencia del usuario, ya que el dosificador convencional no produce espuma.<\/p>\n\n\n\n<p><strong>2. Evitar el contacto con los ojos:<\/strong> En caso de contacto accidental con los ojos, enju\u00e1guelos inmediatamente con abundante agua. Si la situaci\u00f3n es grave, busque atenci\u00f3n m\u00e9dica de inmediato.<\/p>\n\n\n\n<p><strong>3. Evite la luz solar directa: <\/strong>Guarde este producto en un lugar fresco y seco, evite la luz solar directa, para mantener el rendimiento de la espuma y la actividad de los ingredientes.<\/p>\n\n\n\n<h2 class=\"wp-block-heading\">Conclusi\u00f3n<\/h2>\n\n\n\n<p>El jab\u00f3n de manos en espuma es un producto de limpieza que combina una limpieza eficaz con un cuidado suave de la piel. Tanto en casa como en lugares p\u00fablicos de uso frecuente, ofrece una excelente experiencia de limpieza y mejora la satisfacci\u00f3n del usuario.<\/p>","protected":false},"excerpt":{"rendered":"Foam Hand Soap Manufacturing Common Formulas Our foam hand soap selects a variety of natural and skin-friendly ingredients, such as cocamidopropyl betaine, natural plant extracts, glycerin, etc. These ingredients can effectively moisturize, soften cuticles, and prevent hands from drying out while cleaning bacteria and oil on the skin surface. 1. Cocamidopropyl Betaine: This is a [&hellip;]","protected":false},"featured_media":3475,"menu_order":0,"template":"","meta":[],"product-tag":[],"products":[181],"class_list":["post-3474","product","type-product","status-publish","has-post-thumbnail","hentry","products-hand-soap"],"acf":[],"_links":{"self":[{"href":"https:\/\/www.ruiqigo.com\/es\/wp-json\/wp\/v2\/product\/3474","targetHints":{"allow":["GET"]}}],"collection":[{"href":"https:\/\/www.ruiqigo.com\/es\/wp-json\/wp\/v2\/product"}],"about":[{"href":"https:\/\/www.ruiqigo.com\/es\/wp-json\/wp\/v2\/types\/product"}],"version-history":[{"count":0,"href":"https:\/\/www.ruiqigo.com\/es\/wp-json\/wp\/v2\/product\/3474\/revisions"}],"wp:featuredmedia":[{"embeddable":true,"href":"https:\/\/www.ruiqigo.com\/es\/wp-json\/wp\/v2\/media\/3475"}],"wp:attachment":[{"href":"https:\/\/www.ruiqigo.com\/es\/wp-json\/wp\/v2\/media?parent=3474"}],"wp:term":[{"taxonomy":"product-tag","embeddable":true,"href":"https:\/\/www.ruiqigo.com\/es\/wp-json\/wp\/v2\/product-tag?post=3474"},{"taxonomy":"products","embeddable":true,"href":"https:\/\/www.ruiqigo.com\/es\/wp-json\/wp\/v2\/products?post=3474"}],"curies":[{"name":"wp","href":"https:\/\/api.w.org\/{rel}","templated":true}]}}