{"id":3479,"date":"2025-05-22T17:45:04","date_gmt":"2025-05-22T09:45:04","guid":{"rendered":"https:\/\/www.ruiqigo.com\/?post_type=product&#038;p=3479"},"modified":"2025-05-22T16:53:37","modified_gmt":"2025-05-22T08:53:37","slug":"spray-glass-cleaner","status":"publish","type":"product","link":"https:\/\/www.ruiqigo.com\/es\/product\/spray-glass-cleaner","title":{"rendered":"Limpiador de vidrios en aerosol"},"content":{"rendered":"<h2 class=\"wp-block-heading\">F\u00f3rmulas comunes de fabricaci\u00f3n de limpiadores de vidrio en aerosol<\/h2>\n\n\n\n<p>El limpiador de vidrios en aerosol que fabricamos utiliza una f\u00f3rmula ecol\u00f3gica sin amon\u00edaco, combinada con diversos surfactantes, solventes naturales, etanol y aditivos vol\u00e1tiles para potenciar sin\u00e9rgicamente el poder de limpieza y el secado r\u00e1pido. No corroe el vidrio despu\u00e9s de su uso, no deja residuos al limpiarlo y es apto para una variedad de materiales de vidrio y espejos.<\/p>\n\n\n\n<p><strong>1. Tensioactivo no i\u00f3nico: <\/strong>Este es un ingrediente de limpieza suave y eficiente que puede envolver y descomponer r\u00e1pidamente las manchas y la grasa, al tiempo que reduce la acumulaci\u00f3n de espuma durante el proceso de limpieza, mejora la eficiencia de la limpieza y es adecuado para limpiar r\u00e1pidamente \u00e1reas grandes.<\/p>\n\n\n\n<p><strong>2. Disolvente de citrato natural: <\/strong>Este es un disolvente seguro derivado de aceite vegetal natural. Puede descomponer eficazmente la pel\u00edcula de aceite y las incrustaciones persistentes sin corroer la superficie del vidrio. Es un ingrediente ideal que considera tanto la protecci\u00f3n del medio ambiente como el rendimiento.<\/p>\n\n\n\n<p><strong>3. Etanol:<\/strong> El etanol se evapora r\u00e1pidamente. Tras su uso, ayuda a que la superficie del vidrio se seque r\u00e1pidamente sin dejar marcas ni vetas. Adem\u00e1s, gracias a su ligero efecto desinfectante, garantiza eficazmente la higiene de la superficie del vidrio.<\/p>\n\n\n\n<p><strong>4. Agua desionizada: <\/strong>Puede reducir el contenido mineral en el agua, evitar manchas de agua despu\u00e9s de limpiar y garantizar que el vidrio sea liso y transparente.<\/p>\n\n\n\n<h2 class=\"wp-block-heading\">Las funciones del limpiador de vidrios en aerosol<\/h2>\n\n\n\n<p><strong>1. F\u00f3rmula ecol\u00f3gica sin amon\u00edaco:<\/strong> El limpiador de vidrios en aerosol no contiene ingredientes irritantes como amon\u00edaco y blanqueador, no tiene olor acre, es amigable con el cuerpo humano y es adecuado para limpiar ambientes interiores cerrados.<\/p>\n\n\n\n<p><strong>2. Disuelve r\u00e1pidamente manchas y residuos de huellas dactilares: <\/strong>El limpiador de vidrios en aerosol est\u00e1 especialmente formulado con surfactantes y solventes ligeros, que pueden penetrar y descomponer r\u00e1pidamente las manchas de aceite, las manchas de humo y las huellas dactilares rebeldes en la superficie del vidrio, lo que facilita la limpieza y reduce el tiempo de limpieza.<\/p>\n\n\n\n<p><strong>3. Secado r\u00e1pido y pocos residuos:<\/strong> Incorpora una f\u00f3rmula de etanol de secado r\u00e1pido que se evapora en pocos segundos tras la pulverizaci\u00f3n. La superficie no se mancha con polvo ni ara\u00f1azos, y es ideal para vitrinas y otros espacios.<\/p>\n\n\n\n<p><strong>4. Fuerte poder de limpieza: <\/strong>El rociado es uniforme y elimina la suciedad por completo. No deja residuos en la superficie del vidrio despu\u00e9s de la limpieza, lo que mejora considerablemente la eficiencia de limpieza y es ideal para limpiezas de alta frecuencia.<\/p>\n\n\n\n<p><strong>5. Adaptaci\u00f3n multiprop\u00f3sito y rentable: <\/strong>El limpiador de vidrios en aerosol no solo es adecuado para superficies de vidrio, sino que tambi\u00e9n se puede utilizar para espejos, azulejos lisos, superficies de acero inoxidable, etc., con una alta rentabilidad.<\/p>\n\n\n\n<h2 class=\"wp-block-heading\">C\u00f3mo usar limpiador de vidrios en aerosol<\/h2>\n\n\n\n<p>1. Gire la boquilla al modo \u201cspray\u201d y apunte a la superficie del vidrio o espejo.<\/p>\n\n\n\n<p>2. Roc\u00ede una cantidad adecuada de detergente de manera uniforme, con un espacio recomendado de 20 a 30 cm.<\/p>\n\n\n\n<p>3. Limpie con un pa\u00f1o limpio y sin pelusa o una toalla de papel hasta que la superficie est\u00e9 limpia y fresca.<\/p>\n\n\n\n<p>4. En caso de manchas dif\u00edciles, repetir la operaci\u00f3n una o dos veces hasta completar la limpieza.<\/p>\n\n\n\n<h2 class=\"wp-block-heading\">Precauci\u00f3n<\/h2>\n\n\n\n<p><strong>1. No utilizar sobre madera sin sellar ni superficies porosas: <\/strong>Este producto es adecuado para superficies no absorbentes y no es apto para pulverizar sobre materiales absorbentes como muebles de madera o piedra para evitar decoloraciones o deterioros causados por la penetraci\u00f3n.<\/p>\n\n\n\n<p><strong>2. Selle la boquilla inmediatamente despu\u00e9s de su uso: <\/strong>Gire la boquilla a la posici\u00f3n cerrada despu\u00e9s de su uso para evitar la p\u00e9rdida de componentes vol\u00e1tiles y garantizar el efecto del pr\u00f3ximo uso.<\/p>\n\n\n\n<p><strong>3. No mezclar con limpiadores \u00e1cidos o alcalinos fuertes: <\/strong>Evite mezclar con otros limpiadores altamente corrosivos o \u00e1cidos o alcalinos fuertes para evitar reacciones qu\u00edmicas o da\u00f1os a la superficie del vidrio.<\/p>\n\n\n\n<h2 class=\"wp-block-heading\">Conclusi\u00f3n<\/h2>\n\n\n\n<p>El limpiacristales en aerosol es su mejor opci\u00f3n para una limpieza eficiente de superficies de vidrio. Gracias a su f\u00f3rmula de alta calidad, secado r\u00e1pido y sin dejar rastros, y a su amplia adaptabilidad a una variedad de superficies, se utiliza ampliamente en hogares, hoteles, supermercados y otros sectores, lo que le ayuda a mejorar la eficiencia de la limpieza de vidrios y a crear un espacio visualmente limpio y brillante.<\/p>","protected":false},"excerpt":{"rendered":"Spray Glass Cleaner Manufacturing Common Formulas The spray glass cleaner we manufacture uses an environmentally friendly formula that does not contain ammonia, combined with a variety of surfactants, natural solvents, ethanol and volatile additives to synergistically enhance cleaning power and quick-drying effects. It will not corrode the glass after use, and there will be no [&hellip;]","protected":false},"featured_media":3481,"menu_order":0,"template":"","meta":[],"product-tag":[],"products":[182],"class_list":["post-3479","product","type-product","status-publish","has-post-thumbnail","hentry","products-glass-cleaner"],"acf":[],"_links":{"self":[{"href":"https:\/\/www.ruiqigo.com\/es\/wp-json\/wp\/v2\/product\/3479","targetHints":{"allow":["GET"]}}],"collection":[{"href":"https:\/\/www.ruiqigo.com\/es\/wp-json\/wp\/v2\/product"}],"about":[{"href":"https:\/\/www.ruiqigo.com\/es\/wp-json\/wp\/v2\/types\/product"}],"version-history":[{"count":0,"href":"https:\/\/www.ruiqigo.com\/es\/wp-json\/wp\/v2\/product\/3479\/revisions"}],"wp:featuredmedia":[{"embeddable":true,"href":"https:\/\/www.ruiqigo.com\/es\/wp-json\/wp\/v2\/media\/3481"}],"wp:attachment":[{"href":"https:\/\/www.ruiqigo.com\/es\/wp-json\/wp\/v2\/media?parent=3479"}],"wp:term":[{"taxonomy":"product-tag","embeddable":true,"href":"https:\/\/www.ruiqigo.com\/es\/wp-json\/wp\/v2\/product-tag?post=3479"},{"taxonomy":"products","embeddable":true,"href":"https:\/\/www.ruiqigo.com\/es\/wp-json\/wp\/v2\/products?post=3479"}],"curies":[{"name":"wp","href":"https:\/\/api.w.org\/{rel}","templated":true}]}}