{"id":3486,"date":"2025-05-28T17:18:28","date_gmt":"2025-05-28T09:18:28","guid":{"rendered":"https:\/\/www.ruiqigo.com\/?post_type=product&#038;p=3486"},"modified":"2025-05-28T11:19:22","modified_gmt":"2025-05-28T03:19:22","slug":"laser-hair-comb","status":"publish","type":"product","link":"https:\/\/www.ruiqigo.com\/es\/product\/laser-hair-comb","title":{"rendered":"Peine l\u00e1ser para el cabello"},"content":{"rendered":"<h2 class=\"wp-block-heading\">Caracter\u00edsticas del peine l\u00e1ser para el cabello<\/h2>\n\n\n\n<p>El peine l\u00e1ser es un producto inteligente para el cuidado capilar que integra cuidado y masaje. Utiliza tecnolog\u00eda LLLT para estimular la actividad del fol\u00edculo piloso, mejorar la microcirculaci\u00f3n del cuero cabelludo y promover un crecimiento capilar saludable.<\/p>\n\n\n\n<p><strong>1. L\u00e1ser de baja energ\u00eda: <\/strong>El l\u00e1ser de baja energ\u00eda utilizado por el peine l\u00e1ser puede estimular los fol\u00edculos pilosos y mejorar la vitalidad del cuero cabelludo.<\/p>\n\n\n\n<p><strong>2. Compacto y port\u00e1til: <\/strong>El peine l\u00e1ser para cabello es liviano y tiene un dise\u00f1o ergon\u00f3mico para uso port\u00e1til, lo que resulta muy conveniente para el uso diario y el transporte.<\/p>\n\n\n\n<p><strong>3. Carga conveniente: <\/strong>Este producto cuenta con una bater\u00eda de litio recargable integrada y admite dos m\u00e9todos de carga: USB o una base de carga. No tendr\u00e1s que preocuparte por quedarte sin bater\u00eda cuando est\u00e9s fuera.<\/p>\n\n\n\n<p><strong>4. Operaci\u00f3n sencilla: <\/strong>El peine l\u00e1ser se usa con un solo bot\u00f3n, lo cual es muy sencillo. Cuenta con una funci\u00f3n de ajuste de intensidad multinivel que se adapta a las necesidades del usuario.<\/p>\n\n\n\n<h2 class=\"wp-block-heading\">Ventajas del peine l\u00e1ser para el cabello<\/h2>\n\n\n\n<p>En comparaci\u00f3n con los peines o masajeadores convencionales, los peines l\u00e1ser ofrecen importantes ventajas tecnol\u00f3gicas y funcionales. No solo peinan el cabello f\u00edsicamente, sino que tambi\u00e9n act\u00faan directamente en las capas profundas del cuero cabelludo mediante l\u00e1seres de longitudes de onda espec\u00edficas, lo que favorece la circulaci\u00f3n sangu\u00ednea y retrasa la atrofia del fol\u00edculo piloso. Esta tecnolog\u00eda no invasiva es apta para uso prolongado y puede proporcionar mejoras adicionales para problemas como el adelgazamiento, la mala calidad del cabello y la ca\u00edda del cabello.<\/p>\n\n\n\n<p><strong>1. Tecnolog\u00eda de cuidado l\u00e1ser: <\/strong>Este producto utiliza un l\u00e1ser de baja energ\u00eda con longitud de onda de 650 nm para activar profundamente las c\u00e9lulas del fol\u00edculo piloso, reparando y realizando el cuidado del cabello de forma segura y eficiente.<\/p>\n\n\n\n<p><strong>2. Operaci\u00f3n conveniente e inteligente: <\/strong>El peine l\u00e1ser para cabello es muy c\u00f3modo de operar, se inicia con un solo bot\u00f3n, no tiene umbral de operaci\u00f3n y tambi\u00e9n est\u00e1 equipado con funciones como ajuste de tiempo e intensidad, lo que lo hace m\u00e1s flexible de usar.<\/p>\n\n\n\n<p><strong>3. Alivia los problemas de ca\u00edda del cabello: <\/strong>El uso a largo plazo del peine l\u00e1ser puede ayudar a reducir la ca\u00edda del cabello, regular los fol\u00edculos pilosos y promover el crecimiento de cabello nuevo.<\/p>\n\n\n\n<p><strong>4. Promover la circulaci\u00f3n sangu\u00ednea del cuero cabelludo: <\/strong>El uso del peine l\u00e1ser para el cabello puede mejorar el entorno de microcirculaci\u00f3n del cuero cabelludo y ayudar a los fol\u00edculos pilosos a obtener m\u00e1s nutrientes.<\/p>\n\n\n\n<h2 class=\"wp-block-heading\">Grupo objetivo del peine l\u00e1ser para el cabello<\/h2>\n\n\n\n<p>El peine l\u00e1ser est\u00e1 dirigido principalmente a quienes necesitan cuidado capilar, especialmente a quienes sufren de p\u00e9rdida de cabello y se preocupan por la salud del cuero cabelludo. Es adecuado tanto para personas de mediana edad como para personas mayores, as\u00ed como para entusiastas de la belleza.<\/p>\n\n\n\n<p>1. Personas con ca\u00edda del cabello, cabello fino y cuero cabelludo sensible.<\/p>\n\n\n\n<p>2. Personas con p\u00e9rdida de cabello hereditaria, como la alopecia seborreica.<\/p>\n\n\n\n<p>3. Personas con cabello seco, encrespado y que se rompe con facilidad.<\/p>\n\n\n\n<p>4. Personas en el lugar de trabajo que tienen estr\u00e9s a largo plazo y horarios de trabajo y descanso irregulares, lo que provoca la ca\u00edda del cabello.<\/p>\n\n\n\n<p>5. Clientes que prestan atenci\u00f3n al cuidado del cabello en salones de belleza y otros lugares.<\/p>\n\n\n\n<h2 class=\"wp-block-heading\">Proceso de producci\u00f3n de peines l\u00e1ser para el cabello<\/h2>\n\n\n\n<p>El proceso de producci\u00f3n del peine l\u00e1ser combina tecnolog\u00eda electr\u00f3nica y tecnolog\u00eda de moldeo de precisi\u00f3n. La longitud de onda, la estabilidad y la seguridad el\u00e9ctrica de la fuente de luz se controlan estrictamente durante el proceso de producci\u00f3n. Los procesos principales incluyen el moldeo por inyecci\u00f3n de la carcasa de pl\u00e1stico, el ensamblaje del m\u00f3dulo l\u00e1ser, la soldadura de la placa de circuito, las pruebas funcionales y el ensamblaje completo de la m\u00e1quina.<\/p>\n\n\n\n<h2 class=\"wp-block-heading\">Aplicaciones del peine l\u00e1ser para el cabello<\/h2>\n\n\n\n<p>El peine l\u00e1ser se usa ampliamente en el cuidado diario del cabello en el hogar, peluquer\u00edas, salones de belleza, centros de fisioterapia profesionales y otros lugares.<\/p>\n\n\n\n<p>1. Cuidado diario del cuero cabelludo y prevenci\u00f3n de la ca\u00edda del cabello en casa.<\/p>\n\n\n\n<p>2. Proyectos de cuidado del cabello en barber\u00edas.<\/p>\n\n\n\n<p>3. Proyectos de fisioterapia en salones de belleza.<\/p>\n\n\n\n<p>4. Lleve herramientas para el cuidado del cabello en viajes de negocios.<\/p>\n\n\n\n<h2 class=\"wp-block-heading\">C\u00f3mo utilizar el peine l\u00e1ser para el cabello<\/h2>\n\n\n\n<p>El peine l\u00e1ser es muy f\u00e1cil de usar. Se recomienda usarlo de 10 a 15 minutos cada vez, de 3 a 4 veces por semana, y observar los resultados despu\u00e9s de 8 a 12 semanas.<\/p>\n\n\n\n<p>1. Limpia tu cabello y aseg\u00farate de que est\u00e9 seco y libre de grasa.<\/p>\n\n\n\n<p>2. Mantenga presionado el bot\u00f3n de encendido y seleccione la marcha adecuada.<\/p>\n\n\n\n<p>3. Coloque los dientes del peine cerca del cuero cabelludo y peine uniformemente desde la frente hasta la espalda.<\/p>\n\n\n\n<p>4. Mantenga cada \u00e1rea durante unos segundos y luego pase lentamente a la siguiente \u00e1rea.<\/p>\n\n\n\n<p>5. Apague el dispositivo despu\u00e9s de usarlo y limpie suavemente la superficie del peine con un pa\u00f1o seco.<\/p>","protected":false},"excerpt":{"rendered":"Laser Hair Comb Features The laser hair comb is an intelligent hair care product that integrates care and massage. It uses LLLT technology to help stimulate hair follicle activity, improve scalp microcirculation, and promote healthy hair growth. 1. Low-energy laser: The low-energy laser used by the laser hair comb can stimulate hair follicles and enhance [&hellip;]","protected":false},"featured_media":3487,"menu_order":0,"template":"","meta":[],"product-tag":[],"products":[164],"class_list":["post-3486","product","type-product","status-publish","has-post-thumbnail","hentry","products-laser-hair-comb"],"acf":[],"_links":{"self":[{"href":"https:\/\/www.ruiqigo.com\/es\/wp-json\/wp\/v2\/product\/3486","targetHints":{"allow":["GET"]}}],"collection":[{"href":"https:\/\/www.ruiqigo.com\/es\/wp-json\/wp\/v2\/product"}],"about":[{"href":"https:\/\/www.ruiqigo.com\/es\/wp-json\/wp\/v2\/types\/product"}],"version-history":[{"count":0,"href":"https:\/\/www.ruiqigo.com\/es\/wp-json\/wp\/v2\/product\/3486\/revisions"}],"wp:featuredmedia":[{"embeddable":true,"href":"https:\/\/www.ruiqigo.com\/es\/wp-json\/wp\/v2\/media\/3487"}],"wp:attachment":[{"href":"https:\/\/www.ruiqigo.com\/es\/wp-json\/wp\/v2\/media?parent=3486"}],"wp:term":[{"taxonomy":"product-tag","embeddable":true,"href":"https:\/\/www.ruiqigo.com\/es\/wp-json\/wp\/v2\/product-tag?post=3486"},{"taxonomy":"products","embeddable":true,"href":"https:\/\/www.ruiqigo.com\/es\/wp-json\/wp\/v2\/products?post=3486"}],"curies":[{"name":"wp","href":"https:\/\/api.w.org\/{rel}","templated":true}]}}