{"id":3499,"date":"2025-05-30T15:45:20","date_gmt":"2025-05-30T07:45:20","guid":{"rendered":"https:\/\/www.ruiqigo.com\/?post_type=product&#038;p=3499"},"modified":"2025-05-30T15:45:21","modified_gmt":"2025-05-30T07:45:21","slug":"whitening-face-cream","status":"publish","type":"product","link":"https:\/\/www.ruiqigo.com\/es\/product\/whitening-face-cream","title":{"rendered":"Crema facial blanqueadora"},"content":{"rendered":"<h2 class=\"wp-block-heading\">F\u00f3rmulas comunes de fabricaci\u00f3n de cremas blanqueadoras faciales<\/h2>\n\n\n\n<p>Como fabricante profesional de cremas faciales blanqueadoras, seleccionamos diversos ingredientes activos blanqueadores naturales, como niacinamida y arbutina, que act\u00faan sin\u00e9rgicamente. Estos ingredientes no solo inhiben la formaci\u00f3n de melanina, sino que tambi\u00e9n tienen efectos hidratantes y antioxidantes, permitiendo que la piel mantenga su brillo y elasticidad mientras se blanquea.<\/p>\n\n\n\n<p><strong>1. Niacinamida:<\/strong> La niacinamida es un ingrediente hidrosoluble que inhibe eficazmente el transporte de melanina a las c\u00e9lulas epid\u00e9rmicas, previniendo la formaci\u00f3n de manchas. Adem\u00e1s, mejora la funci\u00f3n barrera de la piel, reduce la aspereza, los poros dilatados y otros problemas, y es ideal para el cuidado blanqueador diario.<\/p>\n\n\n\n<p><strong>2. Arbutina: <\/strong>La arbutina es un ingrediente blanqueador natural extra\u00eddo de plantas. Es suave y no irritante. Puede inhibir eficazmente la actividad de la tirosinasa y reducir la s\u00edntesis de melanina. En comparaci\u00f3n con otros ingredientes potentes, la arbutina es m\u00e1s adecuada para uso prolongado y tiene un efecto significativo en la atenuaci\u00f3n de las marcas de acn\u00e9 y las manchas solares.<\/p>\n\n\n\n<p><strong>3. Extracto de regaliz: <\/strong>El regaliz es rico en \u00e1cido glicirr\u00edcico, que posee importantes efectos antiinflamatorios y blanqueadores. Es adecuado para reparar la piel sensible. Al mismo tiempo, inhibe suavemente la producci\u00f3n de melanina y aporta un efecto blanqueador natural a la piel.<\/p>\n\n\n\n<p><strong>4. Derivados de la vitamina C: <\/strong>Este ingrediente tiene excelentes propiedades antioxidantes, puede neutralizar los radicales libres, promover la s\u00edntesis de col\u00e1geno, al tiempo que ilumina el tono de la piel y mejora la luminosidad general de la piel.<\/p>\n\n\n\n<h2 class=\"wp-block-heading\">Las funciones de la crema blanqueadora facial<\/h2>\n\n\n\n<p>Nuestra crema facial blanqueadora tiene ventajas significativas en eficacia, seguridad y experiencia de usuario, satisfaciendo la doble necesidad de los usuarios de un blanqueamiento efectivo y un cuidado suave de la piel.<\/p>\n\n\n\n<p><strong>1. Efecto significativo, aclara manchas e ilumina: <\/strong>La f\u00f3rmula de la crema facial blanqueadora contiene una variedad de ingredientes activos que trabajan sin\u00e9rgicamente para penetrar profundamente en la piel para aclarar las manchas, la opacidad y las marcas del acn\u00e9, haciendo que el tono de la piel sea m\u00e1s uniforme y transparente y mejorando la calidad general de la piel.<\/p>\n\n\n\n<p><strong>2. M\u00faltiples ingredientes hidratantes: <\/strong>Hemos agregado \u00e1cido hialur\u00f3nico, glicerina y otros ingredientes humectantes altamente efectivos para nutrir profundamente la piel mientras blanquea, fortalece la barrera cut\u00e1nea y evita el envejecimiento de la piel o el tono desigual de la piel debido a la sequedad.<\/p>\n\n\n\n<p><strong>3. Suave y no irritante: <\/strong>La f\u00f3rmula de este producto no contiene ingredientes irritantes como alcohol, hormonas ni mercurio. Ha sido probado en piel sensible y es altamente seguro, suave y no irritante. Se puede usar con seguridad en piel sensible.<\/p>\n\n\n\n<p><strong>4. Textura ligera y r\u00e1pida absorci\u00f3n: <\/strong>La crema facial blanqueadora adopta una textura de crema refrescante, que es ligera y no grasosa, f\u00e1cil de absorber, no obstruye los poros y es muy adecuada para usar en climas c\u00e1lidos.<\/p>\n\n\n\n<p><strong>5. Adecuado para varios tipos de piel: <\/strong>Este producto es adecuado para varios tipos de piel, como piel grasa, seca y sensible, y puede satisfacer las necesidades de diferentes grupos de consumidores.<\/p>\n\n\n\n<h2 class=\"wp-block-heading\">C\u00f3mo usar la crema blanqueadora facial<\/h2>\n\n\n\n<p>Como parte importante de la rutina diaria de cuidado de la piel, se recomienda usar la crema facial blanqueadora despu\u00e9s de la limpieza y el cuidado b\u00e1sico para maximizar sus efectos blanqueadores e hidratantes. Se recomienda usarla una vez al d\u00eda, ma\u00f1ana y noche.<\/p>\n\n\n\n<p><strong>1. Limpieza:<\/strong> Utilice un limpiador suave para limpiar el rostro y eliminar el polvo y la grasa del rostro.<\/p>\n\n\n\n<p><strong>2. T\u00f3nico:<\/strong> Utilice t\u00f3nico para hidratar la piel.<\/p>\n\n\n\n<p><strong>3. Esencia:<\/strong> Aplique esencia blanqueadora para acelerar el efecto de aclaramiento de manchas y luminosidad.<\/p>\n\n\n\n<p><strong>4. Crema blanqueadora facial: <\/strong>Tome una cantidad adecuada de crema blanqueadora para el rostro y apl\u00edquela uniformemente sobre el rostro, dando palmaditas hasta que se absorba.<\/p>\n\n\n\n<h2 class=\"wp-block-heading\">Precauci\u00f3n<\/h2>\n\n\n\n<p><strong>1. Se recomienda realizar una prueba cut\u00e1nea: <\/strong>Antes del primer uso, pruebe una peque\u00f1a cantidad detr\u00e1s de la oreja o la mu\u00f1eca, observe durante 24 horas y aseg\u00farese de que no haya enrojecimiento, hinchaz\u00f3n o alergia antes de usarlo en todo el rostro.<\/p>\n\n\n\n<p><strong>2. Evitar el contacto con los ojos: <\/strong>No se recomienda aplicar la crema blanqueadora facial en el contorno de ojos. Si entra en contacto con los ojos accidentalmente, enju\u00e1guelos inmediatamente con agua limpia.<\/p>\n\n\n\n<p><strong>3. Evite utilizar productos con ingredientes \u00e1cidos fuertes:<\/strong> Los productos que contienen \u00e1cido de frutas o \u00e1cido salic\u00edlico pueden entrar en conflicto con los ingredientes de la crema facial blanqueadora. Se recomienda usarlos en momentos diferentes para evitar irritaciones o da\u00f1os en la barrera cut\u00e1nea.<\/p>\n\n\n\n<p><strong>4. Conservar en un lugar fresco y seco:<\/strong> Evite la luz solar directa o las altas temperaturas al almacenar este producto. Debe sellarse para garantizar que no se altere la actividad de los ingredientes.<\/p>\n\n\n\n<h2 class=\"wp-block-heading\">Conclusi\u00f3n<\/h2>\n\n\n\n<p>La Crema Facial Blanqueadora es una crema blanqueadora e hidratante que utiliza diversos ingredientes activos, como niacinamida, extracto de regaliz y derivados de la vitamina C, para mejorar eficazmente el tono desigual de la piel y reducir las manchas. El producto tiene una textura ligera y es apto para todo tipo de piel.<\/p>","protected":false},"excerpt":{"rendered":"Whitening Face Cream Manufacturing Common Formulas As a professional manufacturer of whitening face cream, we select a variety of natural whitening active ingredients, such as niacinamide, arbutin, etc., which work synergistically. These ingredients can not only inhibit the formation of melanin, but also have moisturizing and anti-oxidation effects, allowing the skin to maintain luster and [&hellip;]","protected":false},"featured_media":3500,"menu_order":0,"template":"","meta":[],"product-tag":[],"products":[161],"class_list":["post-3499","product","type-product","status-publish","has-post-thumbnail","hentry","products-face-cream"],"acf":[],"_links":{"self":[{"href":"https:\/\/www.ruiqigo.com\/es\/wp-json\/wp\/v2\/product\/3499","targetHints":{"allow":["GET"]}}],"collection":[{"href":"https:\/\/www.ruiqigo.com\/es\/wp-json\/wp\/v2\/product"}],"about":[{"href":"https:\/\/www.ruiqigo.com\/es\/wp-json\/wp\/v2\/types\/product"}],"version-history":[{"count":0,"href":"https:\/\/www.ruiqigo.com\/es\/wp-json\/wp\/v2\/product\/3499\/revisions"}],"wp:featuredmedia":[{"embeddable":true,"href":"https:\/\/www.ruiqigo.com\/es\/wp-json\/wp\/v2\/media\/3500"}],"wp:attachment":[{"href":"https:\/\/www.ruiqigo.com\/es\/wp-json\/wp\/v2\/media?parent=3499"}],"wp:term":[{"taxonomy":"product-tag","embeddable":true,"href":"https:\/\/www.ruiqigo.com\/es\/wp-json\/wp\/v2\/product-tag?post=3499"},{"taxonomy":"products","embeddable":true,"href":"https:\/\/www.ruiqigo.com\/es\/wp-json\/wp\/v2\/products?post=3499"}],"curies":[{"name":"wp","href":"https:\/\/api.w.org\/{rel}","templated":true}]}}