{"id":3504,"date":"2025-06-05T16:01:37","date_gmt":"2025-06-05T08:01:37","guid":{"rendered":"https:\/\/www.ruiqigo.com\/?post_type=product&#038;p=3504"},"modified":"2025-06-05T16:01:38","modified_gmt":"2025-06-05T08:01:38","slug":"hydrating-eye-cream","status":"publish","type":"product","link":"https:\/\/www.ruiqigo.com\/es\/product\/hydrating-eye-cream","title":{"rendered":"Crema hidratante para ojos"},"content":{"rendered":"<h2 class=\"wp-block-heading\">F\u00f3rmulas comunes de fabricaci\u00f3n de cremas hidratantes para ojos<\/h2>\n\n\n\n<p>Nuestra crema hidratante para ojos utiliza una variedad de ingredientes activos altamente efectivos y suaves, como \u00e1cido hialur\u00f3nico, vitamina E, niacinamida, etc., combinados con tecnolog\u00eda moderna para el cuidado de la piel, para regular y reparar con precisi\u00f3n problemas como ojos secos e hinchaz\u00f3n.<\/p>\n\n\n\n<p><strong>1. \u00c1cido hialur\u00f3nico:<\/strong> El \u00e1cido hialur\u00f3nico de mol\u00e9culas peque\u00f1as puede penetrar r\u00e1pidamente en la capa inferior del ojo, hidratar profundamente y retener la humedad durante mucho tiempo, mejorando significativamente la sequedad y la tirantez alrededor de los ojos, creando un ambiente h\u00famedo duradero alrededor de los ojos y previniendo la formaci\u00f3n de l\u00edneas secas.<\/p>\n\n\n\n<p><strong>2. Vitamina E: <\/strong>La vitamina E es un ingrediente con un potente poder antioxidante. Puede neutralizar los radicales libres, reparar el da\u00f1o cut\u00e1neo, atenuar las l\u00edneas de expresi\u00f3n alrededor de los ojos y proteger la delicada piel del contorno de ojos de los est\u00edmulos externos.&nbsp;<\/p>\n\n\n\n<p><strong>3. Niacinamida:<\/strong> La niacinamida puede aclarar el tono de la piel, mejorar la piel opaca y la pigmentaci\u00f3n, hacer que la piel alrededor de los ojos luzca m\u00e1s brillante y uniforme, mejorar la funci\u00f3n de barrera de la piel y reducir la p\u00e9rdida de humedad.&nbsp;<\/p>\n\n\n\n<p><strong>4. Ceramida: <\/strong>Es un componente importante de la barrera cut\u00e1nea. Repara eficazmente la barrera cut\u00e1nea da\u00f1ada, mejora la hidrataci\u00f3n y la capacidad de defensa, y es especialmente adecuado para la piel seca y sensible del contorno de ojos.&nbsp;<\/p>\n\n\n\n<p><strong>5. Glicerina: <\/strong>La glicerina es uno de los humectantes cl\u00e1sicos. Puede atraer la humedad del aire y retenerla, potenciando el efecto sin\u00e9rgico de otros ingredientes hidratantes y prolongando la hidrataci\u00f3n despu\u00e9s de su uso.&nbsp;<\/p>\n\n\n\n<h2 class=\"wp-block-heading\">Las funciones de la crema hidratante para ojos<\/h2>\n\n\n\n<p>Las ventajas de la crema hidratante para ojos no solo se reflejan en sus excelentes ingredientes, sino tambi\u00e9n en la excelente estabilidad de su f\u00f3rmula y su agradable sensaci\u00f3n en la piel. Gracias a su eficiente tecnolog\u00eda de absorci\u00f3n y a su textura suave con la piel, es apta para todo tipo de piel y puede usarse en combinaci\u00f3n con diversos programas de cuidado facial.&nbsp;<\/p>\n\n\n\n<p><strong>1. Textura ligera y r\u00e1pida absorci\u00f3n:<\/strong> La Crema Hidratante para Ojos tiene una textura cremosa, ligera y delicada, se absorbe f\u00e1cilmente y no obstruye los poros. No deja sensaci\u00f3n pegajosa y es apta para todo tipo de piel.&nbsp;<\/p>\n\n\n\n<p><strong>2. F\u00f3rmula suave y segura: <\/strong>Toda la f\u00f3rmula de este producto ha superado la prueba de seguridad cut\u00e1nea y no contiene ingredientes irritantes como alcohol ni fragancias. Las personas con piel sensible o alergias cut\u00e1neas pueden usarlo con confianza.&nbsp;<\/p>\n\n\n\n<p><strong>3. Ingredientes sin\u00e9rgicos y efectos eficientes: <\/strong>En la crema hidratante para ojos se combinan m\u00faltiples ingredientes activos que se complementan entre s\u00ed, potenciando conjuntamente el poder hidratante y reparador y mejorando el efecto del producto.&nbsp;<\/p>\n\n\n\n<p><strong>4. Cuidado de la piel durante todo el d\u00eda: <\/strong>La crema hidratante para ojos se puede usar por la ma\u00f1ana y por la noche. Ilumina e hidrata durante el d\u00eda y repara e hidrata por la noche. Una sola crema tiene m\u00faltiples usos y puede aumentar eficazmente la adherencia del cliente y la tasa de recompra.&nbsp;<\/p>\n\n\n\n<p><strong>5. Se puede utilizar con otros productos: <\/strong>La crema hidratante para ojos no solo se puede usar con equipos de belleza, sino tambi\u00e9n con esencia, crema y mascarilla para ojos para crear un sistema completo de cuidado de la piel y mejorar el efecto del cuidado de la piel de los ojos.<\/p>\n\n\n\n<h2 class=\"wp-block-heading\">C\u00f3mo usar la crema hidratante para ojos<\/h2>\n\n\n\n<p>Para lograr el mejor cuidado del contorno de ojos, recomendamos usar crema hidratante para el contorno de ojos por la ma\u00f1ana y por la noche. Su uso regular y a largo plazo puede ayudar a mejorar significativamente la sequedad, la hinchaz\u00f3n y otros problemas de la piel, adem\u00e1s de mantener la piel del contorno de ojos hidratada y suave.<\/p>\n\n\n\n<p><strong>1. Limpia la piel alrededor de los ojos: <\/strong>Utilice un limpiador suave para limpiar en profundidad la piel alrededor de los ojos para eliminar la grasa y evitar obstruir los poros durante los procedimientos de cuidado de la piel posteriores.&nbsp;<\/p>\n\n\n\n<p><strong>2. Use t\u00f3ner: <\/strong>Aplique el t\u00f3nico con suaves toques sobre la piel del rostro y los ojos para establecer una buena base para el cuidado posterior de los ojos.&nbsp;<\/p>\n\n\n\n<p><strong>3. Saque una cantidad adecuada de crema para ojos: <\/strong>Utilice su dedo anular para sacar una cantidad de crema para ojos del tama\u00f1o de un grano de arroz, apl\u00edquela sobre la piel alrededor de los ojos y luego masajee y d\u00e9 golpecitos suaves con las yemas de los dedos para ayudar a la absorci\u00f3n, pero no tire excesivamente de la piel.&nbsp;<\/p>\n\n\n\n<p><strong>4. Uso con otros productos:<\/strong> Despu\u00e9s de usar la crema para ojos, puedes seguir usando otros productos hidratantes y humectantes, como cremas faciales, para un cuidado integral de la piel y la retenci\u00f3n de humedad.&nbsp;<\/p>\n\n\n\n<h2 class=\"wp-block-heading\">Precauci\u00f3n<\/h2>\n\n\n\n<p><strong>1. Prueba de sensibilidad: <\/strong>Antes de usar la crema hidratante para ojos, no es necesario realizar una prueba de sensibilidad cut\u00e1nea, especialmente si la usas por primera vez. Es necesario probar una peque\u00f1a cantidad detr\u00e1s de la oreja o la mu\u00f1eca para asegurarte de que no sientas molestias antes de usarla en el contorno de ojos.&nbsp;<\/p>\n\n\n\n<p><strong>2. Evitar el contacto con los ojos: <\/strong>Dado que este producto act\u00faa sobre la piel del contorno de ojos, tenga cuidado al usarlo y evite el contacto con los globos oculares y la base de las pesta\u00f1as. Si entra en contacto con los ojos accidentalmente, enju\u00e1guelos inmediatamente con agua limpia para evitar una mayor irritaci\u00f3n.&nbsp;<\/p>\n\n\n\n<p><strong>3. No abuses de:<\/strong> La piel alrededor de los ojos es fina y el uso excesivo puede causar barro. Se recomienda no usar m\u00e1s del tama\u00f1o de un grano de arroz por aplicaci\u00f3n.<\/p>\n\n\n\n<p><strong>4. Conservar en lugar fresco y seco: <\/strong>Evite la luz solar directa y las altas temperaturas para mantener los ingredientes activos.<\/p>\n\n\n\n<h2 class=\"wp-block-heading\">Conclusi\u00f3n<\/h2>\n\n\n\n<p>La Crema Hidratante para Ojos es una eficaz crema hidratante dise\u00f1ada para solucionar problemas como la sequedad ocular, la hinchaz\u00f3n y la opacidad. Ha sido muy popular entre los consumidores gracias a su f\u00f3rmula segura y suave, su notable efecto en el cuidado de la piel del contorno de ojos y su c\u00f3modo uso. Su uso continuo puede mejorar eficazmente la sequedad ocular.<\/p>","protected":false},"excerpt":{"rendered":"Hydrating Eye Cream Manufacturing Common Formulas Our hydrating eye cream uses a variety of highly effective and gentle active ingredients, such as hyaluronic acid, vitamin E, niacinamide, etc., combined with modern skin care technology, to accurately regulate and repair problems such as dry eyes and swelling. 1. Hyaluronic acid: Small molecule hyaluronic acid can quickly [&hellip;]","protected":false},"featured_media":3505,"menu_order":0,"template":"","meta":[],"product-tag":[],"products":[162],"class_list":["post-3504","product","type-product","status-publish","has-post-thumbnail","hentry","products-eye-cream"],"acf":[],"_links":{"self":[{"href":"https:\/\/www.ruiqigo.com\/es\/wp-json\/wp\/v2\/product\/3504","targetHints":{"allow":["GET"]}}],"collection":[{"href":"https:\/\/www.ruiqigo.com\/es\/wp-json\/wp\/v2\/product"}],"about":[{"href":"https:\/\/www.ruiqigo.com\/es\/wp-json\/wp\/v2\/types\/product"}],"version-history":[{"count":0,"href":"https:\/\/www.ruiqigo.com\/es\/wp-json\/wp\/v2\/product\/3504\/revisions"}],"wp:featuredmedia":[{"embeddable":true,"href":"https:\/\/www.ruiqigo.com\/es\/wp-json\/wp\/v2\/media\/3505"}],"wp:attachment":[{"href":"https:\/\/www.ruiqigo.com\/es\/wp-json\/wp\/v2\/media?parent=3504"}],"wp:term":[{"taxonomy":"product-tag","embeddable":true,"href":"https:\/\/www.ruiqigo.com\/es\/wp-json\/wp\/v2\/product-tag?post=3504"},{"taxonomy":"products","embeddable":true,"href":"https:\/\/www.ruiqigo.com\/es\/wp-json\/wp\/v2\/products?post=3504"}],"curies":[{"name":"wp","href":"https:\/\/api.w.org\/{rel}","templated":true}]}}