{"id":351,"date":"2024-07-08T10:26:59","date_gmt":"2024-07-08T02:26:59","guid":{"rendered":"https:\/\/ruiqigo.com\/?post_type=product&#038;p=351"},"modified":"2024-10-28T11:36:11","modified_gmt":"2024-10-28T03:36:11","slug":"antibacterial-body-wash","status":"publish","type":"product","link":"https:\/\/www.ruiqigo.com\/es\/product\/antibacterial-body-wash","title":{"rendered":"Gel de ba\u00f1o antibacteriano"},"content":{"rendered":"<h3 class=\"wp-block-heading\">F\u00f3rmulas comunes de gel de ba\u00f1o antibacteriano<\/h3>\n\n\n\n<p>Los ingredientes principales de este gel de ba\u00f1o antibacteriano son el extracto de cal\u00e9ndula y el extracto de centella asi\u00e1tica. La cal\u00e9ndula es rica en flavonoides, que tienen excelentes propiedades antibacterianas y pueden inhibir eficazmente el crecimiento de bacterias. La centella asi\u00e1tica es rica en polisac\u00e1ridos y amino\u00e1cidos que nutren profundamente la piel y mejoran la sequedad. Estos dos extractos de plantas naturales trabajan juntos para brindar un cuidado de limpieza integral para su piel, manteni\u00e9ndola limpia y fresca en todo momento. Al mismo tiempo, el producto est\u00e1 formulado con ingredientes limpiadores suaves para limpiar profundamente los poros y hacer que su experiencia de ba\u00f1o sea placentera.<\/p>\n\n\n\n<h3 class=\"wp-block-heading\">Gel de ba\u00f1o antibacteriano Escenarios aplicables<\/h3>\n\n\n\n<p>Este gel de ducha antibacteriano es un gel para todo tipo de climas, especialmente para situaciones que requieren una higiene antibacteriana. En los calurosos y h\u00famedos meses de verano, inhibe el crecimiento bacteriano y proporciona un cuidado de la piel fresco y limpio; en los fr\u00edos y secos meses de invierno, sus ricos ingredientes hidratantes nutren la piel y alivian la sequedad causada por el fr\u00edo. Especialmente para los entusiastas del deporte, proporciona una limpieza profunda y un cuidado antibacteriano para la piel despu\u00e9s de los entrenamientos, lo que le permite disfrutar de frescura y comodidad en todo momento.<\/p>\n\n\n\n<h3 class=\"wp-block-heading\">\u00bfPara qui\u00e9n est\u00e1 destinado el gel de ba\u00f1o antibacteriano?<\/h3>\n\n\n\n<p>Este gel de ba\u00f1o antibacteriano est\u00e1 dise\u00f1ado para personas que necesitan un cuidado adicional de la piel, especialmente para aquellas con piel sensible, propensa al eczema o con necesidades de limpieza especiales. Su f\u00f3rmula suave combate eficazmente las bacterias a la vez que nutre la piel, por lo que es adecuado para el uso diario de toda la familia para mejorar la higiene personal. Tambi\u00e9n es adecuado para quienes les gusta hacer ejercicio, ya que proporciona una limpieza profunda y un cuidado antibacteriano a la piel despu\u00e9s del entrenamiento.<\/p>\n\n\n\n<h3 class=\"wp-block-heading\">Proceso de producci\u00f3n de gel de ba\u00f1o antibacteriano<\/h3>\n\n\n\n<p>La producci\u00f3n de este gel de ducha antibacteriano se realiza mediante un delicado proceso de extracci\u00f3n para preservar los ingredientes activos de los extractos de cal\u00e9ndula y centella asi\u00e1tica. Todo el proceso se lleva a cabo en un entorno as\u00e9ptico para garantizar la pureza del producto. Al mismo tiempo, se utiliza un procesamiento a baja temperatura para evitar la destrucci\u00f3n de los ingredientes activos, lo que garantiza el efecto antibacteriano y calmante altamente efectivo del gel de ducha.<\/p>","protected":false},"excerpt":{"rendered":"Antibacterial body wash Common Formulas The core ingredients of this antibacterial body wash are calendula extract and Centella asiatica extract. Calendula is rich in flavonoids, which have excellent antibacterial properties and can effectively inhibit the growth of bacteria. Centella asiatica is rich in polysaccharides and amino acids that deeply nourish the skin and improve dryness. [&hellip;]","protected":false},"featured_media":352,"menu_order":0,"template":"","meta":[],"product-tag":[],"products":[57],"class_list":["post-351","product","type-product","status-publish","has-post-thumbnail","hentry","products-body-wash"],"acf":[],"_links":{"self":[{"href":"https:\/\/www.ruiqigo.com\/es\/wp-json\/wp\/v2\/product\/351","targetHints":{"allow":["GET"]}}],"collection":[{"href":"https:\/\/www.ruiqigo.com\/es\/wp-json\/wp\/v2\/product"}],"about":[{"href":"https:\/\/www.ruiqigo.com\/es\/wp-json\/wp\/v2\/types\/product"}],"version-history":[{"count":0,"href":"https:\/\/www.ruiqigo.com\/es\/wp-json\/wp\/v2\/product\/351\/revisions"}],"wp:featuredmedia":[{"embeddable":true,"href":"https:\/\/www.ruiqigo.com\/es\/wp-json\/wp\/v2\/media\/352"}],"wp:attachment":[{"href":"https:\/\/www.ruiqigo.com\/es\/wp-json\/wp\/v2\/media?parent=351"}],"wp:term":[{"taxonomy":"product-tag","embeddable":true,"href":"https:\/\/www.ruiqigo.com\/es\/wp-json\/wp\/v2\/product-tag?post=351"},{"taxonomy":"products","embeddable":true,"href":"https:\/\/www.ruiqigo.com\/es\/wp-json\/wp\/v2\/products?post=351"}],"curies":[{"name":"wp","href":"https:\/\/api.w.org\/{rel}","templated":true}]}}