{"id":3542,"date":"2025-06-06T15:37:19","date_gmt":"2025-06-06T07:37:19","guid":{"rendered":"https:\/\/www.ruiqigo.com\/?post_type=product&#038;p=3542"},"modified":"2025-06-06T15:37:20","modified_gmt":"2025-06-06T07:37:20","slug":"silicone-bath-brush","status":"publish","type":"product","link":"https:\/\/www.ruiqigo.com\/es\/product\/silicone-bath-brush","title":{"rendered":"Cepillo de ba\u00f1o de silicona"},"content":{"rendered":"<h2 class=\"wp-block-heading\">Caracter\u00edsticas del cepillo de ba\u00f1o de silicona<\/h2>\n\n\n\n<p>Un cepillo de ba\u00f1o de silicona es una herramienta de limpieza hecha de silicona como material principal. Ofrece muchas caracter\u00edsticas, como suavidad, durabilidad y alta eficiencia. En comparaci\u00f3n con los cepillos de pl\u00e1stico tradicionales, los cepillos de ba\u00f1o de silicona son m\u00e1s suaves y respetuosos con la piel, y no la irritan ni la rascan f\u00e1cilmente. Algunos productos tambi\u00e9n incluyen ganchos o part\u00edculas de masaje para satisfacer diferentes necesidades de ba\u00f1o.<\/p>\n\n\n\n<p><strong>1. Suave y seguro:<\/strong> Los cepillos de ba\u00f1o de silicona generalmente est\u00e1n hechos de silicona de grado alimenticio o m\u00e9dico, que es ecol\u00f3gica, segura, suave y no t\u00f3xica.&nbsp;<\/p>\n\n\n\n<p><strong>2. Suave y el\u00e1stico: <\/strong>El material de silicona es muy suave, las cerdas tambi\u00e9n son flexibles y densas, con excelente elasticidad, no se da\u00f1an f\u00e1cilmente y tienen una excelente durabilidad.&nbsp;<\/p>\n\n\n\n<p><strong>3. F\u00e1cil de limpiar:<\/strong> El cepillo de ba\u00f1o de silicona no se mancha f\u00e1cilmente ni oculta la suciedad. Se seca r\u00e1pidamente despu\u00e9s del lavado, lo que previene la proliferaci\u00f3n de bacterias y garantiza su durabilidad.&nbsp;<\/p>\n\n\n\n<p><strong>4. Se puede reutilizar: <\/strong>El cepillo de ba\u00f1o de silicona es duradero, resistente a altas temperaturas y no envejece f\u00e1cilmente, por lo que se puede reutilizar y tiene una larga vida \u00fatil.<\/p>\n\n\n\n<h2 class=\"wp-block-heading\">Ventajas del cepillo de ba\u00f1o de silicona<\/h2>\n\n\n\n<p>El cepillo de ba\u00f1o de silicona tiene muchas ventajas significativas en t\u00e9rminos de poder de limpieza, durabilidad, higiene, etc., combinando las ventajas del lavado suave y la limpieza profunda. <\/p>\n\n\n\n<p><strong>1. Limpieza profunda que no da\u00f1a la piel: <\/strong>Las cerdas son suaves y densas, pero no irritan ni frotan excesivamente la piel. Limpian eficazmente los poros y la grasa de la piel.&nbsp;<\/p>\n\n\n\n<p><strong>2. Alta durabilidad: <\/strong>La silicona ofrece una excelente resistencia a altas temperaturas y durabilidad, adem\u00e1s de prevenir el envejecimiento. Es ideal para ba\u00f1os con ambientes c\u00e1lidos y h\u00famedos, y su vida \u00fatil es mucho mayor que la de los cepillos de ba\u00f1o de pl\u00e1stico comunes.&nbsp;<\/p>\n\n\n\n<p><strong>3. Buenas propiedades antibacterianas: <\/strong>El material de silicona tiene naturalmente excelentes propiedades antibacterianas, no es f\u00e1cil que se reproduzcan bacterias y moho y garantiza la higiene y la salud durante su uso.&nbsp;<\/p>\n\n\n\n<p><strong>4. F\u00e1cil de limpiar: <\/strong>El cepillo de ba\u00f1o de silicona se puede limpiar simplemente enjuag\u00e1ndolo despu\u00e9s de su uso, lo que es muy conveniente y puede evitar los residuos de espuma y suciedad.&nbsp;<\/p>\n\n\n\n<p><strong>5. Amplia aplicabilidad: <\/strong>El cepillo de ba\u00f1o de silicona es apto para todo tipo de piel, desde ni\u00f1os hasta adultos y personas mayores. Incluso las personas con piel sensible pueden usarlo con confianza y sin molestias.<\/p>\n\n\n\n<h2 class=\"wp-block-heading\">Cepillo de ba\u00f1o de silicona Grupo objetivo<\/h2>\n\n\n\n<p>El cepillo de ba\u00f1o de silicona es adecuado para personas de diferentes edades y tipos de piel, especialmente para ni\u00f1os, ancianos, pieles sensibles y otros grupos que necesitan un lavado y cuidado suaves.<\/p>\n\n\n\n<p><strong>1. Beb\u00e9s y ni\u00f1os: <\/strong>Su delicada piel no puede soportar una estimulaci\u00f3n excesiva, por lo que las delicadas y suaves cerdas de silicona son m\u00e1s seguras para ellos y no irritar\u00e1n su piel.&nbsp;<\/p>\n\n\n\n<p><strong>2. Personas de mediana edad y mayores: <\/strong>Su piel es m\u00e1s fr\u00e1gil y no pueden utilizar un cepillo de ba\u00f1o demasiado fuerte para limpiar su cuerpo, mientras que un cepillo de ba\u00f1o de silicona puede utilizarse con mayor comodidad.&nbsp;<\/p>\n\n\n\n<p><strong>3. Usuarios que buscan el cuidado corporal: <\/strong>Se centran en la experiencia de ba\u00f1o c\u00f3moda y el buen efecto de limpieza corporal, y los cepillos de ba\u00f1o de silicona pueden lograr ambos.&nbsp;<\/p>\n\n\n\n<p><strong>4. Personas que realizan actividades frecuentes al aire libre:<\/strong> Puede limpiar m\u00e1s a fondo y eliminar el sudor y el olor de manera m\u00e1s efectiva.<\/p>\n\n\n\n<h2 class=\"wp-block-heading\">Proceso de producci\u00f3n de cepillos de ba\u00f1o de silicona<\/h2>\n\n\n\n<p>Los cepillos de ba\u00f1o de silicona se fabrican principalmente mediante moldeo por inyecci\u00f3n o laminaci\u00f3n de una sola pieza, y la densidad de las cerdas y la precisi\u00f3n dimensional se garantizan mediante el moldeado. Tras el tratamiento y pulido de la superficie, el cuerpo del cepillo adquiere un tacto delicado y las cerdas son suaves y sin espinas. Posteriormente, se eliminan los bordes y rebabas sobrantes para garantizar una apariencia impecable. Finalmente, se limpian a fondo los residuos de producci\u00f3n, se esterilizan a alta temperatura, se realizan las pruebas finales y se inspeccionan.&nbsp;<\/p>\n\n\n\n<p>Todo el proceso se somete a m\u00faltiples inspecciones de calidad y pulido para garantizar un tratamiento de superficie de alta calidad y consistencia de forma, cumplir con la producci\u00f3n en masa y diversas necesidades de personalizaci\u00f3n, y garantizar que los productos cumplan con los est\u00e1ndares, sean impermeables y a prueba de moho y duraderos.<\/p>\n\n\n\n<h2 class=\"wp-block-heading\">Aplicaciones del cepillo de ba\u00f1o de silicona<\/h2>\n\n\n\n<p>El cepillo de ba\u00f1o de silicona no solo es adecuado para el uso diario del cuidado corporal en el hogar, sino que tambi\u00e9n es adecuado para una variedad de situaciones de ba\u00f1o y cuidado corporal, hoteles, salones de belleza y otros centros de cuidado.<\/p>\n\n\n\n<p><strong>1. Ba\u00f1o y limpieza del hogar: <\/strong>Un cepillo de ba\u00f1o de silicona puede reemplazar las toallas de ba\u00f1o tradicionales, que son m\u00e1s suaves e higi\u00e9nicas.<\/p>\n\n\n\n<p><strong>2. Art\u00edculos de aseo de viaje:<\/strong> El cepillo de ba\u00f1o de silicona es peque\u00f1o y liviano, eficiente y muy adecuado para viajes de negocios y viajes.<\/p>\n\n\n\n<p><strong>3. Configuraci\u00f3n del producto de ba\u00f1o del hotel: <\/strong>El hotel configura este producto para mejorar la experiencia de ba\u00f1o del cliente, satisfacer las necesidades de ba\u00f1o personalizadas del cliente y cumplir con la configuraci\u00f3n de los suministros de habitaciones de hu\u00e9spedes de alta gama.<\/p>\n\n\n\n<p><strong>4. Set de regalo de cuidado personal: <\/strong>El cepillo de ba\u00f1o de silicona es adecuado para usar en juegos combinados de cuidado personal y puede usarse como una parte importante al momento de regalar.<\/p>\n\n\n\n<h2 class=\"wp-block-heading\">C\u00f3mo utilizar el cepillo de ba\u00f1o de silicona<\/h2>\n\n\n\n<p>El cepillo de ba\u00f1o de silicona es f\u00e1cil de usar y se adapta a diversas necesidades de limpieza. Se puede usar con gel de ducha o agua para completar la limpieza diaria. Es adecuado para todo el cuerpo, incluyendo espalda, piernas y brazos.<\/p>\n\n\n\n<p><strong>1. Moje el pincel y el cuerpo:<\/strong> Moje el cuerpo y el cepillo de ba\u00f1o con agua tibia para suavizar gradualmente la superficie de la piel.<\/p>\n\n\n\n<p><strong>2. A\u00f1ade gel de ducha: <\/strong>Vierta el gel de ducha en la superficie del cepillo, fr\u00f3telo suavemente para crear burbujas y frote suavemente las partes del cuerpo con movimientos circulares o de vaiv\u00e9n. Puede usar la parte posterior del cepillo para masajear los hombros, el cuello o las piernas con la fuerza adecuada.<\/p>\n\n\n\n<p><strong>3. Limpiar el cepillo de ba\u00f1o: <\/strong>Despu\u00e9s de limpiar el cuerpo, limpie completamente la superficie del cepillo y s\u00e9quelo para mantener el cepillo de ba\u00f1o higi\u00e9nico y evitar el crecimiento de bacterias o moho.<\/p>\n\n\n\n<p><strong>4. Almacenamiento colgante: <\/strong>Utilice el orificio para colgar o la ventosa del cepillo de ba\u00f1o de silicona para fijarlo en la pared para evitar la acumulaci\u00f3n de humedad y bacterias en un ambiente h\u00famedo.<\/p>","protected":false},"excerpt":{"rendered":"Silicone Bath Brush Features A silicone bath brush is a bath cleaning tool made of silicone as the main material. It has many characteristics such as softness, durability, and high efficiency. Compared with traditional plastic brushes, silicone bath brushes are more gentle and skin-friendly, and are not easy to irritate or scratch the skin. Some [&hellip;]","protected":false},"featured_media":3552,"menu_order":0,"template":"","meta":[],"product-tag":[],"products":[166],"class_list":["post-3542","product","type-product","status-publish","has-post-thumbnail","hentry","products-bath-brush"],"acf":[],"_links":{"self":[{"href":"https:\/\/www.ruiqigo.com\/es\/wp-json\/wp\/v2\/product\/3542","targetHints":{"allow":["GET"]}}],"collection":[{"href":"https:\/\/www.ruiqigo.com\/es\/wp-json\/wp\/v2\/product"}],"about":[{"href":"https:\/\/www.ruiqigo.com\/es\/wp-json\/wp\/v2\/types\/product"}],"version-history":[{"count":0,"href":"https:\/\/www.ruiqigo.com\/es\/wp-json\/wp\/v2\/product\/3542\/revisions"}],"wp:featuredmedia":[{"embeddable":true,"href":"https:\/\/www.ruiqigo.com\/es\/wp-json\/wp\/v2\/media\/3552"}],"wp:attachment":[{"href":"https:\/\/www.ruiqigo.com\/es\/wp-json\/wp\/v2\/media?parent=3542"}],"wp:term":[{"taxonomy":"product-tag","embeddable":true,"href":"https:\/\/www.ruiqigo.com\/es\/wp-json\/wp\/v2\/product-tag?post=3542"},{"taxonomy":"products","embeddable":true,"href":"https:\/\/www.ruiqigo.com\/es\/wp-json\/wp\/v2\/products?post=3542"}],"curies":[{"name":"wp","href":"https:\/\/api.w.org\/{rel}","templated":true}]}}