{"id":356,"date":"2024-07-08T10:08:37","date_gmt":"2024-07-08T02:08:37","guid":{"rendered":"https:\/\/ruiqigo.com\/?post_type=product&#038;p=356"},"modified":"2024-10-28T15:39:54","modified_gmt":"2024-10-28T07:39:54","slug":"raw-sugar-body-wash","status":"publish","type":"product","link":"https:\/\/www.ruiqigo.com\/es\/product\/raw-sugar-body-wash","title":{"rendered":"Gel de ba\u00f1o con az\u00facar sin refinar"},"content":{"rendered":"<h3 class=\"wp-block-heading\">F\u00f3rmulas comunes para la fabricaci\u00f3n de geles de ba\u00f1o a base de az\u00facar en bruto<\/h3>\n\n\n\n<p>El ingrediente principal de este gel de ba\u00f1o a base de az\u00facar sin refinar es el az\u00facar sin refinar natural. Rico en az\u00facares, minerales, vitaminas y otros nutrientes, el az\u00facar sin refinar limpia y elimina suavemente todo tipo de impurezas y exfoliantes, al mismo tiempo que proporciona una excelente hidrataci\u00f3n y alivio de la sequedad. Tambi\u00e9n hemos a\u00f1adido ingredientes limpiadores suaves a la f\u00f3rmula para mejorar a\u00fan m\u00e1s su efecto limpiador, dejando la piel con un brillo limpio y radiante. Adem\u00e1s, se a\u00f1aden extractos de plantas naturales para proporcionar una nutrici\u00f3n adicional a la piel.<\/p>\n\n\n\n<h3 class=\"wp-block-heading\">Gel de ba\u00f1o a base de az\u00facar sin refinar Escenarios aplicables<\/h3>\n\n\n\n<p>Este gel de ducha con az\u00facar sin refinar es un gel de ducha para todo el d\u00eda con ingredientes hidratantes enriquecidos que ayudan a aliviar la sequedad causada por las altas temperaturas. Durante los meses fr\u00edos y secos del invierno, su f\u00f3rmula limpiadora suave limpia profundamente la piel mientras que los ingredientes hidratantes brindan un cuidado total de la piel y alivio de los problemas cut\u00e1neos relacionados con el fr\u00edo.<\/p>\n\n\n\n<h3 class=\"wp-block-heading\">\u00bfPara qui\u00e9n est\u00e1 destinado el gel de ba\u00f1o de az\u00facar sin refinar?<\/h3>\n\n\n\n<p>Con sus propiedades exfoliantes e hidratantes naturales, el gel de ba\u00f1o Raw Sugar es adecuado para personas que buscan resultados naturales en el cuidado de la piel. Es especialmente adecuado para personas cuya piel necesita una limpieza y nutrici\u00f3n suaves, como usuarios con piel seca o sensible, as\u00ed como para consumidores que prefieren productos con ingredientes naturales. Tambi\u00e9n es adecuado para quienes disfrutan de tratamientos de spa que brindan un cuidado integral para su piel.<\/p>\n\n\n\n<h3 class=\"wp-block-heading\">Proceso de producci\u00f3n de gel de ba\u00f1o de az\u00facar sin refinar<\/h3>\n\n\n\n<p>El gel de ba\u00f1o Raw Sugar se produce mediante una combinaci\u00f3n de artesan\u00eda tradicional y tecnolog\u00eda moderna, seleccionando a mano az\u00facar cruda de alta calidad y combin\u00e1ndola con un m\u00e9todo de extracci\u00f3n a baja temperatura para preservar sus ingredientes exfoliantes e hidratantes naturales. Un estricto control de calidad durante la producci\u00f3n garantiza que no se utilicen aditivos qu\u00edmicos, lo que proporciona una experiencia de ba\u00f1o pura y suave.<\/p>","protected":false},"excerpt":{"rendered":"Raw sugar body wash manufacturing Common Formulas The core ingredient of this raw sugar body wash is natural raw sugar. Rich in sugars, minerals, vitamins and other nutrients, Raw Sugar cleanses and gently removes all types of impurities and exfoliants, while providing excellent moisturization and relief from dryness. We&#8217;ve also added gentle cleansing ingredients to [&hellip;]","protected":false},"featured_media":357,"menu_order":0,"template":"","meta":[],"product-tag":[],"products":[57],"class_list":["post-356","product","type-product","status-publish","has-post-thumbnail","hentry","products-body-wash"],"acf":[],"_links":{"self":[{"href":"https:\/\/www.ruiqigo.com\/es\/wp-json\/wp\/v2\/product\/356","targetHints":{"allow":["GET"]}}],"collection":[{"href":"https:\/\/www.ruiqigo.com\/es\/wp-json\/wp\/v2\/product"}],"about":[{"href":"https:\/\/www.ruiqigo.com\/es\/wp-json\/wp\/v2\/types\/product"}],"version-history":[{"count":0,"href":"https:\/\/www.ruiqigo.com\/es\/wp-json\/wp\/v2\/product\/356\/revisions"}],"wp:featuredmedia":[{"embeddable":true,"href":"https:\/\/www.ruiqigo.com\/es\/wp-json\/wp\/v2\/media\/357"}],"wp:attachment":[{"href":"https:\/\/www.ruiqigo.com\/es\/wp-json\/wp\/v2\/media?parent=356"}],"wp:term":[{"taxonomy":"product-tag","embeddable":true,"href":"https:\/\/www.ruiqigo.com\/es\/wp-json\/wp\/v2\/product-tag?post=356"},{"taxonomy":"products","embeddable":true,"href":"https:\/\/www.ruiqigo.com\/es\/wp-json\/wp\/v2\/products?post=356"}],"curies":[{"name":"wp","href":"https:\/\/api.w.org\/{rel}","templated":true}]}}