{"id":3563,"date":"2025-06-06T16:25:54","date_gmt":"2025-06-06T08:25:54","guid":{"rendered":"https:\/\/www.ruiqigo.com\/?post_type=product&#038;p=3563"},"modified":"2025-06-09T09:21:28","modified_gmt":"2025-06-09T01:21:28","slug":"helichrysum-essential-oil","status":"publish","type":"product","link":"https:\/\/www.ruiqigo.com\/es\/product\/helichrysum-essential-oil","title":{"rendered":"Aceite esencial de helicriso"},"content":{"rendered":"<h2 class=\"wp-block-heading\">F\u00f3rmulas comunes para la fabricaci\u00f3n de aceite esencial de helicriso<\/h2>\n\n\n\n<p>Somos fabricantes profesionales de aceite esencial de helicriso. Utilizamos flores de helicriso de alta calidad como materia prima y utilizamos destilaci\u00f3n al vapor a baja temperatura para maximizar la retenci\u00f3n de ingredientes activos naturales como la dicetona. Estos ingredientes activos naturales pueden promover la circulaci\u00f3n del cuero cabelludo y reparar el cabello da\u00f1ado.&nbsp;<\/p>\n\n\n\n<p><strong>1. Dicetona: <\/strong>Este es uno de los ingredientes \u00fanicos y clave del aceite esencial de helicriso. Posee una potente capacidad antiinflamatoria, promueve eficazmente la cicatrizaci\u00f3n de heridas, aten\u00faa cicatrices y marcas rojas, y se utiliza ampliamente en esencias reparadoras y para el cuidado del cuero cabelludo.&nbsp;<\/p>\n\n\n\n<p><strong>2. Geraniol: <\/strong>El geraniol tiene un efecto emoliente natural que puede mejorar la suavidad. En el cuidado capilar, ayuda a realzar el brillo del cabello y a reducir el frizz y las puntas abiertas.&nbsp;<\/p>\n\n\n\n<p><strong>3. Acetato de bornilo: <\/strong>Este es un ingrediente importante del aceite esencial de helicriso. Tiene excelentes efectos calmantes y antiinflamatorios, lo que puede reducir el enrojecimiento y la sensibilidad de la piel causados por el estr\u00e9s o factores ambientales. Al mismo tiempo, tambi\u00e9n puede calmar el cuero cabelludo y reducir la picaz\u00f3n y la tirantez.&nbsp;&nbsp;<\/p>\n\n\n\n<p><strong>4. \u03b1-pineno:<\/strong> Tiene excelentes efectos limpiadores y antibacterianos, puede purificar los poros y el entorno del cuero cabelludo, mejorar la secreci\u00f3n de grasa y los problemas de caspa y tambi\u00e9n puede calmar la piel.&nbsp;<\/p>\n\n\n\n<p><strong>5. Linalol:<\/strong> Tiene funciones limpiadoras y antibacterianas. Puede regular la secreci\u00f3n de grasa cut\u00e1nea, purificar los poros, mejorar la foliculitis causada por la obstrucci\u00f3n de la grasa y proporcionar un entorno favorable para un cabello sano.<\/p>\n\n\n\n<h2 class=\"wp-block-heading\">Las funciones del aceite esencial de Helichrysum<\/h2>\n\n\n\n<p>El aceite esencial de helicriso es un producto estrella indispensable en el cuidado capilar de alta gama debido a sus excelentes ingredientes activos y su sofisticado proceso de extracci\u00f3n.<\/p>\n\n\n\n<p><strong>1. Natural, suave y no irritante:<\/strong> La f\u00f3rmula del aceite esencial de helicriso es natural y suave, no contiene ingredientes irritantes y presenta un riesgo muy bajo de alergia. Incluso beb\u00e9s o personas con piel sensible pueden usarlo con seguridad.&nbsp;<\/p>\n\n\n\n<p><strong>2. Ingredientes activos de alta pureza: <\/strong>Extra\u00eddo a trav\u00e9s de tecnolog\u00eda de destilaci\u00f3n a baja temperatura para maximizar la retenci\u00f3n de ingredientes activos en la siempreviva, asegurando que cada lote de aceite esencial de siempreviva pueda mantener un rendimiento eficiente y constante.&nbsp;<\/p>\n\n\n\n<p><strong>3. Respetuoso con el medio ambiente y sostenible:<\/strong> Los ingredientes son de origen puro y la plantaci\u00f3n es rastreable, lo que est\u00e1 en l\u00ednea con la tendencia del cuidado natural de la piel y es adecuado para series de productos para el cuidado del cabello org\u00e1nicos y ecol\u00f3gicos de alta gama.&nbsp;<\/p>\n\n\n\n<p><strong>4. Olor suave: <\/strong>El aceite esencial de helicriso posee un aroma herbal c\u00e1lido y suave, menos intenso que el de la lavanda o el eucalipto. Su uso puede generar una sensaci\u00f3n de relajaci\u00f3n y felicidad, mejorando la experiencia general del usuario.&nbsp;<\/p>\n\n\n\n<p><strong>5. Multiefectos en uno:<\/strong> El aceite esencial de helicriso no solo puede mejorar eficazmente el exceso de grasa y la inflamaci\u00f3n del cuero cabelludo, sino que tambi\u00e9n alivia la picaz\u00f3n y repara el cabello da\u00f1ado. Ofrece m\u00faltiples usos y m\u00faltiples efectos en un solo envase.<\/p>\n\n\n\n<h2 class=\"wp-block-heading\">C\u00f3mo utilizar el aceite esencial de helicriso<\/h2>\n\n\n\n<p>Cuando el aceite esencial de helicriso se usa solo, debe diluirse antes de su uso. Cuando se a\u00f1ade como f\u00f3rmula, debe mezclarse con el producto en proporci\u00f3n para que ejerza plenamente sus efectos calmantes y reparadores y mejore la eficacia general del producto.<\/p>\n\n\n\n<p><strong>1. Cabello limpio: <\/strong>Limpie el cabello antes de usarlo para asegurar su absorci\u00f3n durante el cuidado capilar posterior.<\/p>\n\n\n\n<p><strong>2. Diluir el aceite esencial de helicriso: <\/strong>Mezcle el aceite esencial y el aceite base (como el aceite de jojoba) en una proporci\u00f3n de 1:5 o m\u00e1s.<\/p>\n\n\n\n<p><strong>3. Aplicar y masajear suavemente: <\/strong>Al aplicar el aceite esencial sobre la piel, d\u00e9 golpecitos suaves para su absorci\u00f3n. Al aplicarlo en el cuero cabelludo, masajee para favorecer la circulaci\u00f3n.<\/p>\n\n\n\n<p><strong>4. Se puede utilizar con otros productos: <\/strong>Se puede agregar al champ\u00fa, acondicionador y otros productos para el cuidado del cabello para mejorar la eficacia del producto.<\/p>\n\n\n\n<p><strong>Recomendaci\u00f3n: <\/strong>\u00daselo 2-3 veces por semana y el efecto ser\u00e1 m\u00e1s significativo si persiste durante mucho tiempo.<\/p>\n\n\n\n<h2 class=\"wp-block-heading\">Precauci\u00f3n<\/h2>\n\n\n\n<p>El aceite esencial de helicriso es una esencia vegetal altamente concentrada. Para garantizar una \u00f3ptima experiencia de uso y evitar reacciones al\u00e9rgicas, es importante prestar atenci\u00f3n al entorno de uso y almacenamiento.&nbsp;<\/p>\n\n\n\n<p><strong>1. Prueba cut\u00e1nea:<\/strong> Se requiere una prueba cut\u00e1nea antes del primer uso, especialmente para personas al\u00e9rgicas. Se recomienda realizar una prueba en una peque\u00f1a zona detr\u00e1s de la oreja o en la parte interna de la mu\u00f1eca para confirmar que no haya reacciones adversas antes del uso formal.<\/p>\n\n\n\n<p><strong>2. Evite aplicar directamente sobre la piel sin diluir: <\/strong>El aceite esencial de helicriso es muy concentrado. Se recomienda diluirlo antes de su uso para evitar irritaciones o molestias al\u00e9rgicas en la piel.&nbsp;<\/p>\n\n\n\n<p><strong>3. Evite el contacto con los ojos: <\/strong>Si entra en contacto con los ojos accidentalmente, enju\u00e1guelos inmediatamente con abundante agua. No lo use directamente en zonas sensibles como el contorno de los ojos, la boca y la nariz.&nbsp;<\/p>\n\n\n\n<p><strong>4. Las personas embarazadas y en per\u00edodo de lactancia deben utilizarlo con precauci\u00f3n: <\/strong>Aunque este producto es muy suave, se recomienda que grupos especiales consulten a profesionales antes de usarlo para garantizar la seguridad.&nbsp;<\/p>\n\n\n\n<p><strong>5. Mantener alejado de altas temperaturas y de la luz solar directa: <\/strong>Los aceites esenciales deben sellarse y almacenarse en un lugar fresco y alejado de la luz para evitar afectar la estabilidad de los ingredientes activos.<\/p>\n\n\n\n<h2 class=\"wp-block-heading\">Conclusi\u00f3n<\/h2>\n\n\n\n<p>El aceite esencial de helicriso destaca en productos de alta gama para el cuidado capilar y la aromaterapia gracias a sus excelentes propiedades antiinflamatorias y reparadoras. Garantizamos que cada lote de aceites esenciales contenga ingredientes activos estables y puros gracias a una rigurosa selecci\u00f3n de materias primas, tecnolog\u00eda de extracci\u00f3n avanzada y un alto control de calidad. No solo es suave y apto para todo tipo de piel, sino que tambi\u00e9n puede integrarse en diferentes productos para el cuidado capilar para obtener m\u00faltiples efectos.<\/p>","protected":false},"excerpt":{"rendered":"Helichrysum Essential Oil Manufacturing Common Formulas We are a professional manufacturer of helichrysum essential oil. We insist on using high-quality helichrysum flowers as raw materials and use low-temperature steam distillation to maximize the retention of natural active ingredients such as diketone. These natural active ingredients can promote scalp circulation and repair hair damage.&nbsp; 1. Diketone: [&hellip;]","protected":false},"featured_media":3570,"menu_order":0,"template":"","meta":[],"product-tag":[],"products":[53],"class_list":["post-3563","product","type-product","status-publish","has-post-thumbnail","hentry","products-essential-oil"],"acf":[],"_links":{"self":[{"href":"https:\/\/www.ruiqigo.com\/es\/wp-json\/wp\/v2\/product\/3563","targetHints":{"allow":["GET"]}}],"collection":[{"href":"https:\/\/www.ruiqigo.com\/es\/wp-json\/wp\/v2\/product"}],"about":[{"href":"https:\/\/www.ruiqigo.com\/es\/wp-json\/wp\/v2\/types\/product"}],"version-history":[{"count":0,"href":"https:\/\/www.ruiqigo.com\/es\/wp-json\/wp\/v2\/product\/3563\/revisions"}],"wp:featuredmedia":[{"embeddable":true,"href":"https:\/\/www.ruiqigo.com\/es\/wp-json\/wp\/v2\/media\/3570"}],"wp:attachment":[{"href":"https:\/\/www.ruiqigo.com\/es\/wp-json\/wp\/v2\/media?parent=3563"}],"wp:term":[{"taxonomy":"product-tag","embeddable":true,"href":"https:\/\/www.ruiqigo.com\/es\/wp-json\/wp\/v2\/product-tag?post=3563"},{"taxonomy":"products","embeddable":true,"href":"https:\/\/www.ruiqigo.com\/es\/wp-json\/wp\/v2\/products?post=3563"}],"curies":[{"name":"wp","href":"https:\/\/api.w.org\/{rel}","templated":true}]}}