{"id":3598,"date":"2025-06-09T11:43:18","date_gmt":"2025-06-09T03:43:18","guid":{"rendered":"https:\/\/www.ruiqigo.com\/?post_type=product&#038;p=3598"},"modified":"2025-06-09T16:12:57","modified_gmt":"2025-06-09T08:12:57","slug":"copiba-essential-oil","status":"publish","type":"product","link":"https:\/\/www.ruiqigo.com\/es\/product\/copiba-essential-oil","title":{"rendered":"Aceite esencial de Copiba"},"content":{"rendered":"<h2 class=\"wp-block-heading\">F\u00f3rmulas comunes de fabricaci\u00f3n del aceite esencial de Copiba<\/h2>\n\n\n\n<p>Somos fabricantes profesionales de aceite esencial de copiba. Utilizamos resina de \u00e1rbol de copiba de alta calidad como materia prima y empleamos un proceso de destilaci\u00f3n al vapor para maximizar la conservaci\u00f3n de ingredientes activos naturales como el \u03b2-cariofileno. Estos ingredientes penetran en los fol\u00edculos del cuero cabelludo y desempe\u00f1an m\u00faltiples funciones beneficiosas para la salud del cabello y el cuero cabelludo.<\/p>\n\n\n\n<p><strong>1. \u03b2-cariofileno<\/strong>Es un ingrediente clave \u00fanico en el aceite esencial de copaiba. Posee potentes propiedades antiinflamatorias y antibacterianas. Puede aliviar eficazmente la inflamaci\u00f3n del cuero cabelludo y reducir la picaz\u00f3n y el enrojecimiento causados por bacterias y alergias. Ayuda a crear un entorno saludable para el cuero cabelludo, fortalecer las ra\u00edces del cabello y reducir la ca\u00edda del cabello.<\/p>\n\n\n\n<p><strong>2. \u00c1cido copiba<\/strong>:Tiene efectos astringentes naturales y de control de grasa, puede reducir los poros del cuero cabelludo, regular la secreci\u00f3n excesiva de sebo, evitar el cuero cabelludo y el cabello grasos, hacer que el cabello sea m\u00e1s refrescante y esponjoso y mejorar la suavidad de las escamas del cabello.<\/p>\n\n\n\n<p><strong>3. Humuleno<\/strong>Es el ingrediente clave para el cuidado capilar del aceite esencial de b\u00e1lsamo cubano. Tiene excelentes efectos calmantes y reparadores, alivia las molestias del cuero cabelludo causadas por la permanente y el te\u00f1ido frecuentes, ayuda a reparar las fibras capilares da\u00f1adas, fortalece el cabello y reduce la rotura.<\/p>\n\n\n\n<p><strong>4. Pineno<\/strong>Tiene excelentes propiedades limpiadoras y refrescantes, limpia profundamente los fol\u00edculos pilosos, elimina la suciedad y los residuos de productos de peinado, y mantiene el cuero cabelludo limpio. En el \u00e1mbito del cuidado capilar con aromaterapia, tambi\u00e9n puede calmar el cuerpo y la mente, reducir el estr\u00e9s y, indirectamente, mejorar el entorno de crecimiento del cabello afectado por el estr\u00e9s mental.<\/p>\n\n\n\n<h2 class=\"wp-block-heading\">Las funciones del aceite esencial de Copiba<\/h2>\n\n\n\n<p>El aceite esencial de copiba es popular por sus m\u00faltiples funciones y usos. Es conocido por sus propiedades antiinflamatorias, antibacterianas y analg\u00e9sicas, lo que lo hace eficaz para el cuidado del cuero cabelludo.<\/p>\n\n\n\n<p><strong>1. Suave y agradable para la piel.<\/strong>El aceite esencial de copiba tiene una f\u00f3rmula suave y rara vez causa irritaci\u00f3n ni reacciones al\u00e9rgicas. Es apto para diversos tipos de piel y cuero cabelludo, y puede ser utilizado con seguridad por personas con cuero cabelludo sensible.<\/p>\n\n\n\n<p><strong>2. Rico en ingredientes activos<\/strong>:Se extrae a trav\u00e9s de tecnolog\u00eda avanzada y conserva altos niveles de sustancias activas como el \u03b2-cariofileno, garantizando un cuidado estable y eficaz para el cabello y el cuero cabelludo.<\/p>\n\n\n\n<p><strong>3. Fuente sostenible de materia prima<\/strong>:La resina como materia prima se extrae del \u00e1rbol Copifera y el proceso de producci\u00f3n est\u00e1 en l\u00ednea con el concepto de sostenibilidad ambiental y la b\u00fasqueda de un cuidado del cabello ecol\u00f3gico de alta gama.<\/p>\n\n\n\n<p><strong>4. Aroma \u00fanico<\/strong>El aceite esencial de copiba tiene un aroma calmante y amaderado que se puede difundir para promover la relajaci\u00f3n y el bienestar. Al usarse para el cuidado capilar, crea una atm\u00f3sfera agradable y relajante y mejora la experiencia sensorial.<\/p>\n\n\n\n<p><strong>5. Cuidado capilar multiefecto<\/strong>Regula la secreci\u00f3n seb\u00e1cea del cuero cabelludo, alivia la inflamaci\u00f3n y la picaz\u00f3n, y tambi\u00e9n ayuda a fortalecer el cabello, reducir la rotura y mejorar su resistencia y brillo. Un solo frasco ofrece m\u00faltiples beneficios para el cuidado capilar.<\/p>\n\n\n\n<h2 class=\"wp-block-heading\">C\u00f3mo utilizar el aceite esencial de Copiba<\/h2>\n\n\n\n<p>Copiba es un aceite esencial altamente concentrado. Aseg\u00farese de diluirlo con un aceite portador. Aplicarlo sin diluir puede causar irritaci\u00f3n cut\u00e1nea. Al usarlo con otros productos, debe a\u00f1adirse proporcionalmente para potenciar su efecto.<\/p>\n\n\n\n<p><strong>1. Aceite de masaje para el cuero cabelludo<\/strong>:Mezcle de 3 a 5 gotas de aceite esencial de copiba con 10 ml de aceite base (como aceite de coco) para ayudar a regular la grasa del cuero cabelludo, aliviar la picaz\u00f3n y mejorar la vitalidad de la ra\u00edz del cabello.<\/p>\n\n\n\n<p><strong>2. Operaci\u00f3n de diluci\u00f3n<\/strong>:Mezcle 1-2 gotas de aceite esencial de copiba con 5 ml de agua purificada o acondicionador sin enjuague para reducir la electricidad est\u00e1tica, dejar el cabello m\u00e1s suave y tener una fragancia ligera y agradable, adecuada para el uso diario.<\/p>\n\n\n\n<p><strong>3. Aplicar y masajear suavemente.<\/strong>Para aplicar en el cuero cabelludo, sumerja el aceite esencial diluido con las yemas de los dedos y masajee con movimientos circulares durante 2-3 minutos para promover la circulaci\u00f3n sangu\u00ednea y su absorci\u00f3n. Para aplicar en la piel, d\u00e9 golpecitos suaves hasta su absorci\u00f3n.<\/p>\n\n\n\n<p><strong>4. Mezclar con productos para el cuidado del cabello.<\/strong>:Agregue una gota de aceite esencial de copiba a su champ\u00fa, acondicionador o mascarilla capilar diaria, revuelva bien y \u00faselo para mejorar la hidrataci\u00f3n, combatir el frizz y calmar el cuero cabelludo.<br><strong>Recomendaci\u00f3n<\/strong>:\u00daselo 2 o 3 veces por semana y la salud del cuero cabelludo, la calidad del cabello y las molestias del cuero cabelludo mejorar\u00e1n gradualmente.<\/p>\n\n\n\n<h2 class=\"wp-block-heading\">Precauci\u00f3n<\/h2>\n\n\n\n<p>El aceite esencial de b\u00e1lsamo cubano es un extracto vegetal concentrado. Para garantizar un uso seguro y mantener su eficacia, se deben tener en cuenta los siguientes puntos durante su uso y almacenamiento.<\/p>\n\n\n\n<p><strong>1. Requisitos de las pruebas cut\u00e1neas<\/strong>Antes del primer uso, especialmente en personas con piel sensible y alergias, se recomienda realizar una prueba en una zona espec\u00edfica. Tras un periodo de observaci\u00f3n, si no presenta enrojecimiento, picaz\u00f3n, escozor, etc., apl\u00edquelo en una zona extensa.<\/p>\n\n\n\n<p><strong>2. El uso cut\u00e1neo requiere diluci\u00f3n.<\/strong>Debido a su alta concentraci\u00f3n, no lo aplique directamente sobre la piel. Aseg\u00farese de diluirlo con aceite base en una proporci\u00f3n adecuada para evitar irritaciones.<\/p>\n\n\n\n<p><strong>3. Lleva una buena protecci\u00f3n<\/strong>Evite el contacto con mucosas como ojos, boca y nariz. En caso de contacto accidental, enjuague inmediatamente con abundante agua, no frote y busque atenci\u00f3n m\u00e9dica de inmediato si las molestias persisten.<\/p>\n\n\n\n<p><strong>4. Usar con precauci\u00f3n en grupos especiales.<\/strong>:Las mujeres embarazadas, las mujeres que amamantan, los beb\u00e9s y los ni\u00f1os peque\u00f1os no deben usarlo solos a menos que lo indique un aromaterapeuta profesional o personal m\u00e9dico.<\/p>\n\n\n\n<p><strong>5. Requisitos del entorno de almacenamiento<\/strong>:Mantener en un lugar fresco y oscuro, y sellar bien la tapa del frasco para evitar la oxidaci\u00f3n y mantener la estabilidad de los ingredientes activos.<\/p>\n\n\n\n<h2 class=\"wp-block-heading\">Conclusi\u00f3n<\/h2>\n\n\n\n<p>Con sus excelentes propiedades antiinflamatorias, calmantes y reparadoras, el aceite esencial de copaiba destaca en el sector de los productos de alta gama para el cuidado del cabello y la piel. Mediante un riguroso proceso de selecci\u00f3n de materias primas, una tecnolog\u00eda de extracci\u00f3n avanzada y un control de calidad riguroso, garantizamos que cada lote de aceite esencial contenga ingredientes activos estables y puros. Desempe\u00f1a m\u00faltiples funciones, como regular la grasa del cuero cabelludo, aliviar las molestias cut\u00e1neas y realzar la fragancia, convirti\u00e9ndose en un producto valioso en los productos de cuidado personal a base de aceites esenciales.<\/p>\n\n\n\n<p><\/p>","protected":false},"excerpt":{"rendered":"Copiba Essential Oil Manufacturing Common Formulas We are a professional manufacturer of copiba essential oil. We always use high-quality Copifera tree resin as raw material and adopt steam distillation process to retain natural active ingredients such as \u03b2-caryophyllene to the greatest extent. These ingredients can penetrate into the scalp follicles and play multiple beneficial roles [&hellip;]","protected":false},"featured_media":3599,"menu_order":0,"template":"","meta":[],"product-tag":[],"products":[53],"class_list":["post-3598","product","type-product","status-publish","has-post-thumbnail","hentry","products-essential-oil"],"acf":[],"_links":{"self":[{"href":"https:\/\/www.ruiqigo.com\/es\/wp-json\/wp\/v2\/product\/3598","targetHints":{"allow":["GET"]}}],"collection":[{"href":"https:\/\/www.ruiqigo.com\/es\/wp-json\/wp\/v2\/product"}],"about":[{"href":"https:\/\/www.ruiqigo.com\/es\/wp-json\/wp\/v2\/types\/product"}],"version-history":[{"count":0,"href":"https:\/\/www.ruiqigo.com\/es\/wp-json\/wp\/v2\/product\/3598\/revisions"}],"wp:featuredmedia":[{"embeddable":true,"href":"https:\/\/www.ruiqigo.com\/es\/wp-json\/wp\/v2\/media\/3599"}],"wp:attachment":[{"href":"https:\/\/www.ruiqigo.com\/es\/wp-json\/wp\/v2\/media?parent=3598"}],"wp:term":[{"taxonomy":"product-tag","embeddable":true,"href":"https:\/\/www.ruiqigo.com\/es\/wp-json\/wp\/v2\/product-tag?post=3598"},{"taxonomy":"products","embeddable":true,"href":"https:\/\/www.ruiqigo.com\/es\/wp-json\/wp\/v2\/products?post=3598"}],"curies":[{"name":"wp","href":"https:\/\/api.w.org\/{rel}","templated":true}]}}