{"id":361,"date":"2024-07-08T10:02:18","date_gmt":"2024-07-08T02:02:18","guid":{"rendered":"https:\/\/ruiqigo.com\/?post_type=product&#038;p=361"},"modified":"2024-10-28T15:38:16","modified_gmt":"2024-10-28T07:38:16","slug":"salicylic-acid-body-wash","status":"publish","type":"product","link":"https:\/\/www.ruiqigo.com\/es\/product\/salicylic-acid-body-wash","title":{"rendered":"Gel de ba\u00f1o con \u00e1cido salic\u00edlico"},"content":{"rendered":"<h3 class=\"wp-block-heading\">F\u00f3rmulas comunes para la fabricaci\u00f3n de gel de ba\u00f1o con \u00e1cido salic\u00edlico<\/h3>\n\n\n\n<p>El ingrediente principal de este gel de ducha con \u00e1cido salic\u00edlico es el \u00e1cido salic\u00edlico. Este betahidroxi\u00e1cido natural posee excelentes propiedades queratol\u00edticas y antibacterianas, eliminando eficazmente la queratina envejecida y diversas impurezas de la piel. A\u00f1adimos a la f\u00f3rmula aloe vera, t\u00e9 verde y otros extractos de plantas naturales que aportan a la piel nutrientes esenciales, como vitaminas y minerales, para que est\u00e9 siempre hidratada y suave. Adem\u00e1s, todas las materias primas han superado rigurosas pruebas y controles para garantizar la seguridad y eficacia del producto.<\/p>\n\n\n\n<h3 class=\"wp-block-heading\">Gel de ducha con \u00e1cido salic\u00edlico Escenarios aplicables<\/h3>\n\n\n\n<p>Este gel de ducha con \u00e1cido salic\u00edlico es apto para todas las estaciones y climas. En veranos calurosos y h\u00famedos, limpia profundamente la suciedad acumulada y la queratina envejecida, previniendo la aparici\u00f3n de granos y acn\u00e9; en inviernos fr\u00edos y secos, es rico en ingredientes nutritivos para brindar un cuidado integral a la piel, aliviando la sequedad y otros problemas.<\/p>\n\n\n\n<h3 class=\"wp-block-heading\">\u00bfPara qui\u00e9n es adecuado el gel de ba\u00f1o con \u00e1cido salic\u00edlico?<\/h3>\n\n\n\n<p>El gel de ducha con \u00e1cido salic\u00edlico es ideal para personas con acn\u00e9, granos o piel grasa. Contiene \u00e1cido salic\u00edlico que ayuda a eliminar las c\u00e9lulas muertas, limpia los poros en profundidad y reduce la acumulaci\u00f3n de grasa, lo que lo hace ideal para quienes necesitan mejorar el estado de la piel y prevenir brotes. Tambi\u00e9n es ideal para quienes buscan un aspecto fresco y radiante durante el ba\u00f1o diario.<\/p>\n\n\n\n<h3 class=\"wp-block-heading\">Proceso de producci\u00f3n de gel de ba\u00f1o con \u00e1cido salic\u00edlico<\/h3>\n\n\n\n<p>Este gel de ducha con \u00e1cido salic\u00edlico se elabora con especial atenci\u00f3n al control de la concentraci\u00f3n de \u00e1cido salic\u00edlico y al equilibrio del pH para garantizar su eficacia y suavidad. El uso de tecnolog\u00eda avanzada de emulsificaci\u00f3n garantiza una distribuci\u00f3n uniforme de los ingredientes y supera pruebas de sensibilidad para garantizar la seguridad del producto y su eficacia en el cuidado de la piel.<\/p>","protected":false},"excerpt":{"rendered":"Salicylic acid body wash manufacturing Common Formulas The core ingredient of this Salicylic Acid Body Wash is Salicylic Acid. Salicylic Acid is a naturally occurring Beta Hydroxy Acid with excellent keratolytic and antibacterial properties that effectively cleanses the skin&#8217;s surface of aged keratin and various impurities. In the formula, we also added aloe vera, green [&hellip;]","protected":false},"featured_media":362,"menu_order":0,"template":"","meta":[],"product-tag":[],"products":[57],"class_list":["post-361","product","type-product","status-publish","has-post-thumbnail","hentry","products-body-wash"],"acf":[],"_links":{"self":[{"href":"https:\/\/www.ruiqigo.com\/es\/wp-json\/wp\/v2\/product\/361","targetHints":{"allow":["GET"]}}],"collection":[{"href":"https:\/\/www.ruiqigo.com\/es\/wp-json\/wp\/v2\/product"}],"about":[{"href":"https:\/\/www.ruiqigo.com\/es\/wp-json\/wp\/v2\/types\/product"}],"version-history":[{"count":0,"href":"https:\/\/www.ruiqigo.com\/es\/wp-json\/wp\/v2\/product\/361\/revisions"}],"wp:featuredmedia":[{"embeddable":true,"href":"https:\/\/www.ruiqigo.com\/es\/wp-json\/wp\/v2\/media\/362"}],"wp:attachment":[{"href":"https:\/\/www.ruiqigo.com\/es\/wp-json\/wp\/v2\/media?parent=361"}],"wp:term":[{"taxonomy":"product-tag","embeddable":true,"href":"https:\/\/www.ruiqigo.com\/es\/wp-json\/wp\/v2\/product-tag?post=361"},{"taxonomy":"products","embeddable":true,"href":"https:\/\/www.ruiqigo.com\/es\/wp-json\/wp\/v2\/products?post=361"}],"curies":[{"name":"wp","href":"https:\/\/api.w.org\/{rel}","templated":true}]}}