{"id":3610,"date":"2025-06-11T10:19:53","date_gmt":"2025-06-11T02:19:53","guid":{"rendered":"https:\/\/www.ruiqigo.com\/?post_type=product&#038;p=3610"},"modified":"2025-06-11T10:19:53","modified_gmt":"2025-06-11T02:19:53","slug":"bergamot-essential-oil","status":"publish","type":"product","link":"https:\/\/www.ruiqigo.com\/es\/product\/bergamot-essential-oil","title":{"rendered":"Aceite esencial de bergamota"},"content":{"rendered":"<h2 class=\"wp-block-heading\">F\u00f3rmulas comunes para la fabricaci\u00f3n de aceite esencial de bergamota<\/h2>\n\n\n\n<p>Como fabricante y proveedor a largo plazo de aceite esencial de bergamota, seleccionamos estrictamente frutos de bergamota maduros y utilizamos tecnolog\u00eda sofisticada para extraer y retener ingredientes naturales como limoneno, linalol, acetato de linalol, etc., para brindar un apoyo seguro, natural y duradero para el cuidado del cabello. <\/p>\n\n\n\n<p><strong>1. Limoneno:<\/strong> El limoneno es una sustancia natural que ocupa un lugar destacado en el aceite esencial de bergamota. Posee excelentes propiedades antioxidantes, disolventes de grasa y limpiadoras, lo que ayuda a descomponer y eliminar el exceso de grasa y las part\u00edculas contaminantes del cuero cabelludo, alivia la obstrucci\u00f3n de los fol\u00edculos pilosos y deja el cuero cabelludo fresco y transparente. Adem\u00e1s, su fragancia natural tambi\u00e9n puede refrescar la mente.&nbsp;<\/p>\n\n\n\n<p><strong>2. Linalol:<\/strong> El linalol es un ingrediente con suaves efectos antibacterianos y purificantes que ayuda a inhibir las bacterias da\u00f1inas en la microecolog\u00eda del cuero cabelludo, prevenir la caspa y el olor causado por el crecimiento bacteriano y mantener el cabello limpio e higi\u00e9nico.&nbsp;<\/p>\n\n\n\n<p><strong>3. Acetato de linalol: <\/strong>Este ingrediente estrella tiene un efecto calmante y relajante en el cuero cabelludo. Reduce eficazmente la tirantez e irritaci\u00f3n del cuero cabelludo, alivia la picaz\u00f3n, el hormigueo y otras molestias causadas por la tensi\u00f3n y los est\u00edmulos ambientales, y mejora la experiencia del usuario.&nbsp;<\/p>\n\n\n\n<p><strong>4. Geraniol:<\/strong> El geraniol tiene efectos repelentes de insectos y antibacterianos naturales. Es adecuado para fortalecer la barrera capilar y aliviar la picaz\u00f3n. Tambi\u00e9n promueve la microcirculaci\u00f3n del cuero cabelludo, mejora la eficiencia del aporte de nutrientes y proporciona a los fol\u00edculos pilosos un entorno de crecimiento m\u00e1s favorable.&nbsp;<\/p>\n\n\n\n<p><strong>5. \u03b1-pineno:<\/strong> Este ingrediente tiene efectos antiinflamatorios y puede aliviar la inflamaci\u00f3n, el enrojecimiento y la hinchaz\u00f3n del cuero cabelludo. Es adecuado para reparar el da\u00f1o del cuero cabelludo causado por la permanente, el te\u00f1ido, la exposici\u00f3n prolongada al sol, etc.<\/p>\n\n\n\n<h2 class=\"wp-block-heading\">Las funciones del aceite esencial de bergamota<\/h2>\n\n\n\n<p><strong>1. Extracci\u00f3n natural:<\/strong> El aceite esencial de bergamota se extrae mediante tecnolog\u00eda de extracci\u00f3n a baja temperatura, que conserva al m\u00e1ximo sus ingredientes y sustancias arom\u00e1ticas originales. No se procesa con disolventes qu\u00edmicos para garantizar su pureza y naturalidad.&nbsp;<\/p>\n\n\n\n<p><strong>2. Excelente funci\u00f3n antibacteriana y purificadora:<\/strong> Los ingredientes naturales del aceite esencial de bergamota tienen efectos antiinflamatorios y antibacterianos, que pueden reducir eficazmente los problemas causados por la obstrucci\u00f3n de los fol\u00edculos pilosos por el aceite, mejorar la caspa y la picaz\u00f3n del cuero cabelludo y ayudar a mantener el equilibrio ecol\u00f3gico del cuero cabelludo.&nbsp;<\/p>\n\n\n\n<p><strong>3. Experiencia sensorial superior: <\/strong>La fragancia afrutada fresca tiene un aroma suave y dulce, que es relajante y agradable, y puede mejorar el disfrute sensorial general del usuario durante el cuidado del cabello.&nbsp;<\/p>\n\n\n\n<p><strong>4. Mejora el estado de \u00e1nimo y alivia el estr\u00e9s:<\/strong> Los ingredientes arom\u00e1ticos del aceite esencial de bergamota pueden mejorar la depresi\u00f3n y aliviar la tensi\u00f3n nerviosa. Para quienes se encuentran bajo presi\u00f3n durante largos periodos, puede lograr una doble relajaci\u00f3n, desde la piel hasta la mente. Adem\u00e1s, al cuidar el cabello, puede aliviar el estr\u00e9s psicol\u00f3gico.<\/p>\n\n\n\n<h2 class=\"wp-block-heading\">C\u00f3mo utilizar el aceite esencial de bergamota<\/h2>\n\n\n\n<p>El aceite esencial de bergamota es muy f\u00e1cil de usar. Se puede a\u00f1adir directamente a aceites base o productos capilares, o bien, se puede usar solo para masajes capilares o aromaterapia.&nbsp;<\/p>\n\n\n\n<p><strong>1. Diluci\u00f3n y preparaci\u00f3n:<\/strong> Antes de usar, tomar 2-3 gotas de aceite esencial de bergamota, agregar 10 ml de aceite base, como aceite de jojoba o aceite de almendras dulces, y mezclar bien.&nbsp;<\/p>\n\n\n\n<p><strong>2. Masajear el cuero cabelludo:<\/strong> Deje caer el aceite esencial diluido uniformemente sobre el cuero cabelludo y masajee suavemente con las yemas de los dedos durante 5 a 10 minutos.<\/p>\n\n\n\n<p><strong>3. Penetraci\u00f3n y absorci\u00f3n: <\/strong>Espere de 15 a 20 minutos para permitir que el aceite esencial se absorba completamente y penetre en el cuero cabelludo para nutrirlo profundamente.<\/p>\n\n\n\n<p><strong>4. Lavar con agua limpia: <\/strong>Despu\u00e9s de esto, utiliza agua tibia y productos de champ\u00fa suaves para limpiarlo completamente y evitar residuos grasos en la cabeza.<\/p>\n\n\n\n<p><strong>Recomendaci\u00f3n:<\/strong> Se recomienda utilizarlo regularmente, 1-2 veces por semana, para un mejor cuidado continuo.<\/p>\n\n\n\n<h2 class=\"wp-block-heading\">Precauci\u00f3n<\/h2>\n\n\n\n<p><strong>1. Prueba cut\u00e1nea:<\/strong> Si est\u00e1 embarazada o tiene piel sensible, le recomendamos hacer una prueba detr\u00e1s de la oreja antes de usarlo. Solo despu\u00e9s de confirmar que no produce irritaci\u00f3n podr\u00e1 usarlo oficialmente.<\/p>\n\n\n\n<p><strong>2. Diluir antes de usar:<\/strong> El aceite esencial original tiene una alta concentraci\u00f3n. El contacto directo con la piel puede causar alergias o irritaci\u00f3n. Por lo tanto, debe diluirse antes del cuidado capilar para evitar da\u00f1ar el cuero cabelludo.<\/p>\n\n\n\n<p><strong>3. Preste atenci\u00f3n para evitar la luz:<\/strong> El aceite esencial de bergamota contiene ingredientes fotosensibles. Se recomienda evitar su uso durante el d\u00eda o inmediatamente antes o despu\u00e9s de la exposici\u00f3n al sol, y evitar la luz durante al menos 12 horas despu\u00e9s de su uso.<\/p>\n\n\n\n<p><strong>4. Evitar el contacto con los ojos o heridas:<\/strong> Evite el contacto de los aceites esenciales con los ojos o la piel da\u00f1ada. En caso de contacto accidental con los ojos, enjuague inmediatamente con abundante agua y busque atenci\u00f3n m\u00e9dica de inmediato.<\/p>\n\n\n\n<h2 class=\"wp-block-heading\">Conclusi\u00f3n<\/h2>\n\n\n\n<p>Como aceite esencial de alta calidad para el cuidado capilar natural, el aceite esencial de bergamota ocupa un lugar \u00fanico en el cuidado capilar gracias a su excelente efecto hidratante y su fragancia fresca y agradable. Sus ricos ingredientes activos naturales pueden mejorar eficazmente el cuero cabelludo y aliviar el estr\u00e9s. Se puede mezclar con diversos aceites esenciales, presentando una gran adaptabilidad y una amplia gama de aplicaciones.&nbsp;<\/p>\n\n\n\n<p>Ya sea que se utilice para el cabello, el cuero cabelludo o para relajar el cuerpo con aromaterapia, el aceite esencial de bergamota es una opci\u00f3n natural.<\/p>","protected":false},"excerpt":{"rendered":"Bergamot Essential Oil Manufacturing Common Formulas As the manufacturer and long-term supplier of bergamot essential oil, we strictly select ripe bergamot fruits and use sophisticated technology to extract and retain natural ingredients such as limonene, linalool, linalool acetate, etc., to provide safe, natural, and lasting support for hair care. 1. Limonene: Limonene is a natural [&hellip;]","protected":false},"featured_media":3611,"menu_order":0,"template":"","meta":[],"product-tag":[],"products":[53],"class_list":["post-3610","product","type-product","status-publish","has-post-thumbnail","hentry","products-essential-oil"],"acf":[],"_links":{"self":[{"href":"https:\/\/www.ruiqigo.com\/es\/wp-json\/wp\/v2\/product\/3610","targetHints":{"allow":["GET"]}}],"collection":[{"href":"https:\/\/www.ruiqigo.com\/es\/wp-json\/wp\/v2\/product"}],"about":[{"href":"https:\/\/www.ruiqigo.com\/es\/wp-json\/wp\/v2\/types\/product"}],"version-history":[{"count":0,"href":"https:\/\/www.ruiqigo.com\/es\/wp-json\/wp\/v2\/product\/3610\/revisions"}],"wp:featuredmedia":[{"embeddable":true,"href":"https:\/\/www.ruiqigo.com\/es\/wp-json\/wp\/v2\/media\/3611"}],"wp:attachment":[{"href":"https:\/\/www.ruiqigo.com\/es\/wp-json\/wp\/v2\/media?parent=3610"}],"wp:term":[{"taxonomy":"product-tag","embeddable":true,"href":"https:\/\/www.ruiqigo.com\/es\/wp-json\/wp\/v2\/product-tag?post=3610"},{"taxonomy":"products","embeddable":true,"href":"https:\/\/www.ruiqigo.com\/es\/wp-json\/wp\/v2\/products?post=3610"}],"curies":[{"name":"wp","href":"https:\/\/api.w.org\/{rel}","templated":true}]}}