{"id":3620,"date":"2025-06-12T11:24:09","date_gmt":"2025-06-12T03:24:09","guid":{"rendered":"https:\/\/www.ruiqigo.com\/?post_type=product&#038;p=3620"},"modified":"2025-06-12T11:24:10","modified_gmt":"2025-06-12T03:24:10","slug":"wooden-bath-brush","status":"publish","type":"product","link":"https:\/\/www.ruiqigo.com\/es\/product\/wooden-bath-brush","title":{"rendered":"Cepillo de ba\u00f1o de madera"},"content":{"rendered":"<h2 class=\"wp-block-heading\">Caracter\u00edsticas del cepillo de ba\u00f1o de madera<\/h2>\n\n\n\n<p>El cepillo de ba\u00f1o de madera es natural y pr\u00e1ctico. No solo conserva el estilo r\u00fastico de los cepillos tradicionales hechos a mano, sino que tambi\u00e9n incorpora la ergonom\u00eda de un dise\u00f1o moderno. Su cuerpo de madera es resistente y duradero, c\u00e1lido y sus cerdas ofrecen diversas opciones para el cuidado de la piel.<\/p>\n\n\n\n<p><strong>1. Cuerpo del cepillo de madera maciza natural: <\/strong>Los cepillos de ba\u00f1o de madera suelen estar hechos de haya natural, roble y otras maderas nobles. Tienen una estructura compacta, no se agrietan f\u00e1cilmente, tienen buen agarre y propiedades antideslizantes, y son de excelente calidad.&nbsp;<\/p>\n\n\n\n<p><strong>2. Exquisita tecnolog\u00eda de tratamiento de superficies:<\/strong> La superficie del cepillo de ba\u00f1o est\u00e1 pulida muy suavemente y sellada con aceite vegetal o pintura ecol\u00f3gica para mejorar su rendimiento a prueba de humedad y moho.&nbsp;<\/p>\n\n\n\n<p><strong>3. Larga vida \u00fatil: <\/strong>La estructura del cepillo para el cabello es firme e incluye una correa de agarre para sujetarlo f\u00e1cilmente. Adem\u00e1s, es f\u00e1cil de secar y guardar, lo que prolonga su vida \u00fatil.&nbsp;<\/p>\n\n\n\n<p><strong>4. Adecuado para una variedad de escenarios de lavado y cuidado:<\/strong> Nuestro cepillo de ba\u00f1o de madera se puede usar tanto para cepillado en seco como en h\u00famedo. Es ideal para diversas situaciones de lavado y cuidado, ya sea para el ba\u00f1o diario o para masajes con cepillado en seco, y sus funciones son muy vers\u00e1tiles.&nbsp;<\/p>\n\n\n\n<p><strong>5. Diversas opciones de cerdas:<\/strong> Los cepillos de ba\u00f1o de madera se pueden combinar con cerdas naturales como cerdas de jabal\u00ed y pelo de caballo, o fibras sint\u00e9ticas flexibles para satisfacer las necesidades de diferentes tipos de piel (como piel sensible, piel grasa, etc.).<\/p>\n\n\n\n<h2 class=\"wp-block-heading\">Ventajas del cepillo de ba\u00f1o de madera<\/h2>\n\n\n\n<p>En comparaci\u00f3n con los cepillos de ba\u00f1o de pl\u00e1stico, los cepillos de ba\u00f1o de madera ofrecen ventajas naturales en cuanto a experiencia de uso, respeto al medio ambiente y textura. No solo ofrecen una exfoliaci\u00f3n eficaz y efectos de masaje, sino que tambi\u00e9n satisfacen la b\u00fasqueda de naturalidad y sostenibilidad de los usuarios modernos.&nbsp;<\/p>\n\n\n\n<p><strong>1. Natural y respetuoso con el medio ambiente:<\/strong> Los cepillos de ba\u00f1o de madera est\u00e1n fabricados \u00edntegramente con madera y cerdas no t\u00f3xicas, naturales y biodegradables, que est\u00e1n en l\u00ednea con el concepto de consumo sostenible y verde y son muy respetuosos con el medio ambiente.&nbsp;<\/p>\n\n\n\n<p><strong>2. Duradero:<\/strong> El cuerpo del cepillo, hecho de madera natural, tiene una estructura estable, es resistente al desgaste y a la presi\u00f3n, y es duradero. Su vida \u00fatil supera con creces la de los cepillos de ba\u00f1o de pl\u00e1stico convencionales.&nbsp;<\/p>\n\n\n\n<p><strong>3. Limpieza y exfoliaci\u00f3n potente:<\/strong> Las cerdas naturales, como las de jabal\u00ed, tienen una dureza moderada y pueden limpiar eficazmente las manchas de sudor, la suciedad y la piel muerta sin irritar ni da\u00f1ar la piel.&nbsp;<\/p>\n\n\n\n<p><strong>4. Favorecer la circulaci\u00f3n sangu\u00ednea: <\/strong>El uso de un cepillo de ba\u00f1o de madera puede estimular suavemente las terminaciones nerviosas, despertar la vitalidad de la piel y ayudar a la circulaci\u00f3n sangu\u00ednea, el metabolismo y la reafirmaci\u00f3n de la piel en el cuerpo.&nbsp;<\/p>\n\n\n\n<p><strong>5. Alto rendimiento en relaci\u00f3n calidad-precio:<\/strong> El cepillo de ba\u00f1o de madera solo necesita secarse regularmente y mantenerse en un lugar ventilado. No requiere un mantenimiento complicado y es f\u00e1cil y c\u00f3modo de usar, lo que lo hace muy econ\u00f3mico.<\/p>\n\n\n\n<h2 class=\"wp-block-heading\">Cepillo de ba\u00f1o de madera Grupo objetivo<\/h2>\n\n\n\n<p>El cepillo de ba\u00f1o de madera es ampliamente utilizado por personas de diferentes edades y estilos de vida gracias a su excelente rendimiento, como su material natural, su estructura estable y sus diversas funciones. Tanto para quienes buscan el aseo y cuidado diario como para quienes necesitan masajes y exfoliaciones, este producto les brindar\u00e1 una experiencia ideal.&nbsp;<\/p>\n\n\n\n<p><strong>1. Usuarios dom\u00e9sticos diarios:<\/strong> Adecuado para la limpieza diaria y la comodidad del ba\u00f1o.<\/p>\n\n\n\n<p><strong>2. Personas de mediana edad y mayores: <\/strong>Las cerdas suaves son adecuadas para personas con piel fr\u00e1gil o con problemas de movilidad, lo que ayuda a promover la circulaci\u00f3n sangu\u00ednea en el cuerpo y mejorar la salud.<\/p>\n\n\n\n<p><strong>3. Personas con piel sensible:<\/strong> Puedes elegir cerdas suaves, como pelo de caballo suave y fibras sint\u00e9ticas, para limpiar suavemente la piel sin causar irritaci\u00f3n ni da\u00f1os.<\/p>\n\n\n\n<p><strong>4. Personas que hacen ejercicio y se mantienen en forma:<\/strong> Despu\u00e9s de hacer ejercicio, puedes usar un cepillo de ba\u00f1o de madera para cepillarte en seco o en h\u00famedo, lo que ayuda a aliviar la fatiga muscular, destapar los poros y limpiar el sudor.<\/p>\n\n\n\n<h2 class=\"wp-block-heading\">Proceso de producci\u00f3n de cepillos de ba\u00f1o de madera<\/h2>\n\n\n\n<p>El proceso de fabricaci\u00f3n del cepillo de ba\u00f1o de madera se centra en la selecci\u00f3n y la artesan\u00eda fina. Desde la selecci\u00f3n de las materias primas hasta la implantaci\u00f3n de las cerdas, se requieren m\u00faltiples procesos para garantizar que el producto sea resistente, duradero, suave y sin rebabas.<\/p>\n\n\n\n<p><strong>1. Selecci\u00f3n de materia prima:<\/strong> Se utiliza madera natural desengrasada y secada para evitar el agrietamiento y el moho.<\/p>\n\n\n\n<p><strong>2. Implantaci\u00f3n de cerdas: <\/strong>Las cerdas se implantan de forma manual o semiautom\u00e1tica y se disponen de forma apretada y uniforme.<\/p>\n\n\n\n<p><strong>3. Pulido: <\/strong>La superficie del cepillo de ba\u00f1o se somete a m\u00faltiples rondas de lijado para eliminar rebabas y asperezas, lo que garantiza un agarre suave y seguro.<\/p>\n\n\n\n<p><strong>4. Recubrimiento impermeable:<\/strong> Se aplica cera de madera natural, aceite o barniz a la superficie del cuerpo del cepillo para mejorar el rendimiento a prueba de humedad, moho y durabilidad del cuerpo del cepillo.<\/p>\n\n\n\n<p><strong>5. Inspecci\u00f3n de calidad del producto:<\/strong> Cada lote de productos debe pasar por varias inspecciones de calidad, como la inspecci\u00f3n de higiene, antes de salir de la f\u00e1brica para garantizar que cada lote de productos cumpla con los est\u00e1ndares del mercado y las necesidades del cliente.<\/p>\n\n\n\n<h2 class=\"wp-block-heading\">Aplicaciones del cepillo de ba\u00f1o de madera<\/h2>\n\n\n\n<p>El cepillo de ba\u00f1o de madera tiene una amplia gama de usos. No solo es adecuado para el ba\u00f1o diario en casa, sino que tambi\u00e9n se utiliza a menudo en centros de cuidado personal como gimnasios y spas. Es ideal para despertarse por la ma\u00f1ana, relajarse despu\u00e9s del ejercicio, realizar una limpieza profunda y otros usos.<\/p>\n\n\n\n<p>1. En la limpieza diaria del hogar y el ba\u00f1o, se puede utilizar para limpiar la espalda, las piernas y otras partes que son dif\u00edciles de cepillar a fondo.<\/p>\n\n\n\n<p>2. Despu\u00e9s de despertarse por la ma\u00f1ana, tambi\u00e9n puede usarlo para cepillarse en seco para despertar el nuevo d\u00eda, promover la circulaci\u00f3n sangu\u00ednea en el cuerpo y mejorar la vitalidad.<\/p>\n\n\n\n<p>3. Despu\u00e9s de hacer ejercicio, puede utilizar un cepillo de ba\u00f1o de madera para aliviar la tensi\u00f3n muscular causada por el ejercicio y ayudar a la descarga de desechos metab\u00f3licos.<\/p>\n\n\n\n<h2 class=\"wp-block-heading\">C\u00f3mo utilizar el cepillo de ba\u00f1o de madera<\/h2>\n\n\n\n<p>El cepillo de ba\u00f1o de madera es f\u00e1cil de usar. Puedes elegir entre un cepillo seco o uno h\u00famedo seg\u00fan tus necesidades de limpieza.<\/p>\n\n\n\n<p><strong>1. Pincel seco:<\/strong> Cepille su cuerpo en seco durante unos 5 minutos todas las ma\u00f1anas despu\u00e9s de levantarse, lo cual es beneficioso para promover la circulaci\u00f3n sangu\u00ednea y estimular la vitalidad corporal.<\/p>\n\n\n\n<p><strong>2. Pincel h\u00famedo:<\/strong> Ideal para limpiar durante el ba\u00f1o. Humedezca las cerdas, aplique una peque\u00f1a cantidad de gel de ducha y limpie el cuerpo con movimientos circulares.<\/p>\n\n\n\n<p><strong>Nota:<\/strong> Durante el proceso de limpieza, evite frotar con fuerza para evitar irritar la piel. Despu\u00e9s de usar, se recomienda enjuagar las cerdas con agua limpia, secarlas y evitar remojarlas en agua durante mucho tiempo para prolongar su vida \u00fatil.<\/p>","protected":false},"excerpt":{"rendered":"Wooden Bath Brush Features The wooden bath brush is both natural and practical. It not only retains the rustic style of traditional handmade brushes but also incorporates the ergonomics concept of modern design. Its wooden brush body is sturdy and durable, feels warm, and the appropriate bristles provide a variety of skin care options. 1. [&hellip;]","protected":false},"featured_media":3621,"menu_order":0,"template":"","meta":[],"product-tag":[],"products":[166],"class_list":["post-3620","product","type-product","status-publish","has-post-thumbnail","hentry","products-bath-brush"],"acf":[],"_links":{"self":[{"href":"https:\/\/www.ruiqigo.com\/es\/wp-json\/wp\/v2\/product\/3620","targetHints":{"allow":["GET"]}}],"collection":[{"href":"https:\/\/www.ruiqigo.com\/es\/wp-json\/wp\/v2\/product"}],"about":[{"href":"https:\/\/www.ruiqigo.com\/es\/wp-json\/wp\/v2\/types\/product"}],"version-history":[{"count":0,"href":"https:\/\/www.ruiqigo.com\/es\/wp-json\/wp\/v2\/product\/3620\/revisions"}],"wp:featuredmedia":[{"embeddable":true,"href":"https:\/\/www.ruiqigo.com\/es\/wp-json\/wp\/v2\/media\/3621"}],"wp:attachment":[{"href":"https:\/\/www.ruiqigo.com\/es\/wp-json\/wp\/v2\/media?parent=3620"}],"wp:term":[{"taxonomy":"product-tag","embeddable":true,"href":"https:\/\/www.ruiqigo.com\/es\/wp-json\/wp\/v2\/product-tag?post=3620"},{"taxonomy":"products","embeddable":true,"href":"https:\/\/www.ruiqigo.com\/es\/wp-json\/wp\/v2\/products?post=3620"}],"curies":[{"name":"wp","href":"https:\/\/api.w.org\/{rel}","templated":true}]}}