{"id":3626,"date":"2025-06-12T14:04:02","date_gmt":"2025-06-12T06:04:02","guid":{"rendered":"https:\/\/www.ruiqigo.com\/?post_type=product&#038;p=3626"},"modified":"2025-06-19T09:23:36","modified_gmt":"2025-06-19T01:23:36","slug":"beard-conditioner","status":"publish","type":"product","link":"https:\/\/www.ruiqigo.com\/es\/product\/beard-conditioner","title":{"rendered":"Acondicionador para barba"},"content":{"rendered":"<h2 class=\"wp-block-heading\">F\u00f3rmulas comunes para la fabricaci\u00f3n de acondicionadores para barba<\/h2>\n\n\n\n<p>Somos desarrolladores dedicados al cuidado de la barba. Nos centramos en las necesidades espec\u00edficas del vello facial y la piel subyacente, seleccionamos ingredientes con funciones hidratantes, suavizantes, calmantes y otras, y mediante compuestos cient\u00edficos, creamos acondicionadores efectivos que mejoran la salud y la comodidad de la barba.<\/p>\n\n\n\n<p><strong>1. Aceite de jojoba:<\/strong> Es el emoliente principal de los acondicionadores para barba y penetra en la barba y la piel subyacente. Hidrata sin obstruir los poros, suaviza las barbas \u00e1speras, ayuda a mantener la barrera hidratante natural de la piel, previene la sequedad y la irritaci\u00f3n de la barba, y garantiza una textura suave.<\/p>\n\n\n\n<p><strong>2.Aceite de arg\u00e1n:<\/strong> Rico en \u00e1cidos grasos y vitamina E, es un aditivo altamente nutritivo. En el cuidado de la barba, nutre los fol\u00edculos pilosos, fortalece el tallo piloso, reduce el encrespamiento y aporta un brillo saludable. Sus ingredientes antioxidantes tambi\u00e9n pueden proteger la barba y la piel del da\u00f1o ambiental y retrasar el envejecimiento prematuro del vello facial.<\/p>\n\n\n\n<p><strong>3. Manteca de karit\u00e9:<\/strong> Como l\u00edpido natural, proporciona una hidrataci\u00f3n intensa. Retiene la humedad, suaviza las barbas \u00e1speras e indomables y alivia la piel irritada debajo de la barba, especialmente en barbas secas y \u00e1speras.<\/p>\n\n\n\n<p><strong>4.Glicerina:<\/strong> Un humectante com\u00fan en acondicionadores, hidrata la barba y la piel para prevenir la sequedad y la fragilidad. Aumenta la hidrataci\u00f3n general de la barba, haci\u00e9ndola m\u00e1s flexible y menos propensa a romperse, y tambi\u00e9n facilita el funcionamiento de otros ingredientes hidratantes.<\/p>\n\n\n\n<p><strong>5.Pantenol:<\/strong> Tambi\u00e9n conocida como provitamina B5, posee excelentes propiedades reparadoras. Penetra en la barba para mejorar su elasticidad y resistencia. Calma la piel irritada bajo la barba, promueve la reparaci\u00f3n cut\u00e1nea, reduce el enrojecimiento y repara las barbas da\u00f1adas para una apariencia m\u00e1s gruesa y saludable.<\/p>\n\n\n\n<h2 class=\"wp-block-heading\">Las funciones del acondicionador de barba<\/h2>\n\n\n\n<p>El acondicionador para barba es un tratamiento especializado que aborda las necesidades espec\u00edficas del vello facial y la piel subyacente. Su f\u00f3rmula personalizada ofrece m\u00faltiples beneficios para una barba m\u00e1s sana y manejable.<\/p>\n\n\n\n<p><strong>1. Hidrata y suaviza profundamente:<\/strong> Los acondicionadores utilizan emolientes como jojoba y manteca de karit\u00e9 para penetrar en el tallo del cabello, reponer la humedad y reducir eficazmente la aspereza, haciendo que la barba se sienta m\u00e1s suave y m\u00e1s f\u00e1cil de peinar.<\/p>\n\n\n\n<p><strong>2. Calma la piel y alivia la irritaci\u00f3n:<\/strong> Los acondicionadores a menudo contienen ingredientes como aloe vera o pantenol para aliviar el enrojecimiento, la picaz\u00f3n y la inflamaci\u00f3n, y equilibrar la producci\u00f3n natural de aceite de la piel para prevenir el exceso de secreci\u00f3n de aceite o sequedad.<\/p>\n\n\n\n<p><strong>3. Fortalece y repara:<\/strong> Las prote\u00ednas y vitaminas de los acondicionadores fortalecen la estructura de tu barba, reducen la rotura y las puntas abiertas y ayudan a mejorar la sequedad y la fragilidad.<\/p>\n\n\n\n<p><strong>4. Controla el frizz y mejora el brillo: <\/strong>Los pol\u00edmeros sin silicona o los aceites naturales del producto cubren las escamas del cabello, alisando las barbas rebeldes y d\u00e1ndoles un brillo natural.<\/p>\n\n\n\n<p><strong>5. Apoyo a la salud de la barba a largo plazo: <\/strong>El uso regular de acondicionador para barba puede nutrir los fol\u00edculos pilosos y promover un crecimiento m\u00e1s grueso y fuerte con el tiempo. Para barbas irregulares o de crecimiento lento, el cuidado continuo puede mejorar su grosor y densidad.<\/p>\n\n\n\n<h2 class=\"wp-block-heading\">C\u00f3mo usar el acondicionador para barba<\/h2>\n\n\n\n<p>El acondicionador de barba debe usarse correctamente para hidratarla, suavizarla y nutrirla por completo. Sigue estos pasos para mantener tu barba sana y manejable.<\/p>\n\n\n\n<p><strong>1. Limpia tu barba primero:<\/strong> L\u00e1vese la barba con un champ\u00fa suave para barba (un champ\u00fa suave com\u00fan sin sulfatos funcionar\u00e1) antes de usarlo para crear un ambiente de base limpio para que el acondicionador act\u00fae.<\/p>\n\n\n\n<p><strong>2. Dispensar la cantidad correcta:<\/strong> La cantidad depende del largo y el grosor de tu barba. Aplica el acondicionador en la palma de la mano.<\/p>\n\n\n\n<p><strong>3. Aplicar uniformemente sobre la barba: <\/strong>Aplicar desde la ra\u00edz de la barba hasta la punta, asegur\u00e1ndose de cubrir toda la barba, y masajear la piel debajo de la barba.<\/p>\n\n\n\n<p><strong>4. D\u00e9jalo reposar para una absorci\u00f3n \u00f3ptima: <\/strong>Tras la aplicaci\u00f3n, deja actuar el acondicionador sobre la barba de 2 a 5 minutos. Deja que el producto penetre profundamente en el tallo piloso y act\u00fae sobre la piel subyacente.<\/p>\n\n\n\n<p><strong>5. Enjuague bien:<\/strong> Enjuague la barba con agua tibia hasta eliminar todo el acondicionador.<\/p>\n\n\n\n<p><strong>6. Secar y peinar como de costumbre: <\/strong>Seca la barba con una toalla limpia. Despu\u00e9s, puedes usar un cepillo o peine para barba para peinarla.<\/p>\n\n\n\n<p><strong>Recomendaci\u00f3n:<\/strong>Generalmente, 2 o 3 veces por semana es suficiente. Ajusta el tiempo seg\u00fan c\u00f3mo te sientas con la barba.<\/p>\n\n\n\n<h2 class=\"wp-block-heading\">Precauci\u00f3n<\/h2>\n\n\n\n<p>El acondicionador para barba est\u00e1 dise\u00f1ado para el vello facial y la piel subyacente. Para garantizar una experiencia de uso segura y eficaz y evitar posibles molestias o problemas, preste atenci\u00f3n a los siguientes puntos.<\/p>\n\n\n\n<p><strong>1. Prueba cut\u00e1nea: <\/strong>Antes del primer uso, se requiere una prueba cut\u00e1nea. Aplique una peque\u00f1a cantidad de acondicionador en una zona peque\u00f1a, como detr\u00e1s de la oreja y en la parte interior de la mu\u00f1eca. Tras confirmar que no hay ninguna reacci\u00f3n adversa, apl\u00edquelo en la barba y la piel en una zona amplia.<\/p>\n\n\n\n<p><strong>2. Evite la aplicaci\u00f3n incorrecta: <\/strong>No aplique el acondicionador sobre la piel da\u00f1ada debajo de la barba. Los ingredientes del producto pueden irritar las zonas da\u00f1adas y aumentar las molestias.<\/p>\n\n\n\n<p><strong>3. Evitar el contacto con los ojos:<\/strong> En caso de contacto accidental con los ojos, enju\u00e1guelos inmediatamente con abundante agua. Si la irritaci\u00f3n persiste, busque atenci\u00f3n m\u00e9dica de inmediato.<\/p>\n\n\n\n<p><strong>4. Almacenamiento adecuado:<\/strong> Guarde el acondicionador de barba en un lugar fresco y seco, evite la luz solar directa y las altas temperaturas para evitar su deterioro.<\/p>\n\n\n\n<h2 class=\"wp-block-heading\">Conclusi\u00f3n<\/h2>\n\n\n\n<p>El Acondicionador para Barba es un producto con ingredientes cuidadosamente seleccionados y formulado cient\u00edficamente que desempe\u00f1a un papel esencial en el cuidado de la barba. Hidrata, suaviza y protege eficazmente el vello facial y la piel subyacente. Con el uso continuo, ayuda a los usuarios a lograr una barba c\u00f3moda y bien cuidada, realzando su estilo personal y su confianza.<\/p>\n\n\n\n<p><\/p>","protected":false},"excerpt":{"rendered":"Beard Conditioner Manufacturing Common Formulas We are dedicated beard care formula developers. Focusing on the unique needs of facial hair and the skin underneath, we select ingredients based on moisturizing, softening, soothing and other functions, and through scientific compounding, we create effective conditioners that improve the health and comfort of beards. 1. Jojoba oil: It [&hellip;]","protected":false},"featured_media":3629,"menu_order":0,"template":"","meta":[],"product-tag":[],"products":[52],"class_list":["post-3626","product","type-product","status-publish","has-post-thumbnail","hentry","products-conditioner"],"acf":[],"_links":{"self":[{"href":"https:\/\/www.ruiqigo.com\/es\/wp-json\/wp\/v2\/product\/3626","targetHints":{"allow":["GET"]}}],"collection":[{"href":"https:\/\/www.ruiqigo.com\/es\/wp-json\/wp\/v2\/product"}],"about":[{"href":"https:\/\/www.ruiqigo.com\/es\/wp-json\/wp\/v2\/types\/product"}],"version-history":[{"count":0,"href":"https:\/\/www.ruiqigo.com\/es\/wp-json\/wp\/v2\/product\/3626\/revisions"}],"wp:featuredmedia":[{"embeddable":true,"href":"https:\/\/www.ruiqigo.com\/es\/wp-json\/wp\/v2\/media\/3629"}],"wp:attachment":[{"href":"https:\/\/www.ruiqigo.com\/es\/wp-json\/wp\/v2\/media?parent=3626"}],"wp:term":[{"taxonomy":"product-tag","embeddable":true,"href":"https:\/\/www.ruiqigo.com\/es\/wp-json\/wp\/v2\/product-tag?post=3626"},{"taxonomy":"products","embeddable":true,"href":"https:\/\/www.ruiqigo.com\/es\/wp-json\/wp\/v2\/products?post=3626"}],"curies":[{"name":"wp","href":"https:\/\/api.w.org\/{rel}","templated":true}]}}