{"id":3632,"date":"2025-06-17T17:05:37","date_gmt":"2025-06-17T09:05:37","guid":{"rendered":"https:\/\/www.ruiqigo.com\/?post_type=product&#038;p=3632"},"modified":"2025-06-17T17:05:38","modified_gmt":"2025-06-17T09:05:38","slug":"benzoyl-peroxide-body-wash","status":"publish","type":"product","link":"https:\/\/www.ruiqigo.com\/es\/product\/benzoyl-peroxide-body-wash","title":{"rendered":"Gel de ba\u00f1o con per\u00f3xido de benzoilo"},"content":{"rendered":"<h2 class=\"wp-block-heading\">F\u00f3rmulas comunes de fabricaci\u00f3n de gel de ducha con per\u00f3xido de benzoilo<\/h2>\n\n\n\n<p>Al desarrollar el gel de ducha con per\u00f3xido de benzoilo, utilizamos una combinaci\u00f3n de ingredientes activos con m\u00faltiples efectos de cuidado, que no solo garantizan la esterilizaci\u00f3n y el poder limpiador, sino que tambi\u00e9n tienen en cuenta las propiedades calmantes e hidratantes. Ingredientes clave como el per\u00f3xido de benzoilo, la niacinamida, la glicerina y el lauroil sarcosinato de sodio, entre otros, pueden purificar sin\u00e9rgicamente los poros, equilibrar la secreci\u00f3n seb\u00e1cea y reparar la barrera cut\u00e1nea. Adem\u00e1s, incorporamos extractos de plantas y un sistema de espuma suave para mejorar a\u00fan m\u00e1s la experiencia del usuario.&nbsp;<\/p>\n\n\n\n<p><strong>1. Per\u00f3xido de benzoilo:<\/strong> Este ingrediente antibacteriano de amplio espectro puede eliminar eficazmente la Propionibacterium, causante del acn\u00e9. Elimina las c\u00e9lulas muertas y la grasa de la piel, penetra profundamente en los poros para destapar obstrucciones y es un ingrediente clave para la eliminaci\u00f3n terap\u00e9utica del acn\u00e9.&nbsp;<\/p>\n\n\n\n<p><strong>2. Niacinamida:<\/strong> Puede ayudar a regular la secreci\u00f3n seb\u00e1cea, aclarar el tono de la piel y aliviar la inflamaci\u00f3n causada por el acn\u00e9. Es compatible con per\u00f3xido de benzoilo para reducir la irritaci\u00f3n y mejorar la capacidad de reparaci\u00f3n de la barrera cut\u00e1nea.&nbsp;<\/p>\n\n\n\n<p><strong>3. Glicerina:<\/strong> La glicerina es un humectante natural que puede mantener la humedad en el estrato c\u00f3rneo mientras limpia la piel, aliviar la sequedad y el malestar causados por la limpieza, mejorar la suavidad y elasticidad de la piel y prevenir la tirantez de la piel causada por una limpieza excesiva.&nbsp;<\/p>\n\n\n\n<p><strong>4. Lauroil sarcosinato de sodio: <\/strong>Este agente espumante suave no contiene sulfatos. Reduce la irritaci\u00f3n en pieles sensibles y mantiene la barrera cut\u00e1nea natural durante la limpieza. Es suave y no irrita.&nbsp;<\/p>\n\n\n\n<p><strong>5. Aceite esencial de \u00e1rbol de t\u00e9:<\/strong> El aceite esencial de \u00e1rbol de t\u00e9 es un ingrediente antibacteriano natural con buen control de la grasa y efectos antiinflamatorios. Puede potenciar la eliminaci\u00f3n del acn\u00e9, adem\u00e1s de proporcionar una experiencia de aroma refrescante y agradable.<\/p>\n\n\n\n<h2 class=\"wp-block-heading\">Las funciones del gel de ba\u00f1o con per\u00f3xido de benzoilo<\/h2>\n\n\n\n<p><strong>1. Refrescante y no graso:<\/strong> El gel de ducha con per\u00f3xido de benzoilo tiene una textura ligera y no deja residuos tras el enjuague. Es apto para usar en temporadas de calor o despu\u00e9s del ejercicio, ya que deja la piel con una sensaci\u00f3n de frescura.&nbsp;<\/p>\n\n\n\n<p><strong>2. Espuma suave:<\/strong> Nuestra f\u00f3rmula no contiene jab\u00f3n y utiliza tensioactivos de amino\u00e1cidos. Produce espuma suave y r\u00e1pida, abundante y f\u00e1cil de enjuagar, ideal para el cuidado diario frecuente.\u00a0<\/p>\n\n\n\n<p><strong>3. De acci\u00f3n r\u00e1pida:<\/strong> Los ingredientes activos de la f\u00f3rmula del gel de ba\u00f1o con per\u00f3xido de benzoilo pueden actuar r\u00e1pidamente en el \u00e1rea del acn\u00e9, acortar el ciclo de inflamaci\u00f3n y aliviar el enrojecimiento y la hinchaz\u00f3n de la piel.&nbsp;<\/p>\n\n\n\n<p><strong>4. Reparaci\u00f3n:<\/strong> Este producto est\u00e1 formulado con ingredientes humectantes y calmantes, que pueden reducir la irritaci\u00f3n de la piel mientras limpia y mantiene el equilibrio de agua y aceite de la piel.&nbsp;<\/p>\n\n\n\n<p><strong>5. No se obstruyen f\u00e1cilmente los poros:<\/strong> El gel de ducha con per\u00f3xido de benzoilo no contiene ingredientes que provoquen acn\u00e9 y no obstruye f\u00e1cilmente los poros. Es apto para uso prolongado en personas con problemas recurrentes de comedones cerrados y acn\u00e9.&nbsp;<\/p>\n\n\n\n<p><strong>6. Alta estabilidad del producto:<\/strong> El gel de ba\u00f1o con per\u00f3xido de benzoilo adopta una f\u00f3rmula de baja irritaci\u00f3n y un proceso estable, que puede controlar eficazmente la oxidaci\u00f3n de los ingredientes activos y mejorar la vida \u00fatil y la seguridad.\u00a0<\/p>\n\n\n\n<h2 class=\"wp-block-heading\">C\u00f3mo usar el gel de ba\u00f1o con per\u00f3xido de benzoilo<\/h2>\n\n\n\n<p>El gel de ducha con per\u00f3xido de benzoilo es f\u00e1cil de usar y apto para la limpieza diaria y el cuidado de la piel con tendencia acneica. Recomendamos usarlo una vez al d\u00eda o en d\u00edas alternos, prestando atenci\u00f3n al tiempo y a la zona de aplicaci\u00f3n.&nbsp;<\/p>\n\n\n\n<p>1. Moja tu piel, saca una cantidad adecuada de gel de ba\u00f1o y col\u00f3calo en la palma de la mano o en una bola de ba\u00f1o y fr\u00f3talo para crear espuma.<\/p>\n\n\n\n<p>2. Masajee suavemente la espuma en la espalda, brazos, muslos y otras zonas, y d\u00e9jela actuar durante 1 o 2 minutos para mejorar la eficacia del producto.<\/p>\n\n\n\n<p>3. Enjuague bien la espuma con agua limpia para evitar residuos.<\/p>\n\n\n\n<p>4. Se recomienda aplicar una loci\u00f3n corporal no irritante para hidratar despu\u00e9s de su uso.<\/p>\n\n\n\n<h2 class=\"wp-block-heading\">Precauci\u00f3n<\/h2>\n\n\n\n<p><strong>1. Se requiere una prueba cut\u00e1nea para el primer uso:<\/strong> Recomendamos comenzar con un \u00e1rea peque\u00f1a para garantizar que no haya irritaci\u00f3n o reacci\u00f3n al\u00e9rgica en la piel antes de ampliar el alcance de uso.&nbsp;<\/p>\n\n\n\n<p><strong>2. Evitar el contacto con los ojos:<\/strong> Evite el contacto con los ojos durante su uso. En caso de contacto accidental con los ojos, enjuague inmediatamente con abundante agua para evitar la irritaci\u00f3n.\u00a0<\/p>\n\n\n\n<p><strong>3. No utilizar con productos exfoliantes fuertes:<\/strong> Evite usarlo el mismo d\u00eda con productos que contengan AHA\/BHA u otros ingredientes irritantes para evitar molestias como enrojecimiento, hinchaz\u00f3n y descamaci\u00f3n.\u00a0<\/p>\n\n\n\n<p><strong>4. Preste atenci\u00f3n a la protecci\u00f3n solar despu\u00e9s de su uso:<\/strong> Dado que este producto contiene per\u00f3xido de benzoilo, puede aumentar la sensibilidad de la piel a los rayos ultravioleta. Por lo tanto, si se usa durante el d\u00eda, utilice protectores solares corporales.&nbsp;<\/p>\n\n\n\n<h2 class=\"wp-block-heading\">Conclusi\u00f3n<\/h2>\n\n\n\n<p>El gel de ducha con per\u00f3xido de benzoilo es un producto de ba\u00f1o funcional con un excelente poder limpiador y reparador. Utiliza ingredientes altamente efectivos como el per\u00f3xido de benzoilo y la niacinamida para penetrar profundamente en los poros y combatir las bacterias del acn\u00e9. Es adecuado para el cuidado de la piel con tendencia acneica en diversas partes del cuerpo. Este producto est\u00e1 dise\u00f1ado para uso diario, con propiedades limpiadoras, hidratantes y suaves, y es apto para uso prolongado en personas con acn\u00e9 frecuente o propenso a reapariciones. Su uso adecuado puede mejorar eficazmente el estado de la piel con tendencia acneica y restaurar su suavidad y textura saludable.<\/p>","protected":false},"excerpt":{"rendered":"Benzoyl Peroxide Body Wash Manufacturing Common Formulas When developing benzoyl peroxide body wash, we used a combination of active ingredients with multiple care effects, which not only ensures sterilization and cleaning power, but also takes into account soothing and moisturizing. Core ingredients such as benzoyl peroxide, niacinamide, glycerin, sodium lauroyl sarcosinate, etc., can synergistically purify [&hellip;]","protected":false},"featured_media":3655,"menu_order":0,"template":"","meta":[],"product-tag":[],"products":[57],"class_list":["post-3632","product","type-product","status-publish","has-post-thumbnail","hentry","products-body-wash"],"acf":[],"_links":{"self":[{"href":"https:\/\/www.ruiqigo.com\/es\/wp-json\/wp\/v2\/product\/3632","targetHints":{"allow":["GET"]}}],"collection":[{"href":"https:\/\/www.ruiqigo.com\/es\/wp-json\/wp\/v2\/product"}],"about":[{"href":"https:\/\/www.ruiqigo.com\/es\/wp-json\/wp\/v2\/types\/product"}],"version-history":[{"count":0,"href":"https:\/\/www.ruiqigo.com\/es\/wp-json\/wp\/v2\/product\/3632\/revisions"}],"wp:featuredmedia":[{"embeddable":true,"href":"https:\/\/www.ruiqigo.com\/es\/wp-json\/wp\/v2\/media\/3655"}],"wp:attachment":[{"href":"https:\/\/www.ruiqigo.com\/es\/wp-json\/wp\/v2\/media?parent=3632"}],"wp:term":[{"taxonomy":"product-tag","embeddable":true,"href":"https:\/\/www.ruiqigo.com\/es\/wp-json\/wp\/v2\/product-tag?post=3632"},{"taxonomy":"products","embeddable":true,"href":"https:\/\/www.ruiqigo.com\/es\/wp-json\/wp\/v2\/products?post=3632"}],"curies":[{"name":"wp","href":"https:\/\/api.w.org\/{rel}","templated":true}]}}