{"id":3645,"date":"2025-06-16T11:20:07","date_gmt":"2025-06-16T03:20:07","guid":{"rendered":"https:\/\/www.ruiqigo.com\/?post_type=product&#038;p=3645"},"modified":"2025-06-19T09:22:49","modified_gmt":"2025-06-19T01:22:49","slug":"sensitive-toothpaste","status":"publish","type":"product","link":"https:\/\/www.ruiqigo.com\/es\/product\/sensitive-toothpaste","title":{"rendered":"Pasta de dientes para dientes sensibles"},"content":{"rendered":"<h2 class=\"wp-block-heading\">F\u00f3rmulas comunes en la fabricaci\u00f3n de pasta dental para dientes sensibles<\/h2>\n\n\n\n<p>Utiliza principalmente ingredientes activos de nitrato de potasio y nanohidroxiapatita para reducir la sensibilidad dental, reducir eficazmente el dolor severo causado por la estimulaci\u00f3n al bloquear las se\u00f1ales de dolor que llegan a las terminaciones nerviosas y formar una capa protectora densa en la superficie del diente, que no solo puede resistir los est\u00edmulos externos, sino que tambi\u00e9n promueve la remineralizaci\u00f3n del esmalte, mejora la capacidad de los dientes para resistir la erosi\u00f3n \u00e1cida, alivia fundamentalmente el problema de la sensibilidad dental y brinda protecci\u00f3n integral a la salud bucal.<\/p>\n\n\n\n<h2 class=\"wp-block-heading\">Escenarios aplicables de la pasta dental sensible<\/h2>\n\n\n\n<p>La pasta dental para dientes sensibles es adecuada para diversas situaciones, ya que soluciona los problemas de sensibilidad dental y cuida la salud bucal, especialmente en las siguientes situaciones: cuando la sensibilidad dental se debe a la erosi\u00f3n del esmalte, usar una pasta dental para dientes sensibles puede aliviar el dolor causado por la irritaci\u00f3n al paralizar los nervios y formar una capa protectora. En pacientes con enc\u00edas retra\u00eddas, puede aliviar las molestias y proteger las zonas expuestas. Despu\u00e9s del blanqueamiento dental, puede neutralizar este efecto secundario, lo que permite continuar usando productos blanqueadores.<\/p>\n\n\n\n<h2 class=\"wp-block-heading\">\u00bfPara qui\u00e9n es adecuada la pasta de dientes para dientes sensibles?<\/h2>\n\n\n\n<p>La pasta de dientes sensible es adecuada para grupos espec\u00edficos de personas que sufren problemas de sensibilidad dental y est\u00e1 especialmente recomendada para los siguientes consumidores:<\/p>\n\n\n\n<p>1. Personas que frecuentemente experimentan sensibilidad dental.<\/p>\n\n\n\n<p>2. Personas con problemas de desgaste del esmalte dental.<\/p>\n\n\n\n<p>3. Personas sensibles debido a la recesi\u00f3n de las enc\u00edas y ra\u00edces dentales expuestas.<\/p>\n\n\n\n<p>4. Personas propensas a la sensibilidad dental debido a factores gen\u00e9ticos o al adelgazamiento natural del esmalte dental con la edad.<\/p>\n\n\n\n<p>5. Personas que quieran prevenir activamente la sensibilidad dental y mantener la salud bucal a largo plazo.<\/p>\n\n\n\n<h2 class=\"wp-block-heading\">Proceso de producci\u00f3n de pasta dental para dientes sensibles<\/h2>\n\n\n\n<p>Como fabricante profesional de pasta dental sensible, implementamos los siguientes procesos de producci\u00f3n estandarizados y sofisticados para garantizar la calidad y eficacia del producto:<\/p>\n\n\n\n<p>1) Seleccione estrictamente materias primas como nitrato de potasio, nanohidroxiapatita (n-Ha) y fl\u00faor para garantizar que los ingredientes cumplan con los est\u00e1ndares de cuidado bucal.<\/p>\n\n\n\n<p>2) Control de proporci\u00f3n: Mida y mezcle con precisi\u00f3n los ingredientes activos y los ingredientes auxiliares.<\/p>\n\n\n\n<p>3) Mezcla uniforme: utilice un equipo de mezcla avanzado para garantizar una dispersi\u00f3n uniforme y formar una estructura de pasta estable para mantener una eficacia constante.<\/p>\n\n\n\n<p>4) Utilice tecnolog\u00eda de dispersi\u00f3n a baja temperatura para activar completamente el n-Ha y otros minerales, ayud\u00e1ndolos a reparar mejor los defectos del esmalte y formar una barrera protectora contra los factores desencadenantes sensibles.<\/p>\n\n\n\n<p>5) Llenar en un ambiente limpio y est\u00e9ril para evitar la contaminaci\u00f3n, manteniendo la actividad de los ingredientes, garantizando la seguridad y vida \u00fatil del producto.<\/p>","protected":false},"excerpt":{"rendered":"Sensitive Toothpaste Manufacturing Common Formulas It mainly uses potassium nitrate and nano-hydroxyapatite active ingredients to reduce tooth sensitivity, effectively reduce the severe pain caused by stimulation by blocking pain signals from reaching nerve endings, and form a dense protective layer on the tooth surface, which can not only resist external stimuli, but also promote enamel [&hellip;]","protected":false},"featured_media":3646,"menu_order":0,"template":"","meta":[],"product-tag":[],"products":[71],"class_list":["post-3645","product","type-product","status-publish","has-post-thumbnail","hentry","products-toothpaste"],"acf":[],"_links":{"self":[{"href":"https:\/\/www.ruiqigo.com\/es\/wp-json\/wp\/v2\/product\/3645","targetHints":{"allow":["GET"]}}],"collection":[{"href":"https:\/\/www.ruiqigo.com\/es\/wp-json\/wp\/v2\/product"}],"about":[{"href":"https:\/\/www.ruiqigo.com\/es\/wp-json\/wp\/v2\/types\/product"}],"version-history":[{"count":0,"href":"https:\/\/www.ruiqigo.com\/es\/wp-json\/wp\/v2\/product\/3645\/revisions"}],"wp:featuredmedia":[{"embeddable":true,"href":"https:\/\/www.ruiqigo.com\/es\/wp-json\/wp\/v2\/media\/3646"}],"wp:attachment":[{"href":"https:\/\/www.ruiqigo.com\/es\/wp-json\/wp\/v2\/media?parent=3645"}],"wp:term":[{"taxonomy":"product-tag","embeddable":true,"href":"https:\/\/www.ruiqigo.com\/es\/wp-json\/wp\/v2\/product-tag?post=3645"},{"taxonomy":"products","embeddable":true,"href":"https:\/\/www.ruiqigo.com\/es\/wp-json\/wp\/v2\/products?post=3645"}],"curies":[{"name":"wp","href":"https:\/\/api.w.org\/{rel}","templated":true}]}}