{"id":3650,"date":"2025-06-16T16:18:09","date_gmt":"2025-06-16T08:18:09","guid":{"rendered":"https:\/\/www.ruiqigo.com\/?post_type=product&#038;p=3650"},"modified":"2025-06-19T09:17:47","modified_gmt":"2025-06-19T01:17:47","slug":"restorative-conditioner","status":"publish","type":"product","link":"https:\/\/www.ruiqigo.com\/es\/product\/restorative-conditioner","title":{"rendered":"Acondicionador restaurador"},"content":{"rendered":"<h2 class=\"wp-block-heading\">F\u00f3rmulas comunes para la fabricaci\u00f3n de acondicionadores restauradores<\/h2>\n\n\n\n<p>El acondicionador restaurador est\u00e1 compuesto principalmente de amino\u00e1cidos, extractos de coco y yaca, y semillas de ch\u00eda. Los amino\u00e1cidos tienen excelentes efectos hidratantes y nutritivos, reponiendo profundamente los nutrientes del cabello y el cuero cabelludo. Los extractos de coco y yaca son ricos en nutrientes naturales, reponiendo a\u00fan m\u00e1s la hidrataci\u00f3n y la nutrici\u00f3n, y mejorando la suavidad del cabello. Las semillas de ch\u00eda pueden reparar la apariencia del da\u00f1o existente y resistir da\u00f1os futuros. Como fabricantes profesionales de acondicionadores restauradores, nos comprometemos a suavizar el frizz en personas con cabello da\u00f1ado, penetrando profundamente y reponiendo la hidrataci\u00f3n, mejorando el cabello opaco y logrando suavidad y salud desde adentro hacia afuera.<\/p>\n\n\n\n<h2 class=\"wp-block-heading\">Escenarios de aplicaci\u00f3n del acondicionador restaurador<\/h2>\n\n\n\n<p>Los acondicionadores restauradores son esenciales para el cuidado capilar. Tras tratamientos qu\u00edmicos como la permanente y el te\u00f1ido, el cabello se vuelve quebradizo y opaco. Este acondicionador contiene amino\u00e1cidos y extractos de plantas para reparar las cut\u00edculas da\u00f1adas y restaurar la suavidad y el brillo del cabello. Para quienes usan frecuentemente herramientas de peinado con calor, su f\u00f3rmula con ingredientes restauradores, como las semillas de ch\u00eda, puede contrarrestar el da\u00f1o causado por el calor y reducir la rotura del cabello. Ya sea para recuperar el cabello sobreprocesado, protegerlo despu\u00e9s del peinado con calor o controlar el encrespamiento y la sequedad natural, los acondicionadores restauradores pueden satisfacer tus necesidades.<\/p>\n\n\n\n<h2 class=\"wp-block-heading\">Proceso de producci\u00f3n de acondicionador restaurador<\/h2>\n\n\n\n<p>El acondicionador restaurador sigue un proceso de producci\u00f3n profesional. Materias primas como amino\u00e1cidos, coco y extractos de yaca se someten a rigurosos controles para garantizar su calidad y pureza. Durante la producci\u00f3n, la temperatura y la presi\u00f3n se controlan rigurosamente en procesos como la emulsi\u00f3n para evitar la p\u00e9rdida de ingredientes activos. Finalmente, se utilizan materiales de embalaje ecol\u00f3gicos y no t\u00f3xicos. Este proceso de producci\u00f3n garantiza la calidad y eficacia del acondicionador restaurador y logra una reparaci\u00f3n capilar eficaz.<\/p>","protected":false},"excerpt":{"rendered":"Restorative conditioner manufacturing common formulas Restorative conditioner is mainly composed of amino acids, coconut and jackfruit plant extracts, and chia seeds. Amino acids have excellent moisturizing and nourishing effects, deeply replenishing nutrients for hair and scalp; coconut and jackfruit extracts are rich in natural nutrients, further replenishing moisture and nourishing, and improving hair softness; chia [&hellip;]","protected":false},"featured_media":3652,"menu_order":0,"template":"","meta":[],"product-tag":[],"products":[52],"class_list":["post-3650","product","type-product","status-publish","has-post-thumbnail","hentry","products-conditioner"],"acf":[],"_links":{"self":[{"href":"https:\/\/www.ruiqigo.com\/es\/wp-json\/wp\/v2\/product\/3650","targetHints":{"allow":["GET"]}}],"collection":[{"href":"https:\/\/www.ruiqigo.com\/es\/wp-json\/wp\/v2\/product"}],"about":[{"href":"https:\/\/www.ruiqigo.com\/es\/wp-json\/wp\/v2\/types\/product"}],"version-history":[{"count":0,"href":"https:\/\/www.ruiqigo.com\/es\/wp-json\/wp\/v2\/product\/3650\/revisions"}],"wp:featuredmedia":[{"embeddable":true,"href":"https:\/\/www.ruiqigo.com\/es\/wp-json\/wp\/v2\/media\/3652"}],"wp:attachment":[{"href":"https:\/\/www.ruiqigo.com\/es\/wp-json\/wp\/v2\/media?parent=3650"}],"wp:term":[{"taxonomy":"product-tag","embeddable":true,"href":"https:\/\/www.ruiqigo.com\/es\/wp-json\/wp\/v2\/product-tag?post=3650"},{"taxonomy":"products","embeddable":true,"href":"https:\/\/www.ruiqigo.com\/es\/wp-json\/wp\/v2\/products?post=3650"}],"curies":[{"name":"wp","href":"https:\/\/api.w.org\/{rel}","templated":true}]}}