{"id":3659,"date":"2025-06-17T11:21:26","date_gmt":"2025-06-17T03:21:26","guid":{"rendered":"https:\/\/www.ruiqigo.com\/?post_type=product&#038;p=3659"},"modified":"2025-06-19T09:15:23","modified_gmt":"2025-06-19T01:15:23","slug":"cleansing-conditioner","status":"publish","type":"product","link":"https:\/\/www.ruiqigo.com\/es\/product\/cleansing-conditioner","title":{"rendered":"Acondicionador limpiador"},"content":{"rendered":"<h2 class=\"wp-block-heading\">F\u00f3rmulas comunes en la fabricaci\u00f3n de acondicionadores limpiadores<\/h2>\n\n\n\n<p>El acondicionador limpiador est\u00e1 cuidadosamente formulado con una variedad de ingredientes naturales clave para lograr una limpieza suave y un cuidado nutritivo. El aceite esencial de romero tiene propiedades refrescantes que no solo combaten la sequedad y el picor del cuero cabelludo, sino que tambi\u00e9n lo purifican, solucionan los problemas de caspa y crean un entorno capilar m\u00e1s saludable. El aceite de arg\u00e1n es rico en \u00e1cidos grasos y vitaminas, que penetran profundamente en el cabello para reponer la hidrataci\u00f3n, suavizar el encrespamiento, realzar el brillo natural del cabello y dejarlo suave y f\u00e1cil de peinar. El aceite de jojoba tiene una composici\u00f3n similar a la del sebo natural del cuero cabelludo. Es un hidratante ligero que acondiciona sin apelmazarlo, ayuda a reparar el cabello da\u00f1ado y mejora su elasticidad. Estos ingredientes cuidadosamente seleccionados se combinan para crear un acondicionador limpiador que limpia, acondiciona, repara y protege eficazmente el cabello, dej\u00e1ndolo limpio, fresco y con un brillo natural.<\/p>\n\n\n\n<h2 class=\"wp-block-heading\">Escenarios de aplicaci\u00f3n del acondicionador limpiador<\/h2>\n\n\n\n<p>Los acondicionadores clarificantes son perfectos para cualquier rutina de cuidado capilar. Para uso diario, son ideales para quienes buscan una limpieza suave sin despojar al cabello de sus aceites naturales; para despu\u00e9s del ejercicio, refrescan el cabello sudoroso y graso a la vez que lo nutren; tambi\u00e9n son ideales para cabello da\u00f1ado o te\u00f1ido, ya que su f\u00f3rmula suave protege las fibras fr\u00e1giles. Ya sea para un lavado r\u00e1pido en casa, fuera de casa o despu\u00e9s de la exposici\u00f3n a la intemperie, los acondicionadores clarificantes dejan un cabello limpio, suave y manejable en cualquier situaci\u00f3n.<\/p>\n\n\n\n<h2 class=\"wp-block-heading\">\u00bfPara qui\u00e9n es adecuado el acondicionador limpiador?<\/h2>\n\n\n\n<p>El Acondicionador Clarificante es apto para todos. Para quienes tienen el cabello seco y da\u00f1ado por la coloraci\u00f3n frecuente, el peinado con calor o factores ambientales, su f\u00f3rmula hidratante y reparadora puede ayudar a restaurar la flexibilidad y la fuerza; quienes tienen cabello graso pueden usar sus propiedades limpiadoras suaves, no irritantes y refrescantes para el cuero cabelludo para mejorar la grasa; quienes tienen un cabello sano tambi\u00e9n pueden usarlo para mantener la hidrataci\u00f3n y la manejabilidad. Ya sea que tengas el cabello quebradizo despu\u00e9s de tratamientos qu\u00edmicos, el cabello graso que necesita una suave hidrataci\u00f3n o simplemente quieras mantenerlo en \u00f3ptimas condiciones, el Acondicionador Clarificante te ofrece un cuidado personalizado para que luzcas un cabello m\u00e1s suave y vibrante.<\/p>\n\n\n\n<h2 class=\"wp-block-heading\">Proceso de producci\u00f3n del acondicionador limpiador<\/h2>\n\n\n\n<p>La producci\u00f3n de acondicionadores limpiadores requiere un proceso riguroso para garantizar la calidad. Ingredientes naturales como el aceite de arg\u00e1n y el aceite de jojoba se seleccionan cuidadosamente para garantizar su pureza y eficacia. Durante la fase de desarrollo de la formulaci\u00f3n, estos ingredientes se combinan con tensioactivos y acondicionadores suaves. Durante el proceso de producci\u00f3n, la temperatura y el tiempo se controlan estrictamente para optimizar la sinergia de los ingredientes y preservar la actividad de los ingredientes nutritivos. Finalmente, se utilizan materiales de embalaje ecol\u00f3gicos y no t\u00f3xicos para garantizar la integridad del producto y la seguridad del usuario. Cada paso, desde la selecci\u00f3n de ingredientes hasta el envasado, tiene como objetivo crear un acondicionador limpiador que limpie, nutra y proteja el cabello eficazmente, cumpliendo con altos est\u00e1ndares de calidad y sostenibilidad.<\/p>\n\n\n\n<p><\/p>","protected":false},"excerpt":{"rendered":"Cleansing conditioner manufacturing common formulas The cleansing conditioner is carefully formulated with a variety of key natural ingredients to achieve gentle cleansing and nourishing care. Rosemary essential oil has refreshing properties, which can not only fight dryness and itching of the scalp, purify the scalp, but also solve dandruff problems and create a healthier scalp [&hellip;]","protected":false},"featured_media":3660,"menu_order":0,"template":"","meta":[],"product-tag":[],"products":[52],"class_list":["post-3659","product","type-product","status-publish","has-post-thumbnail","hentry","products-conditioner"],"acf":[],"_links":{"self":[{"href":"https:\/\/www.ruiqigo.com\/es\/wp-json\/wp\/v2\/product\/3659","targetHints":{"allow":["GET"]}}],"collection":[{"href":"https:\/\/www.ruiqigo.com\/es\/wp-json\/wp\/v2\/product"}],"about":[{"href":"https:\/\/www.ruiqigo.com\/es\/wp-json\/wp\/v2\/types\/product"}],"version-history":[{"count":0,"href":"https:\/\/www.ruiqigo.com\/es\/wp-json\/wp\/v2\/product\/3659\/revisions"}],"wp:featuredmedia":[{"embeddable":true,"href":"https:\/\/www.ruiqigo.com\/es\/wp-json\/wp\/v2\/media\/3660"}],"wp:attachment":[{"href":"https:\/\/www.ruiqigo.com\/es\/wp-json\/wp\/v2\/media?parent=3659"}],"wp:term":[{"taxonomy":"product-tag","embeddable":true,"href":"https:\/\/www.ruiqigo.com\/es\/wp-json\/wp\/v2\/product-tag?post=3659"},{"taxonomy":"products","embeddable":true,"href":"https:\/\/www.ruiqigo.com\/es\/wp-json\/wp\/v2\/products?post=3659"}],"curies":[{"name":"wp","href":"https:\/\/api.w.org\/{rel}","templated":true}]}}