{"id":366,"date":"2024-07-08T09:50:29","date_gmt":"2024-07-08T01:50:29","guid":{"rendered":"https:\/\/ruiqigo.com\/?post_type=product&#038;p=366"},"modified":"2024-10-28T15:36:38","modified_gmt":"2024-10-28T07:36:38","slug":"vanilla-body-wash","status":"publish","type":"product","link":"https:\/\/www.ruiqigo.com\/es\/product\/vanilla-body-wash","title":{"rendered":"Gel de ba\u00f1o de vainilla"},"content":{"rendered":"<h3 class=\"wp-block-heading\">F\u00f3rmulas comunes para la fabricaci\u00f3n de geles de ba\u00f1o de vainilla<\/h3>\n\n\n\n<p>El ingrediente principal de este gel de ba\u00f1o de vainilla es el aceite esencial de vainilla natural. El aceite esencial de vainilla es rico en fitonutrientes naturales como vitaminas y minerales, que no solo perfuman la hora del ba\u00f1o, sino que tambi\u00e9n nutren la piel. Al mismo tiempo, tambi\u00e9n agregamos avena, manzanilla y otros extractos de plantas naturales en la f\u00f3rmula, que pueden limpiar suavemente la piel, pero tambi\u00e9n para brindarle un mayor efecto de mantenimiento. Todos los ingredientes se examinan estrictamente para garantizar la seguridad y la eficacia del producto, para presentarle productos de ba\u00f1o naturales de alta calidad.<\/p>\n\n\n\n<h3 class=\"wp-block-heading\">Gel de ba\u00f1o de vainilla Escenarios aplicables<\/h3>\n\n\n\n<p>Este gel de ba\u00f1o de vainilla es adecuado para todas las estaciones y climas. En el apasionante verano, su fragancia fresca y agradable puede aportar una relajaci\u00f3n total, pero tambi\u00e9n puede mantener la piel fresca y limpia; en el fr\u00edo y seco invierno, sus ricos ingredientes nutritivos pueden proporcionar un cuidado integral a la piel para aliviar la sequedad y otros problemas.<\/p>\n\n\n\n<h3 class=\"wp-block-heading\">\u00bfPara qui\u00e9n est\u00e1 destinado el gel de ba\u00f1o Vanilla?<\/h3>\n\n\n\n<p>Gracias a sus propiedades calmantes e hidratantes, el gel de ba\u00f1o de vainilla es adecuado para todo tipo de piel, especialmente para los usuarios que buscan una experiencia arom\u00e1tica natural. Para quienes tienen la piel seca o necesitan relajarse, los efectos suaves e hidratantes de la vainilla proporcionan el tratamiento de ba\u00f1o ideal. Tambi\u00e9n es adecuado para quienes se preocupan por el medio ambiente, ya que el producto est\u00e1 envasado en materiales ecol\u00f3gicos.<\/p>\n\n\n\n<h3 class=\"wp-block-heading\">Proceso de producci\u00f3n del gel de ba\u00f1o de vainilla<\/h3>\n\n\n\n<p>En la producci\u00f3n del gel de ba\u00f1o de vainilla, se utilizan vainas de vainilla cuidadosamente seleccionadas para extraer la fragancia, y el aroma natural y los ingredientes para el cuidado de la piel de la vainilla se conservan mediante un proceso de extracci\u00f3n en fr\u00edo. Durante el proceso de producci\u00f3n, la proporci\u00f3n y el valor de pH de la f\u00f3rmula se controlan estrictamente para garantizar que el producto sea suave y no irritante, al tiempo que mantiene el equilibrio de pH natural de la piel.<\/p>","protected":false},"excerpt":{"rendered":"Vanilla body wash manufacturing Common Formulas The core ingredient of this Vanilla Body Wash is natural vanilla essential oil. Vanilla essential oil is rich in natural phytonutrients such as vitamins and minerals, which not only make bath time scented, but also nourish the skin. At the same time, we also added oatmeal, chamomile and other [&hellip;]","protected":false},"featured_media":367,"menu_order":0,"template":"","meta":[],"product-tag":[],"products":[57],"class_list":["post-366","product","type-product","status-publish","has-post-thumbnail","hentry","products-body-wash"],"acf":[],"_links":{"self":[{"href":"https:\/\/www.ruiqigo.com\/es\/wp-json\/wp\/v2\/product\/366","targetHints":{"allow":["GET"]}}],"collection":[{"href":"https:\/\/www.ruiqigo.com\/es\/wp-json\/wp\/v2\/product"}],"about":[{"href":"https:\/\/www.ruiqigo.com\/es\/wp-json\/wp\/v2\/types\/product"}],"version-history":[{"count":0,"href":"https:\/\/www.ruiqigo.com\/es\/wp-json\/wp\/v2\/product\/366\/revisions"}],"wp:featuredmedia":[{"embeddable":true,"href":"https:\/\/www.ruiqigo.com\/es\/wp-json\/wp\/v2\/media\/367"}],"wp:attachment":[{"href":"https:\/\/www.ruiqigo.com\/es\/wp-json\/wp\/v2\/media?parent=366"}],"wp:term":[{"taxonomy":"product-tag","embeddable":true,"href":"https:\/\/www.ruiqigo.com\/es\/wp-json\/wp\/v2\/product-tag?post=366"},{"taxonomy":"products","embeddable":true,"href":"https:\/\/www.ruiqigo.com\/es\/wp-json\/wp\/v2\/products?post=366"}],"curies":[{"name":"wp","href":"https:\/\/api.w.org\/{rel}","templated":true}]}}