{"id":3671,"date":"2025-06-18T11:10:21","date_gmt":"2025-06-18T03:10:21","guid":{"rendered":"https:\/\/www.ruiqigo.com\/?post_type=product&#038;p=3671"},"modified":"2025-06-19T09:09:34","modified_gmt":"2025-06-19T01:09:34","slug":"herbal-essences-conditioner","status":"publish","type":"product","link":"https:\/\/www.ruiqigo.com\/es\/product\/herbal-essences-conditioner","title":{"rendered":"Acondicionador Herbal Essences"},"content":{"rendered":"<h2 class=\"wp-block-heading\">F\u00f3rmulas comunes para la fabricaci\u00f3n de acondicionadores de esencias herbales<\/h2>\n\n\n\n<p>Este Acondicionador REAL SPRING Herbal Essences utiliza una variedad de ingredientes naturales para crear una soluci\u00f3n suave y eficaz para el cuidado capilar. El aceite de coco es rico en \u00e1cidos grasos, que penetran en el cabello para retener la hidrataci\u00f3n, combatir la sequedad y mejorar la flexibilidad; el aceite de arg\u00e1n es rico en vitaminas y antioxidantes, suavizando el frizz, aportando brillo y fortaleciendo el cabello de la ra\u00edz a las puntas; y el aceite de aguacate utiliza nutrientes como el \u00e1cido oleico para nutrir profundamente, reparar el da\u00f1o y mejorar la elasticidad del cabello. Estos ingredientes act\u00faan en conjunto para que el acondicionador elimine suavemente los residuos y nutra completamente el cabello, dej\u00e1ndolo sedoso, f\u00e1cil de peinar y con un brillo natural.<\/p>\n\n\n\n<h2 class=\"wp-block-heading\">Escenarios de aplicaci\u00f3n del acondicionador de esencias herbales<\/h2>\n\n\n\n<p>Los acondicionadores herbales son adecuados para diversas necesidades de cuidado capilar. Para el cuidado diario, nutren y suavizan suavemente el cabello, dej\u00e1ndolo suave y f\u00e1cil de peinar sin apelmazarlo. Tras un d\u00eda de sol y viento, rehidratan y reparan peque\u00f1os da\u00f1os causados por factores ambientales. Para cabello seco y encrespado, su uso continuo suaviza y realza su brillo natural. Ya sea para el cuidado regular en casa, para mantener el cabello limpio durante los viajes o despu\u00e9s de usar productos de peinado, los acondicionadores herbales acondicionan eficazmente y garantizan que tu cabello mantenga una apariencia saludable y sea f\u00e1cil de peinar en diversas situaciones.<\/p>\n\n\n\n<h2 class=\"wp-block-heading\">\u00bfPara qui\u00e9n es adecuado el acondicionador Herbal Essences?<\/h2>\n\n\n\n<p>El Acondicionador Herbal Essence es ideal para una amplia variedad de personas. Ideal para cabello seco y encrespado, sus aceites esenciales vegetales (como el aceite de coco y el aceite de arg\u00e1n) hidratan profundamente y controlan el encrespamiento. Quienes tienen el cabello te\u00f1ido tambi\u00e9n se benefician de los suaves extractos herbales que protegen y fijan el color sin da\u00f1arlo. Para quienes tienen el cabello da\u00f1ado por el peinado con calor y los qu\u00edmicos, su f\u00f3rmula nutritiva repara y fortalece el cabello. Incluso para cabello graso, sus ligeros ingredientes naturales limpian con suavidad y equilibran la grasa sin resecarlo. Ya sea para el cuidado diario de un cabello sano o para la reparaci\u00f3n espec\u00edfica del cabello da\u00f1ado, nutre con precisi\u00f3n y deja el cabello m\u00e1s suave y fuerte.<\/p>\n\n\n\n<h2 class=\"wp-block-heading\">Proceso de producci\u00f3n del acondicionador Herbal Essences<\/h2>\n\n\n\n<p>La producci\u00f3n del acondicionador Herbal Essence sigue un riguroso proceso de varias etapas para garantizar la calidad. Primero, se seleccionan cuidadosamente ingredientes naturales como aceite de coco, aceite de nuez y extractos de plantas, y los proveedores son auditados rigurosamente para garantizar su pureza, sostenibilidad y eficacia. Durante la etapa de desarrollo de la f\u00f3rmula, estos ingredientes naturales se combinan con emulsionantes suaves, humectantes e ingredientes para el cuidado capilar. Durante el proceso de producci\u00f3n, la temperatura y el tiempo de mezcla se controlan con precisi\u00f3n para optimizar la sinergia de los ingredientes y conservar la actividad de los nutrientes. Tras la mezcla, se prueba la consistencia y la seguridad del producto. Finalmente, se envasa en materiales ecol\u00f3gicos y no t\u00f3xicos. Cada paso, desde la selecci\u00f3n de los ingredientes hasta el envasado, tiene como objetivo crear un acondicionador que nutra, suavice y proteja el cabello eficazmente, cumpliendo con altos est\u00e1ndares de calidad y medioambientales.<\/p>","protected":false},"excerpt":{"rendered":"Herbal essences conditioner manufacturing common formulas This REAL SPRING Herbal Essences Conditioner uses a variety of natural ingredients to create a gentle and effective hair care solution. Coconut oil is rich in fatty acids, which can penetrate the hair to lock in moisture, fight dryness, and improve suppleness; Argan oil is rich in vitamins and [&hellip;]","protected":false},"featured_media":3678,"menu_order":0,"template":"","meta":[],"product-tag":[],"products":[52],"class_list":["post-3671","product","type-product","status-publish","has-post-thumbnail","hentry","products-conditioner"],"acf":[],"_links":{"self":[{"href":"https:\/\/www.ruiqigo.com\/es\/wp-json\/wp\/v2\/product\/3671","targetHints":{"allow":["GET"]}}],"collection":[{"href":"https:\/\/www.ruiqigo.com\/es\/wp-json\/wp\/v2\/product"}],"about":[{"href":"https:\/\/www.ruiqigo.com\/es\/wp-json\/wp\/v2\/types\/product"}],"version-history":[{"count":0,"href":"https:\/\/www.ruiqigo.com\/es\/wp-json\/wp\/v2\/product\/3671\/revisions"}],"wp:featuredmedia":[{"embeddable":true,"href":"https:\/\/www.ruiqigo.com\/es\/wp-json\/wp\/v2\/media\/3678"}],"wp:attachment":[{"href":"https:\/\/www.ruiqigo.com\/es\/wp-json\/wp\/v2\/media?parent=3671"}],"wp:term":[{"taxonomy":"product-tag","embeddable":true,"href":"https:\/\/www.ruiqigo.com\/es\/wp-json\/wp\/v2\/product-tag?post=3671"},{"taxonomy":"products","embeddable":true,"href":"https:\/\/www.ruiqigo.com\/es\/wp-json\/wp\/v2\/products?post=3671"}],"curies":[{"name":"wp","href":"https:\/\/api.w.org\/{rel}","templated":true}]}}