{"id":3750,"date":"2025-07-03T11:06:55","date_gmt":"2025-07-03T03:06:55","guid":{"rendered":"https:\/\/www.ruiqigo.com\/?post_type=product&#038;p=3750"},"modified":"2025-07-03T11:06:56","modified_gmt":"2025-07-03T03:06:56","slug":"hand-cream-for-man","status":"publish","type":"product","link":"https:\/\/www.ruiqigo.com\/es\/product\/hand-cream-for-man","title":{"rendered":"Crema de manos para hombre"},"content":{"rendered":"<h2 class=\"wp-block-heading\">Crema de manos para hombre que fabrica f\u00f3rmulas comunes<\/h2>\n\n\n\n<p>Uno de los ingredientes clave de la f\u00f3rmula de la crema de manos para hombre es la manteca de karit\u00e9, rica en \u00e1cidos grasos que forma una pel\u00edcula hidratante que combate la sequedad de las manos causada por el uso frecuente. Adem\u00e1s, incorpora vitamina E, un potente antioxidante que neutraliza los radicales libres, reduce el da\u00f1o ambiental y retrasa el envejecimiento. Estos ingredientes act\u00faan en conjunto para aliviar la aspereza causada por el trabajo o el ejercicio, mejorar la elasticidad de la piel, aliviar la sequedad, mejorar su textura, garantizar una r\u00e1pida absorci\u00f3n y no dejarla grasa. Es ideal para el cuidado diario masculino, dej\u00e1ndote unas manos sanas y suaves.<\/p>\n\n\n\n<h2 class=\"wp-block-heading\">Crema de manos para hombre Escenarios aplicables<\/h2>\n\n\n\n<p>Esta crema de manos para hombre es ideal para diversas situaciones cotidianas. Despu\u00e9s de practicar deportes al aire libre como ciclismo y baloncesto, las manos quedan secas y deshidratadas. Aplicarla ayuda a reponer la humedad r\u00e1pidamente. Al realizar trabajo f\u00edsico, su f\u00f3rmula protectora ayuda a las manos a resistir la fricci\u00f3n y evitar la aspereza y el agrietamiento. En un ambiente de oficina seco o con mal tiempo, como viento fr\u00edo y sol abrasador, retiene la humedad y previene las grietas. Si los hombres necesitan renovar sus manos, esta crema las nutre al instante, manteni\u00e9ndolas c\u00f3modas y completamente protegidas en todo momento.<\/p>\n\n\n\n<h2 class=\"wp-block-heading\">\u00bfPara qui\u00e9n es adecuada la crema de manos para hombre?<\/h2>\n\n\n\n<p>Esta crema de manos para hombre es adecuada para hombres con diversas necesidades de cuidado. Es especialmente adecuada para quienes se lavan las manos con frecuencia en el trabajo, est\u00e1n expuestos al viento y al sol durante largos periodos al aire libre o tienen las manos secas y \u00e1speras. Rehidrata eficazmente, alivia las molestias y crea una capa protectora. Es adecuada para hombres con todo tipo de piel y ayuda a mantener las manos sanas y c\u00f3modas.<\/p>\n\n\n\n<h2 class=\"wp-block-heading\">Proceso de producci\u00f3n de crema de manos para hombre<\/h2>\n\n\n\n<p>El proceso de producci\u00f3n de la crema de manos para hombre se centra en la eficacia y la compatibilidad con la piel masculina. Ingredientes de alto rendimiento como la manteca de karit\u00e9 y la vitamina E se seleccionan cuidadosamente y se conservan mediante una extracci\u00f3n precisa. La proporci\u00f3n de humectantes, emolientes y agentes protectores se controla estrictamente para crear una textura no pegajosa y de f\u00e1cil absorci\u00f3n, que satisface las preferencias masculinas de un uso eficiente. No se a\u00f1aden fragancias ni pigmentos adicionales, lo que puede reducir la irritaci\u00f3n incluso en entornos agresivos. Desde el procesamiento de la materia prima hasta la emulsificaci\u00f3n y el control de calidad, cada paso se centra en crear una crema de manos altamente nutritiva y duradera para las manos masculinas.<\/p>\n\n\n\n<p><\/p>","protected":false},"excerpt":{"rendered":"Hand cream for man manufacturing Common Formulas One of the key ingredients in the men&#8217;s hand cream formula is shea butter, which is rich in fatty acids and can form a moisture-locking film to combat dryness caused by frequent hand activities. Vitamin E is added, which is a powerful antioxidant that can neutralize free radicals, [&hellip;]","protected":false},"featured_media":3753,"menu_order":0,"template":"","meta":[],"product-tag":[],"products":[58],"class_list":["post-3750","product","type-product","status-publish","has-post-thumbnail","hentry","products-hand-cream"],"acf":[],"_links":{"self":[{"href":"https:\/\/www.ruiqigo.com\/es\/wp-json\/wp\/v2\/product\/3750","targetHints":{"allow":["GET"]}}],"collection":[{"href":"https:\/\/www.ruiqigo.com\/es\/wp-json\/wp\/v2\/product"}],"about":[{"href":"https:\/\/www.ruiqigo.com\/es\/wp-json\/wp\/v2\/types\/product"}],"version-history":[{"count":0,"href":"https:\/\/www.ruiqigo.com\/es\/wp-json\/wp\/v2\/product\/3750\/revisions"}],"wp:featuredmedia":[{"embeddable":true,"href":"https:\/\/www.ruiqigo.com\/es\/wp-json\/wp\/v2\/media\/3753"}],"wp:attachment":[{"href":"https:\/\/www.ruiqigo.com\/es\/wp-json\/wp\/v2\/media?parent=3750"}],"wp:term":[{"taxonomy":"product-tag","embeddable":true,"href":"https:\/\/www.ruiqigo.com\/es\/wp-json\/wp\/v2\/product-tag?post=3750"},{"taxonomy":"products","embeddable":true,"href":"https:\/\/www.ruiqigo.com\/es\/wp-json\/wp\/v2\/products?post=3750"}],"curies":[{"name":"wp","href":"https:\/\/api.w.org\/{rel}","templated":true}]}}