{"id":3781,"date":"2025-07-09T15:11:38","date_gmt":"2025-07-09T07:11:38","guid":{"rendered":"https:\/\/www.ruiqigo.com\/?post_type=product&#038;p=3781"},"modified":"2025-07-09T15:12:07","modified_gmt":"2025-07-09T07:12:07","slug":"glycolic-facial-toner","status":"publish","type":"product","link":"https:\/\/www.ruiqigo.com\/es\/product\/glycolic-facial-toner","title":{"rendered":"T\u00f3nico facial glic\u00f3lico"},"content":{"rendered":"<h2 class=\"wp-block-heading\">F\u00f3rmulas comunes de fabricaci\u00f3n de t\u00f3nico facial glic\u00f3lico<\/h2>\n\n\n\n<p>Como fabricante profesional de t\u00f3nicos faciales con \u00e1cido glic\u00f3lico, seleccionamos cuidadosamente ingredientes activos y extractos de plantas dermatol\u00f3gicamente aprobados para crear un t\u00f3nico eficaz que limpia, rejuvenece y suaviza. Nuestros productos son suaves y no irritantes, lo que ayuda a la piel a mantener un estado saludable y sienta las bases para el cuidado posterior.\u00a0<\/p>\n\n\n\n<p><strong>1. \u00c1cido glic\u00f3lico: <\/strong>El \u00e1cido glic\u00f3lico penetra r\u00e1pidamente en la piel, descompone la queratina acumulada, ayuda a destapar los poros r\u00e1pidamente y, al mismo tiempo, a atenuar las l\u00edneas de expresi\u00f3n. Es un ingrediente clave para mejorar la piel \u00e1spera y opaca, y es ideal para el cuidado diario del rejuvenecimiento cut\u00e1neo.\u00a0<\/p>\n\n\n\n<p><strong>2. Pantenol: <\/strong>Tambi\u00e9n conocida como vitamina B5, es un potente ingrediente hidratante y reparador con excelentes propiedades hidratantes y calmantes. Ayuda a la piel a mantener la hidrataci\u00f3n y a reducir el escozor y las molestias causadas por est\u00edmulos externos.&nbsp;<\/p>\n\n\n\n<p><strong>3. Hialuronato de sodio: <\/strong>Este es un humectante de alta calidad que puede hidratar r\u00e1pidamente la piel y retener la humedad durante el cuidado de la piel, evitando la p\u00e9rdida de agua y manteniendo la piel hidratada.&nbsp;<\/p>\n\n\n\n<p><strong>4. Extracto de hamamelis: <\/strong>El extracto de hamamelis tiene efectos astringentes y calmantes. Puede controlar la grasa de la piel, reducir los poros dilatados y reducir la irritaci\u00f3n y el enrojecimiento durante el cuidado de la piel.&nbsp;<\/p>\n\n\n\n<p><strong>5. Hialuronato de sodio: <\/strong>El hialuronato de sodio es un ingrediente que puede ayudar a la piel a retener la humedad durante mucho tiempo, mejorar la suavidad de la piel y hacer que la piel est\u00e9 menos seca y tirante.&nbsp;<\/p>\n\n\n\n<h2 class=\"wp-block-heading\">Las funciones del t\u00f3nico facial glic\u00f3lico<\/h2>\n\n\n\n<p><strong>1. Mejora el problema de los poros dilatados:<\/strong> El uso prolongado de t\u00f3nico facial glic\u00f3lico puede promover la normalizaci\u00f3n del metabolismo de la queratina y equilibrar la distribuci\u00f3n del aceite de la piel, mejorando as\u00ed los poros dilatados en la superficie de la piel y haci\u00e9ndola m\u00e1s suave y delicada.&nbsp;<\/p>\n\n\n\n<p><strong>2. Reduce las l\u00edneas finas y la piel \u00e1spera:<\/strong> El \u00e1cido glic\u00f3lico puede estimular ligeramente la producci\u00f3n de col\u00e1geno, mejorar las l\u00edneas finas y la piel \u00e1spera y es muy adecuado para usuarios que desean lograr un efecto \u201cantienvejecimiento\u201d.&nbsp;<\/p>\n\n\n\n<p><strong>3. Mejora la claridad y luminosidad de la piel: <\/strong>La presencia de \u00e1cido glic\u00f3lico puede exfoliar la capa de c\u00e9lulas muertas de la piel, mejorando significativamente la claridad de la piel y haci\u00e9ndola lucir m\u00e1s brillante y radiante.&nbsp;<\/p>\n\n\n\n<p><strong>4. F\u00f3rmula suave y no irritante: <\/strong>El t\u00f3nico facial glic\u00f3lico no contiene alcohol, fragancias artificiales ni pigmentos, lo que minimiza la irritaci\u00f3n de la piel. Es apto para todo tipo de piel y esencial para el cuidado diario.\u00a0<\/p>\n\n\n\n<p><strong>5. Efecto significativo en el cuidado de la piel: <\/strong>El \u00e1cido glic\u00f3lico en el t\u00f3nico facial glic\u00f3lico puede acelerar la renovaci\u00f3n de las c\u00e9lulas epid\u00e9rmicas, promover la exfoliaci\u00f3n natural de la queratina, mejorar la eficiencia metab\u00f3lica, restaurar la piel a un brillo saludable y el efecto del cuidado es muy significativo.\u00a0<\/p>\n\n\n\n<h2 class=\"wp-block-heading\">C\u00f3mo usar el t\u00f3nico facial glic\u00f3lico<\/h2>\n\n\n\n<p>Recomendamos usar el t\u00f3nico facial con \u00e1cido glic\u00f3lico despu\u00e9s de la limpieza para lograr el mejor cuidado de la piel. Se puede usar por la ma\u00f1ana y por la noche para ayudar a la piel a metabolizar las c\u00e9lulas muertas y restaurar su translucidez y luminosidad.&nbsp;<\/p>\n\n\n\n<p><strong>1. Limpieza: <\/strong>Utilice un limpiador suave para limpiar su rostro, asegur\u00e1ndose de que no queden impurezas o suciedad residuales en su rostro, sentando una buena base para el cuidado de la piel posterior.&nbsp;<\/p>\n\n\n\n<p><strong>2. C\u00f3mo utilizar este producto: <\/strong>Vierta una cantidad adecuada de t\u00f3nico facial glic\u00f3lico en un disco de algod\u00f3n o en la palma de su mano y apl\u00edquelo suavemente en su rostro, evitando la piel alrededor de los ojos.&nbsp;<\/p>\n\n\n\n<p><strong>3. Esperar la absorci\u00f3n: <\/strong>Espere 1 o 2 minutos hasta que la piel lo haya absorbido completamente antes de continuar con el siguiente paso del proceso de cuidado de la piel.&nbsp;<\/p>\n\n\n\n<p><strong>4. Atenci\u00f3n de seguimiento: <\/strong>Se puede usar con esencia, loci\u00f3n o crema para lograr el efecto de nutrici\u00f3n profunda de la piel y reparaci\u00f3n de la humedad.\u00a0<\/p>\n\n\n\n<p><strong>5. Presta atenci\u00f3n a la protecci\u00f3n solar:<\/strong> Si se utiliza durante el d\u00eda, utilice protector solar para evitar reacciones de fotosensibilidad, que har\u00e1n que el cuidado de la piel sea menos efectivo.\u00a0<\/p>\n\n\n\n<h2 class=\"wp-block-heading\">Precauci\u00f3n<\/h2>\n\n\n\n<p><strong>1. Prueba cut\u00e1nea: <\/strong>Se recomienda realizar una prueba cut\u00e1nea antes del primer uso para evitar alergias. Quienes lo usen por primera vez deben aumentar gradualmente la frecuencia de uso una vez que la piel haya desarrollado tolerancia para reducir la irritaci\u00f3n.\u00a0<\/p>\n\n\n\n<p><strong>2. Evite los ojos y los labios: <\/strong>Al utilizar el t\u00f3nico facial glic\u00f3lico, evite los ojos y los labios para evitar irritaci\u00f3n y molestias.&nbsp;<\/p>\n\n\n\n<p><strong>3. Fortalecer las medidas de protecci\u00f3n solar:<\/strong> El \u00e1cido glic\u00f3lico aumenta la fotosensibilidad de la piel. Aseg\u00farese de reforzar la protecci\u00f3n solar durante su uso para evitar quemaduras por rayos UV u oscurecimiento.&nbsp;<\/p>\n\n\n\n<p><strong>4. Las mujeres embarazadas deben usarlo con precauci\u00f3n: <\/strong>Antes de usar t\u00f3nico facial glic\u00f3lico durante el embarazo, aseg\u00farese de consultar con un m\u00e9dico profesional con anticipaci\u00f3n para garantizar la seguridad.\u00a0<\/p>\n\n\n\n<p><strong>5. Evite el uso <\/strong>Productos irritantes: No se recomienda usarlos con productos para el cuidado de la piel que contengan altas concentraciones de vitamina C, retinol y otros ingredientes al mismo tiempo, para no aumentar la carga y la irritaci\u00f3n en la piel.\u00a0<\/p>\n\n\n\n<h2 class=\"wp-block-heading\">Conclusi\u00f3n<\/h2>\n\n\n\n<p>El t\u00f3nico facial glic\u00f3lico es un t\u00f3nico multiefecto dise\u00f1ado para revitalizar y mejorar la calidad de la piel. Su ingrediente principal, el \u00e1cido glic\u00f3lico, disuelve eficazmente las c\u00e9lulas muertas, reduce el tama\u00f1o de los poros y las l\u00edneas de expresi\u00f3n, y ayuda a lograr una piel transparente y saludable. Su f\u00f3rmula suave es adecuada para diversos tipos de piel, especialmente para usuarios con poros dilatados, piel \u00e1spera y apagada.<\/p>","protected":false},"excerpt":{"rendered":"Glycolic Facial Toner Manufacturing Common Formulas As a professional glycolic facial toner manufacturer, we carefully select active ingredients and plant extracts approved by dermatology in our formula to create an efficient toner that cleanses, rejuvenates and soothes. Our products are mild and non-irritating, helping the skin maintain a healthy state and laying a solid foundation [&hellip;]","protected":false},"featured_media":3782,"menu_order":0,"template":"","meta":[],"product-tag":[],"products":[67],"class_list":["post-3781","product","type-product","status-publish","has-post-thumbnail","hentry","products-facial-toner"],"acf":[],"_links":{"self":[{"href":"https:\/\/www.ruiqigo.com\/es\/wp-json\/wp\/v2\/product\/3781","targetHints":{"allow":["GET"]}}],"collection":[{"href":"https:\/\/www.ruiqigo.com\/es\/wp-json\/wp\/v2\/product"}],"about":[{"href":"https:\/\/www.ruiqigo.com\/es\/wp-json\/wp\/v2\/types\/product"}],"version-history":[{"count":0,"href":"https:\/\/www.ruiqigo.com\/es\/wp-json\/wp\/v2\/product\/3781\/revisions"}],"wp:featuredmedia":[{"embeddable":true,"href":"https:\/\/www.ruiqigo.com\/es\/wp-json\/wp\/v2\/media\/3782"}],"wp:attachment":[{"href":"https:\/\/www.ruiqigo.com\/es\/wp-json\/wp\/v2\/media?parent=3781"}],"wp:term":[{"taxonomy":"product-tag","embeddable":true,"href":"https:\/\/www.ruiqigo.com\/es\/wp-json\/wp\/v2\/product-tag?post=3781"},{"taxonomy":"products","embeddable":true,"href":"https:\/\/www.ruiqigo.com\/es\/wp-json\/wp\/v2\/products?post=3781"}],"curies":[{"name":"wp","href":"https:\/\/api.w.org\/{rel}","templated":true}]}}