{"id":3804,"date":"2025-07-11T09:54:39","date_gmt":"2025-07-11T01:54:39","guid":{"rendered":"https:\/\/www.ruiqigo.com\/?post_type=product&#038;p=3804"},"modified":"2025-07-11T09:54:40","modified_gmt":"2025-07-11T01:54:40","slug":"oil-based-makeup-remover","status":"publish","type":"product","link":"https:\/\/www.ruiqigo.com\/es\/product\/oil-based-makeup-remover","title":{"rendered":"Desmaquillante a base de aceite"},"content":{"rendered":"<h2 class=\"wp-block-heading\">F\u00f3rmulas comunes de fabricaci\u00f3n de desmaquillantes a base de aceite<\/h2>\n\n\n\n<p>Este desmaquillador a base de aceite utiliza aceites suaves como base y agrega ingredientes que retienen la humedad y antiinflamatorios para garantizar que el maquillaje se descomponga y derrita por completo, al mismo tiempo que garantiza que la piel no se deshidrate ni se sienta tirante despu\u00e9s de desmaquillarse.&nbsp;<\/p>\n\n\n\n<p><strong>1. Aceite de man\u00ed: <\/strong>Es un ingrediente con buenas propiedades curativas del aceite que puede derretir r\u00e1pidamente el maquillaje y los residuos entre las huellas dactilares y eliminar eficazmente la sombra de ojos, el delineador de ojos a prueba de agua, varios maquillajes de labios, etc.\u00a0<\/p>\n\n\n\n<p><strong>2. Aceite de semilla de pera: <\/strong>El aceite de semilla de pera contiene una variedad de \u00e1cidos grasos procesados, que pueden descomponer eficazmente el maquillaje pesado, al mismo tiempo que nutren el equilibrio de grasa de la superficie de la piel y reducen el da\u00f1o en cadena a la piel causado por la eliminaci\u00f3n del maquillaje.\u00a0<\/p>\n\n\n\n<p><strong>3. Esencia vegetal gota de agua: <\/strong>La esencia vegetal en gotas de agua puede controlar eficazmente la grasa e inhibir la inflamaci\u00f3n, reducir la posibilidad de sensaci\u00f3n de calor y marcas rojas que pueden ocurrir durante la eliminaci\u00f3n del maquillaje y agregar protecci\u00f3n al efecto de eliminaci\u00f3n del maquillaje.\u00a0<\/p>\n\n\n\n<p><strong>4. Aceite de capullo de hibisco: <\/strong>Es ligero y posee buenas propiedades de mapeo. Ayuda a que otros aceites vegetales lleguen a capas m\u00e1s profundas y ayuda a disolver y reponer la grasa, dejando la piel suave despu\u00e9s del desmaquillaje.\u00a0<\/p>\n\n\n\n<h2 class=\"wp-block-heading\">Las funciones del desmaquillante a base de aceite<\/h2>\n\n\n\n<p><strong>1. Eliminaci\u00f3n r\u00e1pida del maquillaje: <\/strong>Nuestro desmaquillador a base de aceite puede eliminar r\u00e1pidamente el maquillaje de ojos, labios y otras partes en un solo paso sin necesidad de m\u00faltiples extracciones.&nbsp;<\/p>\n\n\n\n<p><strong>2. Textura ligera, f\u00e1cil de usar: <\/strong>El desmaquillador a base de aceite tiene una textura aceitosa y ligera, no es espeso, la cantidad es f\u00e1cil de controlar y es muy c\u00f3modo de quitar.&nbsp;<\/p>\n\n\n\n<p><strong>3. La piel no se siente tirante despu\u00e9s del uso: <\/strong>Se agregan a la f\u00f3rmula ingredientes para el cuidado de la piel grasa, como el aceite de capullo de hibisco, para nutrir la piel mientras se elimina el maquillaje, lo que reduce la sensaci\u00f3n de deshidrataci\u00f3n y tirantez de la piel despu\u00e9s de la eliminaci\u00f3n.&nbsp;<\/p>\n\n\n\n<p><strong>4. Adecuado para eliminar diversos productos de maquillaje: <\/strong>Ya sea l\u00e1piz labial, delineador de ojos o sombra de ojos, se puede descomponer y eliminar de manera f\u00e1cil y efectiva.&nbsp;<\/p>\n\n\n\n<h2 class=\"wp-block-heading\">C\u00f3mo usar un desmaquillante a base de aceite<\/h2>\n\n\n\n<p>El desmaquillante a base de aceite se utiliza como primer paso del desmaquillaje diario para eliminar por completo el maquillaje de ojos, labios y rostro. Es recomendable usarlo con las manos y el rostro secos, ya que no solo elimina el maquillaje por completo, sino que tambi\u00e9n reduce el da\u00f1o a la piel causado por la hidr\u00f3lisis.&nbsp;&nbsp;<\/p>\n\n\n\n<p><strong>1. Aplique una cantidad adecuada de desmaquillador en las manos y el rostro secos:<\/strong> Tome aproximadamente 2-3 dosis de desmaquillador a base de aceite en la palma de su mano, sin necesidad de agregar agua.&nbsp;<\/p>\n\n\n\n<p><strong>2. Masajear suavemente:<\/strong> Masajea suavemente el desmaquillante con movimientos circulares en rostro, ojos y labios durante 30-60 segundos hasta que el maquillaje se disuelva por completo.&nbsp;<\/p>\n\n\n\n<p><strong>3. A\u00f1adir agua para emulsionar: <\/strong>Sumerja sus manos en una cantidad adecuada de agua limpia y contin\u00fae masajeando el \u00e1rea de maquillaje para emulsionar el aceite y eliminar completamente el maquillaje residual y las manchas de aceite.&nbsp;<\/p>\n\n\n\n<p><strong>4. Enjuague con agua limpia:<\/strong> Enjuague bien su rostro con agua limpia para asegurarse de que no queden residuos y luego proceda con los pasos de limpieza o hidrataci\u00f3n seg\u00fan su tipo de piel.&nbsp;<\/p>\n\n\n\n<h2 class=\"wp-block-heading\">Precauci\u00f3n<\/h2>\n\n\n\n<p><strong>1. Evite el contacto con el interior de los ojos: <\/strong>Cierre los ojos al usarlo y evite que el producto entre en contacto con ellos. En caso de contacto accidental, enjuague inmediatamente con abundante agua.&nbsp;<\/p>\n\n\n\n<p><strong>2. Utilice un producto limpiador despu\u00e9s de desmaquillarse:<\/strong> Aunque este producto puede eliminar el maquillaje pesado, se recomienda utilizar un producto de limpieza suave despu\u00e9s de quitar el maquillaje para limpiar profundamente los poros y equilibrar la condici\u00f3n de la piel.&nbsp;<\/p>\n\n\n\n<p><strong>3. No se puede omitir el paso de emulsificaci\u00f3n:<\/strong> La etapa de emulsificaci\u00f3n debe realizarse durante el uso para garantizar que la estructura del aceite se descomponga completamente para evitar que los residuos obstruyan los poros.&nbsp;<\/p>\n\n\n\n<p><strong>4. Presta atenci\u00f3n a la hidrataci\u00f3n y humectaci\u00f3n despu\u00e9s de su uso: <\/strong>Despu\u00e9s de retirar el maquillaje, se recomienda utilizar agua humectante, loci\u00f3n o crema hidratante para nutrir la piel a tiempo.<\/p>\n\n\n\n<h2 class=\"wp-block-heading\">Conclusi\u00f3n<\/h2>\n\n\n\n<p>El desmaquillante a base de aceite utiliza aceite vegetal natural como base, combina un excelente poder desmaquillante con un cuidado suave de la piel y proporciona una soluci\u00f3n de limpieza diaria segura, eficaz y sin sensaci\u00f3n de tirantez. Ofrece una experiencia de desmaquillado c\u00f3moda, y su f\u00f3rmula, con diversos extractos de plantas y factores calmantes, protege a\u00fan m\u00e1s la barrera cut\u00e1nea.<\/p>","protected":false},"excerpt":{"rendered":"Oil Based Makeup Remover Manufacturing Common Formulas This oil based makeup remover uses mild oils as its base and adds moisture-locking and anti-inflammatory ingredients to ensure that makeup is completely broken down and melted away, while also ensuring that the skin will not be dehydrated or tight after makeup removal.&nbsp; 1. Peanut oil: It is [&hellip;]","protected":false},"featured_media":3805,"menu_order":0,"template":"","meta":[],"product-tag":[],"products":[66],"class_list":["post-3804","product","type-product","status-publish","has-post-thumbnail","hentry","products-makeup-remover"],"acf":[],"_links":{"self":[{"href":"https:\/\/www.ruiqigo.com\/es\/wp-json\/wp\/v2\/product\/3804","targetHints":{"allow":["GET"]}}],"collection":[{"href":"https:\/\/www.ruiqigo.com\/es\/wp-json\/wp\/v2\/product"}],"about":[{"href":"https:\/\/www.ruiqigo.com\/es\/wp-json\/wp\/v2\/types\/product"}],"version-history":[{"count":0,"href":"https:\/\/www.ruiqigo.com\/es\/wp-json\/wp\/v2\/product\/3804\/revisions"}],"wp:featuredmedia":[{"embeddable":true,"href":"https:\/\/www.ruiqigo.com\/es\/wp-json\/wp\/v2\/media\/3805"}],"wp:attachment":[{"href":"https:\/\/www.ruiqigo.com\/es\/wp-json\/wp\/v2\/media?parent=3804"}],"wp:term":[{"taxonomy":"product-tag","embeddable":true,"href":"https:\/\/www.ruiqigo.com\/es\/wp-json\/wp\/v2\/product-tag?post=3804"},{"taxonomy":"products","embeddable":true,"href":"https:\/\/www.ruiqigo.com\/es\/wp-json\/wp\/v2\/products?post=3804"}],"curies":[{"name":"wp","href":"https:\/\/api.w.org\/{rel}","templated":true}]}}