{"id":3813,"date":"2025-07-11T17:07:46","date_gmt":"2025-07-11T09:07:46","guid":{"rendered":"https:\/\/www.ruiqigo.com\/?post_type=product&#038;p=3813"},"modified":"2025-07-11T17:07:46","modified_gmt":"2025-07-11T09:07:46","slug":"facial-mask-for-pimples","status":"publish","type":"product","link":"https:\/\/www.ruiqigo.com\/es\/product\/facial-mask-for-pimples","title":{"rendered":"Mascarilla facial para los granos"},"content":{"rendered":"<h2 class=\"wp-block-heading\">F\u00f3rmulas comunes para la fabricaci\u00f3n de mascarillas faciales para el acn\u00e9<\/h2>\n\n\n\n<p>Como fabricante profesional de mascarillas faciales para el acn\u00e9, seleccionamos ingredientes con efectos cient\u00edficamente probados, como \u00e1cido salic\u00edlico y aceite de \u00e1rbol de t\u00e9, etc., y comenzamos desde los tres aspectos principales de control de grasa, esterilizaci\u00f3n y alivio para tratar de manera integral los problemas de la piel como el acn\u00e9, comedones cerrados y puntos negros.&nbsp;<\/p>\n\n\n\n<p><strong>1. \u00c1cido salic\u00edlico: <\/strong>El \u00e1cido salic\u00edlico es un ingrediente cl\u00e1sico que disuelve la queratina liposoluble y que puede penetrar profundamente en los poros para disolver el sebo y los tapones de queratina, eliminar puntos negros y puntos blancos de la piel, prevenir la obstrucci\u00f3n de los poros y reducir la aparici\u00f3n del acn\u00e9 inflamatorio.&nbsp;<\/p>\n\n\n\n<p><strong>2. Aceite esencial de \u00e1rbol de t\u00e9: <\/strong>Posee potentes propiedades antibacterianas naturales y puede inhibir eficazmente el crecimiento de bacterias causantes del acn\u00e9, como Propionibacterium acnes. Tambi\u00e9n posee buenos efectos astringentes y antiinflamatorios, lo que alivia el enrojecimiento y la hinchaz\u00f3n causados por el acn\u00e9.&nbsp;<\/p>\n\n\n\n<p><strong>3. Extracto de centella asi\u00e1tica: <\/strong>El extracto de centella asi\u00e1tica posee excelentes propiedades calmantes y reparadoras. Puede ayudar a reducir el enrojecimiento y la picaz\u00f3n despu\u00e9s de una irritaci\u00f3n cut\u00e1nea, promover la cicatrizaci\u00f3n de las cicatrices del acn\u00e9 y fortalecer la barrera protectora de la piel.&nbsp;<\/p>\n\n\n\n<p><strong>4. Extracto de t\u00e9 verde: <\/strong>Es rico en polifenoles del t\u00e9, tiene efectos antioxidantes y de control de grasa, puede neutralizar el exceso de grasa, mejorar la frescura general de la piel y combatir los da\u00f1os de la contaminaci\u00f3n externa.&nbsp;<\/p>\n\n\n\n<h2 class=\"wp-block-heading\">Las funciones de la mascarilla facial para los granos<\/h2>\n\n\n\n<p><strong>1. Efecto poderoso:<\/strong> Esta mascarilla facial para el acn\u00e9 combina funciones de purificaci\u00f3n de poros, antibacterianas y antiinflamatorias, adem\u00e1s de calmantes y reparadoras para tratar el acn\u00e9 desde la ra\u00edz y prevenir eficazmente su reaparici\u00f3n. Es adecuada para el tratamiento diario de todo tipo de piel problem\u00e1tica.&nbsp;<\/p>\n\n\n\n<p><strong>2. Suave y no irritante, adecuado para pieles sensibles con tendencia al acn\u00e9: <\/strong>Nuestra f\u00f3rmula no contiene alcohol ni ingredientes irritantes, y es apta para pieles sensibles o con tendencia acneica. Adem\u00e1s de ejercer su efecto antiacn\u00e9, minimiza las molestias.&nbsp;<\/p>\n\n\n\n<p><strong>3. Textura de gel de secado r\u00e1pido:<\/strong> La mascarilla facial para el acn\u00e9 utiliza una textura de gel transparente que se adhiere bien al rostro y se seca r\u00e1pidamente, formando una pel\u00edcula protectora. Tras el lavado, la piel queda limpia y sin tirantez.&nbsp;<\/p>\n\n\n\n<p><strong>4. Adecuado para una variedad de tipos de piel: <\/strong>Este producto es apto para pieles grasas, mixtas y con tendencia acneica. Es adecuado tanto para hombres como para mujeres, especialmente para adolescentes y adultos con acn\u00e9 causado por el estr\u00e9s y un horario laboral y de descanso irregular.&nbsp;<\/p>\n\n\n\n<p><strong>5. Se puede utilizar con una variedad de procedimientos de cuidado de la piel:<\/strong> Como cuidado nocturno o paso de limpieza diaria, la mascarilla facial para granos se puede utilizar con limpiadores, t\u00f3nicos, esencias, lociones, etc., para potenciar el efecto sin\u00e9rgico del cuidado de la piel antiacn\u00e9.<\/p>\n\n\n\n<h2 class=\"wp-block-heading\">C\u00f3mo usar una mascarilla facial para las espinillas<\/h2>\n\n\n\n<p>Se recomienda usar la mascarilla facial para granos de 2 a 3 veces por semana como tratamiento localizado o para todo el rostro. Limpie bien la piel del rostro antes de usarla y, despu\u00e9s, utilice una esencia o loci\u00f3n hidratante para mantener el efecto reparador.&nbsp;<\/p>\n\n\n\n<p><strong>1. Desmaquillaje y limpieza facial: <\/strong>Si usas maquillaje ese d\u00eda, primero utiliza un desmaquillador suave para eliminar completamente el maquillaje y luego utiliza un limpiador con poder de limpieza moderado para limpiar tu rostro.<\/p>\n\n\n\n<p><strong>2. Seca la cara:<\/strong> Despu\u00e9s de la limpieza, presione suavemente con una toalla limpia para absorber la humedad, mantener la piel seca y facilitar la absorci\u00f3n de los ingredientes de la mascarilla.<\/p>\n\n\n\n<p><strong>3. Tome una cantidad adecuada de mascarilla:<\/strong> Utilice una cuchara o raspador limpio para tomar una cantidad adecuada de mascarilla, evite el contacto directo con las manos y reduzca la contaminaci\u00f3n.<\/p>\n\n\n\n<p><strong>4. Aplicar uniformemente sobre el rostro:<\/strong> Aplicar la mascarilla uniformemente en las zonas donde predomina el acn\u00e9 o en todo el rostro, evitando las zonas delicadas alrededor de los ojos y los labios.<\/p>\n\n\n\n<p><strong>5. Espere de 10 a 15 minutos:<\/strong> Mantenga el rostro relajado y espere a que la superficie de la mascarilla se seque un poco, pero no por completo.<\/p>\n\n\n\n<p><strong>6. Enjuague con agua limpia: <\/strong>Enjuague bien la mascarilla con agua tibia, prestando atenci\u00f3n a limpiar los bordes, como la l\u00ednea del cabello y las alas de la nariz.<\/p>\n\n\n\n<p><strong>7. Cuidado posterior de la piel e hidrataci\u00f3n:<\/strong> Utilice un t\u00f3nico calmante, una esencia o una loci\u00f3n reparadora para hidratar y humectar la piel y fortalecer la barrera.<\/p>\n\n\n\n<h2 class=\"wp-block-heading\">Precauci\u00f3n<\/h2>\n\n\n\n<p><strong>1. Evite usar sobre heridas abiertas o piel da\u00f1ada: <\/strong>Si el acn\u00e9 se ha roto o hay una herida evidente en la piel, se recomienda usarlo despu\u00e9s de que la herida haya sanado para evitar irritaci\u00f3n o infecci\u00f3n.&nbsp;<\/p>\n\n\n\n<p><strong>2. Se recomienda realizar una prueba de alergia local antes de su uso:<\/strong> Para el primer uso, se recomienda hacer una peque\u00f1a prueba detr\u00e1s de la oreja o en el ment\u00f3n, y observar durante 24 horas sin enrojecimiento, hinchaz\u00f3n o irritaci\u00f3n antes de usarlo en todo el rostro.&nbsp;<\/p>\n\n\n\n<p><strong>3. Evite utilizar con \u00e1cidos de alta concentraci\u00f3n:<\/strong> Si ha utilizado productos exfoliantes como \u00e1cido de frutas y \u00e1cido salic\u00edlico, \u00faselos a intervalos para evitar superposiciones y provocar una sensibilidad excesiva en la piel.&nbsp;<\/p>\n\n\n\n<p><strong>4. Fortalece la hidrataci\u00f3n y reparaci\u00f3n despu\u00e9s de su uso: <\/strong>Para evitar una limpieza excesiva que cause sequedad, descamaci\u00f3n y otros problemas, se recomienda utilizar agua humectante suave, esencia, etc. para reponer agua a tiempo.&nbsp;<\/p>\n\n\n\n<h2 class=\"wp-block-heading\">Conclusi\u00f3n<\/h2>\n\n\n\n<p>La mascarilla facial para granos elimina el acn\u00e9 de ra\u00edz, acondiciona la piel y previene su reaparici\u00f3n gracias al efecto sin\u00e9rgico de una f\u00f3rmula cient\u00edfica e ingredientes vegetales multiactivos. Este producto tiene una textura suave, es f\u00e1cil de usar y es apto para diversos tipos de piel y personas, y satisface las necesidades de cuidado diario de personas con acn\u00e9, desde adolescentes hasta adultos.<\/p>","protected":false},"excerpt":{"rendered":"Facial Mask For Pimples Manufacturing Common Formulas As a professional facial mask for pimples manufacturer, we select ingredients with scientifically proven effects, such as salicylic acid and tea tree oil, etc., and start from the three major aspects of oil control, sterilization, and soothing to comprehensively deal with skin problems such as acne, closed comedones, [&hellip;]","protected":false},"featured_media":3814,"menu_order":0,"template":"","meta":[],"product-tag":[],"products":[69],"class_list":["post-3813","product","type-product","status-publish","has-post-thumbnail","hentry","products-facial-mask"],"acf":[],"_links":{"self":[{"href":"https:\/\/www.ruiqigo.com\/es\/wp-json\/wp\/v2\/product\/3813","targetHints":{"allow":["GET"]}}],"collection":[{"href":"https:\/\/www.ruiqigo.com\/es\/wp-json\/wp\/v2\/product"}],"about":[{"href":"https:\/\/www.ruiqigo.com\/es\/wp-json\/wp\/v2\/types\/product"}],"version-history":[{"count":0,"href":"https:\/\/www.ruiqigo.com\/es\/wp-json\/wp\/v2\/product\/3813\/revisions"}],"wp:featuredmedia":[{"embeddable":true,"href":"https:\/\/www.ruiqigo.com\/es\/wp-json\/wp\/v2\/media\/3814"}],"wp:attachment":[{"href":"https:\/\/www.ruiqigo.com\/es\/wp-json\/wp\/v2\/media?parent=3813"}],"wp:term":[{"taxonomy":"product-tag","embeddable":true,"href":"https:\/\/www.ruiqigo.com\/es\/wp-json\/wp\/v2\/product-tag?post=3813"},{"taxonomy":"products","embeddable":true,"href":"https:\/\/www.ruiqigo.com\/es\/wp-json\/wp\/v2\/products?post=3813"}],"curies":[{"name":"wp","href":"https:\/\/api.w.org\/{rel}","templated":true}]}}