{"id":3827,"date":"2025-07-17T17:42:18","date_gmt":"2025-07-17T09:42:18","guid":{"rendered":"https:\/\/www.ruiqigo.com\/?post_type=product&#038;p=3827"},"modified":"2025-07-17T17:42:19","modified_gmt":"2025-07-17T09:42:19","slug":"eye-makeup-remover","status":"publish","type":"product","link":"https:\/\/www.ruiqigo.com\/es\/product\/eye-makeup-remover","title":{"rendered":"Desmaquillador de ojos"},"content":{"rendered":"<h2 class=\"wp-block-heading\">F\u00f3rmulas comunes para la fabricaci\u00f3n de desmaquillantes de ojos<\/h2>\n\n\n\n<p>Nuestra f\u00f3rmula desmaquillante de ojos selecciona cuidadosamente factores de limpieza suaves e ingredientes de cuidado natural, como escualano, glicerina, vitamina B5, etc., para garantizar que el producto calme y nutra la piel de los ojos mientras elimina eficazmente el maquillaje a prueba de agua.&nbsp;<\/p>\n\n\n\n<p><strong>1. Escualano:<\/strong> El escualano es un ingrediente nutritivo natural que puede ayudar a aliviar los residuos de maquillaje mientras mantiene la barrera de humedad alrededor de los ojos durante la eliminaci\u00f3n del maquillaje, previniendo la sequedad y las l\u00edneas finas alrededor de los ojos.&nbsp;<\/p>\n\n\n\n<p><strong>2. Extracto de manzanilla: <\/strong>Tiene un efecto calmante significativo y puede reducir eficazmente el enrojecimiento, la hinchaz\u00f3n, la sequedad y la picaz\u00f3n causados por la irritaci\u00f3n del maquillaje y ayudar a aliviar la fatiga y el malestar ocular.&nbsp;<\/p>\n\n\n\n<p><strong>3. Vitamina B5:<\/strong> Tambi\u00e9n conocido como pantenol, tiene propiedades reparadoras y antiinflamatorias, que pueden mejorar la suavidad de la piel y la fuerza de la barrera, haciendo que la piel alrededor de los ojos sea m\u00e1s fuerte y estable.&nbsp;<\/p>\n\n\n\n<p><strong>4. Glicerina: <\/strong>La glicerina es un ingrediente humectante altamente efectivo que puede aumentar el contenido de agua de la piel y brindar la humedad necesaria al \u00e1rea de los ojos despu\u00e9s de quitar el maquillaje, evitando la tirantez y la descamaci\u00f3n.&nbsp;<\/p>\n\n\n\n<h2 class=\"wp-block-heading\">Las funciones del desmaquillador de ojos<\/h2>\n\n\n\n<p><strong>1. Eliminaci\u00f3n r\u00e1pida del maquillaje sin residuos: <\/strong>El desmaquillador de ojos adopta tecnolog\u00eda de limpieza bif\u00e1sica, que puede disolver f\u00e1cilmente el delineador de ojos resistente al agua y al sudor, el r\u00edmel y otros maquillajes sin frotar vigorosamente, lo que hace que la eliminaci\u00f3n del maquillaje sea m\u00e1s completa y suave.\u00a0<\/p>\n\n\n\n<p><strong>2. Textura suave:<\/strong> Nuestro desmaquillante de ojos no contiene alcohol, fragancia ni aceite mineral. Tiene una textura suave y est\u00e1 especialmente dise\u00f1ado para la sensible zona de los ojos. No irrita las gl\u00e1ndulas lacrimales ni causa visi\u00f3n borrosa y es altamente seguro.\u00a0<\/p>\n\n\n\n<p><strong>3. Desmaquillaje y cuidado:<\/strong> Este producto es rico en ingredientes hidratantes y calmantes. Nutre la piel del contorno de ojos, elimina el maquillaje resistente y reduce el riesgo de l\u00edneas de expresi\u00f3n causadas por la sequedad y la tirantez.\u00a0<\/p>\n\n\n\n<p><strong>4. Agitar bien y usar, f\u00e1cil de operar: <\/strong>La botella tiene un dise\u00f1o de capas de aceite y agua, por lo que solo necesita agitarla bien y usarla inmediatamente, ahorrando tiempo y esfuerzo. Es ideal para uso frecuente por maquilladores profesionales y usuarios diarios.&nbsp;<\/p>\n\n\n\n<h2 class=\"wp-block-heading\">C\u00f3mo usar el desmaquillador de ojos<\/h2>\n\n\n\n<p>Se recomienda utilizar un disco de algod\u00f3n para limpiar suavemente el maquillaje de ojos sin tirar excesivamente, especialmente para quienes usan delineador de ojos o r\u00edmel a prueba de agua.<\/p>\n\n\n\n<p>1. Agite suavemente la botella para mezclar el agua y el aceite.<\/p>\n\n\n\n<p>2. Vierta el desmaquillador de ojos sobre el disco de algod\u00f3n y emp\u00e1pelo completamente.<\/p>\n\n\n\n<p>3. Despu\u00e9s de cerrar los ojos, aplique suavemente el algod\u00f3n sobre los ojos y d\u00e9jelo actuar durante 5 a 10 segundos.<\/p>\n\n\n\n<p>4. Limpie suavemente el \u00e1rea de maquillaje a lo largo de la textura de la piel del ojo para eliminar el maquillaje.<\/p>\n\n\n\n<p>5. Por \u00faltimo, enjuagar con agua limpia e hidratar los ojos.<\/p>\n\n\n\n<h2 class=\"wp-block-heading\">Precauci\u00f3n<\/h2>\n\n\n\n<p><strong>1. Agitar bien antes de usar: <\/strong>Agite bien antes de usar para asegurar que el aceite y el agua est\u00e9n completamente integrados para mejorar la eficacia de la eliminaci\u00f3n del maquillaje.<\/p>\n\n\n\n<p><strong>2. Evitar el contacto con los ojos: <\/strong>Tenga cuidado de no dejar caer el desmaquillante directamente en los ojos al usarlo. Si accidentalmente entra en contacto con ellos, enju\u00e1guelos inmediatamente con abundante agua limpia. Si la situaci\u00f3n es grave, busque atenci\u00f3n m\u00e9dica de inmediato.<\/p>\n\n\n\n<p><strong>3. No utilice fuerza excesiva: <\/strong>La piel alrededor de los ojos es relativamente delicada, as\u00ed que no la frote con fuerza. Use discos de algod\u00f3n suaves para evitar la fricci\u00f3n excesiva que puede causar enrojecimiento e hinchaz\u00f3n.<\/p>\n\n\n\n<p><strong>4. Reparaci\u00f3n despu\u00e9s de la extracci\u00f3n: <\/strong>Despu\u00e9s de quitar el maquillaje, haga un buen trabajo de hidrataci\u00f3n y reparaci\u00f3n posterior, reponga la esencia o crema para ojos a tiempo para mantener la piel hidratada y suave.&nbsp;<\/p>\n\n\n\n<h2 class=\"wp-block-heading\">Conclusi\u00f3n<\/h2>\n\n\n\n<p>El desmaquillante de ojos combina desmaquillaje y reparaci\u00f3n en un solo producto, y es adecuado para diversas concentraciones de maquillaje y diferentes usos. Gracias a su tecnolog\u00eda cient\u00edfica y a sus m\u00faltiples ingredientes suaves, ofrece un alto poder desmaquillante y es seguro para pieles sensibles, logrando un equilibrio entre limpieza y cuidado para la piel del contorno de ojos. Ya sea para maquillaje ligero diario, maquillaje intenso en el escenario o maquillaje profesional, este producto desmaquilla de forma eficaz y suave, siendo un componente esencial del cuidado ocular.<\/p>","protected":false},"excerpt":{"rendered":"Eye Makeup Remover Manufacturing Common Formulas Our eye makeup remover formula carefully selects gentle cleansing factors and natural care ingredients, such as squalane, glycerin, vitamin B5, etc., to ensure that the product soothes and nourishes the eye skin while effectively removing waterproof makeup.&nbsp; 1. Squalane: Squalane is a natural nourishing ingredient that can help relieve [&hellip;]","protected":false},"featured_media":3828,"menu_order":0,"template":"","meta":[],"product-tag":[],"products":[66],"class_list":["post-3827","product","type-product","status-publish","has-post-thumbnail","hentry","products-makeup-remover"],"acf":[],"_links":{"self":[{"href":"https:\/\/www.ruiqigo.com\/es\/wp-json\/wp\/v2\/product\/3827","targetHints":{"allow":["GET"]}}],"collection":[{"href":"https:\/\/www.ruiqigo.com\/es\/wp-json\/wp\/v2\/product"}],"about":[{"href":"https:\/\/www.ruiqigo.com\/es\/wp-json\/wp\/v2\/types\/product"}],"version-history":[{"count":0,"href":"https:\/\/www.ruiqigo.com\/es\/wp-json\/wp\/v2\/product\/3827\/revisions"}],"wp:featuredmedia":[{"embeddable":true,"href":"https:\/\/www.ruiqigo.com\/es\/wp-json\/wp\/v2\/media\/3828"}],"wp:attachment":[{"href":"https:\/\/www.ruiqigo.com\/es\/wp-json\/wp\/v2\/media?parent=3827"}],"wp:term":[{"taxonomy":"product-tag","embeddable":true,"href":"https:\/\/www.ruiqigo.com\/es\/wp-json\/wp\/v2\/product-tag?post=3827"},{"taxonomy":"products","embeddable":true,"href":"https:\/\/www.ruiqigo.com\/es\/wp-json\/wp\/v2\/products?post=3827"}],"curies":[{"name":"wp","href":"https:\/\/api.w.org\/{rel}","templated":true}]}}