{"id":3835,"date":"2025-07-18T13:57:59","date_gmt":"2025-07-18T05:57:59","guid":{"rendered":"https:\/\/www.ruiqigo.com\/?post_type=product&#038;p=3835"},"modified":"2025-07-18T13:58:01","modified_gmt":"2025-07-18T05:58:01","slug":"makeup-remover-balm","status":"publish","type":"product","link":"https:\/\/www.ruiqigo.com\/es\/product\/makeup-remover-balm","title":{"rendered":"B\u00e1lsamo desmaquillante"},"content":{"rendered":"<h2 class=\"wp-block-heading\">F\u00f3rmulas comunes de fabricaci\u00f3n de b\u00e1lsamos desmaquillantes<\/h2>\n\n\n\n<p>Como fabricante profesional de b\u00e1lsamo desmaquillante, insistimos en seleccionar una variedad de ingredientes de cuidado activo de alta calidad, como manteca de karit\u00e9, ceramida, aceite de almendras dulces, etc., para lograr eficazmente los efectos duales de la eliminaci\u00f3n eficiente del maquillaje y el cuidado profundo de la piel.&nbsp;<\/p>\n\n\n\n<p><strong>1. Manteca de karit\u00e9: <\/strong>La manteca de karit\u00e9 es rica en \u00e1cidos grasos insaturados y antioxidantes. Hidrata profundamente la piel a la vez que elimina los residuos de maquillaje, dej\u00e1ndola suave y sin tirantez. Es especialmente adecuada para pieles secas y durante las estaciones secas.&nbsp;<\/p>\n\n\n\n<p><strong>2. Ceramida:<\/strong> Puede fortalecer la barrera cut\u00e1nea y reducir eficazmente la p\u00e9rdida de humedad durante la eliminaci\u00f3n del maquillaje, de modo que la piel permanezca hidratada despu\u00e9s de la eliminaci\u00f3n del maquillaje.&nbsp;<\/p>\n\n\n\n<p><strong>3. Aceite de almendras dulces:<\/strong> El aceite de almendras dulces es muy ligero y agradable para la piel. Disuelve eficazmente el maquillaje de ojos y labios. Adem\u00e1s, es rico en vitamina E, tiene efectos calmantes y antial\u00e9rgicos, y reduce la irritaci\u00f3n cut\u00e1nea causada por el desmaquillaje.&nbsp;<\/p>\n\n\n\n<p><strong>4. Aceite de semilla de jojoba: <\/strong>Puede simular la composici\u00f3n del sebo humano, ayudar a la piel a equilibrar la grasa, reducir la irritaci\u00f3n y promover el metabolismo de la piel.<\/p>\n\n\n\n<h2 class=\"wp-block-heading\">Las funciones del b\u00e1lsamo desmaquillante<\/h2>\n\n\n\n<p><strong>1. Textura fina: <\/strong>La textura pastosa del b\u00e1lsamo desmaquillante es estable y no se desmaquilla f\u00e1cilmente, adem\u00e1s de ser muy fina. Se funde al instante al contacto con la piel, disuelve profundamente la suciedad del maquillaje y se enjuaga f\u00e1cilmente tras su emulsi\u00f3n sin dejar residuos.&nbsp;<\/p>\n\n\n\n<p><strong>2. Suave y no irritante: <\/strong>Nuestra f\u00f3rmula de b\u00e1lsamo desmaquillante no contiene ingredientes como alcohol, fragancias artificiales y conservantes irritantes, por lo que es muy suave y su valor de pH es cercano al de la piel humana, lo que lo hace m\u00e1s seguro de usar.&nbsp;<\/p>\n\n\n\n<p><strong>3. Port\u00e1til y no se filtra f\u00e1cilmente:<\/strong> Este producto es una pasta s\u00f3lida, por lo que no hay que preocuparse por derrames de productos l\u00edquidos. Es muy ligero y f\u00e1cil de guardar, y muy pr\u00e1ctico para llevar en viajes de negocios.&nbsp;<\/p>\n\n\n\n<p><strong>4. Desmaquillante y nutritivo dos en uno: <\/strong>Adem\u00e1s del efecto de eliminaci\u00f3n de maquillaje profundo, el b\u00e1lsamo desmaquillante tambi\u00e9n puede nutrir y cuidar la piel al mismo tiempo, manteni\u00e9ndola suave y radiante.&nbsp;<\/p>\n\n\n\n<p><strong>5. Un frasco con m\u00faltiples efectos, desmaquillaje completo: <\/strong>No es necesario utilizar desmaquillador adicional para ojos y labios, una botella de b\u00e1lsamo desmaquillante puede eliminar todo el maquillaje del rostro, ahorrando pasos de desmaquillaje y siendo muy conveniente.&nbsp;<\/p>\n\n\n\n<h2 class=\"wp-block-heading\">C\u00f3mo usar el b\u00e1lsamo desmaquillante<\/h2>\n\n\n\n<p>Recomendamos utilizar el b\u00e1lsamo desmaquillante con las manos y el rostro secos para maximizar el efecto de eliminaci\u00f3n del maquillaje.<\/p>\n\n\n\n<p>1. Mantenga su rostro seco, saque una cantidad de b\u00e1lsamo desmaquillante del tama\u00f1o de una moneda de 1 yuan en la palma de su mano y use la temperatura de su palma para derretir el b\u00e1lsamo hasta que adquiera un estado aceitoso.<\/p>\n\n\n\n<p>2. Aplicar uniformemente en todo el rostro y masajear suavemente durante aproximadamente 1 minuto para disolver el maquillaje del rostro.<\/p>\n\n\n\n<p>3. Moja tus manos con agua y contin\u00faa masajeando tu rostro para emulsionar el maquillaje hasta convertirlo en una loci\u00f3n blanca.<\/p>\n\n\n\n<p>4. Enjuague bien con agua limpia y proceda con el siguiente proceso de cuidado de la piel.<\/p>\n\n\n\n<h2 class=\"wp-block-heading\">Precauci\u00f3n<\/h2>\n\n\n\n<p><strong>1. Aseg\u00farate de que tus manos y rostro est\u00e9n secos antes de desmaquillarte: <\/strong>Una cara h\u00fameda reducir\u00e1 la eficiencia de emulsi\u00f3n del maquillaje, por lo que se recomienda retirar el maquillaje cuando la cara y las manos est\u00e9n secas.&nbsp;<\/p>\n\n\n\n<p><strong>2. Enjuague bien despu\u00e9s de desmaquillarse: <\/strong>Despu\u00e9s de desmaquillarte, enjuaga tu rostro con abundante agua para evitar que el aceite residual obstruya tus poros.&nbsp;<\/p>\n\n\n\n<p><strong>3. Evite el contacto con el interior de los ojos: <\/strong>Aunque este producto es suave y no irritante, se debe evitar que entre directamente en los ojos para prevenir molestias.&nbsp;<\/p>\n\n\n\n<p><strong>4. Sellar y almacenar despu\u00e9s de usar:<\/strong> Para mantener el mejor efecto del b\u00e1lsamo desmaquillante y evitar la oxidaci\u00f3n y el deterioro, apriete la tapa y s\u00e9llela despu\u00e9s de su uso.&nbsp;<\/p>\n\n\n\n<h2 class=\"wp-block-heading\">Conclusi\u00f3n<\/h2>\n\n\n\n<p>El b\u00e1lsamo desmaquillante combina una eficaz eliminaci\u00f3n del maquillaje con el cuidado de la piel. Su textura pastosa y s\u00f3lida se funde con la piel y elimina el maquillaje en profundidad. Es adecuado para diversos tipos de piel y maquillaje. Un solo frasco elimina m\u00faltiples tipos de maquillaje. Es muy eficaz y tambi\u00e9n es adecuado para pieles sensibles y personas que viajan por negocios.<\/p>","protected":false},"excerpt":{"rendered":"Makeup Remover Balm Manufacturing Common Formulas As a professional manufacturer of makeup remover balm, we insist on selecting a variety of high-quality active care ingredients, such as shea butter, ceramide, sweet almond oil, etc., to effectively achieve the dual effects of efficient makeup removal and deep skin care.&nbsp; 1. Shea butter: Shea butter is rich [&hellip;]","protected":false},"featured_media":3836,"menu_order":0,"template":"","meta":[],"product-tag":[],"products":[66],"class_list":["post-3835","product","type-product","status-publish","has-post-thumbnail","hentry","products-makeup-remover"],"acf":[],"_links":{"self":[{"href":"https:\/\/www.ruiqigo.com\/es\/wp-json\/wp\/v2\/product\/3835","targetHints":{"allow":["GET"]}}],"collection":[{"href":"https:\/\/www.ruiqigo.com\/es\/wp-json\/wp\/v2\/product"}],"about":[{"href":"https:\/\/www.ruiqigo.com\/es\/wp-json\/wp\/v2\/types\/product"}],"version-history":[{"count":0,"href":"https:\/\/www.ruiqigo.com\/es\/wp-json\/wp\/v2\/product\/3835\/revisions"}],"wp:featuredmedia":[{"embeddable":true,"href":"https:\/\/www.ruiqigo.com\/es\/wp-json\/wp\/v2\/media\/3836"}],"wp:attachment":[{"href":"https:\/\/www.ruiqigo.com\/es\/wp-json\/wp\/v2\/media?parent=3835"}],"wp:term":[{"taxonomy":"product-tag","embeddable":true,"href":"https:\/\/www.ruiqigo.com\/es\/wp-json\/wp\/v2\/product-tag?post=3835"},{"taxonomy":"products","embeddable":true,"href":"https:\/\/www.ruiqigo.com\/es\/wp-json\/wp\/v2\/products?post=3835"}],"curies":[{"name":"wp","href":"https:\/\/api.w.org\/{rel}","templated":true}]}}