{"id":3840,"date":"2025-07-18T16:41:32","date_gmt":"2025-07-18T08:41:32","guid":{"rendered":"https:\/\/www.ruiqigo.com\/?post_type=product&#038;p=3840"},"modified":"2025-07-18T16:41:33","modified_gmt":"2025-07-18T08:41:33","slug":"facial-moisturizer-mask","status":"publish","type":"product","link":"https:\/\/www.ruiqigo.com\/es\/product\/facial-moisturizer-mask","title":{"rendered":"Mascarilla hidratante facial"},"content":{"rendered":"<h2 class=\"wp-block-heading\">F\u00f3rmulas comunes para la fabricaci\u00f3n de mascarillas hidratantes faciales<\/h2>\n\n\n\n<p>Nuestra mascarilla hidratante facial contiene ingredientes hidratantes cl\u00e1sicos seleccionados, como \u00e1cido hialur\u00f3nico, ceramida y pantenol, que hidratan profundamente la piel, fortalecen la barrera cut\u00e1nea, la calman y la estabilizan. Es adecuada para una amplia variedad de personas.&nbsp;<\/p>\n\n\n\n<p><strong>1. \u00c1cido hialur\u00f3nico: <\/strong>Este ingrediente absorbe el agua eficientemente. Puede aumentar r\u00e1pidamente el contenido de agua del estrato c\u00f3rneo de la piel, nutrirla en profundidad y dejar la piel del rostro tersa e hidratada.&nbsp;<\/p>\n\n\n\n<p><strong>2. Ceramida: <\/strong>Puede reparar la barrera cut\u00e1nea da\u00f1ada, mejorar la resistencia de la piel y prevenir eficazmente la p\u00e9rdida de hidrataci\u00f3n. Es especialmente adecuado para personas con piel sensible y una barrera cut\u00e1nea da\u00f1ada.\u00a0\u00a0<\/p>\n\n\n\n<p><strong>3. Pantenol: <\/strong>El pantenol puede mejorar la capacidad de autocuraci\u00f3n de la piel, mejorar la piel seca y, al mismo tiempo, mejorar su capacidad para retener la humedad, haciendo que la piel est\u00e9 hidratada y brillante de forma duradera.&nbsp;<\/p>\n\n\n\n<p><strong>4. Extracto de aloe vera: <\/strong>Un ingrediente vegetal natural con excelentes efectos calmantes y antiinflamatorios, ayuda a aliviar el enrojecimiento, la hinchaz\u00f3n, la sequedad, la picaz\u00f3n y otras molestias de la piel, y mejora la comodidad de la piel.&nbsp;<\/p>\n\n\n\n<h2 class=\"wp-block-heading\">Las funciones de la mascarilla hidratante facial<\/h2>\n\n\n\n<p><strong>1. Hidrataci\u00f3n r\u00e1pida: <\/strong>El uso de una mascarilla hidratante facial puede lograr una hidrataci\u00f3n r\u00e1pida en solo 10-15 minutos, mejorando significativamente la piel seca.\u00a0<\/p>\n\n\n\n<p><strong>2. Suave y no alerg\u00e9nico:<\/strong> La f\u00f3rmula de este producto es muy suave y no contiene alcohol, fragancias alerg\u00e9nicas ni otros ingredientes. Por lo tanto, tambi\u00e9n es ideal para la hidrataci\u00f3n diaria de pieles sensibles.&nbsp;<\/p>\n\n\n\n<p><strong>3. Mejora la capacidad de la piel para retener la humedad:<\/strong> Una mascarilla humectante facial puede reparar la barrera cut\u00e1nea, reparar la capa protectora natural mientras retiene la humedad y ayudar a la piel a mantener un estado hidratado por m\u00e1s tiempo.\u00a0<\/p>\n\n\n\n<p><strong>4. Adecuado para varios tipos de piel:<\/strong> Nuestra mascarilla humectante facial tiene una f\u00f3rmula suave y un efecto efectivo, adecuada para usuarios con todo tipo de piel, incluidas las secas y grasas.&nbsp;<\/p>\n\n\n\n<h2 class=\"wp-block-heading\">C\u00f3mo usar la mascarilla hidratante facial<\/h2>\n\n\n\n<p>Se recomienda utilizar la mascarilla humectante facial despu\u00e9s de limpiar la piel para maximizar la hidrataci\u00f3n y el efecto de retenci\u00f3n de humedad.<\/p>\n\n\n\n<p>1. Despu\u00e9s de la limpieza, saque la mascarilla humectante facial y apl\u00edquela en el rostro.<\/p>\n\n\n\n<p>2. Espere de 10 a 15 minutos para que la piel absorba la humedad y la esencia.<\/p>\n\n\n\n<p>3. Retire la mascarilla del rostro y d\u00e9 golpecitos suaves para promover su absorci\u00f3n.<\/p>\n\n\n\n<p>4. Enjuague con agua limpia y contin\u00fae con el proceso de cuidado de la piel posterior para fortalecer el efecto de retenci\u00f3n de humedad.<\/p>\n\n\n\n<h2 class=\"wp-block-heading\">Precauci\u00f3n<\/h2>\n\n\n\n<p><strong>1. Prueba de sensibilidad:<\/strong> Si est\u00e1 utilizando este producto por primera vez, se recomienda realizar primero una prueba de sensibilidad de la piel detr\u00e1s de la oreja o en el ment\u00f3n y luego usarlo completamente cuando no se presenten molestias.&nbsp;<\/p>\n\n\n\n<p><strong>2. No utilizar sobre piel da\u00f1ada:<\/strong> Cuando la piel est\u00e9 da\u00f1ada, roja, hinchada o al\u00e9rgica, no utilice la mascarilla humectante facial para evitar la irritaci\u00f3n de la piel.\u00a0<\/p>\n\n\n\n<p><strong>3. Conservar en un lugar fresco y alejado de la luz.<\/strong> Guarde este producto en un lugar fresco y seco, alejado de altas temperaturas y de la luz solar para garantizar la actividad y el efecto del producto.\u00a0<\/p>\n\n\n\n<p><strong>4. El tiempo de uso no debe ser demasiado largo: <\/strong>El tiempo de uso recomendado se basa en las instrucciones del producto y no debe ser demasiado largo para evitar efectos adversos.<\/p>\n\n\n\n<h2 class=\"wp-block-heading\">Conclusi\u00f3n<\/h2>\n\n\n\n<p>La mascarilla hidratante facial es un producto hidratante altamente efectivo para el cuidado de la piel que repone y retiene la hidrataci\u00f3n r\u00e1pidamente. Hemos seleccionado cuidadosamente ingredientes hidratantes altamente efectivos para satisfacer las necesidades de hidrataci\u00f3n de todo tipo de piel. Ya sea para la hidrataci\u00f3n diaria o para una hidrataci\u00f3n de emergencia para pieles secas y sensibles, esta mascarilla es una excelente opci\u00f3n.<\/p>","protected":false},"excerpt":{"rendered":"Facial Moisturizer Mask Manufacturing Common Formulas Our facial moisturizer mask formula contains selected classic hydrating and moisturizing ingredients such as hyaluronic acid, ceramide, panthenol, etc., which can deeply hydrate the skin, strengthen the barrier, and soothe and stabilize the skin. It is suitable for a wide range of people.&nbsp; 1. Hyaluronic acid: This is an [&hellip;]","protected":false},"featured_media":3841,"menu_order":0,"template":"","meta":[],"product-tag":[],"products":[69],"class_list":["post-3840","product","type-product","status-publish","has-post-thumbnail","hentry","products-facial-mask"],"acf":[],"_links":{"self":[{"href":"https:\/\/www.ruiqigo.com\/es\/wp-json\/wp\/v2\/product\/3840","targetHints":{"allow":["GET"]}}],"collection":[{"href":"https:\/\/www.ruiqigo.com\/es\/wp-json\/wp\/v2\/product"}],"about":[{"href":"https:\/\/www.ruiqigo.com\/es\/wp-json\/wp\/v2\/types\/product"}],"version-history":[{"count":0,"href":"https:\/\/www.ruiqigo.com\/es\/wp-json\/wp\/v2\/product\/3840\/revisions"}],"wp:featuredmedia":[{"embeddable":true,"href":"https:\/\/www.ruiqigo.com\/es\/wp-json\/wp\/v2\/media\/3841"}],"wp:attachment":[{"href":"https:\/\/www.ruiqigo.com\/es\/wp-json\/wp\/v2\/media?parent=3840"}],"wp:term":[{"taxonomy":"product-tag","embeddable":true,"href":"https:\/\/www.ruiqigo.com\/es\/wp-json\/wp\/v2\/product-tag?post=3840"},{"taxonomy":"products","embeddable":true,"href":"https:\/\/www.ruiqigo.com\/es\/wp-json\/wp\/v2\/products?post=3840"}],"curies":[{"name":"wp","href":"https:\/\/api.w.org\/{rel}","templated":true}]}}