{"id":3855,"date":"2025-07-23T16:19:49","date_gmt":"2025-07-23T08:19:49","guid":{"rendered":"https:\/\/www.ruiqigo.com\/?post_type=product&#038;p=3855"},"modified":"2025-07-23T16:19:49","modified_gmt":"2025-07-23T08:19:49","slug":"gentle-facial-cleanser","status":"publish","type":"product","link":"https:\/\/www.ruiqigo.com\/es\/product\/gentle-facial-cleanser","title":{"rendered":"Limpiador facial suave"},"content":{"rendered":"<h2 class=\"wp-block-heading\">F\u00f3rmulas comunes de fabricaci\u00f3n de limpiadores faciales suaves<\/h2>\n\n\n\n<p>Seleccionamos cuidadosamente una variedad de ingredientes vegetales y tensioactivos suaves para a\u00f1adirlos a la f\u00f3rmula de este limpiador facial suave, garantizando as\u00ed una piel completamente protegida y nutrida durante la limpieza profunda. Los ingredientes del producto son concisos y eficaces, principalmente tensioactivos de amino\u00e1cidos, factores calmantes de extractos vegetales y humectantes naturales.&nbsp;<\/p>\n\n\n\n<p><strong>1. Cocoil glutamato de sodio: <\/strong>Este es un surfactante suave derivado del aceite de coco y amino\u00e1cidos. Es suave, no contiene bases jabonosas, tiene buena capacidad de espuma y limpieza, elimina eficazmente la suciedad y el exceso de sebo, y no deja el rostro tirante ni seco despu\u00e9s de la limpieza.&nbsp;<\/p>\n\n\n\n<p><strong>2. Cocoil glicinato de sodio:<\/strong> Tambi\u00e9n pertenece al sistema de amino\u00e1cidos, es muy suave, produce una espuma abundante y es el ingrediente limpiador principal de muchos productos de limpieza de alta gama. Adem\u00e1s, proporciona una excelente sensaci\u00f3n en la piel y propiedades hidratantes, que ayudan a mantener la piel hidratada y suave.\u00a0<\/p>\n\n\n\n<p><strong>3. Glicerina: <\/strong>La glicerina es un ingrediente hidratante cl\u00e1sico que retiene la humedad y alivia la sequedad durante la limpieza, evitando que la piel se vuelva tirante. Tambi\u00e9n puede aumentar el contenido de agua del estrato c\u00f3rneo y es un ingrediente hidratante b\u00e1sico indispensable para una limpieza suave.&nbsp;<\/p>\n\n\n\n<p><strong>4. Pantenol: <\/strong>El pantenol penetra profundamente en el estrato c\u00f3rneo para ayudar a la piel a retener la hidrataci\u00f3n. Adem\u00e1s, tiene un efecto calmante y antiinflamatorio. Repara microda\u00f1os y mejora la suavidad de la piel durante el proceso de limpieza, dej\u00e1ndola m\u00e1s suave y delicada.&nbsp;<\/p>\n\n\n\n<p><strong>5. Extracto de aloe vera:<\/strong> Este ingrediente es rico en diversos amino\u00e1cidos y vitaminas. Tiene importantes efectos calmantes, antioxidantes y reparadores. Puede aliviar la irritaci\u00f3n leve causada por la limpieza y mejorar la estabilidad general y la sensaci\u00f3n de la piel.&nbsp;<\/p>\n\n\n\n<h2 class=\"wp-block-heading\">Las funciones del limpiador facial suave<\/h2>\n\n\n\n<p><strong>1. Suave y no irritante: <\/strong>Un limpiador facial suave no utiliza fragancias artificiales, bases de jab\u00f3n ni alcohol, por lo que es muy suave y reduce significativamente el riesgo de sensibilidad cut\u00e1nea. Es apto para beb\u00e9s, mujeres embarazadas y personas con la barrera cut\u00e1nea da\u00f1ada, lo que hace que la limpieza sea m\u00e1s segura.\u00a0<\/p>\n\n\n\n<p><strong>2. Espuma rica y delicada:<\/strong> Nuestro limpiador facial suave tiene una espuma abundante y se puede aplicar f\u00e1cilmente sin necesidad de muchos pasos. La espuma envuelve firmemente la suciedad y el proceso de limpieza es muy eficaz sin resecar la piel.&nbsp;<\/p>\n\n\n\n<p><strong>3. Limpia e hidrata simult\u00e1neamente:<\/strong> Un limpiador facial suave no solo limpia en profundidad la suciedad de tu rostro, sino que tambi\u00e9n retiene los componentes de agua y grasa necesarios en tu piel, evitando la sensaci\u00f3n de tirantez despu\u00e9s de la limpieza y logrando realmente una limpieza suave.\u00a0<\/p>\n\n\n\n<p><strong>4. Alta adaptabilidad:<\/strong> El limpiador facial suave es adecuado para una variedad de condiciones de la piel, incluida la piel seca, la piel grasa, la piel mixta y la piel sensible, por lo que tiene una gran adaptabilidad.\u00a0<\/p>\n\n\n\n<h2 class=\"wp-block-heading\">C\u00f3mo utilizar un limpiador facial suave<\/h2>\n\n\n\n<p>El uso correcto de un limpiador facial suave garantiza un efecto limpiador y minimiza el da\u00f1o a la piel. Se recomienda usarlo una vez al d\u00eda, por la ma\u00f1ana y por la noche, con agua tibia para potenciar su efecto limpiador y calmante.<\/p>\n\n\n\n<p>1. Moja tu rostro con agua tibia, toma una cantidad adecuada de limpiador facial en la palma de la mano, agrega agua y frota hasta hacer espuma.<\/p>\n\n\n\n<p>2. Aplique la espuma uniformemente sobre el rostro y masajee suavemente con movimientos circulares durante 30 segundos a 1 minuto.<\/p>\n\n\n\n<p>3. Enjuague bien su cara con agua limpia.<\/p>\n\n\n\n<p>4. Use una toalla limpia para presionar suavemente su rostro para absorber la humedad y evitar secar y tirar excesivamente de la piel.&nbsp;<\/p>\n\n\n\n<h2 class=\"wp-block-heading\">Precauci\u00f3n<\/h2>\n\n\n\n<p><strong>1. Prueba cut\u00e1nea: <\/strong>Le recomendamos que haga una prueba local detr\u00e1s de la oreja o en la l\u00ednea de la mand\u00edbula por primera vez para confirmar que no irrite la piel antes de usarlo en un \u00e1rea grande.\u00a0<\/p>\n\n\n\n<p><strong>2. Evitar el contacto con los ojos: <\/strong>Si accidentalmente entra en contacto con los ojos, enju\u00e1guelos inmediatamente con abundante agua para evitar irritaciones o molestias.&nbsp;<\/p>\n\n\n\n<p><strong>3. Usar con agua tibia:<\/strong> El agua caliente puede da\u00f1ar la capa seb\u00e1cea de la piel, mientras que el agua fr\u00eda podr\u00eda no ser eficaz para limpiarla. Por lo tanto, recomendamos usar agua tibia para lavarse la cara, ya que ayuda a disolver la grasa y proteger la cut\u00edcula.\u00a0<\/p>\n\n\n\n<p><strong>4. Presta atenci\u00f3n a la hidrataci\u00f3n posterior: <\/strong>Despu\u00e9s de la limpieza, debes usar t\u00f3nico y humectante lo antes posible para el cuidado posterior de la piel para retener la humedad.&nbsp;<\/p>\n\n\n\n<h2 class=\"wp-block-heading\">Conclusi\u00f3n<\/h2>\n\n\n\n<p>Este limpiador facial suave no solo logra el equilibrio perfecto entre poder limpiador y suavidad, sino que tambi\u00e9n cuida cada cent\u00edmetro de tu piel con ingredientes cuidadosamente seleccionados. Nuestra f\u00f3rmula hipoalerg\u00e9nica, sin jab\u00f3n ni alcohol, combinada con m\u00faltiples ingredientes calmantes e hidratantes, proporciona una experiencia de limpieza segura para todo tipo de piel.<\/p>","protected":false},"excerpt":{"rendered":"Gentle Facial Cleanser Manufacturing Common Formulas We carefully select a variety of plant-based ingredients and mild surfactants to add to the gentle facial cleanser formula to ensure that the skin is fully protected and nourished during the thorough cleansing process. The product ingredients are concise and effective, mainly amino acid surfactants, plant-extracted soothing factors, and [&hellip;]","protected":false},"featured_media":3856,"menu_order":0,"template":"","meta":[],"product-tag":[],"products":[65],"class_list":["post-3855","product","type-product","status-publish","has-post-thumbnail","hentry","products-facial-cleanser"],"acf":[],"_links":{"self":[{"href":"https:\/\/www.ruiqigo.com\/es\/wp-json\/wp\/v2\/product\/3855","targetHints":{"allow":["GET"]}}],"collection":[{"href":"https:\/\/www.ruiqigo.com\/es\/wp-json\/wp\/v2\/product"}],"about":[{"href":"https:\/\/www.ruiqigo.com\/es\/wp-json\/wp\/v2\/types\/product"}],"version-history":[{"count":0,"href":"https:\/\/www.ruiqigo.com\/es\/wp-json\/wp\/v2\/product\/3855\/revisions"}],"wp:featuredmedia":[{"embeddable":true,"href":"https:\/\/www.ruiqigo.com\/es\/wp-json\/wp\/v2\/media\/3856"}],"wp:attachment":[{"href":"https:\/\/www.ruiqigo.com\/es\/wp-json\/wp\/v2\/media?parent=3855"}],"wp:term":[{"taxonomy":"product-tag","embeddable":true,"href":"https:\/\/www.ruiqigo.com\/es\/wp-json\/wp\/v2\/product-tag?post=3855"},{"taxonomy":"products","embeddable":true,"href":"https:\/\/www.ruiqigo.com\/es\/wp-json\/wp\/v2\/products?post=3855"}],"curies":[{"name":"wp","href":"https:\/\/api.w.org\/{rel}","templated":true}]}}