{"id":402,"date":"2024-07-08T10:46:59","date_gmt":"2024-07-08T02:46:59","guid":{"rendered":"https:\/\/ruiqigo.com\/?post_type=product&#038;p=402"},"modified":"2024-10-28T15:41:34","modified_gmt":"2024-10-28T07:41:34","slug":"tea-tree-body-wash","status":"publish","type":"product","link":"https:\/\/www.ruiqigo.com\/es\/product\/tea-tree-body-wash","title":{"rendered":"Gel de ba\u00f1o con aceite de \u00e1rbol de t\u00e9"},"content":{"rendered":"<h3 class=\"wp-block-heading\">F\u00f3rmulas comunes para la fabricaci\u00f3n de geles de ba\u00f1o a base de \u00e1rbol de t\u00e9<\/h3>\n\n\n\n<p>El ingrediente principal de este gel de ba\u00f1o de \u00e1rbol de t\u00e9 es el aceite esencial de \u00e1rbol de t\u00e9 natural. El aceite de \u00e1rbol de t\u00e9 es un ingrediente antibacteriano y antiinflamatorio natural que no solo limpia la piel, sino que tambi\u00e9n repara la piel da\u00f1ada y previene la aparici\u00f3n de problemas cut\u00e1neos. Tambi\u00e9n hemos a\u00f1adido extractos de plantas como el aceite de hoja de Melaleuca alternifolia y el mentol para potenciar a\u00fan m\u00e1s los efectos limpiadores y calmantes, aportando un cuidado m\u00e1s completo a la piel. Todos los ingredientes se prueban y examinan estrictamente para garantizar la seguridad y la eficacia de los productos, ofreci\u00e9ndole una experiencia de ba\u00f1o natural de alta calidad.<\/p>\n\n\n\n<h3 class=\"wp-block-heading\">Escenarios aplicables del gel de ba\u00f1o de \u00e1rbol de t\u00e9<\/h3>\n\n\n\n<p>Este gel de ba\u00f1o con aceite de \u00e1rbol de t\u00e9 es perfecto para las condiciones calurosas y h\u00famedas del verano. Su refrescante fragancia a \u00e1rbol de t\u00e9 proporciona una experiencia de ba\u00f1o refrescante y vigorizante, que te ayuda a sentirte renovado al instante en el calor del verano. Al mismo tiempo, sus ingredientes antibacterianos naturales son eficaces para prevenir los problemas cut\u00e1neos provocados por el sudor, de modo que siempre puedas mantener la piel fresca y limpia en el clima c\u00e1lido.<\/p>\n\n\n\n<h3 class=\"wp-block-heading\">\u00bfPara qui\u00e9n est\u00e1 destinado el gel de ba\u00f1o de \u00e1rbol de t\u00e9?<\/h3>\n\n\n\n<p>Este gel de ba\u00f1o de \u00e1rbol de t\u00e9 es ideal para quienes buscan limpieza e higiene y se preocupan por la salud de su piel. Sus ingredientes antibacterianos naturales pueden matar eficazmente las bacterias da\u00f1inas, lo que proporciona una limpieza m\u00e1s segura y eficaz para la piel; al mismo tiempo, sus ricos ingredientes nutritivos tambi\u00e9n pueden brindar un cuidado integral a los usuarios de todo tipo de piel, para ayudar a mejorar la sequedad, la sensibilidad y otros problemas. Adem\u00e1s, su fragancia fresca tambi\u00e9n puede brindar un ba\u00f1o agradable a quienes gustan de una experiencia fresca.<\/p>\n\n\n\n<h3 class=\"wp-block-heading\">Proceso de producci\u00f3n del gel de ba\u00f1o de \u00e1rbol de t\u00e9<\/h3>\n\n\n\n<p>En la producci\u00f3n de nuestro gel de ba\u00f1o de \u00e1rbol de t\u00e9, utilizamos aceite puro de \u00e1rbol de t\u00e9 y un proceso de extracci\u00f3n suave para garantizar que se conserven sus ingredientes activos. Durante el proceso de producci\u00f3n, controlamos estrictamente el nivel de pH y la concentraci\u00f3n de aceite de \u00e1rbol de t\u00e9 en nuestras f\u00f3rmulas para lograr el mejor efecto de cuidado de la piel y la mejor experiencia de uso. Adem\u00e1s, nos centramos en la protecci\u00f3n del medio ambiente y la sostenibilidad para garantizar que nuestros productos sean respetuosos con el medio ambiente.<\/p>","protected":false},"excerpt":{"rendered":"Tea tree body wash manufacturing Common Formulas The main ingredient in this Tea Tree Body Wash is natural tea tree essential oil. Tea Tree oil is a natural anti-bacterial and anti-inflammatory ingredient that not only cleanses the skin, but also repairs damaged skin and prevents skin problems from occurring. We have also added plant extracts [&hellip;]","protected":false},"featured_media":406,"menu_order":0,"template":"","meta":[],"product-tag":[],"products":[57],"class_list":["post-402","product","type-product","status-publish","has-post-thumbnail","hentry","products-body-wash"],"acf":[],"_links":{"self":[{"href":"https:\/\/www.ruiqigo.com\/es\/wp-json\/wp\/v2\/product\/402","targetHints":{"allow":["GET"]}}],"collection":[{"href":"https:\/\/www.ruiqigo.com\/es\/wp-json\/wp\/v2\/product"}],"about":[{"href":"https:\/\/www.ruiqigo.com\/es\/wp-json\/wp\/v2\/types\/product"}],"version-history":[{"count":0,"href":"https:\/\/www.ruiqigo.com\/es\/wp-json\/wp\/v2\/product\/402\/revisions"}],"wp:featuredmedia":[{"embeddable":true,"href":"https:\/\/www.ruiqigo.com\/es\/wp-json\/wp\/v2\/media\/406"}],"wp:attachment":[{"href":"https:\/\/www.ruiqigo.com\/es\/wp-json\/wp\/v2\/media?parent=402"}],"wp:term":[{"taxonomy":"product-tag","embeddable":true,"href":"https:\/\/www.ruiqigo.com\/es\/wp-json\/wp\/v2\/product-tag?post=402"},{"taxonomy":"products","embeddable":true,"href":"https:\/\/www.ruiqigo.com\/es\/wp-json\/wp\/v2\/products?post=402"}],"curies":[{"name":"wp","href":"https:\/\/api.w.org\/{rel}","templated":true}]}}