{"id":403,"date":"2024-07-08T10:56:54","date_gmt":"2024-07-08T02:56:54","guid":{"rendered":"https:\/\/ruiqigo.com\/?post_type=product&#038;p=403"},"modified":"2024-10-28T11:35:04","modified_gmt":"2024-10-28T03:35:04","slug":"travel-size-body-wash","status":"publish","type":"product","link":"https:\/\/www.ruiqigo.com\/es\/product\/travel-size-body-wash","title":{"rendered":"Gel de ba\u00f1o en tama\u00f1o de viaje"},"content":{"rendered":"<h3 class=\"wp-block-heading\">Fabricaci\u00f3n de geles de ba\u00f1o en formato de viaje F\u00f3rmulas comunes<\/h3>\n\n\n\n<p>Este gel de ba\u00f1o de viaje est\u00e1 formulado con ingredientes limpiadores suaves, no irritantes y de origen vegetal que limpian profundamente la piel, eliminando las impurezas y al mismo tiempo protegiendo la barrera cut\u00e1nea y manteniendo la piel en buen estado. Adem\u00e1s, hemos a\u00f1adido a la f\u00f3rmula ingredientes nutritivos e hidratantes como la manteca de karit\u00e9 y el extracto de t\u00e9 blanco, que proporcionan un cuidado integral a la piel y reponen los nutrientes necesarios para mantenerla hidratada y suave durante todo el viaje. Todos los ingredientes se seleccionan cuidadosamente para garantizar la seguridad y la eficacia del producto, para brindarte una experiencia c\u00f3moda y segura.<\/p>\n\n\n\n<h3 class=\"wp-block-heading\">Gel de ba\u00f1o de tama\u00f1o de viaje Escenarios aplicables<\/h3>\n\n\n\n<p>El gel de ba\u00f1o de tama\u00f1o de viaje es un compa\u00f1ero de limpieza personalizado para los viajeros. Es adecuado para viajes cortos, para refrescarse despu\u00e9s de vuelos largos, para una limpieza r\u00e1pida despu\u00e9s de actividades al aire libre, para el cuidado de la higiene personal durante viajes de negocios, para ba\u00f1arse c\u00f3modamente despu\u00e9s de hacer ejercicio en el gimnasio y para proteger la higiene durante las estad\u00edas en hoteles. El dise\u00f1o de empaque liviano facilita su transporte y garantiza una experiencia de ba\u00f1o c\u00f3moda en cualquier viaje.<\/p>\n\n\n\n<h3 class=\"wp-block-heading\">\u00bfPara qui\u00e9n est\u00e1 destinado el gel de ba\u00f1o de tama\u00f1o de viaje?<\/h3>\n\n\n\n<p>Dise\u00f1ado para viajeros frecuentes, el gel de ba\u00f1o en formato de viaje es adecuado para viajeros, gente de negocios o entusiastas de la aventura que necesitan un cuidado personal pr\u00e1ctico. Su envase port\u00e1til y su f\u00f3rmula multifuncional satisfacen la necesidad de limpieza e hidrataci\u00f3n sobre la marcha, y es adecuado para todo tipo de piel, especialmente para usuarios que buscan una soluci\u00f3n de cuidado de la piel sencilla y eficaz.<\/p>\n\n\n\n<h3 class=\"wp-block-heading\">Proceso de producci\u00f3n del gel de ba\u00f1o de viaje<\/h3>\n\n\n\n<p>Al producir el gel de ba\u00f1o en formato de viaje, nos centramos en la portabilidad y la practicidad del producto. El dise\u00f1o de envase ligero garantiza que sea f\u00e1cil de llevar y que no ocupe demasiado espacio en el equipaje. Al mismo tiempo, la f\u00f3rmula est\u00e1 optimizada tanto para una limpieza suave como para una hidrataci\u00f3n duradera. Durante el proceso de fabricaci\u00f3n se siguen estrictos est\u00e1ndares de control de calidad para garantizar que cada botella de gel de ducha proporcione una experiencia uniforme.<\/p>","protected":false},"excerpt":{"rendered":"Travel size body wash manufacturing Common Formulas This travel size body wash is formulated with gentle, non-irritating, plant-based cleansing ingredients that deeply cleanse the skin, removing impurities while also protecting the skin barrier and maintaining good skin condition. In addition, we have added nourishing and moisturizing ingredients such as Shea Butter and White Tea Extract [&hellip;]","protected":false},"featured_media":410,"menu_order":0,"template":"","meta":[],"product-tag":[],"products":[57],"class_list":["post-403","product","type-product","status-publish","has-post-thumbnail","hentry","products-body-wash"],"acf":[],"_links":{"self":[{"href":"https:\/\/www.ruiqigo.com\/es\/wp-json\/wp\/v2\/product\/403","targetHints":{"allow":["GET"]}}],"collection":[{"href":"https:\/\/www.ruiqigo.com\/es\/wp-json\/wp\/v2\/product"}],"about":[{"href":"https:\/\/www.ruiqigo.com\/es\/wp-json\/wp\/v2\/types\/product"}],"version-history":[{"count":0,"href":"https:\/\/www.ruiqigo.com\/es\/wp-json\/wp\/v2\/product\/403\/revisions"}],"wp:featuredmedia":[{"embeddable":true,"href":"https:\/\/www.ruiqigo.com\/es\/wp-json\/wp\/v2\/media\/410"}],"wp:attachment":[{"href":"https:\/\/www.ruiqigo.com\/es\/wp-json\/wp\/v2\/media?parent=403"}],"wp:term":[{"taxonomy":"product-tag","embeddable":true,"href":"https:\/\/www.ruiqigo.com\/es\/wp-json\/wp\/v2\/product-tag?post=403"},{"taxonomy":"products","embeddable":true,"href":"https:\/\/www.ruiqigo.com\/es\/wp-json\/wp\/v2\/products?post=403"}],"curies":[{"name":"wp","href":"https:\/\/api.w.org\/{rel}","templated":true}]}}