{"id":405,"date":"2024-07-08T11:19:22","date_gmt":"2024-07-08T03:19:22","guid":{"rendered":"https:\/\/ruiqigo.com\/?post_type=product&#038;p=405"},"modified":"2024-10-28T11:15:36","modified_gmt":"2024-10-28T03:15:36","slug":"retinol-hand-cream","status":"publish","type":"product","link":"https:\/\/www.ruiqigo.com\/es\/product\/retinol-hand-cream","title":{"rendered":"Crema de manos con retinol"},"content":{"rendered":"<h3 class=\"wp-block-heading\">F\u00f3rmulas habituales para la fabricaci\u00f3n de cremas de manos con retinol<\/h3>\n\n\n\n<p>Los ingredientes principales de esta crema de manos con retinol incluyen retinol y aceite de semilla de jojoba. El retinol es una vitamina liposoluble que estimula la renovaci\u00f3n celular y repara la piel da\u00f1ada de las manos, mientras que el aceite de semilla de jojoba es rico en una variedad de \u00e1cidos grasos naturales que nutren profundamente la piel y mejoran la sequedad y la aspereza. Adem\u00e1s, la f\u00f3rmula tambi\u00e9n agrega aceite de almendras dulces, aceite de s\u00e9samo y otros ingredientes humectantes, que pueden reponer eficazmente las necesidades de humedad de la piel, para mantener el equilibrio \u00f3ptimo de agua y aceite.<\/p>\n\n\n\n<h3 class=\"wp-block-heading\">Crema de manos con retinol Escenarios aplicables<\/h3>\n\n\n\n<p>Esta crema de manos con retinol es ideal para usar en climas secos y fr\u00edos. Las bajas temperaturas invernales y la calefacci\u00f3n artificial pueden provocar sequedad, descamaci\u00f3n e incluso grietas en las manos. Los ricos ingredientes hidratantes de esta crema de manos nutrir\u00e1n profundamente tus manos, repondr\u00e1n la humedad que necesitan, reparar\u00e1n las c\u00e9lulas da\u00f1adas y restaurar\u00e1n su suavidad y luminosidad. Adem\u00e1s, tambi\u00e9n puede proporcionar una barrera protectora para las manos, previniendo eficazmente la aparici\u00f3n de sequedad y grietas por heladas y otros problemas. Ya sea en invierno o en la estaci\u00f3n seca y ventosa, esta crema de manos puede brindarte un cuidado integral para tus manos.<\/p>\n\n\n\n<h3 class=\"wp-block-heading\">\u00bfPara qui\u00e9n es adecuada la crema de manos con retinol?<\/h3>\n\n\n\n<p>Esta crema de manos con retinol es ideal para usuarios con piel seca. Ya sea que tenga las manos secas debido al lavado frecuente de manos o la exposici\u00f3n a productos qu\u00edmicos, o que su piel est\u00e9 escamosa debido al clima fr\u00edo del invierno, esta crema de manos le brindar\u00e1 la nutrici\u00f3n que necesita. Penetra profundamente en la piel para reponer los nutrientes necesarios y reparar las c\u00e9lulas da\u00f1adas, dejando las manos suaves y tersas. Al mismo tiempo, se absorbe r\u00e1pidamente sin dejar una sensaci\u00f3n pegajosa, lo que la hace adecuada para todo tipo de piel.<\/p>\n\n\n\n<h3 class=\"wp-block-heading\">Proceso de producci\u00f3n de crema de manos con retinol<\/h3>\n\n\n\n<p>El proceso especial de fabricaci\u00f3n de la crema de manos con retinol incluye el uso de una f\u00f3rmula de retinol estabilizado para mantener su actividad antioxidante y un proceso de extracci\u00f3n a baja temperatura para minimizar la destrucci\u00f3n de los ingredientes. El estricto control del pH y la humedad ambiental durante la producci\u00f3n garantiza la estabilidad y la eficacia del retinol. Adem\u00e1s, los ingredientes humectantes especialmente agregados, como la glicerina y el \u00e1cido hialur\u00f3nico, se dosifican con precisi\u00f3n para lograr una nutrici\u00f3n profunda sin dejar una piel grasosa para todo tipo de pieles.<\/p>","protected":false},"excerpt":{"rendered":"Retinol hand cream manufacturing Common Formulas The core ingredients of this Retinol Hand Cream include Retinol and Jojoba Seed Oil. Retinol is a fat-soluble vitamin that stimulates cell renewal and repairs damaged skin on the hands, while Jojoba Seed Oil is rich in a variety of natural fatty acids that deeply nourish the skin and [&hellip;]","protected":false},"featured_media":414,"menu_order":0,"template":"","meta":[],"product-tag":[],"products":[58],"class_list":["post-405","product","type-product","status-publish","has-post-thumbnail","hentry","products-hand-cream"],"acf":[],"_links":{"self":[{"href":"https:\/\/www.ruiqigo.com\/es\/wp-json\/wp\/v2\/product\/405","targetHints":{"allow":["GET"]}}],"collection":[{"href":"https:\/\/www.ruiqigo.com\/es\/wp-json\/wp\/v2\/product"}],"about":[{"href":"https:\/\/www.ruiqigo.com\/es\/wp-json\/wp\/v2\/types\/product"}],"version-history":[{"count":0,"href":"https:\/\/www.ruiqigo.com\/es\/wp-json\/wp\/v2\/product\/405\/revisions"}],"wp:featuredmedia":[{"embeddable":true,"href":"https:\/\/www.ruiqigo.com\/es\/wp-json\/wp\/v2\/media\/414"}],"wp:attachment":[{"href":"https:\/\/www.ruiqigo.com\/es\/wp-json\/wp\/v2\/media?parent=405"}],"wp:term":[{"taxonomy":"product-tag","embeddable":true,"href":"https:\/\/www.ruiqigo.com\/es\/wp-json\/wp\/v2\/product-tag?post=405"},{"taxonomy":"products","embeddable":true,"href":"https:\/\/www.ruiqigo.com\/es\/wp-json\/wp\/v2\/products?post=405"}],"curies":[{"name":"wp","href":"https:\/\/api.w.org\/{rel}","templated":true}]}}