{"id":418,"date":"2024-07-08T11:28:04","date_gmt":"2024-07-08T03:28:04","guid":{"rendered":"https:\/\/ruiqigo.com\/?post_type=product&#038;p=418"},"modified":"2024-10-28T11:59:47","modified_gmt":"2024-10-28T03:59:47","slug":"goat-milk-hand-cream","status":"publish","type":"product","link":"https:\/\/www.ruiqigo.com\/es\/product\/goat-milk-hand-cream","title":{"rendered":"Crema de manos de leche de cabra"},"content":{"rendered":"<h3 class=\"wp-block-heading\">F\u00f3rmulas comunes para la fabricaci\u00f3n de cremas de manos a base de leche de cabra<\/h3>\n\n\n\n<p>Uno de los ingredientes principales de esta crema de manos de leche de cabra es la leche de cabra de alta calidad. La leche de cabra es rica en prote\u00ednas, vitaminas y minerales que nutren y reparan profundamente la piel de las manos, mejorando la sequedad y la aspereza. Adem\u00e1s, la f\u00f3rmula tambi\u00e9n agrega hialuronato de sodio y glicerina y otros ingredientes humectantes, que pueden reponer eficazmente la humedad de la piel, mejorar la elasticidad y el brillo. Estos ingredientes naturales y de alta calidad no solo son seguros y no irritantes, sino que tambi\u00e9n brindan un cuidado integral para sus manos, para que la piel est\u00e9 siempre suave y tersa.<\/p>\n\n\n\n<h3 class=\"wp-block-heading\">Crema de manos a base de leche de cabra Escenarios aplicables<\/h3>\n\n\n\n<p>Esta crema de manos a base de leche de cabra es ideal para usar en climas secos y fr\u00edos. Las bajas temperaturas invernales y la calefacci\u00f3n artificial pueden provocar que las manos se sequen, se descamen e incluso se agrieten. Los ricos ingredientes hidratantes de esta crema de manos nutren y reparan profundamente la piel de las manos, reponiendo la humedad que necesitan para estar suaves y tersas. Adem\u00e1s, tambi\u00e9n proporciona una barrera protectora para las manos, previniendo eficazmente la aparici\u00f3n de sequedad y congelaci\u00f3n. Ya sea un invierno fr\u00edo o una estaci\u00f3n seca y ventosa, esta crema de manos le brindar\u00e1 a sus manos el cuidado completo que necesitan.<\/p>\n\n\n\n<h3 class=\"wp-block-heading\">\u00bfPara qui\u00e9n es adecuada la crema de manos de leche de cabra?<\/h3>\n\n\n\n<p>Esta crema de manos a base de leche de cabra es ideal para usuarios con piel seca. Ya sea que tengas las manos secas debido al lavado frecuente o la exposici\u00f3n a productos qu\u00edmicos, o que tu piel est\u00e9 escamosa debido al clima fr\u00edo del invierno, esta crema de manos te proporcionar\u00e1 la nutrici\u00f3n que necesitas. Nutre y repara profundamente la piel de tus manos, reponiendo la humedad y los nutrientes que necesitan para estar suaves y tersas. Al mismo tiempo, se absorbe r\u00e1pidamente sin dejar una sensaci\u00f3n pegajosa, lo que la hace adecuada para todo tipo de piel.<\/p>\n\n\n\n<h3 class=\"wp-block-heading\">Proceso de producci\u00f3n de crema de manos de leche de cabra<\/h3>\n\n\n\n<p>El proceso especial de producci\u00f3n de la crema de manos de leche de cabra se refleja en la cuidadosa selecci\u00f3n y tratamiento de las materias primas. Se utiliza leche de cabra fresca de alta calidad para extraer sus ricos nutrientes mediante un tratamiento a baja temperatura y tecnolog\u00eda enzim\u00e1tica, lo que garantiza que los ingredientes activos como el \u00e1cido l\u00e1ctico y las vitaminas se conserven en la leche de cabra. Durante el proceso de producci\u00f3n, la proporci\u00f3n de la f\u00f3rmula y el proceso de emulsi\u00f3n se controlan estrictamente para garantizar que la crema de manos tenga una textura fina y se absorba r\u00e1pidamente. Adem\u00e1s, no se a\u00f1aden fragancias ni colorantes para reducir la irritaci\u00f3n de la piel, lo que la hace adecuada para pieles sensibles.<\/p>","protected":false},"excerpt":{"rendered":"Goat milk hand cream manufacturing Common Formulas One of the core ingredients of this goat milk hand cream is high quality goat milk. Goat milk is rich in proteins, vitamins and minerals that deeply nourish and repair the skin on your hands, improving dryness and roughness. In addition, the formula also adds sodium hyaluronate and [&hellip;]","protected":false},"featured_media":419,"menu_order":0,"template":"","meta":[],"product-tag":[],"products":[58],"class_list":["post-418","product","type-product","status-publish","has-post-thumbnail","hentry","products-hand-cream"],"acf":[],"_links":{"self":[{"href":"https:\/\/www.ruiqigo.com\/es\/wp-json\/wp\/v2\/product\/418","targetHints":{"allow":["GET"]}}],"collection":[{"href":"https:\/\/www.ruiqigo.com\/es\/wp-json\/wp\/v2\/product"}],"about":[{"href":"https:\/\/www.ruiqigo.com\/es\/wp-json\/wp\/v2\/types\/product"}],"version-history":[{"count":0,"href":"https:\/\/www.ruiqigo.com\/es\/wp-json\/wp\/v2\/product\/418\/revisions"}],"wp:featuredmedia":[{"embeddable":true,"href":"https:\/\/www.ruiqigo.com\/es\/wp-json\/wp\/v2\/media\/419"}],"wp:attachment":[{"href":"https:\/\/www.ruiqigo.com\/es\/wp-json\/wp\/v2\/media?parent=418"}],"wp:term":[{"taxonomy":"product-tag","embeddable":true,"href":"https:\/\/www.ruiqigo.com\/es\/wp-json\/wp\/v2\/product-tag?post=418"},{"taxonomy":"products","embeddable":true,"href":"https:\/\/www.ruiqigo.com\/es\/wp-json\/wp\/v2\/products?post=418"}],"curies":[{"name":"wp","href":"https:\/\/api.w.org\/{rel}","templated":true}]}}