{"id":424,"date":"2024-07-08T11:52:15","date_gmt":"2024-07-08T03:52:15","guid":{"rendered":"https:\/\/ruiqigo.com\/?post_type=product&#038;p=424"},"modified":"2024-11-06T15:04:57","modified_gmt":"2024-11-06T07:04:57","slug":"coconut-massage-oil","status":"publish","type":"product","link":"https:\/\/www.ruiqigo.com\/es\/product\/coconut-massage-oil","title":{"rendered":"Aceite de masaje de coco"},"content":{"rendered":"<h2 class=\"wp-block-heading\">F\u00f3rmulas habituales para la elaboraci\u00f3n de aceite de masaje de coco<\/h2>\n\n\n\n<p>Los ingredientes principales de este aceite de masaje de coco son aceite de coco puro natural y aceite de semilla de girasol. El aceite de coco es rico en \u00e1cidos grasos de cadena media, que penetran profundamente en la piel r\u00e1pidamente y proporcionan poderosos efectos hidratantes y reparadores. El aceite de semilla de girasol es rico en vitaminas y antioxidantes que ayudan a aliviar el dolor muscular y mejorar el estado de la piel. Como fabricante profesional de aceite de masaje de coco, estos ingredientes naturales de alta calidad no solo son seguros y no irritantes, sino que tambi\u00e9n aprovechan al m\u00e1ximo los efectos lubricantes, masajeadores y calmantes para brindar un cuidado integral a la piel, el cuerpo y la mente.<\/p>\n\n\n\n<h2 class=\"wp-block-heading\">Escenarios de aplicaci\u00f3n del aceite de masaje de coco<\/h2>\n\n\n\n<p>Este aceite de masaje de coco es ideal para usar en climas c\u00e1lidos y secos. Durante los calurosos y sudorosos meses de verano, la piel tiende a secarse y descamarse, y los m\u00fasculos son propensos a sufrir dolores y molestias. Este aceite de masaje penetra y se absorbe r\u00e1pidamente sin dejar una sensaci\u00f3n pegajosa en la piel, al mismo tiempo que proporciona una nutrici\u00f3n profunda y alivia la fatiga, para que pueda sentirse fresco y c\u00f3modo en el calor del d\u00eda. Tambi\u00e9n protege la piel del da\u00f1o solar, lo que facilita disfrutar de un cuidado integral en una variedad de entornos.<\/p>\n\n\n\n<h2 class=\"wp-block-heading\">\u00bfPara qui\u00e9n es adecuado el aceite de masaje de coco?<\/h2>\n\n\n\n<p>Este aceite de masaje de coco es adecuado para todo tipo de piel. Tanto si tienes la piel seca y sensible como si tienes la piel grasa, te beneficiar\u00e1s de este aceite de masaje. Penetra y se absorbe r\u00e1pidamente sin sobrecargar la piel, a la vez que proporciona una nutrici\u00f3n profunda y un alivio de los dolores y molestias. Especialmente para quienes hacen ejercicio o trabajo f\u00edsico, este aceite ayuda a relajar los m\u00fasculos, aliviar la fatiga y devolverlos a un estado de relajaci\u00f3n y comodidad. Sea cual sea el estado de tu piel, este aceite de masaje de coco te proporcionar\u00e1 un cuidado total.<\/p>\n\n\n\n<h2 class=\"wp-block-heading\">Proceso de producci\u00f3n del aceite de masaje de coco<\/h2>\n\n\n\n<p>El proceso especial de producci\u00f3n del aceite de masaje de coco enfatiza la extracci\u00f3n de aceite vegetal puro de cocos de primera calidad. Se utiliza tecnolog\u00eda de prensado en fr\u00edo para mantener la integridad de los \u00e1cidos grasos naturales y la vitamina E del aceite. Durante el proceso de producci\u00f3n, como fabricante l\u00edder de aceite de masaje de coco, la temperatura y la presi\u00f3n se controlan estrictamente para evitar que el aceite se da\u00f1e por las altas temperaturas, lo que garantiza la pureza y el efecto nutritivo del aceite de masaje. Adem\u00e1s, las impurezas se eliminan mediante una filtraci\u00f3n fina para proporcionar un tacto suave y un efecto hidratante profundo.<\/p>\n\n\n\n<p><\/p>","protected":false},"excerpt":{"rendered":"Coconut massage oil manufacturing common formulas The main ingredients of this Coconut Massage Oil are naturally pure coconut oil and sunflower seed oil. Coconut oil is rich in medium-chain fatty acids, which penetrate deep into the skin quickly and provide powerful moisturizing and repairing effects. Sunflower Seed Oil is rich in vitamins and antioxidants to [&hellip;]","protected":false},"featured_media":430,"menu_order":0,"template":"","meta":[],"product-tag":[],"products":[59],"class_list":["post-424","product","type-product","status-publish","has-post-thumbnail","hentry","products-massage-oil"],"acf":[],"_links":{"self":[{"href":"https:\/\/www.ruiqigo.com\/es\/wp-json\/wp\/v2\/product\/424","targetHints":{"allow":["GET"]}}],"collection":[{"href":"https:\/\/www.ruiqigo.com\/es\/wp-json\/wp\/v2\/product"}],"about":[{"href":"https:\/\/www.ruiqigo.com\/es\/wp-json\/wp\/v2\/types\/product"}],"version-history":[{"count":0,"href":"https:\/\/www.ruiqigo.com\/es\/wp-json\/wp\/v2\/product\/424\/revisions"}],"wp:featuredmedia":[{"embeddable":true,"href":"https:\/\/www.ruiqigo.com\/es\/wp-json\/wp\/v2\/media\/430"}],"wp:attachment":[{"href":"https:\/\/www.ruiqigo.com\/es\/wp-json\/wp\/v2\/media?parent=424"}],"wp:term":[{"taxonomy":"product-tag","embeddable":true,"href":"https:\/\/www.ruiqigo.com\/es\/wp-json\/wp\/v2\/product-tag?post=424"},{"taxonomy":"products","embeddable":true,"href":"https:\/\/www.ruiqigo.com\/es\/wp-json\/wp\/v2\/products?post=424"}],"curies":[{"name":"wp","href":"https:\/\/api.w.org\/{rel}","templated":true}]}}