{"id":425,"date":"2024-07-08T11:57:29","date_gmt":"2024-07-08T03:57:29","guid":{"rendered":"https:\/\/ruiqigo.com\/?post_type=product&#038;p=425"},"modified":"2024-11-06T15:07:05","modified_gmt":"2024-11-06T07:07:05","slug":"lavender-massage-oil","status":"publish","type":"product","link":"https:\/\/www.ruiqigo.com\/es\/product\/lavender-massage-oil","title":{"rendered":"Aceite de masaje de lavanda"},"content":{"rendered":"<h3 class=\"wp-block-heading\">F\u00f3rmulas comunes para la fabricaci\u00f3n de aceite de masaje de lavanda<\/h3>\n\n\n\n<p>Los ingredientes principales de este aceite de masaje de lavanda son aceite esencial puro de lavanda natural y aceite de semilla de girasol. El aceite esencial de lavanda es rico en ingredientes bioactivos y posee excelentes propiedades aromaterap\u00e9uticas, ayudando a aliviar el estr\u00e9s emocional y a mejorar el bienestar mental. Como fabricante confiable de aceite de masaje de lavanda, sabemos que el aceite de semilla de girasol es rico en vitaminas y \u00e1cido linoleico, que nutren y reparan eficazmente la piel, mejorando el estado de la piel seca y \u00e1spera. Estos ingredientes de alta calidad no solo son seguros y no irritantes, sino que tambi\u00e9n potencian sus m\u00faltiples efectos relajantes, calmantes y nutritivos, brindando un cuidado integral a la piel y la mente.<\/p>\n\n\n\n<h3 class=\"wp-block-heading\">Escenarios aplicables del aceite de masaje de lavanda<\/h3>\n\n\n\n<p>Este aceite de masaje de lavanda es perfecto para los calurosos y sudorosos d\u00edas de verano. Con el calor y la humedad, la piel tiende a resequedad y aspereza, adem\u00e1s de fatiga y ansiedad. Este aceite de masaje penetra r\u00e1pidamente sin dejar sensaci\u00f3n pegajosa, a la vez que proporciona un aroma relajante y nutritivo que te mantendr\u00e1 fresco y c\u00f3modo en el calor. Adem\u00e1s, protege la piel del da\u00f1o solar, facilitando un descanso reparador y placentero en cualquier entorno.<\/p>\n\n\n\n<h3 class=\"wp-block-heading\">\u00bfPara qui\u00e9n es adecuado el aceite de masaje de lavanda?<\/h3>\n\n\n\n<p>Este aceite de masaje de lavanda es apto para todo tipo de piel. Para quienes sufren de estr\u00e9s e irritabilidad, puede ayudar a aliviar la ansiedad, mejorar el estado mental y relajar cuerpo y mente mediante la aromaterapia. Adem\u00e1s, nutre profundamente la piel, mejora la sequedad y la aspereza, dej\u00e1ndola suave y tersa. Especialmente para quienes trabajan con frecuencia, este aceite de masaje ayuda a relajar los m\u00fasculos, aliviar la fatiga y brindarles un cuidado integral.<\/p>\n\n\n\n<h3 class=\"wp-block-heading\">Proceso de producci\u00f3n de aceite de masaje de lavanda<\/h3>\n\n\n\n<p>El proceso especial de producci\u00f3n del Aceite de Masaje de Lavanda incluye la extracci\u00f3n de aceite esencial de flores de lavanda seleccionadas mediante destilaci\u00f3n al vapor, un proceso que preserva el aroma natural y las propiedades curativas de la lavanda. Posteriormente, los aceites esenciales se mezclan en proporciones precisas con aceites portadores de alta calidad, como el aceite de almendras dulces o el aceite de semilla de uva, para garantizar su penetraci\u00f3n y nutrici\u00f3n. Como fabricante confiable de aceite de masaje de lavanda, todo el proceso de producci\u00f3n se lleva a cabo en un entorno estrictamente controlado, evitando la luz y el calor para mantener la estabilidad y pureza del aceite.<\/p>","protected":false},"excerpt":{"rendered":"Lavender massage oil manufacturing common formulas The main ingredients of this lavender massage oil are natural pure lavender essential oil and sunflower seed oil. Lavender essential oil is rich in bio-active ingredients and has excellent aromatherapeutic properties, helping to relieve emotional stress and enhance mental well-being. As a trustworthy Lavender massage oil manufacturer, we know [&hellip;]","protected":false},"featured_media":434,"menu_order":0,"template":"","meta":[],"product-tag":[],"products":[59],"class_list":["post-425","product","type-product","status-publish","has-post-thumbnail","hentry","products-massage-oil"],"acf":[],"_links":{"self":[{"href":"https:\/\/www.ruiqigo.com\/es\/wp-json\/wp\/v2\/product\/425","targetHints":{"allow":["GET"]}}],"collection":[{"href":"https:\/\/www.ruiqigo.com\/es\/wp-json\/wp\/v2\/product"}],"about":[{"href":"https:\/\/www.ruiqigo.com\/es\/wp-json\/wp\/v2\/types\/product"}],"version-history":[{"count":0,"href":"https:\/\/www.ruiqigo.com\/es\/wp-json\/wp\/v2\/product\/425\/revisions"}],"wp:featuredmedia":[{"embeddable":true,"href":"https:\/\/www.ruiqigo.com\/es\/wp-json\/wp\/v2\/media\/434"}],"wp:attachment":[{"href":"https:\/\/www.ruiqigo.com\/es\/wp-json\/wp\/v2\/media?parent=425"}],"wp:term":[{"taxonomy":"product-tag","embeddable":true,"href":"https:\/\/www.ruiqigo.com\/es\/wp-json\/wp\/v2\/product-tag?post=425"},{"taxonomy":"products","embeddable":true,"href":"https:\/\/www.ruiqigo.com\/es\/wp-json\/wp\/v2\/products?post=425"}],"curies":[{"name":"wp","href":"https:\/\/api.w.org\/{rel}","templated":true}]}}