{"id":463,"date":"2024-07-12T12:04:23","date_gmt":"2024-07-12T04:04:23","guid":{"rendered":"https:\/\/ruiqigo.com\/?post_type=product&#038;p=463"},"modified":"2024-11-06T13:42:51","modified_gmt":"2024-11-06T05:42:51","slug":"jelly-facial-mask","status":"publish","type":"product","link":"https:\/\/www.ruiqigo.com\/es\/product\/jelly-facial-mask","title":{"rendered":"Mascarilla facial de gelatina"},"content":{"rendered":"<h2 class=\"wp-block-heading\">F\u00f3rmulas habituales para la fabricaci\u00f3n de mascarillas faciales de gelatina<\/h2>\n\n\n\n<p>Carb\u00f3mero Como espesante y estabilizador superior, el carb\u00f3mero juega un papel clave en nuestra mascarilla facial de gelatina, mejorando la adherencia de la mascarilla y asegurando una penetraci\u00f3n eficaz de los nutrientes. Adem\u00e1s, el agua de hamamelis de Am\u00e9rica del Norte es conocida por sus propiedades calmantes y astringentes, que ayudan a regular los aceites de la piel, minimizar los poros dilatados y restaurar la frescura y el refinamiento de la piel. Como fabricante confiable de mascarillas faciales de gelatina, sabemos que el agua de aloe vera de Curazao, rica en vitaminas y minerales, tiene un excelente efecto hidratante y reparador, que promueve la regeneraci\u00f3n de las c\u00e9lulas de la piel y mejora la piel seca.<\/p>\n\n\n\n<h2 class=\"wp-block-heading\">Escenarios aplicables de la mascarilla facial de gelatina<\/h2>\n\n\n\n<p>Nuestras mascarillas faciales de gelatina son adecuadas para una amplia variedad de situaciones de cuidado diario de la piel. Ya sea que est\u00e9 disfrutando de una relajante rutina de cuidado de la piel por la noche en casa o hidratando r\u00e1pidamente su piel mientras viaja, esta mascarilla ser\u00e1 perfecta para usted. Es particularmente adecuada para usar durante estaciones secas, per\u00edodos prolongados en ambientes con aire acondicionado o calefacci\u00f3n, o despu\u00e9s de actividades al aire libre para brindar hidrataci\u00f3n inmediata y alivio calmante a la piel.<\/p>\n\n\n\n<h2 class=\"wp-block-heading\">\u00bfPara qui\u00e9n es adecuada la mascarilla facial Jelly?<\/h2>\n\n\n\n<p>Esta mascarilla facial de gelatina es adecuada para todo tipo de piel, especialmente para pieles secas, deshidratadas, sensibles o maduras. Proporciona una soluci\u00f3n r\u00e1pida y eficaz para el cuidado de la piel de las personas modernas que est\u00e1n constantemente expuestas a la contaminaci\u00f3n ambiental, los da\u00f1os de los rayos UV y el estr\u00e9s de la vida. Adem\u00e1s, tambi\u00e9n es adecuada para aquellos consumidores que buscan un cuidado de la piel natural e ingredientes bot\u00e1nicos.<\/p>\n\n\n\n<h2 class=\"wp-block-heading\">Proceso de producci\u00f3n de mascarilla facial de gelatina<\/h2>\n\n\n\n<p>Para garantizar la m\u00e1xima calidad y eficacia, durante el proceso de fabricaci\u00f3n de nuestras mascarillas faciales de gelatina se toman una serie de medidas estrictas. En primer lugar, seleccionamos cuidadosamente los mejores ingredientes bot\u00e1nicos para garantizar su pureza y actividad. A continuaci\u00f3n, los mezclamos cuidadosamente con humectantes macromoleculares para crear una f\u00f3rmula sin\u00e9rgica que se complementa entre s\u00ed. Como fabricante profesional de mascarillas faciales de gelatina, el siguiente paso crucial de la gelificaci\u00f3n requiere que nuestro equipo de profesionales controle con precisi\u00f3n la cantidad de carb\u00f3mero agregado para lograr la textura de gel refrescante deseada. Este equilibrio cr\u00edtico no solo mejora la sensaci\u00f3n de enfriamiento al aplicarla, sino que tambi\u00e9n garantiza que la mascarilla se adhiera a la piel para lograr la m\u00e1xima efectividad.<\/p>","protected":false},"excerpt":{"rendered":"Jelly facial mask manufacturing common formulas Carbomer As a superior thickener and stabilizer, carbomer plays a key role in our Jelly Facial Mask, enhancing the adhesion of the mask and ensuring effective penetration of nutrients. In addition, North American Witch Hazel Water is known for its soothing and astringent properties, helping to regulate skin&#8217;s oils, [&hellip;]","protected":false},"featured_media":464,"menu_order":0,"template":"","meta":[],"product-tag":[],"products":[69],"class_list":["post-463","product","type-product","status-publish","has-post-thumbnail","hentry","products-facial-mask"],"acf":[],"_links":{"self":[{"href":"https:\/\/www.ruiqigo.com\/es\/wp-json\/wp\/v2\/product\/463","targetHints":{"allow":["GET"]}}],"collection":[{"href":"https:\/\/www.ruiqigo.com\/es\/wp-json\/wp\/v2\/product"}],"about":[{"href":"https:\/\/www.ruiqigo.com\/es\/wp-json\/wp\/v2\/types\/product"}],"version-history":[{"count":0,"href":"https:\/\/www.ruiqigo.com\/es\/wp-json\/wp\/v2\/product\/463\/revisions"}],"wp:featuredmedia":[{"embeddable":true,"href":"https:\/\/www.ruiqigo.com\/es\/wp-json\/wp\/v2\/media\/464"}],"wp:attachment":[{"href":"https:\/\/www.ruiqigo.com\/es\/wp-json\/wp\/v2\/media?parent=463"}],"wp:term":[{"taxonomy":"product-tag","embeddable":true,"href":"https:\/\/www.ruiqigo.com\/es\/wp-json\/wp\/v2\/product-tag?post=463"},{"taxonomy":"products","embeddable":true,"href":"https:\/\/www.ruiqigo.com\/es\/wp-json\/wp\/v2\/products?post=463"}],"curies":[{"name":"wp","href":"https:\/\/api.w.org\/{rel}","templated":true}]}}