{"id":468,"date":"2024-07-12T15:30:38","date_gmt":"2024-07-12T07:30:38","guid":{"rendered":"https:\/\/ruiqigo.com\/?post_type=product&#038;p=468"},"modified":"2024-11-06T13:38:55","modified_gmt":"2024-11-06T05:38:55","slug":"bubble-facial-mask","status":"publish","type":"product","link":"https:\/\/www.ruiqigo.com\/es\/product\/bubble-facial-mask","title":{"rendered":"Mascarilla facial de burbujas"},"content":{"rendered":"<h2 class=\"wp-block-heading\">F\u00f3rmulas habituales para la fabricaci\u00f3n de mascarillas faciales con burbujas<\/h2>\n\n\n\n<p>Los ingredientes principales de esta mascarilla facial de burbujas incluyen extracto de corteza de sauce blanco, extracto de amaranto y betaglucano de avena. El extracto de corteza de sauce blanco es rico en \u00e1cido el\u00e1gico y otros ingredientes activos importantes, que pueden absorber eficazmente la suciedad en los poros e inhibir el crecimiento de bacterias da\u00f1inas, logrando as\u00ed un efecto de limpieza profunda. El extracto de amaranto es rico en vitamina C y amino\u00e1cidos, lo que ayuda a aliviar la irritaci\u00f3n causada por la limpieza y mantiene la funci\u00f3n de barrera de la piel. Como fabricante l\u00edder de mascarillas faciales de burbujas, sabemos que el betaglucano de avena no solo crea burbujas ricas y densas, sino que tambi\u00e9n absorbe el exceso de grasa y exfolia suavemente las c\u00e9lulas muertas de la piel, dejando la piel fresca y radiante. Estos tres ingredientes principales se complementan entre s\u00ed para brindarle a su piel una limpieza y reparaci\u00f3n profundas e integrales.<\/p>\n\n\n\n<h2 class=\"wp-block-heading\">Escenarios aplicables de la mascarilla facial de burbujas<\/h2>\n\n\n\n<p>La mascarilla facial de burbujas es ideal para la piel de la zona T, propensa a los puntos negros, el acn\u00e9 y los poros dilatados debido a la oleosidad prolongada o la falta de limpieza. Si se aplica semanalmente, disuelve profundamente los residuos y contaminantes viejos de los poros, dejando la piel fresca y revitalizada. Los ingredientes calmantes de este limpiador tambi\u00e9n brindan un alivio inmediato despu\u00e9s de la limpieza, lo que hace que el proceso sea placentero.<\/p>\n\n\n\n<h2 class=\"wp-block-heading\">\u00bfPara qui\u00e9n es adecuada la mascarilla facial Bubble?<\/h2>\n\n\n\n<p>Esta mascarilla facial de burbujas es adecuada para todo tipo de piel, especialmente para aquellas que necesitan una limpieza profunda, cuidado de los poros e iluminaci\u00f3n del cutis. Para pieles grasas y mixtas, controla eficazmente la producci\u00f3n de grasa y reduce la formaci\u00f3n de acn\u00e9 y puntos negros. Para pieles secas y sensibles, su f\u00f3rmula suave y sus ingredientes hidratantes suavizan la piel y reducen la irritaci\u00f3n.<\/p>\n\n\n\n<h2 class=\"wp-block-heading\">Proceso de producci\u00f3n de mascarilla facial de burbujas<\/h2>\n\n\n\n<p>Nuestro equipo de profesionales ha trabajado incansablemente para crear una mascarilla facial de burbujas excepcional. En primer lugar, somos muy estrictos en la selecci\u00f3n de materias primas para garantizar la pureza y la actividad de los ingredientes principales, como el extracto de corteza de sauce blanco y el extracto de amaranto. Luego, en el proceso de formulaci\u00f3n, como fabricante confiable de mascarillas faciales de burbujas, controlamos cuidadosamente la cantidad y la proporci\u00f3n de cada ingrediente para maximizar sus efectos sin\u00e9rgicos. El paso clave de la formaci\u00f3n de espuma se optimiz\u00f3 una y otra vez para lograr burbujas ricas y cremosas.<\/p>","protected":false},"excerpt":{"rendered":"Bubble facial mask manufacturing common formulas The core ingredients of this bubble facial mask include White Willow Bark Extract, Amaranth Extract and Oat Beta-Glucan. White Willow Bark Extract is rich in ellagic acid and other important active ingredients, which can effectively absorb dirt in the pores and inhibit the growth of harmful bacteria, thus achieving [&hellip;]","protected":false},"featured_media":469,"menu_order":0,"template":"","meta":[],"product-tag":[],"products":[69],"class_list":["post-468","product","type-product","status-publish","has-post-thumbnail","hentry","products-facial-mask"],"acf":[],"_links":{"self":[{"href":"https:\/\/www.ruiqigo.com\/es\/wp-json\/wp\/v2\/product\/468","targetHints":{"allow":["GET"]}}],"collection":[{"href":"https:\/\/www.ruiqigo.com\/es\/wp-json\/wp\/v2\/product"}],"about":[{"href":"https:\/\/www.ruiqigo.com\/es\/wp-json\/wp\/v2\/types\/product"}],"version-history":[{"count":0,"href":"https:\/\/www.ruiqigo.com\/es\/wp-json\/wp\/v2\/product\/468\/revisions"}],"wp:featuredmedia":[{"embeddable":true,"href":"https:\/\/www.ruiqigo.com\/es\/wp-json\/wp\/v2\/media\/469"}],"wp:attachment":[{"href":"https:\/\/www.ruiqigo.com\/es\/wp-json\/wp\/v2\/media?parent=468"}],"wp:term":[{"taxonomy":"product-tag","embeddable":true,"href":"https:\/\/www.ruiqigo.com\/es\/wp-json\/wp\/v2\/product-tag?post=468"},{"taxonomy":"products","embeddable":true,"href":"https:\/\/www.ruiqigo.com\/es\/wp-json\/wp\/v2\/products?post=468"}],"curies":[{"name":"wp","href":"https:\/\/api.w.org\/{rel}","templated":true}]}}