{"id":473,"date":"2024-07-12T15:39:04","date_gmt":"2024-07-12T07:39:04","guid":{"rendered":"https:\/\/ruiqigo.com\/?post_type=product&#038;p=473"},"modified":"2024-11-06T13:36:00","modified_gmt":"2024-11-06T05:36:00","slug":"honey-facial-mask","status":"publish","type":"product","link":"https:\/\/www.ruiqigo.com\/es\/product\/honey-facial-mask","title":{"rendered":"Mascarilla facial de miel"},"content":{"rendered":"<h2 class=\"wp-block-heading\">F\u00f3rmulas habituales para la elaboraci\u00f3n de mascarillas faciales de miel<\/h2>\n\n\n\n<p>Los ingredientes principales de esta mascarilla facial de miel incluyen extracto de miel, extracto de jalea real y extracto de amaranto. El extracto de miel es rico en az\u00facares, amino\u00e1cidos y vitaminas, que no solo reponen la humedad de la piel, sino que tambi\u00e9n promueven la s\u00edntesis de col\u00e1geno, haciendo que la piel sea m\u00e1s flexible e hidratada. El extracto de jalea real es rico en una variedad de vitaminas y minerales, puede mejorar eficazmente la textura de la piel, mejorar la capacidad antioxidante de la piel, para lograr el efecto de una piel blanca brillante. El extracto de amaranto, que es rico en vitamina C, no solo inhibe la producci\u00f3n de melanina y alivia la hiperpigmentaci\u00f3n, sino que tambi\u00e9n calma la inflamaci\u00f3n provocada por la sequedad, permitiendo que la piel recupere su estado saludable y natural.<\/p>\n\n\n\n<h2 class=\"wp-block-heading\">Escenarios aplicables de la mascarilla facial de miel<\/h2>\n\n\n\n<p>La mascarilla facial de miel es adecuada para una amplia variedad de ocasiones de cuidado de la piel, especialmente para la hidrataci\u00f3n de emergencia durante la estaci\u00f3n seca o cuando la piel est\u00e1 deshidratada. Tambi\u00e9n es adecuada como rutina habitual de cuidado de la piel para ayudar a mantener el equilibrio de humedad y la salud de la piel. Adem\u00e1s, para la piel que ha estado en un ambiente con aire acondicionado durante un per\u00edodo prolongado de tiempo o despu\u00e9s de experimentar exposici\u00f3n al sol, esta mascarilla proporciona un efecto calmante y reparador.<\/p>\n\n\n\n<h2 class=\"wp-block-heading\">\u00bfPara qui\u00e9n es adecuada la mascarilla facial de miel?<\/h2>\n\n\n\n<p>Esta mascarilla facial de miel es adecuada para todo tipo de piel, especialmente para pieles secas, deshidratadas y maduras. Es una opci\u00f3n ideal para los consumidores que buscan mejorar el tono de la piel, reducir la inflamaci\u00f3n y mejorar la elasticidad de la piel. Adem\u00e1s, para las pieles sensibles, su f\u00f3rmula suave reduce la irritaci\u00f3n y proporciona alivio y protecci\u00f3n.<\/p>\n\n\n\n<h2 class=\"wp-block-heading\">Proceso de producci\u00f3n de mascarilla facial de miel<\/h2>\n\n\n\n<p>En la producci\u00f3n de nuestra mascarilla facial de miel, como fabricante de mascarillas faciales de miel digno de ser mencionado, utilizamos t\u00e9cnicas avanzadas de extracci\u00f3n y mezcla para garantizar la potencia y la actividad de todos los ingredientes. A trav\u00e9s de un proceso de extracci\u00f3n a baja temperatura, conservamos las enzimas y los nutrientes naturales que se encuentran en la miel y la jalea real. Adem\u00e1s, utilizamos tecnolog\u00eda de llenado as\u00e9ptico para garantizar la pureza y la estabilidad de nuestros productos. Como fabricante profesional de mascarillas faciales de miel, el proceso de producci\u00f3n de la mascarilla tambi\u00e9n incluye un proceso de emulsi\u00f3n \u00fanico, que ayuda a crear la textura sedosa de la mascarilla, lo que hace que sea m\u00e1s f\u00e1cil de aplicar y absorber en la piel. A trav\u00e9s de estos procesos de producci\u00f3n especiales, garantizamos la alta calidad y los resultados superiores de nuestra mascarilla facial de miel.<\/p>","protected":false},"excerpt":{"rendered":"Honey facial mask manufacturing common formulas The core ingredients of this honey facial mask include honey extract, royal jelly extract and amaranth extract. Honey extract is rich in sugars, amino acids and vitamins, which not only replenishes skin moisture, but also promotes collagen synthesis, making skin more supple and moisturized. Royal jelly extract is rich [&hellip;]","protected":false},"featured_media":474,"menu_order":0,"template":"","meta":[],"product-tag":[],"products":[69],"class_list":["post-473","product","type-product","status-publish","has-post-thumbnail","hentry","products-facial-mask"],"acf":[],"_links":{"self":[{"href":"https:\/\/www.ruiqigo.com\/es\/wp-json\/wp\/v2\/product\/473","targetHints":{"allow":["GET"]}}],"collection":[{"href":"https:\/\/www.ruiqigo.com\/es\/wp-json\/wp\/v2\/product"}],"about":[{"href":"https:\/\/www.ruiqigo.com\/es\/wp-json\/wp\/v2\/types\/product"}],"version-history":[{"count":0,"href":"https:\/\/www.ruiqigo.com\/es\/wp-json\/wp\/v2\/product\/473\/revisions"}],"wp:featuredmedia":[{"embeddable":true,"href":"https:\/\/www.ruiqigo.com\/es\/wp-json\/wp\/v2\/media\/474"}],"wp:attachment":[{"href":"https:\/\/www.ruiqigo.com\/es\/wp-json\/wp\/v2\/media?parent=473"}],"wp:term":[{"taxonomy":"product-tag","embeddable":true,"href":"https:\/\/www.ruiqigo.com\/es\/wp-json\/wp\/v2\/product-tag?post=473"},{"taxonomy":"products","embeddable":true,"href":"https:\/\/www.ruiqigo.com\/es\/wp-json\/wp\/v2\/products?post=473"}],"curies":[{"name":"wp","href":"https:\/\/api.w.org\/{rel}","templated":true}]}}