{"id":479,"date":"2024-07-12T16:01:49","date_gmt":"2024-07-12T08:01:49","guid":{"rendered":"https:\/\/ruiqigo.com\/?post_type=product&#038;p=479"},"modified":"2024-11-05T23:15:26","modified_gmt":"2024-11-05T15:15:26","slug":"avocado-facial-mask","status":"publish","type":"product","link":"https:\/\/www.ruiqigo.com\/es\/product\/avocado-facial-mask","title":{"rendered":"Mascarilla facial de aguacate"},"content":{"rendered":"<h2 class=\"wp-block-heading\">F\u00f3rmulas habituales para la elaboraci\u00f3n de mascarillas faciales de aguacate<\/h2>\n\n\n\n<p>Los ingredientes principales de esta mascarilla facial de aguacate son la resina del \u00e1rbol de aguacate, el extracto de camelia sinensis y la vitamina E. Entre ellos, la resina del \u00e1rbol de aguacate es rica en aceites y \u00e1cidos grasos, que pueden nutrir profundamente la parte inferior de la piel y mejorar la elasticidad y flexibilidad de la piel. Al mismo tiempo, tambi\u00e9n puede prevenir eficazmente la p\u00e9rdida de agua, de modo que la piel se sienta hidratada y llena. El extracto de camelia es rico en vitaminas antioxidantes, que pueden reducir eficazmente el da\u00f1o de los radicales libres en la piel y mejorar el problema de la opacidad y la hinchaz\u00f3n. Como fabricante de mascarillas faciales de aguacate, en cuanto a la vitamina E, no solo promueve el metabolismo celular, mejora la capacidad de la piel para resistir, sino que tambi\u00e9n minimiza las l\u00edneas finas, haciendo que la piel sea m\u00e1s flexible y el\u00e1stica.<\/p>\n\n\n\n<h2 class=\"wp-block-heading\">Escenarios de aplicaci\u00f3n de la mascarilla facial de aguacate<\/h2>\n\n\n\n<p>La mascarilla facial de aguacate es adecuada para diversas ocasiones, ya sea que est\u00e9s haciendo tu rutina diaria de cuidado de la piel en casa o disfrutando de un tratamiento profesional en el sal\u00f3n, puede aportar mejoras significativas a tu piel. Es especialmente adecuada para usar durante la estaci\u00f3n seca, la exposici\u00f3n prolongada al aire acondicionado o la calefacci\u00f3n, o para reparar la piel despu\u00e9s de la exposici\u00f3n al sol.<\/p>\n\n\n\n<h2 class=\"wp-block-heading\">\u00bfPara qui\u00e9n es adecuada la mascarilla facial de aguacate?<\/h2>\n\n\n\n<p>Esta mascarilla es adecuada para todo tipo de piel, especialmente para pieles secas y deshidratadas. Para los consumidores que necesitan una nutrici\u00f3n e hidrataci\u00f3n profundas, la mascarilla facial de aguacate proporciona una nutrici\u00f3n rica y un efecto hidratante duradero. Tambi\u00e9n es ideal para quienes buscan una piel sana y naturalmente brillante.<\/p>\n\n\n\n<h2 class=\"wp-block-heading\">Proceso de elaboraci\u00f3n de mascarilla facial de aguacate<\/h2>\n\n\n\n<p>Nuestras mascarillas faciales de aguacate se elaboran mediante un proceso de producci\u00f3n \u00fanico para garantizar la alta calidad y eficacia de nuestros productos. En el proceso de producci\u00f3n, en primer lugar, en la selecci\u00f3n de materias primas, controlamos estrictamente la calidad de los ingredientes principales, como la resina del \u00e1rbol de aguacate y el extracto de camelia, para garantizar la maximizaci\u00f3n de su valor nutricional y sustancias activas. En el proceso de formulaci\u00f3n, tambi\u00e9n equilibramos cuidadosamente la proporci\u00f3n de varios ingredientes para que puedan tener el mejor efecto sin\u00e9rgico en la piel. Al mismo tiempo, como fabricante confiable de mascarillas faciales de aguacate, tambi\u00e9n hemos dise\u00f1ado un proceso de extracci\u00f3n suave y delicado para el aguacate, un ingrediente natural, para garantizar que sus nutrientes no se da\u00f1en y que el sabor original se conserve al m\u00e1ximo.<\/p>","protected":false},"excerpt":{"rendered":"Avocado facial mask manufacturing common formulas The core ingredients of this avocado facial mask are avocado tree resin, camellia sinensis extract and vitamin E. Among them, avocado tree resin is rich in oils and fatty acids, which can deeply nourish the underbelly of the skin and enhance the elasticity and suppleness of the skin. At [&hellip;]","protected":false},"featured_media":480,"menu_order":0,"template":"","meta":[],"product-tag":[],"products":[69],"class_list":["post-479","product","type-product","status-publish","has-post-thumbnail","hentry","products-facial-mask"],"acf":[],"_links":{"self":[{"href":"https:\/\/www.ruiqigo.com\/es\/wp-json\/wp\/v2\/product\/479","targetHints":{"allow":["GET"]}}],"collection":[{"href":"https:\/\/www.ruiqigo.com\/es\/wp-json\/wp\/v2\/product"}],"about":[{"href":"https:\/\/www.ruiqigo.com\/es\/wp-json\/wp\/v2\/types\/product"}],"version-history":[{"count":0,"href":"https:\/\/www.ruiqigo.com\/es\/wp-json\/wp\/v2\/product\/479\/revisions"}],"wp:featuredmedia":[{"embeddable":true,"href":"https:\/\/www.ruiqigo.com\/es\/wp-json\/wp\/v2\/media\/480"}],"wp:attachment":[{"href":"https:\/\/www.ruiqigo.com\/es\/wp-json\/wp\/v2\/media?parent=479"}],"wp:term":[{"taxonomy":"product-tag","embeddable":true,"href":"https:\/\/www.ruiqigo.com\/es\/wp-json\/wp\/v2\/product-tag?post=479"},{"taxonomy":"products","embeddable":true,"href":"https:\/\/www.ruiqigo.com\/es\/wp-json\/wp\/v2\/products?post=479"}],"curies":[{"name":"wp","href":"https:\/\/api.w.org\/{rel}","templated":true}]}}