{"id":484,"date":"2024-07-12T16:15:53","date_gmt":"2024-07-12T08:15:53","guid":{"rendered":"https:\/\/ruiqigo.com\/?post_type=product&#038;p=484"},"modified":"2024-11-05T23:16:03","modified_gmt":"2024-11-05T15:16:03","slug":"oat-facial-mask","status":"publish","type":"product","link":"https:\/\/www.ruiqigo.com\/es\/product\/oat-facial-mask","title":{"rendered":"Mascarilla facial de avena"},"content":{"rendered":"<h2 class=\"wp-block-heading\">F\u00f3rmulas habituales para la elaboraci\u00f3n de mascarillas faciales de avena<\/h2>\n\n\n\n<p>Los ingredientes principales de esta mascarilla facial de avena son el extracto de grano de avena, la prote\u00edna de avena hidrolizada y el betaglucano de avena. Entre ellos, el extracto de grano de avena es rico en saponinas naturales, que exfolian suavemente las impurezas y limpian profundamente los poros. Al mismo tiempo, tambi\u00e9n puede regular la secreci\u00f3n de sebo y controlar la generaci\u00f3n de puntos negros y acn\u00e9. La prote\u00edna de avena hidrolizada puede penetrar profundamente en la piel, reponiendo la rica nutrici\u00f3n proteica, mejorando as\u00ed la rugosidad de la piel, haci\u00e9ndola m\u00e1s delicada y suave. En cuanto al betaglucano de avena, como digno fabricante de mascarillas faciales de avena, sabemos que no solo adsorbe agua de manera efectiva y mejora la capacidad hidratante de la piel, sino que tambi\u00e9n activa las c\u00e9lulas y mejora la funci\u00f3n de autorreparaci\u00f3n de la piel, lo que le permite recuperar la buena calidad de una piel brillante y cristalina.<\/p>\n\n\n\n<h2 class=\"wp-block-heading\">Escenarios de aplicaci\u00f3n de la mascarilla facial de avena<\/h2>\n\n\n\n<p>La mascarilla facial de avena es adecuada para una amplia variedad de ocasiones de cuidado de la piel y es especialmente buena para usarla cuando la piel necesita una limpieza y nutrici\u00f3n profundas. Por ejemplo, despu\u00e9s de un d\u00eda de contaminaci\u00f3n externa o durante el cambio de estaci\u00f3n, cuando la piel necesita un cuidado especial. Adem\u00e1s, para la piel que ha estado maquillada durante mucho tiempo, la mascarilla facial de avena proporciona un efecto limpiador y calmante suave.<\/p>\n\n\n\n<h2 class=\"wp-block-heading\">\u00bfPara qui\u00e9n es adecuada la mascarilla facial de avena?<\/h2>\n\n\n\n<p>Esta mascarilla es especialmente adecuada para personas con cut\u00edculas m\u00e1s gruesas que necesitan aclarar el tono de su piel. Para los consumidores con piel \u00e1spera, poros dilatados o que sufren de acn\u00e9, la mascarilla facial de avena puede proporcionar una soluci\u00f3n eficaz. Tambi\u00e9n es una opci\u00f3n ideal para los consumidores que buscan un cuidado de la piel natural e ingredientes bot\u00e1nicos.<\/p>\n\n\n\n<h2 class=\"wp-block-heading\">Proceso de producci\u00f3n de mascarilla facial de avena<\/h2>\n\n\n\n<p>El proceso de producci\u00f3n de la mascarilla facial de avena se centra en preservar la actividad natural y la eficacia de los ingredientes. Utilizamos tecnolog\u00eda de extracci\u00f3n a baja temperatura para extraer los ingredientes activos de la avena para garantizar su pureza y estabilidad. Durante el proceso de producci\u00f3n, controlamos estrictamente el entorno de producci\u00f3n para garantizar la esterilidad y la seguridad de nuestros productos. Adem\u00e1s, como fabricante l\u00edder de mascarillas faciales de avena, utilizamos f\u00f3rmulas \u00fanicas y procesos de emulsi\u00f3n para que las mascarillas tengan una textura cremosa y se absorban f\u00e1cilmente, lo que proporciona una experiencia de cuidado de la piel suave pero eficaz.<\/p>","protected":false},"excerpt":{"rendered":"Oat facial mask manufacturing common formulas The core ingredients of this oat facial mask are oat kernel extract, hydrolyzed oat protein and oat beta-glucan. Among them, Oat Kernel Extract is rich in natural saponins, which gently exfoliates impurities and deeply cleanses pores. At the same time, it can also regulate sebum secretion and control the [&hellip;]","protected":false},"featured_media":485,"menu_order":0,"template":"","meta":[],"product-tag":[],"products":[69],"class_list":["post-484","product","type-product","status-publish","has-post-thumbnail","hentry","products-facial-mask"],"acf":[],"_links":{"self":[{"href":"https:\/\/www.ruiqigo.com\/es\/wp-json\/wp\/v2\/product\/484","targetHints":{"allow":["GET"]}}],"collection":[{"href":"https:\/\/www.ruiqigo.com\/es\/wp-json\/wp\/v2\/product"}],"about":[{"href":"https:\/\/www.ruiqigo.com\/es\/wp-json\/wp\/v2\/types\/product"}],"version-history":[{"count":0,"href":"https:\/\/www.ruiqigo.com\/es\/wp-json\/wp\/v2\/product\/484\/revisions"}],"wp:featuredmedia":[{"embeddable":true,"href":"https:\/\/www.ruiqigo.com\/es\/wp-json\/wp\/v2\/media\/485"}],"wp:attachment":[{"href":"https:\/\/www.ruiqigo.com\/es\/wp-json\/wp\/v2\/media?parent=484"}],"wp:term":[{"taxonomy":"product-tag","embeddable":true,"href":"https:\/\/www.ruiqigo.com\/es\/wp-json\/wp\/v2\/product-tag?post=484"},{"taxonomy":"products","embeddable":true,"href":"https:\/\/www.ruiqigo.com\/es\/wp-json\/wp\/v2\/products?post=484"}],"curies":[{"name":"wp","href":"https:\/\/api.w.org\/{rel}","templated":true}]}}