{"id":489,"date":"2024-07-12T16:33:47","date_gmt":"2024-07-12T08:33:47","guid":{"rendered":"https:\/\/ruiqigo.com\/?post_type=product&#038;p=489"},"modified":"2024-11-05T23:09:49","modified_gmt":"2024-11-05T15:09:49","slug":"herb-facial-mask","status":"publish","type":"product","link":"https:\/\/www.ruiqigo.com\/es\/product\/herb-facial-mask","title":{"rendered":"Mascarilla facial de hierbas"},"content":{"rendered":"<h2 class=\"wp-block-heading\">F\u00f3rmulas habituales para la elaboraci\u00f3n de mascarillas faciales a base de hierbas<\/h2>\n\n\n\n<p>La mascarilla facial de hierbas contiene agua de hamamelis de Am\u00e9rica del Norte, extracto de pepino y extracto de amaranto, ricos en m\u00faltiples extractos de hierbas. El agua de hamamelis de Am\u00e9rica del Norte es conocida por sus propiedades calmantes y astringentes, que ayudan a equilibrar la grasa de la piel, minimizar los poros dilatados y restaurar la frescura y el refinamiento de la piel. El extracto de pepino es rico en agua y vitaminas, lo que proporciona una hidrataci\u00f3n inmediata a la piel a la vez que tiene un efecto refrescante y calmante. Como fabricante confiable de mascarillas faciales de hierbas, sabemos que el extracto de amaranto tiene propiedades antiinflamatorias y antioxidantes que reducen el enrojecimiento, promueven la salud de la piel y mejoran la capacidad de la piel para protegerse a s\u00ed misma.<\/p>\n\n\n\n<h2 class=\"wp-block-heading\">Escenarios aplicables de la mascarilla facial de hierbas<\/h2>\n\n\n\n<p>La mascarilla facial Herbal es adecuada para una amplia variedad de ocasiones de cuidado de la piel, especialmente cuando cambian las estaciones, cuando la piel est\u00e1 expuesta a est\u00edmulos externos o cuando ha estado en un ambiente con aire acondicionado durante mucho tiempo. Tambi\u00e9n es ideal para usar en una rutina diaria de cuidado de la piel para brindarle alivio e hidrataci\u00f3n de manera regular. Adem\u00e1s, la mascarilla Herbal proporciona propiedades calmantes y reparadoras esenciales a la piel despu\u00e9s de un largo viaje o actividades al aire libre.<\/p>\n\n\n\n<h2 class=\"wp-block-heading\">\u00bfPara qui\u00e9n es adecuada la mascarilla facial de hierbas?<\/h2>\n\n\n\n<p>Esta mascarilla es adecuada para todo tipo de piel, especialmente para pieles sensibles o propensas a los est\u00edmulos externos. Para los consumidores que buscan un cuidado natural de la piel y desean minimizar la exposici\u00f3n a los qu\u00edmicos, la mascarilla a base de hierbas ofrece una opci\u00f3n de cuidado de la piel suave pero efectiva. Tambi\u00e9n es adecuada para quienes necesitan aliviar la fatiga cut\u00e1nea y rejuvenecer la piel.<\/p>\n\n\n\n<h2 class=\"wp-block-heading\">Proceso de producci\u00f3n de mascarillas faciales a base de hierbas<\/h2>\n\n\n\n<p>Utilizamos un proceso \u00fanico de molienda al vac\u00edo a baja temperatura con un estricto control de temperatura y tiempo para maximizar la retenci\u00f3n de los ricos nutrientes de las hierbas. Seleccionamos cuidadosamente ingredientes vegetales naturales de alta calidad y utilizamos una f\u00f3rmula sin aditivos para garantizar que la mascarilla facial de hierbas sea segura y suave, y realmente cuide la salud de la piel. Como digno fabricante de mascarillas faciales de hierbas, tambi\u00e9n utilizamos un dise\u00f1o de empaquetado sin pl\u00e1stico, lo que resalta el concepto de protecci\u00f3n del medio ambiente.<\/p>","protected":false},"excerpt":{"rendered":"Herb facial mask manufacturing common formulas Herb facial mask contains North American Witch Hazel Water, Cucumber Extract, and Amaranth Extract, rich in multiple herbal extracts. North American Witch Hazel Water is known for its soothing and astringent properties, helping to balance the skin&#8217;s oil, minimize enlarged pores, and restore freshness and refinement to the skin. [&hellip;]","protected":false},"featured_media":490,"menu_order":0,"template":"","meta":[],"product-tag":[],"products":[69],"class_list":["post-489","product","type-product","status-publish","has-post-thumbnail","hentry","products-facial-mask"],"acf":[],"_links":{"self":[{"href":"https:\/\/www.ruiqigo.com\/es\/wp-json\/wp\/v2\/product\/489","targetHints":{"allow":["GET"]}}],"collection":[{"href":"https:\/\/www.ruiqigo.com\/es\/wp-json\/wp\/v2\/product"}],"about":[{"href":"https:\/\/www.ruiqigo.com\/es\/wp-json\/wp\/v2\/types\/product"}],"version-history":[{"count":0,"href":"https:\/\/www.ruiqigo.com\/es\/wp-json\/wp\/v2\/product\/489\/revisions"}],"wp:featuredmedia":[{"embeddable":true,"href":"https:\/\/www.ruiqigo.com\/es\/wp-json\/wp\/v2\/media\/490"}],"wp:attachment":[{"href":"https:\/\/www.ruiqigo.com\/es\/wp-json\/wp\/v2\/media?parent=489"}],"wp:term":[{"taxonomy":"product-tag","embeddable":true,"href":"https:\/\/www.ruiqigo.com\/es\/wp-json\/wp\/v2\/product-tag?post=489"},{"taxonomy":"products","embeddable":true,"href":"https:\/\/www.ruiqigo.com\/es\/wp-json\/wp\/v2\/products?post=489"}],"curies":[{"name":"wp","href":"https:\/\/api.w.org\/{rel}","templated":true}]}}